{"id":544,"date":"2023-07-07T09:56:14","date_gmt":"2023-07-07T09:56:14","guid":{"rendered":"https:\/\/www.dr-elahi.de\/?page_id=544"},"modified":"2025-10-31T06:35:53","modified_gmt":"2025-10-31T06:35:53","slug":"%d8%aa%d9%82%d9%88%d9%8a%d9%85-%d8%a7%d9%84%d8%a3%d8%b3%d9%86%d8%a7%d9%86-%d8%a7%d9%84%d9%88%d8%b8%d9%8a%d9%81%d9%8a","status":"publish","type":"page","link":"https:\/\/www.dr-elahi.de\/ar\/%d8%aa%d9%82%d9%88%d9%8a%d9%85-%d8%a7%d9%84%d8%a3%d8%b3%d9%86%d8%a7%d9%86-%d8%a7%d9%84%d9%88%d8%b8%d9%8a%d9%81%d9%8a\/","title":{"rendered":"\u062a\u0642\u0648\u064a\u0645 \u0627\u0644\u0623\u0633\u0646\u0627\u0646 \u0627\u0644\u0648\u0638\u064a\u0641\u064a"},"content":{"rendered":"<section class=\"l-section wpb_row us_custom_acfd0fdb height_auto\"><div class=\"l-section-h i-cf\"><div class=\"g-cols vc_row via_grid cols_2 laptops-cols_inherit tablets-cols_inherit mobiles-cols_1 valign_top type_default stacking_default\"><div class=\"wpb_column vc_column_container us_custom_819670d1 us_animate_this  hide_on_tablets hide_on_mobiles has_bg_color\"><div class=\"vc_column-inner\"><h1 style=\"font-size: 2.3rem;line-height: 1.2;text-align: left;font-family:Roboto;font-weight:300;font-style:normal\" class=\"vc_custom_heading us_custom_1fb8b2dc us_animate_this\" >\u062a\u0642\u0648\u064a\u0645 \u0627\u0644\u0623\u0633\u0646\u0627\u0646 \u0627\u0644\u0648\u0638\u064a\u0641\u064a<\/h1><\/div><\/div><div class=\"wpb_column vc_column_container\"><div class=\"vc_column-inner\"><\/div><\/div><\/div><\/div><\/section><section class=\"l-section wpb_row us_custom_ac037762 height_auto\"><div class=\"l-section-overlay\" style=\"background:var(--color-content-bg-alt)\"><\/div><div class=\"l-section-h i-cf\"><div class=\"g-cols vc_row via_grid cols_1 laptops-cols_inherit tablets-cols_inherit mobiles-cols_1 valign_top type_default stacking_default\"><div class=\"wpb_column vc_column_container\"><div class=\"vc_column-inner\"><div class=\"g-cols wpb_row via_grid cols_1-2 laptops-cols_inherit tablets-cols_inherit mobiles-cols_1 valign_middle type_default stacking_default\"><div class=\"wpb_column vc_column_container us_custom_60e9caca us_animate_this\"><div class=\"vc_column-inner\"><div class=\"wpb_text_column\"><div class=\"wpb_wrapper\"><h2>\u062a\u0642\u0648\u064a\u0645 \u0627\u0644\u0623\u0633\u0646\u0627\u0646 \u0627\u0644\u0648\u0638\u064a\u0641\u064a<\/h2>\n<h3>\u0623\u062e\u0635\u0627\u0626\u064a \u062a\u0642\u0648\u064a\u0645 \u0627\u0644\u0623\u0633\u0646\u0627\u0646 \u0627\u0644\u062f\u0643\u062a\u0648\u0631 \u0645\u0647\u062f\u064a \u0625\u0644\u0647\u064a<\/h3>\n<\/div><\/div><div class=\"w-separator size_small\"><\/div><div class=\"wpb_text_column\"><div class=\"wpb_wrapper\"><p>\u0639\u0627\u062f\u0629\u064b \u0645\u0627 \u064a\u062a\u0645 \u062a\u0635\u062d\u064a\u062d \u0633\u0648\u0621 \u0627\u0644\u0625\u0637\u0628\u0627\u0642 \u0644\u062f\u0649 \u0627\u0644\u0645\u0631\u0627\u0647\u0642\u064a\u0646 \u0628\u0645\u0633\u0627\u0639\u062f\u0629 \u062c\u0647\u0627\u0632 \u062a\u0642\u0648\u064a\u0645 \u0627\u0644\u0623\u0633\u0646\u0627\u0646 \u0627\u0644\u0648\u0638\u064a\u0641\u064a \u0627\u0644\u0642\u0627\u0628\u0644 \u0644\u0644\u0625\u0632\u0627\u0644\u0629. \u0638\u0647\u0631\u062a \u0641\u0643\u0631\u0629 \u0639\u0644\u0627\u062c \u062a\u0642\u0648\u064a\u0645 \u0627\u0644\u0623\u0633\u0646\u0627\u0646 \u0627\u0644\u0648\u0638\u064a\u0641\u064a \u0641\u064a \u0628\u062f\u0627\u064a\u0629 \u0627\u0644\u0642\u0631\u0646 \u0627\u0644\u0639\u0634\u0631\u064a\u0646 \u0648\u0623\u062f\u062a \u0625\u0644\u0649 \u062a\u0637\u0648\u064a\u0631 \u0623\u062c\u0647\u0632\u0629 \u0645\u062e\u062a\u0644\u0641\u0629 \u0645\u0647\u0645\u062a\u0647\u0627 \u0627\u0644\u0631\u0626\u064a\u0633\u064a\u0629 \u0647\u064a \u0625\u0639\u0627\u062f\u0629 \u062a\u0646\u0638\u064a\u0645 \u0627\u0644\u0623\u0646\u0633\u062c\u0629 \u0627\u0644\u0631\u062e\u0648\u0629 \u0648\u062a\u0635\u062d\u064a\u062d \u0633\u0648\u0621 \u0627\u0644\u0625\u0637\u0628\u0627\u0642. \u0648\u062a\u0634\u062a\u0631\u0643 \u0647\u0630\u0647 \u0627\u0644\u0623\u062c\u0647\u0632\u0629 \u0641\u064a \u0634\u064a\u0621 \u0648\u0627\u062d\u062f: \u064a\u062a\u0645 \u0627\u0633\u062a\u062e\u062f\u0627\u0645 \u0642\u0648\u0649 \u0639\u0636\u0644\u0627\u062a \u0627\u0644\u062c\u0633\u0645 \u0646\u0641\u0633\u0647\u0627 \u0644\u0644\u062a\u0623\u062b\u064a\u0631 \u0639\u0644\u0649 \u0646\u0645\u0648 \u0627\u0644\u0641\u0643\u064a\u0646 \u0648\u062a\u062d\u0633\u064a\u0646 \u0648\u0636\u0639 \u0627\u0644\u0641\u0643\u064a\u0646 \u0628\u0627\u0644\u0646\u0633\u0628\u0629 \u0644\u0628\u0639\u0636\u0647\u0645\u0627 \u0627\u0644\u0628\u0639\u0636.<\/p>\n<\/div><\/div><div class=\"w-separator size_small\"><\/div><div class=\"w-btn-wrapper align_none\"><a class=\"w-btn us-btn-style_1 icon_atleft\" target=\"_blank\" href=\"https:\/\/drclip.de\/praxis\/f5a5e67a-5e45-4919-81e4-e50826b437fe\/termin\/reservierung\" rel=\"noopener\"><i class=\"far fa-calendar-check\"><\/i><span class=\"w-btn-label\">\u0627\u062d\u062c\u0632 \u0645\u0648\u0639\u062f\u0627\u064b \u0627\u0644\u0622\u0646<\/span><\/a><\/div><\/div><\/div><div class=\"wpb_column vc_column_container us_custom_f70d789f us_animate_this\"><div class=\"vc_column-inner\"><div class=\"w-image align_none\"><div class=\"w-image-h\"><img width=\"1000\" height=\"750\" src=\"https:\/\/www.dr-elahi.de\/wp-content\/uploads\/2022\/10\/0038_Dr-Elahi-Team_02-1.jpg\" class=\"attachment-full size-full\" alt=\"\u0627\u0644\u062f\u0643\u062a\u0648\u0631 \u0645\u0647\u062f\u064a \u0625\u0644\u0647\u064a \u0623\u062e\u0635\u0627\u0626\u064a \u062a\u0642\u0648\u064a\u0645 \u0627\u0644\u0623\u0633\u0646\u0627\u0646\" decoding=\"async\" loading=\"lazy\" srcset=\"https:\/\/www.dr-elahi.de\/wp-content\/uploads\/2022\/10\/0038_Dr-Elahi-Team_02-1.jpg 1000w, https:\/\/www.dr-elahi.de\/wp-content\/uploads\/2022\/10\/0038_Dr-Elahi-Team_02-1-300x225.jpg 300w\" sizes=\"(max-width: 1000px) 100vw, 1000px\" \/><\/div><\/div><\/div><\/div><\/div><\/div><\/div><\/div><\/div><\/section><section class=\"l-section wpb_row us_custom_ac037762 height_auto\"><div class=\"l-section-h i-cf\"><div class=\"g-cols vc_row via_grid cols_1 laptops-cols_inherit tablets-cols_inherit mobiles-cols_1 valign_top type_default stacking_default\"><div class=\"wpb_column vc_column_container\"><div class=\"vc_column-inner\"><div class=\"g-cols wpb_row via_grid cols_2 laptops-cols_inherit tablets-cols_inherit mobiles-cols_1 valign_top type_default stacking_default\"><div class=\"wpb_column vc_column_container us_custom_60e9caca us_animate_this\"><div class=\"vc_column-inner\"><div class=\"wpb_text_column\"><div class=\"wpb_wrapper\"><h6>\u0645\u062b\u0627\u0644 \u0639\u0644\u0649 \u0645\u0633\u0627\u0631 \u0627\u0644\u0639\u0644\u0627\u062c<\/h6>\n<\/div><\/div><div class=\"w-separator size_small\" id=\"bcc7\"><style>@media(max-width:1024px){ #bcc7{height:1.5rem!important}}@media(max-width:600px){ #bcc7{height:1.5rem!important}}<\/style><\/div><div class=\"wpb_text_column\"><div class=\"wpb_wrapper\"><p><strong>\u0628\u062f\u0621 \u0627\u0644\u0639\u0644\u0627\u062c<\/strong><\/p>\n<\/div><\/div><div class=\"w-separator size_custom\" style=\"height:10px\"><\/div><div class=\"w-grid type_grid layout_gallery_default cols_2\" id=\"us_grid_1\" data-filterable=\"true\"><style>#us_grid_1 .w-grid-item{padding:1rem}#us_grid_1 .w-grid-list{margin:-1rem}.w-grid + #us_grid_1 .w-grid-list,.w-grid-none + #us_grid_1 .w-grid-list{margin-top:1rem}@media (max-width:599px){#us_grid_1 .w-grid-list{margin:0}#us_grid_1 .w-grid-item{width:100%;padding:0;margin-bottom:1rem}}.layout_gallery_default .w-grid-item-h{}<\/style><div class=\"w-grid-list\">\t<article class=\"w-grid-item post-545 attachment type-attachment status-inherit hentry\" data-id=\"545\">\r\n\t\t<div class=\"w-grid-item-h\">\r\n\t\t\t\t\t\t<div class=\"w-post-elm post_image usg_post_image_1 stretched\"><img width=\"250\" height=\"187\" src=\"https:\/\/www.dr-elahi.de\/wp-content\/uploads\/2023\/07\/0038_Dr-Elahi-Funktionskieferorthopaedie_01.jpg\" class=\"attachment-us_600_600_crop size-us_600_600_crop\" alt=\"\u062a\u0642\u0648\u064a\u0645 \u0627\u0644\u0623\u0633\u0646\u0627\u0646 \u0627\u0644\u0648\u0638\u064a\u0641\u064a\" decoding=\"async\" loading=\"lazy\" \/><\/div>\t\t<\/div>\r\n\t<\/article>\r\n\t<article class=\"w-grid-item post-546 attachment type-attachment status-inherit hentry\" data-id=\"546\">\r\n\t\t<div class=\"w-grid-item-h\">\r\n\t\t\t\t\t\t<div class=\"w-post-elm post_image usg_post_image_1 stretched\"><img width=\"250\" height=\"187\" src=\"https:\/\/www.dr-elahi.de\/wp-content\/uploads\/2023\/07\/0038_Dr-Elahi-Funktionskieferorthopaedie_02.jpg\" class=\"attachment-us_600_600_crop size-us_600_600_crop\" alt=\"\u062a\u0642\u0648\u064a\u0645 \u0627\u0644\u0623\u0633\u0646\u0627\u0646 \u0627\u0644\u0648\u0638\u064a\u0641\u064a\" decoding=\"async\" loading=\"lazy\" \/><\/div>\t\t<\/div>\r\n\t<\/article>\r\n<\/div><div class=\"w-grid-preloader\"><div class=\"g-preloader type_1\">\r\n\t<div><\/div>\r\n<\/div>\r\n<\/div>\t<div class=\"w-grid-json hidden\" onclick='return {&quot;action&quot;:&quot;us_ajax_grid&quot;,&quot;ajax_url&quot;:&quot;https:\\\/\\\/www.dr-elahi.de\\\/wp-admin\\\/admin-ajax.php&quot;,&quot;infinite_scroll&quot;:0,&quot;max_num_pages&quot;:1,&quot;pagination&quot;:&quot;none&quot;,&quot;permalink_url&quot;:&quot;https:\\\/\\\/www.dr-elahi.de\\\/ar\\\/wp-json\\\/wp\\\/v2\\\/pages\\\/544&quot;,&quot;template_vars&quot;:{&quot;columns&quot;:&quot;2&quot;,&quot;exclude_items&quot;:&quot;none&quot;,&quot;img_size&quot;:&quot;default&quot;,&quot;ignore_items_size&quot;:false,&quot;items_layout&quot;:&quot;gallery_default&quot;,&quot;items_offset&quot;:&quot;1&quot;,&quot;load_animation&quot;:&quot;none&quot;,&quot;overriding_link&quot;:&quot;none&quot;,&quot;post_id&quot;:544,&quot;query_args&quot;:{&quot;post_type&quot;:[&quot;attachment&quot;],&quot;post__in&quot;:[&quot;545&quot;,&quot;546&quot;],&quot;post_status&quot;:&quot;inherit&quot;,&quot;post_mime_type&quot;:&quot;image&quot;,&quot;posts_per_page&quot;:&quot;10&quot;},&quot;orderby_query_args&quot;:{&quot;orderby&quot;:{&quot;post__in&quot;:&quot;ASC&quot;},&quot;order&quot;:&quot;ASC&quot;},&quot;type&quot;:&quot;grid&quot;,&quot;us_grid_ajax_index&quot;:1,&quot;us_grid_filter_params&quot;:null,&quot;us_grid_index&quot;:1,&quot;_us_grid_post_type&quot;:&quot;attachment&quot;}}'><\/div>\r\n\t<\/div><div class=\"w-separator size_small\" id=\"bb5e\"><style>@media(max-width:1024px){ #bb5e{height:1.5rem!important}}@media(max-width:600px){ #bb5e{height:1.5rem!important}}<\/style><\/div><div class=\"wpb_text_column\"><div class=\"wpb_wrapper\"><p><strong>\u0628\u0639\u062f \u0645\u0631\u0648\u0631 \u0639\u0627\u0645 \u0648\u0627\u062d\u062f<\/strong><\/p>\n<\/div><\/div><div class=\"w-separator size_custom\" style=\"height:10px\"><\/div><div class=\"w-grid type_grid layout_gallery_default cols_2\" id=\"us_grid_2\"><style>#us_grid_2 .w-grid-item{padding:1rem}#us_grid_2 .w-grid-list{margin:-1rem}.w-grid + #us_grid_2 .w-grid-list,.w-grid-none + #us_grid_2 .w-grid-list{margin-top:1rem}@media (max-width:599px){#us_grid_2 .w-grid-list{margin:0}#us_grid_2 .w-grid-item{width:100%;padding:0;margin-bottom:1rem}}<\/style><div class=\"w-grid-list\">\t<article class=\"w-grid-item post-547 attachment type-attachment status-inherit hentry\" data-id=\"547\">\r\n\t\t<div class=\"w-grid-item-h\">\r\n\t\t\t\t\t\t<div class=\"w-post-elm post_image usg_post_image_1 stretched\"><img width=\"250\" height=\"187\" src=\"https:\/\/www.dr-elahi.de\/wp-content\/uploads\/2023\/07\/0038_Dr-Elahi-Funktionskieferorthopaedie_03.jpg\" class=\"attachment-us_600_600_crop size-us_600_600_crop\" alt=\"\u062a\u0642\u0648\u064a\u0645 \u0627\u0644\u0623\u0633\u0646\u0627\u0646 \u0627\u0644\u0648\u0638\u064a\u0641\u064a\" decoding=\"async\" loading=\"lazy\" \/><\/div>\t\t<\/div>\r\n\t<\/article>\r\n\t<article class=\"w-grid-item post-548 attachment type-attachment status-inherit hentry\" data-id=\"548\">\r\n\t\t<div class=\"w-grid-item-h\">\r\n\t\t\t\t\t\t<div class=\"w-post-elm post_image usg_post_image_1 stretched\"><img width=\"250\" height=\"187\" src=\"https:\/\/www.dr-elahi.de\/wp-content\/uploads\/2023\/07\/0038_Dr-Elahi-Funktionskieferorthopaedie_04.jpg\" class=\"attachment-us_600_600_crop size-us_600_600_crop\" alt=\"\u062a\u0642\u0648\u064a\u0645 \u0627\u0644\u0623\u0633\u0646\u0627\u0646 \u0627\u0644\u0648\u0638\u064a\u0641\u064a\" decoding=\"async\" loading=\"lazy\" \/><\/div>\t\t<\/div>\r\n\t<\/article>\r\n<\/div><div class=\"w-grid-preloader\"><div class=\"g-preloader type_1\">\r\n\t<div><\/div>\r\n<\/div>\r\n<\/div>\t<div class=\"w-grid-json hidden\" onclick='return {&quot;action&quot;:&quot;us_ajax_grid&quot;,&quot;ajax_url&quot;:&quot;https:\\\/\\\/www.dr-elahi.de\\\/wp-admin\\\/admin-ajax.php&quot;,&quot;infinite_scroll&quot;:0,&quot;max_num_pages&quot;:1,&quot;pagination&quot;:&quot;none&quot;,&quot;permalink_url&quot;:&quot;https:\\\/\\\/www.dr-elahi.de\\\/ar\\\/wp-json\\\/wp\\\/v2\\\/pages\\\/544&quot;,&quot;template_vars&quot;:{&quot;columns&quot;:&quot;2&quot;,&quot;exclude_items&quot;:&quot;none&quot;,&quot;img_size&quot;:&quot;default&quot;,&quot;ignore_items_size&quot;:false,&quot;items_layout&quot;:&quot;gallery_default&quot;,&quot;items_offset&quot;:&quot;1&quot;,&quot;load_animation&quot;:&quot;none&quot;,&quot;overriding_link&quot;:&quot;none&quot;,&quot;post_id&quot;:546,&quot;query_args&quot;:{&quot;post_type&quot;:[&quot;attachment&quot;],&quot;post__in&quot;:[&quot;547&quot;,&quot;548&quot;],&quot;post_status&quot;:&quot;inherit&quot;,&quot;post_mime_type&quot;:&quot;image&quot;,&quot;posts_per_page&quot;:&quot;10&quot;},&quot;orderby_query_args&quot;:{&quot;orderby&quot;:{&quot;post__in&quot;:&quot;ASC&quot;},&quot;order&quot;:&quot;ASC&quot;},&quot;type&quot;:&quot;grid&quot;,&quot;us_grid_ajax_index&quot;:1,&quot;us_grid_filter_params&quot;:null,&quot;us_grid_index&quot;:2,&quot;_us_grid_post_type&quot;:&quot;attachment&quot;}}'><\/div>\r\n\t<\/div><\/div><\/div><div class=\"wpb_column vc_column_container us_custom_f70d789f us_animate_this\"><div class=\"vc_column-inner\"><div class=\"wpb_text_column\"><div class=\"wpb_wrapper\"><h6>\u062d\u062c\u0632 \u0645\u0648\u0639\u062f \u0645\u0639 \u0623\u062e\u0635\u0627\u0626\u064a \u062a\u0642\u0648\u064a\u0645 \u0627\u0644\u0623\u0633\u0646\u0627\u0646 \u0641\u064a \u0645\u0648\u0646\u0634\u0646\u063a\u0644\u0627\u062f\u0628\u0627\u062e<\/h6>\n<p>\u0646\u0631\u062d\u0628 \u0628\u0643 \u0644\u0644\u0627\u062a\u0635\u0627\u0644 \u0628\u0646\u0627 \u0625\u0630\u0627 \u0643\u0646\u062a \u062a\u0628\u062d\u062b \u0639\u0646 \u0623\u062e\u0635\u0627\u0626\u064a \u062a\u0642\u0648\u064a\u0645 \u0627\u0644\u0623\u0633\u0646\u0627\u0646 \u0641\u064a \u0645\u0648\u0646\u0634\u0646\u063a\u0644\u0627\u062f\u0628\u0627\u062e \u0648\u062a\u062d\u062a\u0627\u062c \u0625\u0644\u0649 <a href=\"https:\/\/drclip.de\/praxis\/f5a5e67a-5e45-4919-81e4-e50826b437fe\/termin\/reservierung\" target=\"_blank\" rel=\"noopener\">\u0627\u0644\u062a\u0627\u0631\u064a\u062e<\/a> \u0645\u0639 <a href=\"\/ar\/%d9%83%d9%81%d9%88-%d9%85%d9%88%d9%8a%d9%86%d8%b4%d9%86%d8%ba%d9%84%d8%a7%d8%af%d8%a8%d8%a7%d8%ae\/#dr-elahi\">\u062f. \u0625\u064a\u0644\u0627\u0647\u064a<\/a> \u062a\u0631\u063a\u0628 \u0641\u064a \u0627\u0644\u062a\u0631\u062a\u064a\u0628:<\/p>\n<p>\u062f. \u0637\u0628\u064a\u0628 \u0627\u0644\u0623\u0633\u0646\u0627\u0646. \u0645\u0647\u062f\u064a \u0625\u0644\u0647\u064a<br \/>\n\u0628\u0631\u0648\u0643\u0646\u064a\u0631\u0627\u0644\u0644\u064a 19<br \/>\n41236 41236 \u0645\u0648\u0646\u0634\u0646\u063a\u0644\u0627\u062f\u0628\u0627\u062e<\/p>\n<p>\u0647\u0627\u062a\u0641: <a href=\"tel:+49216644010\">02166 44010<\/a><br \/>\n\u0641\u0627\u0643\u0633: 02166 846 846 333<br \/>\n\u0627\u0644\u0628\u0631\u064a\u062f \u0627\u0644\u0625\u0644\u0643\u062a\u0631\u0648\u0646\u064a:\u00a0<a href=\"mailto:info@dr-elahi.de\">info@dr-elahi.de<\/a><\/p>\n<\/div><\/div><div class=\"w-separator size_small\"><\/div><div class=\"w-socials color_text shape_none\" style=\"--gap:1em;\"><div class=\"w-socials-list\"><div class=\"w-socials-item facebook\"><a class=\"w-socials-item-link\" href=\"https:\/\/www.facebook.com\/profile.php?id=100076066057445\" target=\"_blank\" rel=\"noopener\" title=\"\u0641\u064a\u0633\u0628\u0648\u0643\" aria-label=\"\u0641\u064a\u0633\u0628\u0648\u0643\"><span class=\"w-socials-item-link-hover\"><\/span><i class=\"fab fa-facebook\"><\/i><\/a><\/div><div class=\"w-socials-item instagram\"><a class=\"w-socials-item-link\" href=\"https:\/\/www.instagram.com\/praxis.dr.elahi\/\" target=\"_blank\" rel=\"noopener\" title=\"\u0627\u0646\u0633\u062a\u0642\u0631\u0627\u0645\" aria-label=\"\u0627\u0646\u0633\u062a\u0642\u0631\u0627\u0645\"><span class=\"w-socials-item-link-hover\"><\/span><i class=\"fab fa-instagram\"><\/i><\/a><\/div><div class=\"w-socials-item youtube\"><a class=\"w-socials-item-link\" href=\"https:\/\/www.youtube.com\/watch?v=_CLlORNHzo8\" target=\"_blank\" rel=\"noopener\" title=\"\u064a\u0648\u062a\u064a\u0648\u0628\" aria-label=\"\u064a\u0648\u062a\u064a\u0648\u0628\"><span class=\"w-socials-item-link-hover\"><\/span><i class=\"fab fa-youtube\"><\/i><\/a><\/div><div class=\"w-socials-item custom\"><a class=\"w-socials-item-link\" href=\"https:\/\/www.jameda.de\/moenchengladbach\/zahnaerzte\/kieferorthopaeden\/dr-mehdi-elahi\/uebersicht\/80390348_1\/\" target=\"_blank\" rel=\"noopener\" title=\"\u0627\u0644\u0639\u0646\u0648\u0627\u0646\" aria-label=\"\u0627\u0644\u0639\u0646\u0648\u0627\u0646\"><span class=\"w-socials-item-link-hover\" style=\"background:var(--color-content-faded);\"><\/span><i class=\"fas fa-star-half-alt\"><\/i><\/a><\/div><\/div><\/div><div class=\"w-separator size_small\"><\/div><div class=\"w-btn-wrapper align_none\"><a class=\"w-btn us-btn-style_1 us_custom_8f2ba1f4 us_animate_this icon_atleft\" target=\"_blank\" href=\"https:\/\/drclip.de\/praxis\/f5a5e67a-5e45-4919-81e4-e50826b437fe\/termin\/reservierung\" rel=\"noopener\"><i class=\"far fa-calendar-check\"><\/i><span class=\"w-btn-label\">\u0627\u062d\u062c\u0632 \u0645\u0648\u0639\u062f\u0627\u064b \u0627\u0644\u0622\u0646<\/span><\/a><\/div><\/div><\/div><\/div><\/div><\/div><\/div><\/div><\/section>","protected":false},"excerpt":{"rendered":"","protected":false},"author":2,"featured_media":249,"parent":0,"menu_order":0,"comment_status":"closed","ping_status":"closed","template":"","meta":{"footnotes":""},"yoast_head":"<!-- This site is optimized with the Yoast SEO plugin v22.5 - https:\/\/yoast.com\/wordpress\/plugins\/seo\/ -->\n<title>Funktionskieferorthop\u00e4die \u2022 KFO in M\u00f6nchengladbach<\/title>\n<meta name=\"description\" content=\"Funktionskieferorthop\u00e4die \u2713 Kieferfehlstellungen bei Jugendlichen werden mit einer funktionskieferorthop\u00e4dischen Apparatur korrigiert.\" \/>\n<meta name=\"robots\" content=\"index, follow, max-snippet:-1, max-image-preview:large, max-video-preview:-1\" \/>\n<link rel=\"canonical\" href=\"https:\/\/www.dr-elahi.de\/ar\/\u062a\u0642\u0648\u064a\u0645-\u0627\u0644\u0623\u0633\u0646\u0627\u0646-\u0627\u0644\u0648\u0638\u064a\u0641\u064a\/\" \/>\n<meta property=\"og:locale\" content=\"ar_AR\" \/>\n<meta property=\"og:type\" content=\"article\" \/>\n<meta property=\"og:title\" content=\"Funktionskieferorthop\u00e4die \u2022 KFO in M\u00f6nchengladbach\" \/>\n<meta property=\"og:description\" content=\"Funktionskieferorthop\u00e4die \u2713 Kieferfehlstellungen bei Jugendlichen werden mit einer funktionskieferorthop\u00e4dischen Apparatur korrigiert.\" \/>\n<meta property=\"og:url\" content=\"https:\/\/www.dr-elahi.de\/ar\/\u062a\u0642\u0648\u064a\u0645-\u0627\u0644\u0623\u0633\u0646\u0627\u0646-\u0627\u0644\u0648\u0638\u064a\u0641\u064a\/\" \/>\n<meta property=\"og:site_name\" content=\"Kieferorthop\u00e4de Dr. Elahi\" \/>\n<meta property=\"article:modified_time\" content=\"2025-10-31T06:35:53+00:00\" \/>\n<meta property=\"og:image\" content=\"https:\/\/www.dr-elahi.de\/wp-content\/uploads\/2022\/10\/0038_Dr-Elahi-Team_02-1.jpg\" \/>\n\t<meta property=\"og:image:width\" content=\"1000\" \/>\n\t<meta property=\"og:image:height\" content=\"750\" \/>\n\t<meta property=\"og:image:type\" content=\"image\/jpeg\" \/>\n<meta name=\"twitter:card\" content=\"summary_large_image\" \/>\n<meta name=\"twitter:label1\" content=\"Est. reading time\" \/>\n\t<meta name=\"twitter:data1\" content=\"3 \u062f\u0642\u0627\u0626\u0642\" \/>\n<script type=\"application\/ld+json\" class=\"yoast-schema-graph\">{\"@context\":\"https:\/\/schema.org\",\"@graph\":[{\"@type\":\"WebPage\",\"@id\":\"https:\/\/www.dr-elahi.de\/funktionskieferorthopaedie\/\",\"url\":\"https:\/\/www.dr-elahi.de\/funktionskieferorthopaedie\/\",\"name\":\"Funktionskieferorthop\u00e4die \u2022 KFO in M\u00f6nchengladbach\",\"isPartOf\":{\"@id\":\"https:\/\/www.dr-elahi.de\/#website\"},\"primaryImageOfPage\":{\"@id\":\"https:\/\/www.dr-elahi.de\/funktionskieferorthopaedie\/#primaryimage\"},\"image\":{\"@id\":\"https:\/\/www.dr-elahi.de\/funktionskieferorthopaedie\/#primaryimage\"},\"thumbnailUrl\":\"https:\/\/www.dr-elahi.de\/wp-content\/uploads\/2022\/10\/0038_Dr-Elahi-Team_02-1.jpg\",\"datePublished\":\"2023-07-07T09:56:14+00:00\",\"dateModified\":\"2025-10-31T06:35:53+00:00\",\"description\":\"Funktionskieferorthop\u00e4die \u2713 Kieferfehlstellungen bei Jugendlichen werden mit einer funktionskieferorthop\u00e4dischen Apparatur korrigiert.\",\"breadcrumb\":{\"@id\":\"https:\/\/www.dr-elahi.de\/funktionskieferorthopaedie\/#breadcrumb\"},\"inLanguage\":\"ar\",\"potentialAction\":[{\"@type\":\"ReadAction\",\"target\":[\"https:\/\/www.dr-elahi.de\/funktionskieferorthopaedie\/\"]}]},{\"@type\":\"ImageObject\",\"inLanguage\":\"ar\",\"@id\":\"https:\/\/www.dr-elahi.de\/funktionskieferorthopaedie\/#primaryimage\",\"url\":\"https:\/\/www.dr-elahi.de\/wp-content\/uploads\/2022\/10\/0038_Dr-Elahi-Team_02-1.jpg\",\"contentUrl\":\"https:\/\/www.dr-elahi.de\/wp-content\/uploads\/2022\/10\/0038_Dr-Elahi-Team_02-1.jpg\",\"width\":1000,\"height\":750,\"caption\":\"Dr. Mehdi Elahi Kieferorthop\u00e4de\"},{\"@type\":\"BreadcrumbList\",\"@id\":\"https:\/\/www.dr-elahi.de\/funktionskieferorthopaedie\/#breadcrumb\",\"itemListElement\":[{\"@type\":\"ListItem\",\"position\":1,\"name\":\"Startseite\",\"item\":\"https:\/\/www.dr-elahi.de\/\"},{\"@type\":\"ListItem\",\"position\":2,\"name\":\"Funktionskieferorthop\u00e4die\"}]},{\"@type\":\"WebSite\",\"@id\":\"https:\/\/www.dr-elahi.de\/#website\",\"url\":\"https:\/\/www.dr-elahi.de\/\",\"name\":\"Kieferorthop\u00e4de Dr. Elahi\",\"description\":\"Kieferorthop\u00e4de M\u00f6nchengladbach\",\"potentialAction\":[{\"@type\":\"SearchAction\",\"target\":{\"@type\":\"EntryPoint\",\"urlTemplate\":\"https:\/\/www.dr-elahi.de\/?s={search_term_string}\"},\"query-input\":\"required name=search_term_string\"}],\"inLanguage\":\"ar\"}]}<\/script>\n<!-- \/ Yoast SEO plugin. -->","yoast_head_json":{"title":"Funktionskieferorthop\u00e4die \u2022 KFO in M\u00f6nchengladbach","description":"Funktionskieferorthop\u00e4die \u2713 Kieferfehlstellungen bei Jugendlichen werden mit einer funktionskieferorthop\u00e4dischen Apparatur korrigiert.","robots":{"index":"index","follow":"follow","max-snippet":"max-snippet:-1","max-image-preview":"max-image-preview:large","max-video-preview":"max-video-preview:-1"},"canonical":"https:\/\/www.dr-elahi.de\/ar\/\u062a\u0642\u0648\u064a\u0645-\u0627\u0644\u0623\u0633\u0646\u0627\u0646-\u0627\u0644\u0648\u0638\u064a\u0641\u064a\/","og_locale":"ar_AR","og_type":"article","og_title":"Funktionskieferorthop\u00e4die \u2022 KFO in M\u00f6nchengladbach","og_description":"Funktionskieferorthop\u00e4die \u2713 Kieferfehlstellungen bei Jugendlichen werden mit einer funktionskieferorthop\u00e4dischen Apparatur korrigiert.","og_url":"https:\/\/www.dr-elahi.de\/ar\/\u062a\u0642\u0648\u064a\u0645-\u0627\u0644\u0623\u0633\u0646\u0627\u0646-\u0627\u0644\u0648\u0638\u064a\u0641\u064a\/","og_site_name":"Kieferorthop\u00e4de Dr. Elahi","article_modified_time":"2025-10-31T06:35:53+00:00","og_image":[{"width":1000,"height":750,"url":"https:\/\/www.dr-elahi.de\/wp-content\/uploads\/2022\/10\/0038_Dr-Elahi-Team_02-1.jpg","type":"image\/jpeg"}],"twitter_card":"summary_large_image","twitter_misc":{"Est. reading time":"3 \u062f\u0642\u0627\u0626\u0642"},"schema":{"@context":"https:\/\/schema.org","@graph":[{"@type":"WebPage","@id":"https:\/\/www.dr-elahi.de\/funktionskieferorthopaedie\/","url":"https:\/\/www.dr-elahi.de\/funktionskieferorthopaedie\/","name":"Funktionskieferorthop\u00e4die \u2022 KFO in M\u00f6nchengladbach","isPartOf":{"@id":"https:\/\/www.dr-elahi.de\/#website"},"primaryImageOfPage":{"@id":"https:\/\/www.dr-elahi.de\/funktionskieferorthopaedie\/#primaryimage"},"image":{"@id":"https:\/\/www.dr-elahi.de\/funktionskieferorthopaedie\/#primaryimage"},"thumbnailUrl":"https:\/\/www.dr-elahi.de\/wp-content\/uploads\/2022\/10\/0038_Dr-Elahi-Team_02-1.jpg","datePublished":"2023-07-07T09:56:14+00:00","dateModified":"2025-10-31T06:35:53+00:00","description":"Funktionskieferorthop\u00e4die \u2713 Kieferfehlstellungen bei Jugendlichen werden mit einer funktionskieferorthop\u00e4dischen Apparatur korrigiert.","breadcrumb":{"@id":"https:\/\/www.dr-elahi.de\/funktionskieferorthopaedie\/#breadcrumb"},"inLanguage":"ar","potentialAction":[{"@type":"ReadAction","target":["https:\/\/www.dr-elahi.de\/funktionskieferorthopaedie\/"]}]},{"@type":"ImageObject","inLanguage":"ar","@id":"https:\/\/www.dr-elahi.de\/funktionskieferorthopaedie\/#primaryimage","url":"https:\/\/www.dr-elahi.de\/wp-content\/uploads\/2022\/10\/0038_Dr-Elahi-Team_02-1.jpg","contentUrl":"https:\/\/www.dr-elahi.de\/wp-content\/uploads\/2022\/10\/0038_Dr-Elahi-Team_02-1.jpg","width":1000,"height":750,"caption":"Dr. Mehdi Elahi Kieferorthop\u00e4de"},{"@type":"BreadcrumbList","@id":"https:\/\/www.dr-elahi.de\/funktionskieferorthopaedie\/#breadcrumb","itemListElement":[{"@type":"ListItem","position":1,"name":"Startseite","item":"https:\/\/www.dr-elahi.de\/"},{"@type":"ListItem","position":2,"name":"Funktionskieferorthop\u00e4die"}]},{"@type":"WebSite","@id":"https:\/\/www.dr-elahi.de\/#website","url":"https:\/\/www.dr-elahi.de\/","name":"Kieferorthop\u00e4de Dr. Elahi","description":"Kieferorthop\u00e4de M\u00f6nchengladbach","potentialAction":[{"@type":"SearchAction","target":{"@type":"EntryPoint","urlTemplate":"https:\/\/www.dr-elahi.de\/?s={search_term_string}"},"query-input":"required name=search_term_string"}],"inLanguage":"ar"}]}},"_links":{"self":[{"href":"https:\/\/www.dr-elahi.de\/ar\/wp-json\/wp\/v2\/pages\/544"}],"collection":[{"href":"https:\/\/www.dr-elahi.de\/ar\/wp-json\/wp\/v2\/pages"}],"about":[{"href":"https:\/\/www.dr-elahi.de\/ar\/wp-json\/wp\/v2\/types\/page"}],"author":[{"embeddable":true,"href":"https:\/\/www.dr-elahi.de\/ar\/wp-json\/wp\/v2\/users\/2"}],"replies":[{"embeddable":true,"href":"https:\/\/www.dr-elahi.de\/ar\/wp-json\/wp\/v2\/comments?post=544"}],"version-history":[{"count":8,"href":"https:\/\/www.dr-elahi.de\/ar\/wp-json\/wp\/v2\/pages\/544\/revisions"}],"predecessor-version":[{"id":677,"href":"https:\/\/www.dr-elahi.de\/ar\/wp-json\/wp\/v2\/pages\/544\/revisions\/677"}],"wp:featuredmedia":[{"embeddable":true,"href":"https:\/\/www.dr-elahi.de\/ar\/wp-json\/wp\/v2\/media\/249"}],"wp:attachment":[{"href":"https:\/\/www.dr-elahi.de\/ar\/wp-json\/wp\/v2\/media?parent=544"}],"curies":[{"name":"wp","href":"https:\/\/api.w.org\/{rel}","templated":true}]}}