{"id":110,"date":"2022-10-10T11:34:41","date_gmt":"2022-10-10T11:34:41","guid":{"rendered":"https:\/\/www.dr-elahi.de\/?page_id=110"},"modified":"2025-10-31T06:36:51","modified_gmt":"2025-10-31T06:36:51","slug":"orthodontics-moenchengladbach","status":"publish","type":"page","link":"https:\/\/www.dr-elahi.de\/en\/orthodontics-moenchengladbach\/","title":{"rendered":"Practice"},"content":{"rendered":"<section class=\"l-section wpb_row us_custom_acfd0fdb height_auto\"><div class=\"l-section-h i-cf\"><div class=\"g-cols vc_row via_grid cols_2 laptops-cols_inherit tablets-cols_inherit mobiles-cols_1 valign_top type_default stacking_default\"><div class=\"wpb_column vc_column_container us_custom_819670d1 us_animate_this  hide_on_tablets hide_on_mobiles has_bg_color\"><div class=\"vc_column-inner\"><h1 style=\"font-size: 2.3rem;line-height: 1.2;text-align: left;font-family:Roboto;font-weight:300;font-style:normal\" class=\"vc_custom_heading us_custom_1fb8b2dc us_animate_this\" >Our digital practice<\/h1><\/div><\/div><div class=\"wpb_column vc_column_container\"><div class=\"vc_column-inner\"><\/div><\/div><\/div><\/div><\/section><section class=\"l-section wpb_row us_custom_ac037762 height_auto\"><div class=\"l-section-overlay\" style=\"background:var(--color-content-bg-alt)\"><\/div><div class=\"l-section-h i-cf\"><div class=\"g-cols vc_row via_grid cols_1 laptops-cols_inherit tablets-cols_inherit mobiles-cols_1 valign_top type_default stacking_default\"><div class=\"wpb_column vc_column_container\"><div class=\"vc_column-inner\"><div class=\"g-cols wpb_row via_grid cols_1-2 laptops-cols_inherit tablets-cols_inherit mobiles-cols_1 valign_middle type_default stacking_default\"><div class=\"wpb_column vc_column_container us_custom_60e9caca us_animate_this\"><div class=\"vc_column-inner\"><div class=\"wpb_text_column\"><div class=\"wpb_wrapper\"><h2>Your practice for<\/h2>\n<h3>Orthodontics in M\u00f6nchengladbach<\/h3>\n<\/div><\/div><div class=\"w-separator size_small\"><\/div><div class=\"wpb_text_column\"><div class=\"wpb_wrapper\"><p>We want your stay with us to be pleasant and stress-free. We have therefore placed particular emphasis on high-quality and harmonious furnishings in our treatment rooms.<\/p>\n<p>We only use state-of-the-art equipment and treatment units. For diagnostics, we use digital X-rays, a gentle and low-radiation imaging procedure.<\/p>\n<p>In addition, we only use high-quality materials from renowned manufacturers as standard, which promise optimum results.<\/p>\n<\/div><\/div><\/div><\/div><div class=\"wpb_column vc_column_container us_custom_f70d789f us_animate_this\"><div class=\"vc_column-inner\"><div class=\"w-slider style_none fit_scaledown\"><div class=\"w-slider-h\"><div class=\"royalSlider\"><div class=\"rsContent\"><a class=\"rsImg\" data-rsw=\"1350\" data-rsh=\"1000\" href=\"https:\/\/www.dr-elahi.de\/wp-content\/uploads\/2022\/10\/0038_Dr-Elahi-Praxis_05.jpg\"><span data-alt=\"Kieferorthop\u00e4die M\u00f6nchengladbach\"><\/span><\/a><\/div><div class=\"rsContent\"><a class=\"rsImg\" data-rsw=\"1350\" data-rsh=\"1000\" href=\"https:\/\/www.dr-elahi.de\/wp-content\/uploads\/2022\/10\/0038_Dr-Elahi-Praxis_07.jpg\"><span data-alt=\"Kieferorthop\u00e4die M\u00f6nchengladbach\"><\/span><\/a><\/div><div class=\"rsContent\"><a class=\"rsImg\" data-rsw=\"1350\" data-rsh=\"1000\" href=\"https:\/\/www.dr-elahi.de\/wp-content\/uploads\/2022\/10\/0038_Dr-Elahi-Praxis_09.jpg\"><span data-alt=\"Kieferorthop\u00e4die M\u00f6nchengladbach\"><\/span><\/a><\/div><div class=\"rsContent\"><a class=\"rsImg\" data-rsw=\"1350\" data-rsh=\"1000\" href=\"https:\/\/www.dr-elahi.de\/wp-content\/uploads\/2022\/10\/0038_Dr-Elahi-Praxis_10.jpg\"><span data-alt=\"Kieferorthop\u00e4die M\u00f6nchengladbach\"><\/span><\/a><\/div><div class=\"rsContent\"><a class=\"rsImg\" data-rsw=\"1350\" data-rsh=\"1000\" href=\"https:\/\/www.dr-elahi.de\/wp-content\/uploads\/2022\/10\/0038_Dr-Elahi-Praxis_03.jpg\"><span data-alt=\"Kieferorthop\u00e4die M\u00f6nchengladbach\"><\/span><\/a><\/div><div class=\"rsContent\"><a class=\"rsImg\" data-rsw=\"1355\" data-rsh=\"1000\" href=\"https:\/\/www.dr-elahi.de\/wp-content\/uploads\/2022\/10\/0038_Dr-Elahi-Praxis_12.jpg\"><span data-alt=\"Kieferorthop\u00e4die M\u00f6nchengladbach\"><\/span><\/a><\/div><\/div><img src=\"https:\/\/www.dr-elahi.de\/wp-content\/uploads\/2022\/10\/0038_Dr-Elahi-Praxis_05.jpg\" width=\"1350\" height=\"1000\" alt=\"Orthodontics M\u00f6nchengladbach\" loading=\"lazy\"><\/div><div class=\"w-slider-json\" onclick='return {&quot;loop&quot;:true,&quot;fadeInLoadedSlide&quot;:false,&quot;slidesSpacing&quot;:0,&quot;imageScalePadding&quot;:0,&quot;numImagesToPreload&quot;:2,&quot;arrowsNav&quot;:false,&quot;arrowsNavAutoHide&quot;:false,&quot;transitionType&quot;:&quot;move&quot;,&quot;transitionSpeed&quot;:250,&quot;block&quot;:{&quot;moveEffect&quot;:&quot;none&quot;,&quot;speed&quot;:300},&quot;controlNavigation&quot;:&quot;bullets&quot;,&quot;autoplay&quot;:{&quot;enabled&quot;:true,&quot;pauseOnHover&quot;:true,&quot;delay&quot;:3000},&quot;imageScaleMode&quot;:&quot;fit-if-smaller&quot;,&quot;autoScaleSlider&quot;:true,&quot;autoScaleSliderWidth&quot;:1350,&quot;autoScaleSliderHeight&quot;:1000,&quot;fitInViewport&quot;:false}'><\/div><\/div><\/div><\/div><\/div><\/div><\/div><\/div><\/div><\/section><section class=\"l-section wpb_row us_custom_ac037762 height_auto\"><div class=\"l-section-h i-cf\"><div class=\"g-cols vc_row via_grid cols_1 laptops-cols_inherit tablets-cols_inherit mobiles-cols_1 valign_top type_default stacking_default\"><div class=\"wpb_column vc_column_container\"><div class=\"vc_column-inner\"><div class=\"w-video align_none ratio_16x9\"><div class=\"w-video-h\"><div class=\"BorlabsCookie _brlbs-cb-youtube\"><div class=\"_brlbs-content-blocker\"> <div class=\"_brlbs-embed _brlbs-video-youtube\"> <img class=\"_brlbs-thumbnail\" src=\"https:\/\/www.dr-elahi.de\/wp-content\/plugins\/borlabs-cookie\/assets\/images\/cb-no-thumbnail.png\" alt=\"YouTube\"> <div class=\"_brlbs-caption\"> <p>By loading the video, you accept YouTube's privacy policy.<br><a href=\"https:\/\/policies.google.com\/privacy\" target=\"_blank\" rel=\"nofollow noopener noreferrer\">Learn more<\/a><\/p> <p><a class=\"_brlbs-btn _brlbs-icon-play-white\" href=\"#\" data-borlabs-cookie-unblock role=\"button\">Load video<\/a><\/p> <p><label><input type=\"checkbox\" name=\"unblockAll\" value=\"1\" checked> <small>Always unblock YouTube<\/small><\/label><\/p> <\/div> <\/div> <\/div><div class=\"borlabs-hide\" data-borlabs-cookie-type=\"content-blocker\" data-borlabs-cookie-id=\"youtube\"><script type=\"text\/template\">PGlmcmFtZSB0aXRsZT0iWW91dHViZSB2aWRlbyBwbGF5ZXIiIHNyYz0iLy93d3cueW91dHViZS1ub2Nvb2tpZS5jb20vZW1iZWQvX0NMbE9STkh6bzg\/b3JpZ2luPWh0dHBzOi8vd3d3LmRyLWVsYWhpLmRlJmNvbnRyb2xzPTEiIGFsbG93ZnVsbHNjcmVlbj0iMSIgbG9hZGluZz0ibGF6eSI+PC9pZnJhbWU+<\/script><\/div><\/div><\/div><div class=\"w-video-icon\" style=\"font-size:1.5rem;background:rgba(0,0,0,0.5);color:#fff\"><\/div><\/div><div class=\"w-separator size_large\"><\/div><div class=\"wpb_text_column us_custom_3af55a1e us_animate_this\"><div class=\"wpb_wrapper\"><h2>Our digital practice for orthodontics<\/h2>\n<h3>For the best care for your teeth<\/h3>\n<\/div><\/div><div class=\"w-separator size_large\"><\/div><div class=\"g-cols wpb_row via_grid cols_2 laptops-cols_inherit tablets-cols_inherit mobiles-cols_1 valign_top type_default stacking_default\"><div class=\"wpb_column vc_column_container us_custom_60e9caca us_animate_this\"><div class=\"vc_column-inner\"><div class=\"wpb_text_column\"><div class=\"wpb_wrapper\"><p>We are a digital practice! We integrate modern technologies such as computers, software and the internet into our everyday practice.<\/p>\n<p>Our patients can use our homepage <a href=\"https:\/\/drclip.de\/praxis\/f5a5e67a-5e45-4919-81e4-e50826b437fe\/termin\/reservierung\" target=\"_blank\" rel=\"noopener\">Book appointments online<\/a>. We will send you your appointment by e-mail to your desired address.<\/p>\n<p>Our patients also have the option of contacting us directly via the chat function. Already at the first <a href=\"\/en\/contact\/\">Contact us<\/a>our patients have the opportunity to provide us with all the important information about their health in advance. Using our digital medical history form, which you receive by email when you book an appointment.<\/p>\n<p>Our patient file is exclusively digital and legally compliant. All documents are stored digitally and are unalterable.<\/p>\n<p>Our information sessions take place via the Internet. Using the 'informadent' software, our patients learn about every step of their treatment through videos and pictures. The link sent to our patients allows them to view their treatment and the planned methods again and again.<\/p>\n<\/div><\/div><\/div><\/div><div class=\"wpb_column vc_column_container us_custom_f70d789f us_animate_this\"><div class=\"vc_column-inner\"><div class=\"wpb_text_column\"><div class=\"wpb_wrapper\"><p>With our modern X-ray machine, we can create 3D images of your models and transmit these and your X-ray images digitally to our patients as well as to the family dentist or oral surgeon.<\/p>\n<p>We need impressions of both jaws to prepare the diagnostic documents and for treatment planning. These were previously made using conventional impression materials (alginate, plaster). However, this is no longer necessary with us.<\/p>\n<p>Thanks to our intraoral scanner, we can take direct images in the patient's mouth. This allows us to create virtual models that we can process digitally.<\/p>\n<p>Using our 3D printer, we can print precise, durable and flawless plastic models.<\/p>\n<\/div><\/div><div class=\"w-separator size_small\"><\/div><div class=\"w-btn-wrapper align_none\"><a class=\"w-btn us-btn-style_1 us_custom_8f2ba1f4 us_animate_this icon_atleft\" target=\"_blank\" href=\"https:\/\/drclip.de\/praxis\/f5a5e67a-5e45-4919-81e4-e50826b437fe\/termin\/reservierung\" rel=\"noopener\"><i class=\"far fa-calendar-check\"><\/i><span class=\"w-btn-label\">Book an appointment now<\/span><\/a><\/div><\/div><\/div><\/div><\/div><\/div><\/div><\/div><\/section>","protected":false},"excerpt":{"rendered":"Our digital practiceYour practice for orthodontics in M\u00f6nchengladbach We want your stay with us to be pleasant and stress-free. We have therefore placed particular emphasis on high-quality and harmonious furnishings in our treatment rooms. We only use modern, state-of-the-art equipment and treatment units. For diagnostics, we use digital x-rays,...","protected":false},"author":2,"featured_media":365,"parent":0,"menu_order":0,"comment_status":"closed","ping_status":"closed","template":"","meta":{"footnotes":""},"yoast_head":"<!-- This site is optimized with the Yoast SEO plugin v22.5 - https:\/\/yoast.com\/wordpress\/plugins\/seo\/ -->\n<title>Kieferorthop\u00e4die M\u00f6nchengladbach \u2022 Dr. Mehdi Elahi<\/title>\n<meta name=\"description\" content=\"Kieferorthop\u00e4die M\u00f6nchengladbach \u2713 Bei unserer Ausstattung haben wir besonderen Wert auf hochwertige und moderne Ger\u00e4te gelegt.\" \/>\n<meta name=\"robots\" content=\"index, follow, max-snippet:-1, max-image-preview:large, max-video-preview:-1\" \/>\n<link rel=\"canonical\" href=\"https:\/\/www.dr-elahi.de\/en\/orthodontics-moenchengladbach\/\" \/>\n<meta property=\"og:locale\" content=\"en_GB\" \/>\n<meta property=\"og:type\" content=\"article\" \/>\n<meta property=\"og:title\" content=\"Kieferorthop\u00e4die M\u00f6nchengladbach \u2022 Dr. Mehdi Elahi\" \/>\n<meta property=\"og:description\" content=\"Kieferorthop\u00e4die M\u00f6nchengladbach \u2713 Bei unserer Ausstattung haben wir besonderen Wert auf hochwertige und moderne Ger\u00e4te gelegt.\" \/>\n<meta property=\"og:url\" content=\"https:\/\/www.dr-elahi.de\/en\/orthodontics-moenchengladbach\/\" \/>\n<meta property=\"og:site_name\" content=\"Kieferorthop\u00e4de Dr. Elahi\" \/>\n<meta property=\"article:modified_time\" content=\"2025-10-31T06:36:51+00:00\" \/>\n<meta property=\"og:image\" content=\"https:\/\/www.dr-elahi.de\/wp-content\/uploads\/2022\/10\/0038_Dr-Elahi-Praxis_07.jpg\" \/>\n\t<meta property=\"og:image:width\" content=\"1350\" \/>\n\t<meta property=\"og:image:height\" content=\"1000\" \/>\n\t<meta property=\"og:image:type\" content=\"image\/jpeg\" \/>\n<meta name=\"twitter:card\" content=\"summary_large_image\" \/>\n<meta name=\"twitter:label1\" content=\"Est. reading time\" \/>\n\t<meta name=\"twitter:data1\" content=\"4 minutes\" \/>\n<script type=\"application\/ld+json\" class=\"yoast-schema-graph\">{\"@context\":\"https:\/\/schema.org\",\"@graph\":[{\"@type\":\"WebPage\",\"@id\":\"https:\/\/www.dr-elahi.de\/kieferorthopaedie-moenchengladbach\/\",\"url\":\"https:\/\/www.dr-elahi.de\/kieferorthopaedie-moenchengladbach\/\",\"name\":\"Kieferorthop\u00e4die M\u00f6nchengladbach \u2022 Dr. Mehdi Elahi\",\"isPartOf\":{\"@id\":\"https:\/\/www.dr-elahi.de\/#website\"},\"primaryImageOfPage\":{\"@id\":\"https:\/\/www.dr-elahi.de\/kieferorthopaedie-moenchengladbach\/#primaryimage\"},\"image\":{\"@id\":\"https:\/\/www.dr-elahi.de\/kieferorthopaedie-moenchengladbach\/#primaryimage\"},\"thumbnailUrl\":\"https:\/\/www.dr-elahi.de\/wp-content\/uploads\/2022\/10\/0038_Dr-Elahi-Praxis_07.jpg\",\"datePublished\":\"2022-10-10T11:34:41+00:00\",\"dateModified\":\"2025-10-31T06:36:51+00:00\",\"description\":\"Kieferorthop\u00e4die M\u00f6nchengladbach \u2713 Bei unserer Ausstattung haben wir besonderen Wert auf hochwertige und moderne Ger\u00e4te gelegt.\",\"breadcrumb\":{\"@id\":\"https:\/\/www.dr-elahi.de\/kieferorthopaedie-moenchengladbach\/#breadcrumb\"},\"inLanguage\":\"en-GB\",\"potentialAction\":[{\"@type\":\"ReadAction\",\"target\":[\"https:\/\/www.dr-elahi.de\/kieferorthopaedie-moenchengladbach\/\"]}]},{\"@type\":\"ImageObject\",\"inLanguage\":\"en-GB\",\"@id\":\"https:\/\/www.dr-elahi.de\/kieferorthopaedie-moenchengladbach\/#primaryimage\",\"url\":\"https:\/\/www.dr-elahi.de\/wp-content\/uploads\/2022\/10\/0038_Dr-Elahi-Praxis_07.jpg\",\"contentUrl\":\"https:\/\/www.dr-elahi.de\/wp-content\/uploads\/2022\/10\/0038_Dr-Elahi-Praxis_07.jpg\",\"width\":1350,\"height\":1000,\"caption\":\"Kieferorthop\u00e4die M\u00f6nchengladbach\"},{\"@type\":\"BreadcrumbList\",\"@id\":\"https:\/\/www.dr-elahi.de\/kieferorthopaedie-moenchengladbach\/#breadcrumb\",\"itemListElement\":[{\"@type\":\"ListItem\",\"position\":1,\"name\":\"Startseite\",\"item\":\"https:\/\/www.dr-elahi.de\/\"},{\"@type\":\"ListItem\",\"position\":2,\"name\":\"Praxis\"}]},{\"@type\":\"WebSite\",\"@id\":\"https:\/\/www.dr-elahi.de\/#website\",\"url\":\"https:\/\/www.dr-elahi.de\/\",\"name\":\"Kieferorthop\u00e4de Dr. Elahi\",\"description\":\"Kieferorthop\u00e4de M\u00f6nchengladbach\",\"potentialAction\":[{\"@type\":\"SearchAction\",\"target\":{\"@type\":\"EntryPoint\",\"urlTemplate\":\"https:\/\/www.dr-elahi.de\/?s={search_term_string}\"},\"query-input\":\"required name=search_term_string\"}],\"inLanguage\":\"en-GB\"}]}<\/script>\n<!-- \/ Yoast SEO plugin. -->","yoast_head_json":{"title":"Kieferorthop\u00e4die M\u00f6nchengladbach \u2022 Dr. Mehdi Elahi","description":"Kieferorthop\u00e4die M\u00f6nchengladbach \u2713 Bei unserer Ausstattung haben wir besonderen Wert auf hochwertige und moderne Ger\u00e4te gelegt.","robots":{"index":"index","follow":"follow","max-snippet":"max-snippet:-1","max-image-preview":"max-image-preview:large","max-video-preview":"max-video-preview:-1"},"canonical":"https:\/\/www.dr-elahi.de\/en\/orthodontics-moenchengladbach\/","og_locale":"en_GB","og_type":"article","og_title":"Kieferorthop\u00e4die M\u00f6nchengladbach \u2022 Dr. Mehdi Elahi","og_description":"Kieferorthop\u00e4die M\u00f6nchengladbach \u2713 Bei unserer Ausstattung haben wir besonderen Wert auf hochwertige und moderne Ger\u00e4te gelegt.","og_url":"https:\/\/www.dr-elahi.de\/en\/orthodontics-moenchengladbach\/","og_site_name":"Kieferorthop\u00e4de Dr. Elahi","article_modified_time":"2025-10-31T06:36:51+00:00","og_image":[{"width":1350,"height":1000,"url":"https:\/\/www.dr-elahi.de\/wp-content\/uploads\/2022\/10\/0038_Dr-Elahi-Praxis_07.jpg","type":"image\/jpeg"}],"twitter_card":"summary_large_image","twitter_misc":{"Est. reading time":"4 minutes"},"schema":{"@context":"https:\/\/schema.org","@graph":[{"@type":"WebPage","@id":"https:\/\/www.dr-elahi.de\/kieferorthopaedie-moenchengladbach\/","url":"https:\/\/www.dr-elahi.de\/kieferorthopaedie-moenchengladbach\/","name":"Kieferorthop\u00e4die M\u00f6nchengladbach \u2022 Dr. Mehdi Elahi","isPartOf":{"@id":"https:\/\/www.dr-elahi.de\/#website"},"primaryImageOfPage":{"@id":"https:\/\/www.dr-elahi.de\/kieferorthopaedie-moenchengladbach\/#primaryimage"},"image":{"@id":"https:\/\/www.dr-elahi.de\/kieferorthopaedie-moenchengladbach\/#primaryimage"},"thumbnailUrl":"https:\/\/www.dr-elahi.de\/wp-content\/uploads\/2022\/10\/0038_Dr-Elahi-Praxis_07.jpg","datePublished":"2022-10-10T11:34:41+00:00","dateModified":"2025-10-31T06:36:51+00:00","description":"Kieferorthop\u00e4die M\u00f6nchengladbach \u2713 Bei unserer Ausstattung haben wir besonderen Wert auf hochwertige und moderne Ger\u00e4te gelegt.","breadcrumb":{"@id":"https:\/\/www.dr-elahi.de\/kieferorthopaedie-moenchengladbach\/#breadcrumb"},"inLanguage":"en-GB","potentialAction":[{"@type":"ReadAction","target":["https:\/\/www.dr-elahi.de\/kieferorthopaedie-moenchengladbach\/"]}]},{"@type":"ImageObject","inLanguage":"en-GB","@id":"https:\/\/www.dr-elahi.de\/kieferorthopaedie-moenchengladbach\/#primaryimage","url":"https:\/\/www.dr-elahi.de\/wp-content\/uploads\/2022\/10\/0038_Dr-Elahi-Praxis_07.jpg","contentUrl":"https:\/\/www.dr-elahi.de\/wp-content\/uploads\/2022\/10\/0038_Dr-Elahi-Praxis_07.jpg","width":1350,"height":1000,"caption":"Kieferorthop\u00e4die M\u00f6nchengladbach"},{"@type":"BreadcrumbList","@id":"https:\/\/www.dr-elahi.de\/kieferorthopaedie-moenchengladbach\/#breadcrumb","itemListElement":[{"@type":"ListItem","position":1,"name":"Startseite","item":"https:\/\/www.dr-elahi.de\/"},{"@type":"ListItem","position":2,"name":"Praxis"}]},{"@type":"WebSite","@id":"https:\/\/www.dr-elahi.de\/#website","url":"https:\/\/www.dr-elahi.de\/","name":"Kieferorthop\u00e4de Dr. Elahi","description":"Kieferorthop\u00e4de M\u00f6nchengladbach","potentialAction":[{"@type":"SearchAction","target":{"@type":"EntryPoint","urlTemplate":"https:\/\/www.dr-elahi.de\/?s={search_term_string}"},"query-input":"required name=search_term_string"}],"inLanguage":"en-GB"}]}},"_links":{"self":[{"href":"https:\/\/www.dr-elahi.de\/en\/wp-json\/wp\/v2\/pages\/110"}],"collection":[{"href":"https:\/\/www.dr-elahi.de\/en\/wp-json\/wp\/v2\/pages"}],"about":[{"href":"https:\/\/www.dr-elahi.de\/en\/wp-json\/wp\/v2\/types\/page"}],"author":[{"embeddable":true,"href":"https:\/\/www.dr-elahi.de\/en\/wp-json\/wp\/v2\/users\/2"}],"replies":[{"embeddable":true,"href":"https:\/\/www.dr-elahi.de\/en\/wp-json\/wp\/v2\/comments?post=110"}],"version-history":[{"count":21,"href":"https:\/\/www.dr-elahi.de\/en\/wp-json\/wp\/v2\/pages\/110\/revisions"}],"predecessor-version":[{"id":682,"href":"https:\/\/www.dr-elahi.de\/en\/wp-json\/wp\/v2\/pages\/110\/revisions\/682"}],"wp:featuredmedia":[{"embeddable":true,"href":"https:\/\/www.dr-elahi.de\/en\/wp-json\/wp\/v2\/media\/365"}],"wp:attachment":[{"href":"https:\/\/www.dr-elahi.de\/en\/wp-json\/wp\/v2\/media?parent=110"}],"curies":[{"name":"wp","href":"https:\/\/api.w.org\/{rel}","templated":true}]}}