{"id":141,"date":"2022-10-10T12:56:21","date_gmt":"2022-10-10T12:56:21","guid":{"rendered":"https:\/\/www.dr-elahi.de\/?page_id=141"},"modified":"2025-10-31T06:31:39","modified_gmt":"2025-10-31T06:31:39","slug":"imprint","status":"publish","type":"page","link":"https:\/\/www.dr-elahi.de\/en\/imprint\/","title":{"rendered":"Imprint"},"content":{"rendered":"<section class=\"l-section wpb_row us_custom_acfd0fdb height_auto\"><div class=\"l-section-h i-cf\"><div class=\"g-cols vc_row via_grid cols_2 laptops-cols_inherit tablets-cols_inherit mobiles-cols_1 valign_top type_default stacking_default\"><div class=\"wpb_column vc_column_container us_custom_819670d1 us_animate_this  hide_on_tablets hide_on_mobiles has_bg_color\"><div class=\"vc_column-inner\"><h1 style=\"font-size: 2.3rem;line-height: 1.2;text-align: left;font-family:Roboto;font-weight:300;font-style:normal\" class=\"vc_custom_heading us_custom_1fb8b2dc us_animate_this\" >Imprint<\/h1><\/div><\/div><div class=\"wpb_column vc_column_container\"><div class=\"vc_column-inner\"><\/div><\/div><\/div><\/div><\/section><section class=\"l-section wpb_row us_custom_ac037762 height_auto\"><div class=\"l-section-h i-cf\"><div class=\"g-cols vc_row via_grid cols_1 laptops-cols_inherit tablets-cols_inherit mobiles-cols_1 valign_top type_default stacking_default\"><div class=\"wpb_column vc_column_container\"><div class=\"vc_column-inner\"><div class=\"g-cols wpb_row via_grid cols_2 laptops-cols_inherit tablets-cols_inherit mobiles-cols_1 valign_top type_default stacking_default\"><div class=\"wpb_column vc_column_container us_custom_60e9caca us_animate_this\"><div class=\"vc_column-inner\"><div class=\"wpb_text_column\"><div class=\"wpb_wrapper\"><h6>Mandatory information<\/h6>\n<p><strong>Practice for orthodontics<br \/>\n<\/strong>Dr med. dent. Mehdi Elahi<br \/>\nSpecialist dentist for orthodontics<\/p>\n<p>Brucknerallee 19<br \/>\n41236 M\u00f6nchengladbach<\/p>\n<p>Tel: <a href=\"tel:+49216644010\">02166 44010<\/a><br \/>\nFax: 02166 846 333<br \/>\nE-Mail:\u00a0<a href=\"mailto:info@dr-elahi.de\">info@dr-elahi.de<\/a><\/p>\n<h6>Value added tax identification number in accordance with \u00a7 27 a of the Value Added Tax Act<\/h6>\n<p>EN 210650539<\/p>\n<h6>Supervisory authority<\/h6>\n<p style=\"font-weight: 400;\">North Rhine Association of Statutory Health Insurance Dentists<br \/>\nLindemannstr. 34 &#8211; 42<br \/>\n40237 D\u00fcsseldorf<br \/>\n<a href=\"https:\/\/www.kzvnr.de\" target=\"_blank\" rel=\"noopener\">www.kzvnr.de<\/a><\/p>\n<h6>Competent chamber<\/h6>\n<p style=\"font-weight: 400;\">North Rhine Dental Association<br \/>\nEmanuel-Leutze-Str. 8<br \/>\n40547 D\u00fcsseldorf<br \/>\n<a href=\"https:\/\/www.zahnaerztekammernordrhein.de\" target=\"_blank\" rel=\"noopener\">www.zahnaerztekammernordrhein.de<\/a><\/p>\n<h6>Job title and professional regulations<\/h6>\n<p><strong>Job title<\/strong><br \/>\nDentist (awarded in the Federal Republic of Germany)<\/p>\n<p><strong>The following professional regulations apply<\/strong><\/p>\n<ul>\n<li><a href=\"http:\/\/www.gesetze-im-internet.de\/b_o\" target=\"_blank\" rel=\"noopener\">Federal Medical Code (B\u00c4O)<\/a><\/li>\n<li><a href=\"http:\/\/www.gesetze-im-internet.de\/zhg\" target=\"_blank\" rel=\"noopener\">Law on the Practice of Dentistry (ZHG)<\/a><\/li>\n<li><a href=\"https:\/\/www.aekno.de\/aerzte\/gesetze-verordnungen\/heilberufsgesetz-nrw?pageID=5234&amp;cHash=30efa5fe97241eb2ced8db47e504a670\" target=\"_blank\" rel=\"noopener\">Healthcare Professions Act NRW (HeilBerG)<\/a><\/li>\n<li><a href=\"https:\/\/www.gesetze-im-internet.de\/goz_1987\/\" target=\"_blank\" rel=\"noopener\">Fee schedule for dentists<\/a><\/li>\n<li><a href=\"https:\/\/www.bzaek.de\/fileadmin\/PDFs\/recht\/mbo.pdf\" target=\"_blank\" rel=\"noopener\">Model professional code of conduct of the German Dental Association<\/a><\/li>\n<li><a href=\"https:\/\/www.bzaek.de\/fileadmin\/PDFs\/b\/mwbo.pdf\" target=\"_blank\" rel=\"noopener\">Model training regulations of the German Dental Association<\/a><\/li>\n<li><a href=\"https:\/\/www.gesetze-im-internet.de\/zo-zahn_rzte\/\" target=\"_blank\" rel=\"noopener\">Authorisation ordinance for contract dentists (Zahn\u00e4rzte-ZV)<\/a><\/li>\n<li>Further legal regulations are available from the <a href=\"https:\/\/www.zahnaerztekammernordrhein.de\/fuer-die-praxis-beruf-wissen\/\" target=\"_blank\" rel=\"noopener\">North Rhine Dental Association<\/a><\/li>\n<\/ul>\n<h6>Information on professional indemnity insurance<\/h6>\n<p><strong>Name and registered office of the insurer<br \/>\n<\/strong>tba<\/p>\n<p><strong>Area of validity of the insurance<\/strong><br \/>\nGermany<\/p>\n<h6>Responsible for the content according to \u00a7 55 Abs. 2 RStV<\/h6>\n<p>Dr med. dent. Mehdi Elahi<br \/>\nBrucknerallee 19<br \/>\n41236 M\u00f6nchengladbach<\/p>\n<h6>Dispute resolution<\/h6>\n<p>The European Commission provides a platform for online dispute resolution (OS): <a href=\"https:\/\/ec.europa.eu\/consumers\/odr\" target=\"_blank\" rel=\"noopener\">https:\/\/ec.europa.eu\/consumers\/odr<\/a>.<br \/>\nYou can find our e-mail address in the legal notice above.<\/p>\n<p>We are not willing or obliged to participate in dispute resolution proceedings before a consumer arbitration board.<\/p>\n<\/div><\/div><\/div><\/div><div class=\"wpb_column vc_column_container us_custom_f70d789f us_animate_this\"><div class=\"vc_column-inner\"><div class=\"wpb_text_column\"><div class=\"wpb_wrapper\"><h6>Data protection<\/h6>\n<p>We take the protection of your personal data very seriously and treat your personal data confidentially and in accordance with the statutory data protection regulations. Please read our <a href=\"\/en\/data-protection\/\">Privacy policy<\/a>.<\/p>\n<h6>Layout, realisation, support<\/h6>\n<p><a href=\"https:\/\/www.docrelations.de\/\" target=\"_blank\" rel=\"noopener\"><img decoding=\"async\" loading=\"lazy\" class=\"alignnone\" title=\"Docrelations GmbH | Agency for practice marketing &amp; PR\" src=\"\/wp-content\/uploads\/2022\/10\/docrelations-praxismarketing.png\" alt=\"Practice marketing\" width=\"80\" height=\"80\" \/><\/a><br \/>\nDocrelations GmbH<br \/>\nAgency for <a href=\"https:\/\/www.docrelations.de\/\" target=\"_blank\" rel=\"noopener\">Practice marketing<\/a><br \/>\nD\u00fcsseldorf - Bayreuth<\/p>\n<p><strong>\u2192 Would you like to find out more?\u00a0<a title=\"Practice homepage definition\" href=\"https:\/\/www.docrelations.de\/praxismarketing-definition\/\" target=\"_self\" rel=\"noopener\"> Practice marketing definition<\/a><\/strong><br \/>\n<strong>\u2192 Would you like to see examples? <a title=\"Practice marketing examples\" href=\"https:\/\/www.docrelations.de\/praxismarketing-beispiele-arztpraxis\/\" target=\"_self\" rel=\"noopener\">Practice marketing examples<\/a><\/strong><\/p>\n<h6>Copyright images<\/h6>\n<p><strong>stock.adobe.com<\/strong><br \/>\n273820920 \u00a9 Drobot Dean<br \/>\n145927031 \u00a9 edwardolive<\/p>\n<h6>Liability for links<\/h6>\n<p>Our website contains links to external third-party websites over whose content we have no influence. Therefore, we cannot accept any liability for this third-party content. The respective provider or operator of the pages is always responsible for the content of the linked pages. The linked pages were checked for possible legal violations at the time of linking. Illegal contents were not recognisable at the time of linking.<\/p>\n<p>However, permanent monitoring of the content of the linked pages is not reasonable without concrete evidence of an infringement. If we become aware of any legal infringements, we will remove such links immediately.<\/p>\n<h6>Copyright<\/h6>\n<p>The content and works created by the site operators on these pages are subject to German copyright law. Duplication, processing, distribution and any kind of utilisation outside the limits of copyright law require the written consent of the respective author or creator. Downloads and copies of this site are only permitted for private, non-commercial use.<\/p>\n<p>Insofar as the content on this site was not created by the operator, the copyrights of third parties are respected. In particular, third-party content is labelled as such. Should you nevertheless become aware of a copyright infringement, please inform us accordingly. If we become aware of any infringements, we will remove such content immediately.<\/p>\n<\/div><\/div><\/div><\/div><\/div><\/div><\/div><\/div><\/div><\/section>","protected":false},"excerpt":{"rendered":"Impressum Pflichtangaben Praxis f\u00fcr Kieferorthop\u00e4die Dr. med. dent. Mehdi Elahi Fachzahnarzt f\u00fcr Kieferorthop\u00e4die Brucknerallee 19 41236 M\u00f6nchengladbach Tel.: 02166 44010 Fax: 02166 846 333 E-Mail:\u00a0info@dr-elahi.de Umsatzsteuer-Identifikationsnummer gem\u00e4\u00df \u00a7 27 a Umsatzsteuergesetz DE 210650539 Aufsichtsbeh\u00f6rde Kassenzahn\u00e4rztliche Vereinigung Nordrhein Lindemannstr. 34 &#8211; 42 40237 D\u00fcsseldorf www.kzvnr.de Zust\u00e4ndige Kammer Zahn\u00e4rztekammer Nordrhein Emanuel-Leutze-Str. 8 40547 D\u00fcsseldorf www.zahnaerztekammernordrhein.de Berufsbezeichnung und...","protected":false},"author":2,"featured_media":14,"parent":0,"menu_order":0,"comment_status":"closed","ping_status":"closed","template":"","meta":{"footnotes":""},"yoast_head":"<!-- This site is optimized with the Yoast SEO plugin v22.5 - https:\/\/yoast.com\/wordpress\/plugins\/seo\/ -->\n<title>Impressum \u2022 Kieferorthop\u00e4die M\u00f6nchengladbach<\/title>\n<meta name=\"description\" content=\"Impressum \u2713 Praxis f\u00fcr Kieferorthop\u00e4die, Dr. med. dent. Mehdi Elahi, Brucknerallee 19, 41236 M\u00f6nchengladbach, Tel.: 02166 44010.\" \/>\n<meta name=\"robots\" content=\"index, follow, max-snippet:-1, max-image-preview:large, max-video-preview:-1\" \/>\n<link rel=\"canonical\" href=\"https:\/\/www.dr-elahi.de\/en\/imprint\/\" \/>\n<meta property=\"og:locale\" content=\"en_GB\" \/>\n<meta property=\"og:type\" content=\"article\" \/>\n<meta property=\"og:title\" content=\"Impressum \u2022 Kieferorthop\u00e4die M\u00f6nchengladbach\" \/>\n<meta property=\"og:description\" content=\"Impressum \u2713 Praxis f\u00fcr Kieferorthop\u00e4die, Dr. med. dent. Mehdi Elahi, Brucknerallee 19, 41236 M\u00f6nchengladbach, Tel.: 02166 44010.\" \/>\n<meta property=\"og:url\" content=\"https:\/\/www.dr-elahi.de\/en\/imprint\/\" \/>\n<meta property=\"og:site_name\" content=\"Kieferorthop\u00e4de Dr. Elahi\" \/>\n<meta property=\"article:modified_time\" content=\"2025-10-31T06:31:39+00:00\" \/>\n<meta name=\"twitter:card\" content=\"summary_large_image\" \/>\n<meta name=\"twitter:label1\" content=\"Est. reading time\" \/>\n\t<meta name=\"twitter:data1\" content=\"3 minutes\" \/>\n<script type=\"application\/ld+json\" class=\"yoast-schema-graph\">{\"@context\":\"https:\/\/schema.org\",\"@graph\":[{\"@type\":\"WebPage\",\"@id\":\"https:\/\/www.dr-elahi.de\/impressum\/\",\"url\":\"https:\/\/www.dr-elahi.de\/impressum\/\",\"name\":\"Impressum \u2022 Kieferorthop\u00e4die M\u00f6nchengladbach\",\"isPartOf\":{\"@id\":\"https:\/\/www.dr-elahi.de\/#website\"},\"primaryImageOfPage\":{\"@id\":\"https:\/\/www.dr-elahi.de\/impressum\/#primaryimage\"},\"image\":{\"@id\":\"https:\/\/www.dr-elahi.de\/impressum\/#primaryimage\"},\"thumbnailUrl\":\"https:\/\/www.dr-elahi.de\/wp-content\/uploads\/2022\/09\/0038_Dr-Elahi_FAV_01.svg\",\"datePublished\":\"2022-10-10T12:56:21+00:00\",\"dateModified\":\"2025-10-31T06:31:39+00:00\",\"description\":\"Impressum \u2713 Praxis f\u00fcr Kieferorthop\u00e4die, Dr. med. dent. Mehdi Elahi, Brucknerallee 19, 41236 M\u00f6nchengladbach, Tel.: 02166 44010.\",\"breadcrumb\":{\"@id\":\"https:\/\/www.dr-elahi.de\/impressum\/#breadcrumb\"},\"inLanguage\":\"en-GB\",\"potentialAction\":[{\"@type\":\"ReadAction\",\"target\":[\"https:\/\/www.dr-elahi.de\/impressum\/\"]}]},{\"@type\":\"ImageObject\",\"inLanguage\":\"en-GB\",\"@id\":\"https:\/\/www.dr-elahi.de\/impressum\/#primaryimage\",\"url\":\"https:\/\/www.dr-elahi.de\/wp-content\/uploads\/2022\/09\/0038_Dr-Elahi_FAV_01.svg\",\"contentUrl\":\"https:\/\/www.dr-elahi.de\/wp-content\/uploads\/2022\/09\/0038_Dr-Elahi_FAV_01.svg\",\"caption\":\"Dr. Mehdi Elahi Kieferorthop\u00e4de\"},{\"@type\":\"BreadcrumbList\",\"@id\":\"https:\/\/www.dr-elahi.de\/impressum\/#breadcrumb\",\"itemListElement\":[{\"@type\":\"ListItem\",\"position\":1,\"name\":\"Startseite\",\"item\":\"https:\/\/www.dr-elahi.de\/\"},{\"@type\":\"ListItem\",\"position\":2,\"name\":\"Impressum\"}]},{\"@type\":\"WebSite\",\"@id\":\"https:\/\/www.dr-elahi.de\/#website\",\"url\":\"https:\/\/www.dr-elahi.de\/\",\"name\":\"Kieferorthop\u00e4de Dr. Elahi\",\"description\":\"Kieferorthop\u00e4de M\u00f6nchengladbach\",\"potentialAction\":[{\"@type\":\"SearchAction\",\"target\":{\"@type\":\"EntryPoint\",\"urlTemplate\":\"https:\/\/www.dr-elahi.de\/?s={search_term_string}\"},\"query-input\":\"required name=search_term_string\"}],\"inLanguage\":\"en-GB\"}]}<\/script>\n<!-- \/ Yoast SEO plugin. -->","yoast_head_json":{"title":"Impressum \u2022 Kieferorthop\u00e4die M\u00f6nchengladbach","description":"Impressum \u2713 Praxis f\u00fcr Kieferorthop\u00e4die, Dr. med. dent. Mehdi Elahi, Brucknerallee 19, 41236 M\u00f6nchengladbach, Tel.: 02166 44010.","robots":{"index":"index","follow":"follow","max-snippet":"max-snippet:-1","max-image-preview":"max-image-preview:large","max-video-preview":"max-video-preview:-1"},"canonical":"https:\/\/www.dr-elahi.de\/en\/imprint\/","og_locale":"en_GB","og_type":"article","og_title":"Impressum \u2022 Kieferorthop\u00e4die M\u00f6nchengladbach","og_description":"Impressum \u2713 Praxis f\u00fcr Kieferorthop\u00e4die, Dr. med. dent. Mehdi Elahi, Brucknerallee 19, 41236 M\u00f6nchengladbach, Tel.: 02166 44010.","og_url":"https:\/\/www.dr-elahi.de\/en\/imprint\/","og_site_name":"Kieferorthop\u00e4de Dr. Elahi","article_modified_time":"2025-10-31T06:31:39+00:00","twitter_card":"summary_large_image","twitter_misc":{"Est. reading time":"3 minutes"},"schema":{"@context":"https:\/\/schema.org","@graph":[{"@type":"WebPage","@id":"https:\/\/www.dr-elahi.de\/impressum\/","url":"https:\/\/www.dr-elahi.de\/impressum\/","name":"Impressum \u2022 Kieferorthop\u00e4die M\u00f6nchengladbach","isPartOf":{"@id":"https:\/\/www.dr-elahi.de\/#website"},"primaryImageOfPage":{"@id":"https:\/\/www.dr-elahi.de\/impressum\/#primaryimage"},"image":{"@id":"https:\/\/www.dr-elahi.de\/impressum\/#primaryimage"},"thumbnailUrl":"https:\/\/www.dr-elahi.de\/wp-content\/uploads\/2022\/09\/0038_Dr-Elahi_FAV_01.svg","datePublished":"2022-10-10T12:56:21+00:00","dateModified":"2025-10-31T06:31:39+00:00","description":"Impressum \u2713 Praxis f\u00fcr Kieferorthop\u00e4die, Dr. med. dent. Mehdi Elahi, Brucknerallee 19, 41236 M\u00f6nchengladbach, Tel.: 02166 44010.","breadcrumb":{"@id":"https:\/\/www.dr-elahi.de\/impressum\/#breadcrumb"},"inLanguage":"en-GB","potentialAction":[{"@type":"ReadAction","target":["https:\/\/www.dr-elahi.de\/impressum\/"]}]},{"@type":"ImageObject","inLanguage":"en-GB","@id":"https:\/\/www.dr-elahi.de\/impressum\/#primaryimage","url":"https:\/\/www.dr-elahi.de\/wp-content\/uploads\/2022\/09\/0038_Dr-Elahi_FAV_01.svg","contentUrl":"https:\/\/www.dr-elahi.de\/wp-content\/uploads\/2022\/09\/0038_Dr-Elahi_FAV_01.svg","caption":"Dr. Mehdi Elahi Kieferorthop\u00e4de"},{"@type":"BreadcrumbList","@id":"https:\/\/www.dr-elahi.de\/impressum\/#breadcrumb","itemListElement":[{"@type":"ListItem","position":1,"name":"Startseite","item":"https:\/\/www.dr-elahi.de\/"},{"@type":"ListItem","position":2,"name":"Impressum"}]},{"@type":"WebSite","@id":"https:\/\/www.dr-elahi.de\/#website","url":"https:\/\/www.dr-elahi.de\/","name":"Kieferorthop\u00e4de Dr. Elahi","description":"Kieferorthop\u00e4de M\u00f6nchengladbach","potentialAction":[{"@type":"SearchAction","target":{"@type":"EntryPoint","urlTemplate":"https:\/\/www.dr-elahi.de\/?s={search_term_string}"},"query-input":"required name=search_term_string"}],"inLanguage":"en-GB"}]}},"_links":{"self":[{"href":"https:\/\/www.dr-elahi.de\/en\/wp-json\/wp\/v2\/pages\/141"}],"collection":[{"href":"https:\/\/www.dr-elahi.de\/en\/wp-json\/wp\/v2\/pages"}],"about":[{"href":"https:\/\/www.dr-elahi.de\/en\/wp-json\/wp\/v2\/types\/page"}],"author":[{"embeddable":true,"href":"https:\/\/www.dr-elahi.de\/en\/wp-json\/wp\/v2\/users\/2"}],"replies":[{"embeddable":true,"href":"https:\/\/www.dr-elahi.de\/en\/wp-json\/wp\/v2\/comments?post=141"}],"version-history":[{"count":15,"href":"https:\/\/www.dr-elahi.de\/en\/wp-json\/wp\/v2\/pages\/141\/revisions"}],"predecessor-version":[{"id":666,"href":"https:\/\/www.dr-elahi.de\/en\/wp-json\/wp\/v2\/pages\/141\/revisions\/666"}],"wp:featuredmedia":[{"embeddable":true,"href":"https:\/\/www.dr-elahi.de\/en\/wp-json\/wp\/v2\/media\/14"}],"wp:attachment":[{"href":"https:\/\/www.dr-elahi.de\/en\/wp-json\/wp\/v2\/media?parent=141"}],"curies":[{"name":"wp","href":"https:\/\/api.w.org\/{rel}","templated":true}]}}