{"id":415,"date":"2023-07-06T08:38:05","date_gmt":"2023-07-06T08:38:05","guid":{"rendered":"https:\/\/www.dr-elahi.de\/?page_id=415"},"modified":"2025-10-31T06:31:51","modified_gmt":"2025-10-31T06:31:51","slug":"orthodontist-moenchengladbach-rheydt","status":"publish","type":"page","link":"https:\/\/www.dr-elahi.de\/en\/orthodontist-moenchengladbach-rheydt\/","title":{"rendered":"Orthodontist M\u00f6nchengladbach Rheydt"},"content":{"rendered":"<section class=\"l-section wpb_row us_custom_acfd0fdb height_auto\"><div class=\"l-section-h i-cf\"><div class=\"g-cols vc_row via_grid cols_2 laptops-cols_inherit tablets-cols_inherit mobiles-cols_1 valign_top type_default stacking_default\"><div class=\"wpb_column vc_column_container us_custom_819670d1 us_animate_this  hide_on_tablets hide_on_mobiles has_bg_color\"><div class=\"vc_column-inner\"><h1 style=\"font-size: 2.3rem;line-height: 1.2;text-align: left;font-family:Roboto;font-weight:300;font-style:normal\" class=\"vc_custom_heading us_custom_1fb8b2dc us_animate_this\" >Orthodontist M\u00f6nchengladbach Rheydt<\/h1><\/div><\/div><div class=\"wpb_column vc_column_container\"><div class=\"vc_column-inner\"><\/div><\/div><\/div><\/div><\/section><section class=\"l-section wpb_row us_custom_ac037762 height_auto\"><div class=\"l-section-overlay\" style=\"background:var(--color-content-bg-alt)\"><\/div><div class=\"l-section-h i-cf\"><div class=\"g-cols vc_row via_grid cols_1 laptops-cols_inherit tablets-cols_inherit mobiles-cols_1 valign_top type_default stacking_default\"><div class=\"wpb_column vc_column_container\"><div class=\"vc_column-inner\"><div class=\"g-cols wpb_row via_grid cols_1-2 laptops-cols_inherit tablets-cols_inherit mobiles-cols_1 valign_middle type_default stacking_default\"><div class=\"wpb_column vc_column_container us_custom_60e9caca us_animate_this\"><div class=\"vc_column-inner\"><div class=\"wpb_text_column\"><div class=\"wpb_wrapper\"><h2>Dr Mehdi Elahi<\/h2>\n<h3>Your orthodontist in M\u00f6nchengladbach Rheydt<\/h3>\n<\/div><\/div><div class=\"w-separator size_small\"><\/div><div class=\"wpb_text_column\"><div class=\"wpb_wrapper\"><p>The body is rarely perfect by nature. It almost always has small misalignments, even in the area of the teeth. In most cases, this is not a major problem and has no impact on quality of life. In some cases, however, treatment is necessary in order to maintain a good sense of well-being. Orthodontists are there to prevent consequential damage caused by an unfavourable bite or to promote a perfect smile with a beautiful, straight row of teeth. In M\u00f6nchengladbach, there are many orthodontic practices for around 271,000 inhabitants. Which orthodontist in M\u00f6nchengladbach is the \"right one\" for you?<\/p>\n<\/div><\/div><div class=\"w-separator size_small\"><\/div><div class=\"w-btn-wrapper align_none\"><a class=\"w-btn us-btn-style_1 icon_atleft\" target=\"_blank\" href=\"https:\/\/drclip.de\/praxis\/f5a5e67a-5e45-4919-81e4-e50826b437fe\/termin\/reservierung\" rel=\"noopener\"><i class=\"far fa-calendar-check\"><\/i><span class=\"w-btn-label\">Book an appointment now<\/span><\/a><\/div><\/div><\/div><div class=\"wpb_column vc_column_container us_custom_f70d789f us_animate_this\"><div class=\"vc_column-inner\"><div class=\"w-image align_none\"><div class=\"w-image-h\"><img width=\"1350\" height=\"1000\" src=\"https:\/\/www.dr-elahi.de\/wp-content\/uploads\/2022\/10\/0038_Dr-Elahi-Team_02.jpg\" class=\"attachment-full size-full\" alt=\"KFO M\u00f6nchengladbach\" decoding=\"async\" loading=\"lazy\" srcset=\"https:\/\/www.dr-elahi.de\/wp-content\/uploads\/2022\/10\/0038_Dr-Elahi-Team_02.jpg 1350w, https:\/\/www.dr-elahi.de\/wp-content\/uploads\/2022\/10\/0038_Dr-Elahi-Team_02-300x222.jpg 300w, https:\/\/www.dr-elahi.de\/wp-content\/uploads\/2022\/10\/0038_Dr-Elahi-Team_02-1024x759.jpg 1024w\" sizes=\"(max-width: 1350px) 100vw, 1350px\" \/><\/div><\/div><\/div><\/div><\/div><\/div><\/div><\/div><\/div><\/section><section class=\"l-section wpb_row us_custom_ac037762 height_auto\"><div class=\"l-section-h i-cf\"><div class=\"g-cols vc_row via_grid cols_1 laptops-cols_inherit tablets-cols_inherit mobiles-cols_1 valign_top type_default stacking_default\"><div class=\"wpb_column vc_column_container\"><div class=\"vc_column-inner\"><div class=\"g-cols wpb_row via_grid cols_2 laptops-cols_inherit tablets-cols_inherit mobiles-cols_1 valign_top type_default stacking_default\"><div class=\"wpb_column vc_column_container us_custom_60e9caca us_animate_this\"><div class=\"vc_column-inner\"><div class=\"wpb_text_column\"><div class=\"wpb_wrapper\"><h6>The right orthodontist for you<\/h6>\n<p>Many years of experience combined with expertise in state-of-the-art treatments are the most important criteria for choosing an orthodontist. Another criterion for finding the right orthodontist is the location of the practice. If you live in the Rheydt district, work there or are frequently in the neighbourhood, our orthodontic practice may be the right one for you.<\/p>\n<p>Our practice specialises in the treatment of misaligned teeth and jaws in children, adolescents and adults. Practice owner and orthodontist Dr Mehdi Elahi works according to the latest scientific standards and offers treatment with almost invisible braces and splints.<\/p>\n<h6>Why do I need an orthodontist?<\/h6>\n<p>Your orthodontist Dr Mehdi Elahi in M\u00f6nchengladbach recognises and treats malformations in the position of teeth and jaws and takes measures to prevent them. This is not just about the aesthetics of beautiful, straight teeth, but also about medical aspects.<\/p>\n<p><strong>Treatment by an orthodontist has important health benefits, e.g:<\/strong><\/p>\n<ul>\n<li>Improvement of chewing and biting function<\/li>\n<li>Optimisation of speech function\/pronunciation<\/li>\n<li>Prevention of dental diseases such as caries and periodontitis, which are often favoured by misaligned teeth<\/li>\n<li>Improvement of temporomandibular joint problems and headaches due to misalignment<\/li>\n<\/ul>\n<p>You can also find more information on the website of the professional association of <a href=\"https:\/\/www.bdk-online.org\/\" target=\"_blank\" rel=\"noopener\">German orthodontists<\/a>.<\/p>\n<h6>Orthodontist M\u00f6nchengladbach: Forms of therapy for the treatment of crooked teeth<\/h6>\n<p>At our orthodontic practice in M\u00f6nchengladbach, we specialise in invisible tooth correction, among other things. We offer three basic forms of treatment to correct misaligned teeth:<\/p>\n<p><strong>Brackets on the inside of the teeth (<a href=\"https:\/\/www.dr-elahi.de\/en\/spectrum\/#lingualtechnik\">Lingual technique<\/a>)<\/strong><\/p>\n<p>You are probably familiar with traditional braces with brackets. We use the lingual technique and attach the braces to the inside of the teeth. In this way, the braces remain invisible during the entire treatment.<\/p>\n<p><strong>Transparent, elasticated splints (<a href=\"https:\/\/www.dr-elahi.de\/en\/spectrum\/#invisalign-technik\">Invisalign technique<\/a>)<\/strong><\/p>\n<p>We use aligners, i.e. almost invisible splints, to correct teeth in different phases. We produce a new aligner splint for each treatment phase.<\/p>\n<p><strong><a href=\"https:\/\/www.dr-elahi.de\/en\/spectrum\/#skelettale-verankerung\">Skeletal anchoring<\/a> and multi-bracket systems for difficult tooth corrections<\/strong><\/p>\n<p>Skeletal anchorage is used for complicated tooth corrections (usually in the posterior region). Here, we only attach brackets to the teeth that are to be moved. Orthodontic anchoring implants are also used, for example.<\/p>\n<\/div><\/div><\/div><\/div><div class=\"wpb_column vc_column_container us_custom_f70d789f us_animate_this\"><div class=\"vc_column-inner\"><div class=\"wpb_text_column\"><div class=\"wpb_wrapper\"><h6>Orthodontist M\u00f6nchengladbach Rheydt: Forms of therapy for the treatment of misaligned jaws<\/h6>\n<p>Not only can the teeth be crooked in the mouth or jaw, but the jaw itself can also be affected by a misalignment. This is the case when the upper and lower jaws do not meet as nature intended. Even minor deviations can cause discomfort in the body, such as clicking noises in the jaw, pain in the neck, shoulders and back as well as earache and even tinnitus.<\/p>\n<p>Different types of jaw misalignments require different forms of therapy:<\/p>\n<p><a href=\"https:\/\/www.dr-elahi.de\/en\/spectrum\/#funktionskieferorthopaedie\"><strong>Functional orthodontics<\/strong><\/a><\/p>\n<p>If there is a misalignment of the jaw in adolescents, this can usually be corrected with a removable functional orthodontic appliance. This uses the body's own muscle forces to influence the growth of the jaw and optimise or correct the position of the upper and lower jaw in relation to each other.<\/p>\n<p><a href=\"https:\/\/www.dr-elahi.de\/en\/spectrum\/#orthognathische-chirurgie\"><strong>Orthognathic surgery<\/strong><\/a><\/p>\n<p>Misaligned jaws in adults can usually be treated with a combination of oral surgery and orthodontic measures. The upper and lower jaws are surgically brought into the correct position. The rows of teeth are aligned with braces.<\/p>\n<h6>When should I see an orthodontist for the first time?<\/h6>\n<p>Parents should not wait until all permanent teeth have erupted (i.e. around the age of 12) before taking their children to an orthodontist. It is better to visit the orthodontist in M\u00f6nchengladbach for the first time with the children in the year before they start school. The child's growth can be used therapeutically to correct the shape of the jawbone.<\/p>\n<p>A second appointment should be arranged at the age of nine. This way, there is still enough time before the next big growth spurt. Children and adolescents are often difficult to motivate to co-operate when they reach puberty. This means that the duration of treatment can usually be shortened by one to three years.<\/p>\n<h6>Make an appointment with an orthodontist in M\u00f6nchengladbach Rheydt<\/h6>\n<p>You are welcome to contact us if you are looking for an orthodontist in M\u00f6nchengladbach and would like to make an appointment with Dr Elahi:<\/p>\n<p>Dr med. dent. Mehdi Elahi<br \/>\nBrucknerallee 19<br \/>\n41236 M\u00f6nchengladbach<\/p>\n<p>Tel: <a href=\"tel:+49216644010\">02166 44010<\/a><br \/>\nFax: 02166 846 333<br \/>\nE-Mail:\u00a0<a href=\"mailto:info@dr-elahi.de\">info@dr-elahi.de<\/a><\/p>\n<\/div><\/div><div class=\"w-separator size_small\"><\/div><div class=\"w-socials color_text shape_none\" style=\"--gap:1em;\"><div class=\"w-socials-list\"><div class=\"w-socials-item facebook\"><a class=\"w-socials-item-link\" href=\"https:\/\/www.facebook.com\/profile.php?id=100076066057445\" target=\"_blank\" rel=\"noopener\" title=\"Facebook\" aria-label=\"Facebook\"><span class=\"w-socials-item-link-hover\"><\/span><i class=\"fab fa-facebook\"><\/i><\/a><\/div><div class=\"w-socials-item instagram\"><a class=\"w-socials-item-link\" href=\"https:\/\/www.instagram.com\/praxis.dr.elahi\/\" target=\"_blank\" rel=\"noopener\" title=\"Instagram\" aria-label=\"Instagram\"><span class=\"w-socials-item-link-hover\"><\/span><i class=\"fab fa-instagram\"><\/i><\/a><\/div><div class=\"w-socials-item youtube\"><a class=\"w-socials-item-link\" href=\"https:\/\/www.youtube.com\/watch?v=_CLlORNHzo8\" target=\"_blank\" rel=\"noopener\" title=\"YouTube\" aria-label=\"YouTube\"><span class=\"w-socials-item-link-hover\"><\/span><i class=\"fab fa-youtube\"><\/i><\/a><\/div><div class=\"w-socials-item custom\"><a class=\"w-socials-item-link\" href=\"https:\/\/www.jameda.de\/moenchengladbach\/zahnaerzte\/kieferorthopaeden\/dr-mehdi-elahi\/uebersicht\/80390348_1\/\" target=\"_blank\" rel=\"noopener\" title=\"Title\" aria-label=\"Title\"><span class=\"w-socials-item-link-hover\" style=\"background:var(--color-content-faded);\"><\/span><i class=\"fas fa-star-half-alt\"><\/i><\/a><\/div><\/div><\/div><div class=\"w-separator size_small\"><\/div><div class=\"w-btn-wrapper align_none\"><a class=\"w-btn us-btn-style_1 us_custom_8f2ba1f4 us_animate_this icon_atleft\" target=\"_blank\" href=\"https:\/\/drclip.de\/praxis\/f5a5e67a-5e45-4919-81e4-e50826b437fe\/termin\/reservierung\" rel=\"noopener\"><i class=\"far fa-calendar-check\"><\/i><span class=\"w-btn-label\">Book an appointment now<\/span><\/a><\/div><\/div><\/div><\/div><\/div><\/div><\/div><\/div><\/section>","protected":false},"excerpt":{"rendered":"Orthodontist M\u00f6nchengladbach Rheydt Dr Mehdi Elahi Your orthodontist in M\u00f6nchengladbach Rheydt The body is rarely perfect by nature. It almost always has small misalignments, even in the area of the teeth. In most cases, this is not a major problem and has no impact on quality of life. In some cases, however, in order to ensure a good sense of...","protected":false},"author":2,"featured_media":234,"parent":0,"menu_order":0,"comment_status":"closed","ping_status":"closed","template":"","meta":{"footnotes":""},"yoast_head":"<!-- This site is optimized with the Yoast SEO plugin v22.5 - https:\/\/yoast.com\/wordpress\/plugins\/seo\/ -->\n<title>Kieferorthop\u00e4de M\u00f6nchengladbach Rheydt \u2022 Dr. Elahi<\/title>\n<meta name=\"description\" content=\"Kieferorthop\u00e4de M\u00f6nchengladbach Rheydt \u2713 Seit vielen Jahren niedergelassen in M\u00f6nchengladbach: Ihr erfahrener Kieferorthop\u00e4de Dr. Elahi.\" \/>\n<meta name=\"robots\" content=\"index, follow, max-snippet:-1, max-image-preview:large, max-video-preview:-1\" \/>\n<link rel=\"canonical\" href=\"https:\/\/www.dr-elahi.de\/en\/orthodontist-moenchengladbach-rheydt\/\" \/>\n<meta property=\"og:locale\" content=\"en_GB\" \/>\n<meta property=\"og:type\" content=\"article\" \/>\n<meta property=\"og:title\" content=\"Kieferorthop\u00e4de M\u00f6nchengladbach Rheydt \u2022 Dr. Elahi\" \/>\n<meta property=\"og:description\" content=\"Kieferorthop\u00e4de M\u00f6nchengladbach Rheydt \u2713 Seit vielen Jahren niedergelassen in M\u00f6nchengladbach: Ihr erfahrener Kieferorthop\u00e4de Dr. Elahi.\" \/>\n<meta property=\"og:url\" content=\"https:\/\/www.dr-elahi.de\/en\/orthodontist-moenchengladbach-rheydt\/\" \/>\n<meta property=\"og:site_name\" content=\"Kieferorthop\u00e4de Dr. Elahi\" \/>\n<meta property=\"article:modified_time\" content=\"2025-10-31T06:31:51+00:00\" \/>\n<meta property=\"og:image\" content=\"https:\/\/www.dr-elahi.de\/wp-content\/uploads\/2022\/10\/0038_Dr-Elahi-Team_02.jpg\" \/>\n\t<meta property=\"og:image:width\" content=\"1350\" \/>\n\t<meta property=\"og:image:height\" content=\"1000\" \/>\n\t<meta property=\"og:image:type\" content=\"image\/jpeg\" \/>\n<meta name=\"twitter:card\" content=\"summary_large_image\" \/>\n<meta name=\"twitter:label1\" content=\"Est. reading time\" \/>\n\t<meta name=\"twitter:data1\" content=\"6 minutes\" \/>\n<script type=\"application\/ld+json\" class=\"yoast-schema-graph\">{\"@context\":\"https:\/\/schema.org\",\"@graph\":[{\"@type\":\"WebPage\",\"@id\":\"https:\/\/www.dr-elahi.de\/kieferorthopaede-moenchengladbach-rheydt\/\",\"url\":\"https:\/\/www.dr-elahi.de\/kieferorthopaede-moenchengladbach-rheydt\/\",\"name\":\"Kieferorthop\u00e4de M\u00f6nchengladbach Rheydt \u2022 Dr. Elahi\",\"isPartOf\":{\"@id\":\"https:\/\/www.dr-elahi.de\/#website\"},\"primaryImageOfPage\":{\"@id\":\"https:\/\/www.dr-elahi.de\/kieferorthopaede-moenchengladbach-rheydt\/#primaryimage\"},\"image\":{\"@id\":\"https:\/\/www.dr-elahi.de\/kieferorthopaede-moenchengladbach-rheydt\/#primaryimage\"},\"thumbnailUrl\":\"https:\/\/www.dr-elahi.de\/wp-content\/uploads\/2022\/10\/0038_Dr-Elahi-Team_02.jpg\",\"datePublished\":\"2023-07-06T08:38:05+00:00\",\"dateModified\":\"2025-10-31T06:31:51+00:00\",\"description\":\"Kieferorthop\u00e4de M\u00f6nchengladbach Rheydt \u2713 Seit vielen Jahren niedergelassen in M\u00f6nchengladbach: Ihr erfahrener Kieferorthop\u00e4de Dr. Elahi.\",\"breadcrumb\":{\"@id\":\"https:\/\/www.dr-elahi.de\/kieferorthopaede-moenchengladbach-rheydt\/#breadcrumb\"},\"inLanguage\":\"en-GB\",\"potentialAction\":[{\"@type\":\"ReadAction\",\"target\":[\"https:\/\/www.dr-elahi.de\/kieferorthopaede-moenchengladbach-rheydt\/\"]}]},{\"@type\":\"ImageObject\",\"inLanguage\":\"en-GB\",\"@id\":\"https:\/\/www.dr-elahi.de\/kieferorthopaede-moenchengladbach-rheydt\/#primaryimage\",\"url\":\"https:\/\/www.dr-elahi.de\/wp-content\/uploads\/2022\/10\/0038_Dr-Elahi-Team_02.jpg\",\"contentUrl\":\"https:\/\/www.dr-elahi.de\/wp-content\/uploads\/2022\/10\/0038_Dr-Elahi-Team_02.jpg\",\"width\":1350,\"height\":1000,\"caption\":\"KFO M\u00f6nchengladbach\"},{\"@type\":\"BreadcrumbList\",\"@id\":\"https:\/\/www.dr-elahi.de\/kieferorthopaede-moenchengladbach-rheydt\/#breadcrumb\",\"itemListElement\":[{\"@type\":\"ListItem\",\"position\":1,\"name\":\"Startseite\",\"item\":\"https:\/\/www.dr-elahi.de\/\"},{\"@type\":\"ListItem\",\"position\":2,\"name\":\"Kieferorthop\u00e4de M\u00f6nchengladbach Rheydt\"}]},{\"@type\":\"WebSite\",\"@id\":\"https:\/\/www.dr-elahi.de\/#website\",\"url\":\"https:\/\/www.dr-elahi.de\/\",\"name\":\"Kieferorthop\u00e4de Dr. Elahi\",\"description\":\"Kieferorthop\u00e4de M\u00f6nchengladbach\",\"potentialAction\":[{\"@type\":\"SearchAction\",\"target\":{\"@type\":\"EntryPoint\",\"urlTemplate\":\"https:\/\/www.dr-elahi.de\/?s={search_term_string}\"},\"query-input\":\"required name=search_term_string\"}],\"inLanguage\":\"en-GB\"}]}<\/script>\n<!-- \/ Yoast SEO plugin. -->","yoast_head_json":{"title":"Kieferorthop\u00e4de M\u00f6nchengladbach Rheydt \u2022 Dr. Elahi","description":"Kieferorthop\u00e4de M\u00f6nchengladbach Rheydt \u2713 Seit vielen Jahren niedergelassen in M\u00f6nchengladbach: Ihr erfahrener Kieferorthop\u00e4de Dr. Elahi.","robots":{"index":"index","follow":"follow","max-snippet":"max-snippet:-1","max-image-preview":"max-image-preview:large","max-video-preview":"max-video-preview:-1"},"canonical":"https:\/\/www.dr-elahi.de\/en\/orthodontist-moenchengladbach-rheydt\/","og_locale":"en_GB","og_type":"article","og_title":"Kieferorthop\u00e4de M\u00f6nchengladbach Rheydt \u2022 Dr. Elahi","og_description":"Kieferorthop\u00e4de M\u00f6nchengladbach Rheydt \u2713 Seit vielen Jahren niedergelassen in M\u00f6nchengladbach: Ihr erfahrener Kieferorthop\u00e4de Dr. Elahi.","og_url":"https:\/\/www.dr-elahi.de\/en\/orthodontist-moenchengladbach-rheydt\/","og_site_name":"Kieferorthop\u00e4de Dr. Elahi","article_modified_time":"2025-10-31T06:31:51+00:00","og_image":[{"width":1350,"height":1000,"url":"https:\/\/www.dr-elahi.de\/wp-content\/uploads\/2022\/10\/0038_Dr-Elahi-Team_02.jpg","type":"image\/jpeg"}],"twitter_card":"summary_large_image","twitter_misc":{"Est. reading time":"6 minutes"},"schema":{"@context":"https:\/\/schema.org","@graph":[{"@type":"WebPage","@id":"https:\/\/www.dr-elahi.de\/kieferorthopaede-moenchengladbach-rheydt\/","url":"https:\/\/www.dr-elahi.de\/kieferorthopaede-moenchengladbach-rheydt\/","name":"Kieferorthop\u00e4de M\u00f6nchengladbach Rheydt \u2022 Dr. Elahi","isPartOf":{"@id":"https:\/\/www.dr-elahi.de\/#website"},"primaryImageOfPage":{"@id":"https:\/\/www.dr-elahi.de\/kieferorthopaede-moenchengladbach-rheydt\/#primaryimage"},"image":{"@id":"https:\/\/www.dr-elahi.de\/kieferorthopaede-moenchengladbach-rheydt\/#primaryimage"},"thumbnailUrl":"https:\/\/www.dr-elahi.de\/wp-content\/uploads\/2022\/10\/0038_Dr-Elahi-Team_02.jpg","datePublished":"2023-07-06T08:38:05+00:00","dateModified":"2025-10-31T06:31:51+00:00","description":"Kieferorthop\u00e4de M\u00f6nchengladbach Rheydt \u2713 Seit vielen Jahren niedergelassen in M\u00f6nchengladbach: Ihr erfahrener Kieferorthop\u00e4de Dr. Elahi.","breadcrumb":{"@id":"https:\/\/www.dr-elahi.de\/kieferorthopaede-moenchengladbach-rheydt\/#breadcrumb"},"inLanguage":"en-GB","potentialAction":[{"@type":"ReadAction","target":["https:\/\/www.dr-elahi.de\/kieferorthopaede-moenchengladbach-rheydt\/"]}]},{"@type":"ImageObject","inLanguage":"en-GB","@id":"https:\/\/www.dr-elahi.de\/kieferorthopaede-moenchengladbach-rheydt\/#primaryimage","url":"https:\/\/www.dr-elahi.de\/wp-content\/uploads\/2022\/10\/0038_Dr-Elahi-Team_02.jpg","contentUrl":"https:\/\/www.dr-elahi.de\/wp-content\/uploads\/2022\/10\/0038_Dr-Elahi-Team_02.jpg","width":1350,"height":1000,"caption":"KFO M\u00f6nchengladbach"},{"@type":"BreadcrumbList","@id":"https:\/\/www.dr-elahi.de\/kieferorthopaede-moenchengladbach-rheydt\/#breadcrumb","itemListElement":[{"@type":"ListItem","position":1,"name":"Startseite","item":"https:\/\/www.dr-elahi.de\/"},{"@type":"ListItem","position":2,"name":"Kieferorthop\u00e4de M\u00f6nchengladbach Rheydt"}]},{"@type":"WebSite","@id":"https:\/\/www.dr-elahi.de\/#website","url":"https:\/\/www.dr-elahi.de\/","name":"Kieferorthop\u00e4de Dr. Elahi","description":"Kieferorthop\u00e4de M\u00f6nchengladbach","potentialAction":[{"@type":"SearchAction","target":{"@type":"EntryPoint","urlTemplate":"https:\/\/www.dr-elahi.de\/?s={search_term_string}"},"query-input":"required name=search_term_string"}],"inLanguage":"en-GB"}]}},"_links":{"self":[{"href":"https:\/\/www.dr-elahi.de\/en\/wp-json\/wp\/v2\/pages\/415"}],"collection":[{"href":"https:\/\/www.dr-elahi.de\/en\/wp-json\/wp\/v2\/pages"}],"about":[{"href":"https:\/\/www.dr-elahi.de\/en\/wp-json\/wp\/v2\/types\/page"}],"author":[{"embeddable":true,"href":"https:\/\/www.dr-elahi.de\/en\/wp-json\/wp\/v2\/users\/2"}],"replies":[{"embeddable":true,"href":"https:\/\/www.dr-elahi.de\/en\/wp-json\/wp\/v2\/comments?post=415"}],"version-history":[{"count":10,"href":"https:\/\/www.dr-elahi.de\/en\/wp-json\/wp\/v2\/pages\/415\/revisions"}],"predecessor-version":[{"id":669,"href":"https:\/\/www.dr-elahi.de\/en\/wp-json\/wp\/v2\/pages\/415\/revisions\/669"}],"wp:featuredmedia":[{"embeddable":true,"href":"https:\/\/www.dr-elahi.de\/en\/wp-json\/wp\/v2\/media\/234"}],"wp:attachment":[{"href":"https:\/\/www.dr-elahi.de\/en\/wp-json\/wp\/v2\/media?parent=415"}],"curies":[{"name":"wp","href":"https:\/\/api.w.org\/{rel}","templated":true}]}}