{"id":421,"date":"2023-07-06T09:01:01","date_gmt":"2023-07-06T09:01:01","guid":{"rendered":"https:\/\/www.dr-elahi.de\/?page_id=421"},"modified":"2025-10-31T06:31:42","modified_gmt":"2025-10-31T06:31:42","slug":"kfo-in-moenchengladbach","status":"publish","type":"page","link":"https:\/\/www.dr-elahi.de\/en\/kfo-in-moenchengladbach\/","title":{"rendered":"KFO in M\u00f6nchengladbach"},"content":{"rendered":"<section class=\"l-section wpb_row us_custom_acfd0fdb height_auto\"><div class=\"l-section-h i-cf\"><div class=\"g-cols vc_row via_grid cols_2 laptops-cols_inherit tablets-cols_inherit mobiles-cols_1 valign_top type_default stacking_default\"><div class=\"wpb_column vc_column_container us_custom_819670d1 us_animate_this  hide_on_tablets hide_on_mobiles has_bg_color\"><div class=\"vc_column-inner\"><h1 style=\"font-size: 2.3rem;line-height: 1.2;text-align: left;font-family:Roboto;font-weight:300;font-style:normal\" class=\"vc_custom_heading us_custom_1fb8b2dc us_animate_this\" >KFO in M\u00f6nchengladbach<\/h1><\/div><\/div><div class=\"wpb_column vc_column_container\"><div class=\"vc_column-inner\"><\/div><\/div><\/div><\/div><\/section><section class=\"l-section wpb_row us_custom_ac037762 height_auto\"><div class=\"l-section-overlay\" style=\"background:var(--color-content-bg-alt)\"><\/div><div class=\"l-section-h i-cf\"><div class=\"g-cols vc_row via_grid cols_1 laptops-cols_inherit tablets-cols_inherit mobiles-cols_1 valign_top type_default stacking_default\"><div class=\"wpb_column vc_column_container\"><div class=\"vc_column-inner\"><div class=\"g-cols wpb_row via_grid cols_1-2 laptops-cols_inherit tablets-cols_inherit mobiles-cols_1 valign_middle type_default stacking_default\"><div class=\"wpb_column vc_column_container us_custom_60e9caca us_animate_this\"><div class=\"vc_column-inner\"><div class=\"wpb_text_column\"><div class=\"wpb_wrapper\"><h2>Dr Mehdi Elahi<\/h2>\n<h3>Your orthodontist in M\u00f6nchengladbach<\/h3>\n<\/div><\/div><div class=\"w-separator size_small\"><\/div><div class=\"wpb_text_column\"><div class=\"wpb_wrapper\"><p>If you are looking for an orthodontist in M\u00f6nchengladbach, then you have come to the right place! Dr Mehdi Elahi and his team have been practising orthodontics in M\u00f6nchengladbach for many years. You will find them at Brucknerallee 19, in the immediate vicinity of Hugo Junker Park and Pizzeria da Aldo.<\/p>\n<\/div><\/div><div class=\"w-separator size_small\"><\/div><div class=\"w-btn-wrapper align_none\"><a class=\"w-btn us-btn-style_1 icon_atleft\" target=\"_blank\" href=\"https:\/\/drclip.de\/praxis\/f5a5e67a-5e45-4919-81e4-e50826b437fe\/termin\/reservierung\" rel=\"noopener\"><i class=\"far fa-calendar-check\"><\/i><span class=\"w-btn-label\">Book an appointment now<\/span><\/a><\/div><\/div><\/div><div class=\"wpb_column vc_column_container us_custom_f70d789f us_animate_this\"><div class=\"vc_column-inner\"><div class=\"w-image align_none\"><div class=\"w-image-h\"><img width=\"1350\" height=\"1000\" src=\"https:\/\/www.dr-elahi.de\/wp-content\/uploads\/2022\/10\/0038_Dr-Elahi-Praxis_02.jpg\" class=\"attachment-full size-full\" alt=\"Dr Mehdi Elahi Orthodontist\" decoding=\"async\" loading=\"lazy\" srcset=\"https:\/\/www.dr-elahi.de\/wp-content\/uploads\/2022\/10\/0038_Dr-Elahi-Praxis_02.jpg 1350w, https:\/\/www.dr-elahi.de\/wp-content\/uploads\/2022\/10\/0038_Dr-Elahi-Praxis_02-300x222.jpg 300w, https:\/\/www.dr-elahi.de\/wp-content\/uploads\/2022\/10\/0038_Dr-Elahi-Praxis_02-1024x759.jpg 1024w\" sizes=\"(max-width: 1350px) 100vw, 1350px\" \/><\/div><\/div><\/div><\/div><\/div><\/div><\/div><\/div><\/div><\/section><section class=\"l-section wpb_row us_custom_ac037762 height_auto\"><div class=\"l-section-h i-cf\"><div class=\"g-cols vc_row via_grid cols_1 laptops-cols_inherit tablets-cols_inherit mobiles-cols_1 valign_top type_default stacking_default\"><div class=\"wpb_column vc_column_container\"><div class=\"vc_column-inner\"><div class=\"g-cols wpb_row via_grid cols_2 laptops-cols_inherit tablets-cols_inherit mobiles-cols_1 valign_top type_default stacking_default\"><div class=\"wpb_column vc_column_container us_custom_60e9caca us_animate_this\"><div class=\"vc_column-inner\"><div class=\"wpb_text_column\"><div class=\"wpb_wrapper\"><h6>KFO M\u00f6nchengladbach: Dr Mehdi Elahi<\/h6>\n<p>Dr Mehdi Elahi studied dentistry. He passed his state examination in 1993 and trained in orthodontics at the University Hospital Eppendorf in Hamburg. He passed his specialist examination in 1998 and has been an orthodontist ever since. In his practice, Dr Elahi uses modern treatment methods such as the lingual technique, the Invisalign technique and skeletal anchorage.<\/p>\n<h6>KFO M\u00f6nchengladbach: Experience and reviews<\/h6>\n<p>The fact that Dr Mehdi Elahi is an experienced, emphatic and very trustworthy doctor is confirmed by the exclusively positive reviews on the doctor recommendation portal jameda. Here, patients awarded him a score of 1.0 as an orthodontist in M\u00f6nchengladbach.<\/p>\n<p>They particularly praise his expertise and friendly manner. The practice is described as pleasant and beautiful. Patients also emphasise the practice team. You can read the testimonials here: <a href=\"https:\/\/www.jameda.de\/moenchengladbach\/zahnaerzte\/kieferorthopaeden\/dr-mehdi-elahi\/uebersicht\/80390348_1\/?utm_content=BWlast&amp;utm_source=Kunden-Homepages&amp;utm_medium=Badges&amp;utm_term=80390348&amp;utm_campaign=Badges\" target=\"_blank\" rel=\"noopener\">Reviews of Dr Elahi on jameda<\/a><\/p>\n<h6>Why is treatment by an orthodontist important?<\/h6>\n<p>For the masticatory system to function smoothly, the teeth, muscles and temporomandibular joint must work together optimally.<\/p>\n<p>All three units should be healthy and strong - and take up the position intended by nature. If there are misalignments or malformations in the teeth and\/or jaw, this can lead to health problems (e.g. chronic pain in the head, neck and back, impaired chewing and biting function, difficulty pronouncing). In addition, a smile can look less attractive if the teeth are crooked.<\/p>\n<p>To ensure health and aesthetics - that's what KFO M\u00f6nchengladbach is there for.<\/p>\n<\/div><\/div><div class=\"w-separator size_small\" id=\"bdf3\"><style>@media(max-width:1024px){ #bdf3{height:1.5rem!important}}@media(max-width:600px){ #bdf3{height:1.5rem!important}}<\/style><\/div><div class=\"w-image align_none\"><div class=\"w-image-h\"><img width=\"1000\" height=\"750\" src=\"https:\/\/www.dr-elahi.de\/wp-content\/uploads\/2022\/10\/0038_Dr-Elahi-Team_04-1.jpg\" class=\"attachment-large size-large\" alt=\"Dr Mehdi Elahi Orthodontist\" decoding=\"async\" loading=\"lazy\" srcset=\"https:\/\/www.dr-elahi.de\/wp-content\/uploads\/2022\/10\/0038_Dr-Elahi-Team_04-1.jpg 1000w, https:\/\/www.dr-elahi.de\/wp-content\/uploads\/2022\/10\/0038_Dr-Elahi-Team_04-1-300x225.jpg 300w\" sizes=\"(max-width: 1000px) 100vw, 1000px\" \/><\/div><\/div><\/div><\/div><div class=\"wpb_column vc_column_container us_custom_f70d789f us_animate_this\"><div class=\"vc_column-inner\"><div class=\"wpb_text_column\"><div class=\"wpb_wrapper\"><h6>KFO M\u00f6nchengladbach: Invisible braces for the correction of crooked teeth<\/h6>\n<p>To correct misaligned teeth, your orthodontist Dr Mehdi Elahi uses invisible tooth correction, among other things:<\/p>\n<ul>\n<li><strong><a href=\"https:\/\/www.dr-elahi.de\/en\/spectrum\/#lingualtechnik\">Lingual technique<\/a><\/strong><br \/>\nBrackets are attached to the inside of the teeth<\/li>\n<li><strong><a href=\"https:\/\/www.dr-elahi.de\/en\/spectrum\/#invisalign-technik\">Invisalign technique<\/a><\/strong><br \/>\nCorrection of crooked teeth is carried out with aligners, i.e. almost invisible splints<\/li>\n<li><strong><a href=\"https:\/\/www.dr-elahi.de\/en\/spectrum\/#skelettale-verankerung\">Skeletal anchoring<\/a> and multibracket system<\/strong><br \/>\nBrackets are only bonded to the teeth that are to be moved<\/li>\n<\/ul>\n<h6>Treatment of malocclusions at the orthodontist in M\u00f6nchengladbach<\/h6>\n<p>Misalignments of the jaw often lead to complaints. These can also be treated by Dr Elahi:<\/p>\n<ul>\n<li><strong><a href=\"https:\/\/www.dr-elahi.de\/en\/spectrum\/#funktionskieferorthopaedie\">Functional orthodontics<\/a><\/strong><br \/>\nCorrection with a removable functional orthodontic appliance<\/li>\n<li><strong><a href=\"https:\/\/www.dr-elahi.de\/en\/spectrum\/#orthognathische-chirurgie\">Orthognathic surgery<\/a><\/strong><br \/>\ne.g. surgical treatment of the upper and lower jaw<\/li>\n<\/ul>\n<h6>Orthodontics for adults<\/h6>\n<p>The treatment of misaligned teeth and jaws is not only suitable for children and adolescents. Adults can also have their teeth straightened with braces by an orthodontist. However, correcting teeth requires more patience in adulthood than in younger years. Nevertheless, more and more patients are deciding to have their teeth straightened by an orthodontist in M\u00f6nchengladbach not only for aesthetic reasons, but also for health reasons.<\/p>\n<h6>Make an appointment with an orthodontist in M\u00f6nchengladbach<\/h6>\n<p>You are welcome to contact us if you are looking for an orthodontist in M\u00f6nchengladbach and would like to make an appointment with Dr Elahi:<\/p>\n<p>Dr med. dent. Mehdi Elahi<br \/>\nBrucknerallee 19<br \/>\n41236 M\u00f6nchengladbach<\/p>\n<p>Tel: <a href=\"tel:+49216644010\">02166 44010<\/a><br \/>\nFax: 02166 846 333<br \/>\nE-Mail:\u00a0<a href=\"mailto:info@dr-elahi.de\">info@dr-elahi.de<\/a><\/p>\n<\/div><\/div><div class=\"w-separator size_small\"><\/div><div class=\"w-socials color_text shape_none\" style=\"--gap:1em;\"><div class=\"w-socials-list\"><div class=\"w-socials-item facebook\"><a class=\"w-socials-item-link\" href=\"https:\/\/www.facebook.com\/profile.php?id=100076066057445\" target=\"_blank\" rel=\"noopener\" title=\"Facebook\" aria-label=\"Facebook\"><span class=\"w-socials-item-link-hover\"><\/span><i class=\"fab fa-facebook\"><\/i><\/a><\/div><div class=\"w-socials-item instagram\"><a class=\"w-socials-item-link\" href=\"https:\/\/www.instagram.com\/praxis.dr.elahi\/\" target=\"_blank\" rel=\"noopener\" title=\"Instagram\" aria-label=\"Instagram\"><span class=\"w-socials-item-link-hover\"><\/span><i class=\"fab fa-instagram\"><\/i><\/a><\/div><div class=\"w-socials-item youtube\"><a class=\"w-socials-item-link\" href=\"https:\/\/www.youtube.com\/watch?v=_CLlORNHzo8\" target=\"_blank\" rel=\"noopener\" title=\"YouTube\" aria-label=\"YouTube\"><span class=\"w-socials-item-link-hover\"><\/span><i class=\"fab fa-youtube\"><\/i><\/a><\/div><div class=\"w-socials-item custom\"><a class=\"w-socials-item-link\" href=\"https:\/\/www.jameda.de\/moenchengladbach\/zahnaerzte\/kieferorthopaeden\/dr-mehdi-elahi\/uebersicht\/80390348_1\/\" target=\"_blank\" rel=\"noopener\" title=\"Title\" aria-label=\"Title\"><span class=\"w-socials-item-link-hover\" style=\"background:var(--color-content-faded);\"><\/span><i class=\"fas fa-star-half-alt\"><\/i><\/a><\/div><\/div><\/div><div class=\"w-separator size_small\"><\/div><div class=\"w-btn-wrapper align_none\"><a class=\"w-btn us-btn-style_1 us_custom_8f2ba1f4 us_animate_this icon_atleft\" target=\"_blank\" href=\"https:\/\/drclip.de\/praxis\/f5a5e67a-5e45-4919-81e4-e50826b437fe\/termin\/reservierung\" rel=\"noopener\"><i class=\"far fa-calendar-check\"><\/i><span class=\"w-btn-label\">Book an appointment now<\/span><\/a><\/div><\/div><\/div><\/div><\/div><\/div><\/div><\/div><\/section>","protected":false},"excerpt":{"rendered":"Orthodontics in M\u00f6nchengladbach Dr Mehdi Elahi Your orthodontist in M\u00f6nchengladbach If you are looking for an orthodontist in M\u00f6nchengladbach, then you have come to the right place! Dr Mehdi Elahi and his team have been practising orthodontics in M\u00f6nchengladbach for many years. You can find them at Brucknerallee 19,...","protected":false},"author":2,"featured_media":360,"parent":0,"menu_order":0,"comment_status":"closed","ping_status":"closed","template":"","meta":{"footnotes":""},"yoast_head":"<!-- This site is optimized with the Yoast SEO plugin v22.5 - https:\/\/yoast.com\/wordpress\/plugins\/seo\/ -->\n<title>KFO in M\u00f6nchengladbach \u2022 Kieferorthop\u00e4de Dr. Elahi<\/title>\n<meta name=\"description\" content=\"KFO in M\u00f6nchengladbach \u2713 Wenn Sie auf der Suche nach einem Kieferorthop\u00e4den in M\u00f6nchengladbach sind, dann sind Sie hier genau richtig!\" \/>\n<meta name=\"robots\" content=\"index, follow, max-snippet:-1, max-image-preview:large, max-video-preview:-1\" \/>\n<link rel=\"canonical\" href=\"https:\/\/www.dr-elahi.de\/en\/kfo-in-moenchengladbach\/\" \/>\n<meta property=\"og:locale\" content=\"en_GB\" \/>\n<meta property=\"og:type\" content=\"article\" \/>\n<meta property=\"og:title\" content=\"KFO in M\u00f6nchengladbach \u2022 Kieferorthop\u00e4de Dr. Elahi\" \/>\n<meta property=\"og:description\" content=\"KFO in M\u00f6nchengladbach \u2713 Wenn Sie auf der Suche nach einem Kieferorthop\u00e4den in M\u00f6nchengladbach sind, dann sind Sie hier genau richtig!\" \/>\n<meta property=\"og:url\" content=\"https:\/\/www.dr-elahi.de\/en\/kfo-in-moenchengladbach\/\" \/>\n<meta property=\"og:site_name\" content=\"Kieferorthop\u00e4de Dr. Elahi\" \/>\n<meta property=\"article:modified_time\" content=\"2025-10-31T06:31:42+00:00\" \/>\n<meta property=\"og:image\" content=\"https:\/\/www.dr-elahi.de\/wp-content\/uploads\/2022\/10\/0038_Dr-Elahi-Praxis_02.jpg\" \/>\n\t<meta property=\"og:image:width\" content=\"1350\" \/>\n\t<meta property=\"og:image:height\" content=\"1000\" \/>\n\t<meta property=\"og:image:type\" content=\"image\/jpeg\" \/>\n<meta name=\"twitter:card\" content=\"summary_large_image\" \/>\n<meta name=\"twitter:label1\" content=\"Est. reading time\" \/>\n\t<meta name=\"twitter:data1\" content=\"4 minutes\" \/>\n<script type=\"application\/ld+json\" class=\"yoast-schema-graph\">{\"@context\":\"https:\/\/schema.org\",\"@graph\":[{\"@type\":\"WebPage\",\"@id\":\"https:\/\/www.dr-elahi.de\/kfo-in-moenchengladbach\/\",\"url\":\"https:\/\/www.dr-elahi.de\/kfo-in-moenchengladbach\/\",\"name\":\"KFO in M\u00f6nchengladbach \u2022 Kieferorthop\u00e4de Dr. Elahi\",\"isPartOf\":{\"@id\":\"https:\/\/www.dr-elahi.de\/#website\"},\"primaryImageOfPage\":{\"@id\":\"https:\/\/www.dr-elahi.de\/kfo-in-moenchengladbach\/#primaryimage\"},\"image\":{\"@id\":\"https:\/\/www.dr-elahi.de\/kfo-in-moenchengladbach\/#primaryimage\"},\"thumbnailUrl\":\"https:\/\/www.dr-elahi.de\/wp-content\/uploads\/2022\/10\/0038_Dr-Elahi-Praxis_02.jpg\",\"datePublished\":\"2023-07-06T09:01:01+00:00\",\"dateModified\":\"2025-10-31T06:31:42+00:00\",\"description\":\"KFO in M\u00f6nchengladbach \u2713 Wenn Sie auf der Suche nach einem Kieferorthop\u00e4den in M\u00f6nchengladbach sind, dann sind Sie hier genau richtig!\",\"breadcrumb\":{\"@id\":\"https:\/\/www.dr-elahi.de\/kfo-in-moenchengladbach\/#breadcrumb\"},\"inLanguage\":\"en-GB\",\"potentialAction\":[{\"@type\":\"ReadAction\",\"target\":[\"https:\/\/www.dr-elahi.de\/kfo-in-moenchengladbach\/\"]}]},{\"@type\":\"ImageObject\",\"inLanguage\":\"en-GB\",\"@id\":\"https:\/\/www.dr-elahi.de\/kfo-in-moenchengladbach\/#primaryimage\",\"url\":\"https:\/\/www.dr-elahi.de\/wp-content\/uploads\/2022\/10\/0038_Dr-Elahi-Praxis_02.jpg\",\"contentUrl\":\"https:\/\/www.dr-elahi.de\/wp-content\/uploads\/2022\/10\/0038_Dr-Elahi-Praxis_02.jpg\",\"width\":1350,\"height\":1000,\"caption\":\"Dr. Mehdi Elahi Kieferorthop\u00e4de\"},{\"@type\":\"BreadcrumbList\",\"@id\":\"https:\/\/www.dr-elahi.de\/kfo-in-moenchengladbach\/#breadcrumb\",\"itemListElement\":[{\"@type\":\"ListItem\",\"position\":1,\"name\":\"Startseite\",\"item\":\"https:\/\/www.dr-elahi.de\/\"},{\"@type\":\"ListItem\",\"position\":2,\"name\":\"KFO in M\u00f6nchengladbach\"}]},{\"@type\":\"WebSite\",\"@id\":\"https:\/\/www.dr-elahi.de\/#website\",\"url\":\"https:\/\/www.dr-elahi.de\/\",\"name\":\"Kieferorthop\u00e4de Dr. Elahi\",\"description\":\"Kieferorthop\u00e4de M\u00f6nchengladbach\",\"potentialAction\":[{\"@type\":\"SearchAction\",\"target\":{\"@type\":\"EntryPoint\",\"urlTemplate\":\"https:\/\/www.dr-elahi.de\/?s={search_term_string}\"},\"query-input\":\"required name=search_term_string\"}],\"inLanguage\":\"en-GB\"}]}<\/script>\n<!-- \/ Yoast SEO plugin. -->","yoast_head_json":{"title":"KFO in M\u00f6nchengladbach \u2022 Kieferorthop\u00e4de Dr. Elahi","description":"KFO in M\u00f6nchengladbach \u2713 Wenn Sie auf der Suche nach einem Kieferorthop\u00e4den in M\u00f6nchengladbach sind, dann sind Sie hier genau richtig!","robots":{"index":"index","follow":"follow","max-snippet":"max-snippet:-1","max-image-preview":"max-image-preview:large","max-video-preview":"max-video-preview:-1"},"canonical":"https:\/\/www.dr-elahi.de\/en\/kfo-in-moenchengladbach\/","og_locale":"en_GB","og_type":"article","og_title":"KFO in M\u00f6nchengladbach \u2022 Kieferorthop\u00e4de Dr. Elahi","og_description":"KFO in M\u00f6nchengladbach \u2713 Wenn Sie auf der Suche nach einem Kieferorthop\u00e4den in M\u00f6nchengladbach sind, dann sind Sie hier genau richtig!","og_url":"https:\/\/www.dr-elahi.de\/en\/kfo-in-moenchengladbach\/","og_site_name":"Kieferorthop\u00e4de Dr. Elahi","article_modified_time":"2025-10-31T06:31:42+00:00","og_image":[{"width":1350,"height":1000,"url":"https:\/\/www.dr-elahi.de\/wp-content\/uploads\/2022\/10\/0038_Dr-Elahi-Praxis_02.jpg","type":"image\/jpeg"}],"twitter_card":"summary_large_image","twitter_misc":{"Est. reading time":"4 minutes"},"schema":{"@context":"https:\/\/schema.org","@graph":[{"@type":"WebPage","@id":"https:\/\/www.dr-elahi.de\/kfo-in-moenchengladbach\/","url":"https:\/\/www.dr-elahi.de\/kfo-in-moenchengladbach\/","name":"KFO in M\u00f6nchengladbach \u2022 Kieferorthop\u00e4de Dr. Elahi","isPartOf":{"@id":"https:\/\/www.dr-elahi.de\/#website"},"primaryImageOfPage":{"@id":"https:\/\/www.dr-elahi.de\/kfo-in-moenchengladbach\/#primaryimage"},"image":{"@id":"https:\/\/www.dr-elahi.de\/kfo-in-moenchengladbach\/#primaryimage"},"thumbnailUrl":"https:\/\/www.dr-elahi.de\/wp-content\/uploads\/2022\/10\/0038_Dr-Elahi-Praxis_02.jpg","datePublished":"2023-07-06T09:01:01+00:00","dateModified":"2025-10-31T06:31:42+00:00","description":"KFO in M\u00f6nchengladbach \u2713 Wenn Sie auf der Suche nach einem Kieferorthop\u00e4den in M\u00f6nchengladbach sind, dann sind Sie hier genau richtig!","breadcrumb":{"@id":"https:\/\/www.dr-elahi.de\/kfo-in-moenchengladbach\/#breadcrumb"},"inLanguage":"en-GB","potentialAction":[{"@type":"ReadAction","target":["https:\/\/www.dr-elahi.de\/kfo-in-moenchengladbach\/"]}]},{"@type":"ImageObject","inLanguage":"en-GB","@id":"https:\/\/www.dr-elahi.de\/kfo-in-moenchengladbach\/#primaryimage","url":"https:\/\/www.dr-elahi.de\/wp-content\/uploads\/2022\/10\/0038_Dr-Elahi-Praxis_02.jpg","contentUrl":"https:\/\/www.dr-elahi.de\/wp-content\/uploads\/2022\/10\/0038_Dr-Elahi-Praxis_02.jpg","width":1350,"height":1000,"caption":"Dr. Mehdi Elahi Kieferorthop\u00e4de"},{"@type":"BreadcrumbList","@id":"https:\/\/www.dr-elahi.de\/kfo-in-moenchengladbach\/#breadcrumb","itemListElement":[{"@type":"ListItem","position":1,"name":"Startseite","item":"https:\/\/www.dr-elahi.de\/"},{"@type":"ListItem","position":2,"name":"KFO in M\u00f6nchengladbach"}]},{"@type":"WebSite","@id":"https:\/\/www.dr-elahi.de\/#website","url":"https:\/\/www.dr-elahi.de\/","name":"Kieferorthop\u00e4de Dr. Elahi","description":"Kieferorthop\u00e4de M\u00f6nchengladbach","potentialAction":[{"@type":"SearchAction","target":{"@type":"EntryPoint","urlTemplate":"https:\/\/www.dr-elahi.de\/?s={search_term_string}"},"query-input":"required name=search_term_string"}],"inLanguage":"en-GB"}]}},"_links":{"self":[{"href":"https:\/\/www.dr-elahi.de\/en\/wp-json\/wp\/v2\/pages\/421"}],"collection":[{"href":"https:\/\/www.dr-elahi.de\/en\/wp-json\/wp\/v2\/pages"}],"about":[{"href":"https:\/\/www.dr-elahi.de\/en\/wp-json\/wp\/v2\/types\/page"}],"author":[{"embeddable":true,"href":"https:\/\/www.dr-elahi.de\/en\/wp-json\/wp\/v2\/users\/2"}],"replies":[{"embeddable":true,"href":"https:\/\/www.dr-elahi.de\/en\/wp-json\/wp\/v2\/comments?post=421"}],"version-history":[{"count":7,"href":"https:\/\/www.dr-elahi.de\/en\/wp-json\/wp\/v2\/pages\/421\/revisions"}],"predecessor-version":[{"id":667,"href":"https:\/\/www.dr-elahi.de\/en\/wp-json\/wp\/v2\/pages\/421\/revisions\/667"}],"wp:featuredmedia":[{"embeddable":true,"href":"https:\/\/www.dr-elahi.de\/en\/wp-json\/wp\/v2\/media\/360"}],"wp:attachment":[{"href":"https:\/\/www.dr-elahi.de\/en\/wp-json\/wp\/v2\/media?parent=421"}],"curies":[{"name":"wp","href":"https:\/\/api.w.org\/{rel}","templated":true}]}}