{"id":428,"date":"2023-07-06T09:24:11","date_gmt":"2023-07-06T09:24:11","guid":{"rendered":"https:\/\/www.dr-elahi.de\/?page_id=428"},"modified":"2025-10-31T06:37:39","modified_gmt":"2025-10-31T06:37:39","slug":"treatment-malocclusion-moenchengladbach","status":"publish","type":"page","link":"https:\/\/www.dr-elahi.de\/en\/treatment-malocclusion-moenchengladbach\/","title":{"rendered":"Treatment of misaligned teeth M\u00f6nchengladbach"},"content":{"rendered":"<section class=\"l-section wpb_row us_custom_acfd0fdb height_auto\"><div class=\"l-section-h i-cf\"><div class=\"g-cols vc_row via_grid cols_2 laptops-cols_inherit tablets-cols_inherit mobiles-cols_1 valign_top type_default stacking_default\"><div class=\"wpb_column vc_column_container us_custom_819670d1 us_animate_this  hide_on_tablets hide_on_mobiles has_bg_color\"><div class=\"vc_column-inner\"><h1 style=\"font-size: 2.3rem;line-height: 1.2;text-align: left;font-family:Roboto;font-weight:300;font-style:normal\" class=\"vc_custom_heading us_custom_1fb8b2dc us_animate_this\" >Treatment of misaligned teeth M\u00f6nchengladbach<\/h1><\/div><\/div><div class=\"wpb_column vc_column_container\"><div class=\"vc_column-inner\"><\/div><\/div><\/div><\/div><\/section><section class=\"l-section wpb_row us_custom_ac037762 height_auto\"><div class=\"l-section-overlay\" style=\"background:var(--color-content-bg-alt)\"><\/div><div class=\"l-section-h i-cf\"><div class=\"g-cols vc_row via_grid cols_1 laptops-cols_inherit tablets-cols_inherit mobiles-cols_1 valign_top type_default stacking_default\"><div class=\"wpb_column vc_column_container\"><div class=\"vc_column-inner\"><div class=\"g-cols wpb_row via_grid cols_1-2 laptops-cols_inherit tablets-cols_inherit mobiles-cols_1 valign_middle type_default stacking_default\"><div class=\"wpb_column vc_column_container us_custom_60e9caca us_animate_this\"><div class=\"vc_column-inner\"><div class=\"wpb_text_column\"><div class=\"wpb_wrapper\"><h2>Dr Mehdi Elahi<\/h2>\n<h3>Treatment of misaligned teeth in M\u00f6nchengladbach<\/h3>\n<\/div><\/div><div class=\"w-separator size_small\"><\/div><div class=\"wpb_text_column\"><div class=\"wpb_wrapper\"><p>A misaligned tooth (crooked teeth) is any position of one or more teeth outside the ideal dental arch of the upper or lower jaw. In addition to aesthetic problems, misaligned or crooked teeth can also cause malfunctioning of the dentition, which can sometimes lead to pain in the long term.<\/p>\n<\/div><\/div><div class=\"w-separator size_small\"><\/div><div class=\"w-btn-wrapper align_none\"><a class=\"w-btn us-btn-style_1 icon_atleft\" target=\"_blank\" href=\"https:\/\/drclip.de\/praxis\/f5a5e67a-5e45-4919-81e4-e50826b437fe\/termin\/reservierung\" rel=\"noopener\"><i class=\"far fa-calendar-check\"><\/i><span class=\"w-btn-label\">Book an appointment now<\/span><\/a><\/div><\/div><\/div><div class=\"wpb_column vc_column_container us_custom_f70d789f us_animate_this\"><div class=\"vc_column-inner\"><div class=\"w-image align_none\"><div class=\"w-image-h\"><img width=\"1000\" height=\"750\" src=\"https:\/\/www.dr-elahi.de\/wp-content\/uploads\/2022\/10\/0038_Dr-Elahi-Team_03-1.jpg\" class=\"attachment-full size-full\" alt=\"Dr Mehdi Elahi Orthodontist\" decoding=\"async\" loading=\"lazy\" srcset=\"https:\/\/www.dr-elahi.de\/wp-content\/uploads\/2022\/10\/0038_Dr-Elahi-Team_03-1.jpg 1000w, https:\/\/www.dr-elahi.de\/wp-content\/uploads\/2022\/10\/0038_Dr-Elahi-Team_03-1-300x225.jpg 300w\" sizes=\"(max-width: 1000px) 100vw, 1000px\" \/><\/div><\/div><\/div><\/div><\/div><\/div><\/div><\/div><\/div><\/section><section class=\"l-section wpb_row us_custom_ac037762 height_auto\"><div class=\"l-section-h i-cf\"><div class=\"g-cols vc_row via_grid cols_1 laptops-cols_inherit tablets-cols_inherit mobiles-cols_1 valign_top type_default stacking_default\"><div class=\"wpb_column vc_column_container\"><div class=\"vc_column-inner\"><div class=\"g-cols wpb_row via_grid cols_2 laptops-cols_inherit tablets-cols_inherit mobiles-cols_1 valign_top type_default stacking_default\"><div class=\"wpb_column vc_column_container us_custom_60e9caca us_animate_this\"><div class=\"vc_column-inner\"><div class=\"wpb_text_column\"><div class=\"wpb_wrapper\"><h6>Causes of misaligned teeth<\/h6>\n<ul>\n<li>Inheritance<\/li>\n<li>Hormonal causes<\/li>\n<li>In connection with cleft lip and palate<\/li>\n<li>Acquired malocclusions \/ crooked teeth<\/li>\n<li>Infectious diseases<\/li>\n<li>Chronic vitamin deficiency<\/li>\n<\/ul>\n<h6>Consequences of misaligned teeth<\/h6>\n<ul>\n<li>Malformations of the teeth<\/li>\n<li>Incorrect loading (teeth, bones, muscles)<\/li>\n<li>Malformation of the jaw or facial muscles<\/li>\n<li>Problems with chewing<\/li>\n<li>Pain in the temporomandibular joint<\/li>\n<li>Problems with lip closure<\/li>\n<li>Increased mouth breathing (susceptibility to infection)<\/li>\n<li>Speech errors (e.g. lisp)<\/li>\n<\/ul>\n<h6>Possible forms of therapy for misaligned \/ crooked teeth<\/h6>\n<p>There are many forms of therapy that are used in orthodontic practice. Which treatment promises the greatest success must be decided individually depending on the initial situation. In the following, we would like to present the techniques that we offer you in our practice:<\/p>\n<\/div><\/div><div class=\"w-separator size_small\" id=\"r981\"><style>@media(max-width:1024px){ #r981{height:1.5rem!important}}@media(max-width:600px){ #r981{height:1.5rem!important}}<\/style><\/div><div class=\"w-image align_none\"><div class=\"w-image-h\"><img width=\"1000\" height=\"750\" src=\"https:\/\/www.dr-elahi.de\/wp-content\/uploads\/2023\/07\/0038_Infografik_Fehlstellungen_01.jpg\" class=\"attachment-large size-large\" alt=\"Treatment of misaligned teeth M\u00f6nchengladbach\" decoding=\"async\" loading=\"lazy\" srcset=\"https:\/\/www.dr-elahi.de\/wp-content\/uploads\/2023\/07\/0038_Infografik_Fehlstellungen_01.jpg 1000w, https:\/\/www.dr-elahi.de\/wp-content\/uploads\/2023\/07\/0038_Infografik_Fehlstellungen_01-300x225.jpg 300w\" sizes=\"(max-width: 1000px) 100vw, 1000px\" \/><\/div><\/div><\/div><\/div><div class=\"wpb_column vc_column_container us_custom_f70d789f us_animate_this\"><div class=\"vc_column-inner\"><div class=\"wpb_text_column\"><div class=\"wpb_wrapper\"><h6>Lingual technique<\/h6>\n<p>With this technique, the brackets and arches are attached to the lingual surface (inside) of the teeth. The advantage of this technique is that the braces remain invisible during the entire treatment, although all tooth movements can be carried out, similar to conventional fixed braces.<\/p>\n<p><strong>More on the topic: <a href=\"https:\/\/www.dr-elahi.de\/en\/spectrum\/#lingualtechnik\">Lingual technique<\/a><\/strong><\/p>\n<h6>Invisalign technique<\/h6>\n<p>With the Invisalign procedure, teeth are corrected with the help of transparent, elastic splints (so-called aligners). Using 3D computer technology, a separate aligner is produced for each treatment phase from very precise two-phase silicone impressions of the teeth.<\/p>\n<p><strong>More on the topic: <a href=\"https:\/\/www.dr-elahi.de\/en\/spectrum\/#invisalign-technik\">Invisalign technique<\/a><\/strong><\/p>\n<h6>Skeletal anchorage &amp; segmental technique<\/h6>\n<p>In complicated cases, the combination of skeletal anchorage and multi-bracket systems is particularly suitable for posterior teeth. A combination with Invisalign is also possible depending on the initial situation.<\/p>\n<p><strong>More on the topic: <a href=\"https:\/\/www.dr-elahi.de\/en\/spectrum\/#skelettale-verankerung\">Skeletal anchoring<\/a><\/strong><\/p>\n<h6>Make an appointment for the treatment of misaligned teeth<\/h6>\n<p>You are welcome to contact us if you are looking for an orthodontist and would like to find a <a href=\"https:\/\/drclip.de\/praxis\/f5a5e67a-5e45-4919-81e4-e50826b437fe\/termin\/reservierung\" target=\"_blank\" rel=\"noopener\">Date<\/a> with Dr Elahi for the treatment of misaligned teeth in M\u00f6nchengladbach:<\/p>\n<p>Dr med. dent. Mehdi Elahi<br \/>\nBrucknerallee 19<br \/>\n41236 M\u00f6nchengladbach<\/p>\n<p>Tel: <a href=\"tel:+49216644010\">02166 44010<\/a><br \/>\nFax: 02166 846 333<br \/>\nE-Mail:\u00a0<a href=\"mailto:info@dr-elahi.de\">info@dr-elahi.de<\/a><\/p>\n<\/div><\/div><div class=\"w-separator size_small\"><\/div><div class=\"w-socials color_text shape_none\" style=\"--gap:1em;\"><div class=\"w-socials-list\"><div class=\"w-socials-item facebook\"><a class=\"w-socials-item-link\" href=\"https:\/\/www.facebook.com\/profile.php?id=100076066057445\" target=\"_blank\" rel=\"noopener\" title=\"Facebook\" aria-label=\"Facebook\"><span class=\"w-socials-item-link-hover\"><\/span><i class=\"fab fa-facebook\"><\/i><\/a><\/div><div class=\"w-socials-item instagram\"><a class=\"w-socials-item-link\" href=\"https:\/\/www.instagram.com\/praxis.dr.elahi\/\" target=\"_blank\" rel=\"noopener\" title=\"Instagram\" aria-label=\"Instagram\"><span class=\"w-socials-item-link-hover\"><\/span><i class=\"fab fa-instagram\"><\/i><\/a><\/div><div class=\"w-socials-item youtube\"><a class=\"w-socials-item-link\" href=\"https:\/\/www.youtube.com\/watch?v=_CLlORNHzo8\" target=\"_blank\" rel=\"noopener\" title=\"YouTube\" aria-label=\"YouTube\"><span class=\"w-socials-item-link-hover\"><\/span><i class=\"fab fa-youtube\"><\/i><\/a><\/div><div class=\"w-socials-item custom\"><a class=\"w-socials-item-link\" href=\"https:\/\/www.jameda.de\/moenchengladbach\/zahnaerzte\/kieferorthopaeden\/dr-mehdi-elahi\/uebersicht\/80390348_1\/\" target=\"_blank\" rel=\"noopener\" title=\"Title\" aria-label=\"Title\"><span class=\"w-socials-item-link-hover\" style=\"background:var(--color-content-faded);\"><\/span><i class=\"fas fa-star-half-alt\"><\/i><\/a><\/div><\/div><\/div><div class=\"w-separator size_small\"><\/div><div class=\"w-btn-wrapper align_none\"><a class=\"w-btn us-btn-style_1 us_custom_8f2ba1f4 us_animate_this icon_atleft\" target=\"_blank\" href=\"https:\/\/drclip.de\/praxis\/f5a5e67a-5e45-4919-81e4-e50826b437fe\/termin\/reservierung\" rel=\"noopener\"><i class=\"far fa-calendar-check\"><\/i><span class=\"w-btn-label\">Book an appointment now<\/span><\/a><\/div><\/div><\/div><\/div><\/div><\/div><\/div><\/div><\/section>","protected":false},"excerpt":{"rendered":"Treatment of misaligned teeth M\u00f6nchengladbachDr Mehdi Elahi Treatment of misaligned teeth in M\u00f6nchengladbach A misaligned tooth (crooked teeth) is any position of one or more teeth outside the ideal dental arch of the upper or lower jaw. In addition to aesthetic problems, misaligned or crooked teeth can also cause malfunctioning of the dentition, which can sometimes lead to pain in the long term. Appointment now...","protected":false},"author":2,"featured_media":250,"parent":0,"menu_order":0,"comment_status":"closed","ping_status":"closed","template":"","meta":{"footnotes":""},"yoast_head":"<!-- This site is optimized with the Yoast SEO plugin v22.5 - https:\/\/yoast.com\/wordpress\/plugins\/seo\/ -->\n<title>Behandlung Zahnfehlstellung M\u00f6nchengladbach<\/title>\n<meta name=\"description\" content=\"Behandlung Zahnfehlstellung M\u00f6nchengladbach \u2713 Im Folgenden m\u00f6chten wir die Techniken vorstellen, die wir Ihnen in unserer Praxis anbieten.\" \/>\n<meta name=\"robots\" content=\"index, follow, max-snippet:-1, max-image-preview:large, max-video-preview:-1\" \/>\n<link rel=\"canonical\" href=\"https:\/\/www.dr-elahi.de\/en\/treatment-malocclusion-moenchengladbach\/\" \/>\n<meta property=\"og:locale\" content=\"en_GB\" \/>\n<meta property=\"og:type\" content=\"article\" \/>\n<meta property=\"og:title\" content=\"Behandlung Zahnfehlstellung M\u00f6nchengladbach\" \/>\n<meta property=\"og:description\" content=\"Behandlung Zahnfehlstellung M\u00f6nchengladbach \u2713 Im Folgenden m\u00f6chten wir die Techniken vorstellen, die wir Ihnen in unserer Praxis anbieten.\" \/>\n<meta property=\"og:url\" content=\"https:\/\/www.dr-elahi.de\/en\/treatment-malocclusion-moenchengladbach\/\" \/>\n<meta property=\"og:site_name\" content=\"Kieferorthop\u00e4de Dr. Elahi\" \/>\n<meta property=\"article:modified_time\" content=\"2025-10-31T06:37:39+00:00\" \/>\n<meta property=\"og:image\" content=\"https:\/\/www.dr-elahi.de\/wp-content\/uploads\/2022\/10\/0038_Dr-Elahi-Team_03-1.jpg\" \/>\n\t<meta property=\"og:image:width\" content=\"1000\" \/>\n\t<meta property=\"og:image:height\" content=\"750\" \/>\n\t<meta property=\"og:image:type\" content=\"image\/jpeg\" \/>\n<meta name=\"twitter:card\" content=\"summary_large_image\" \/>\n<meta name=\"twitter:label1\" content=\"Est. reading time\" \/>\n\t<meta name=\"twitter:data1\" content=\"3 minutes\" \/>\n<script type=\"application\/ld+json\" class=\"yoast-schema-graph\">{\"@context\":\"https:\/\/schema.org\",\"@graph\":[{\"@type\":\"WebPage\",\"@id\":\"https:\/\/www.dr-elahi.de\/behandlung-zahnfehlstellung-moenchengladbach\/\",\"url\":\"https:\/\/www.dr-elahi.de\/behandlung-zahnfehlstellung-moenchengladbach\/\",\"name\":\"Behandlung Zahnfehlstellung M\u00f6nchengladbach\",\"isPartOf\":{\"@id\":\"https:\/\/www.dr-elahi.de\/#website\"},\"primaryImageOfPage\":{\"@id\":\"https:\/\/www.dr-elahi.de\/behandlung-zahnfehlstellung-moenchengladbach\/#primaryimage\"},\"image\":{\"@id\":\"https:\/\/www.dr-elahi.de\/behandlung-zahnfehlstellung-moenchengladbach\/#primaryimage\"},\"thumbnailUrl\":\"https:\/\/www.dr-elahi.de\/wp-content\/uploads\/2022\/10\/0038_Dr-Elahi-Team_03-1.jpg\",\"datePublished\":\"2023-07-06T09:24:11+00:00\",\"dateModified\":\"2025-10-31T06:37:39+00:00\",\"description\":\"Behandlung Zahnfehlstellung M\u00f6nchengladbach \u2713 Im Folgenden m\u00f6chten wir die Techniken vorstellen, die wir Ihnen in unserer Praxis anbieten.\",\"breadcrumb\":{\"@id\":\"https:\/\/www.dr-elahi.de\/behandlung-zahnfehlstellung-moenchengladbach\/#breadcrumb\"},\"inLanguage\":\"en-GB\",\"potentialAction\":[{\"@type\":\"ReadAction\",\"target\":[\"https:\/\/www.dr-elahi.de\/behandlung-zahnfehlstellung-moenchengladbach\/\"]}]},{\"@type\":\"ImageObject\",\"inLanguage\":\"en-GB\",\"@id\":\"https:\/\/www.dr-elahi.de\/behandlung-zahnfehlstellung-moenchengladbach\/#primaryimage\",\"url\":\"https:\/\/www.dr-elahi.de\/wp-content\/uploads\/2022\/10\/0038_Dr-Elahi-Team_03-1.jpg\",\"contentUrl\":\"https:\/\/www.dr-elahi.de\/wp-content\/uploads\/2022\/10\/0038_Dr-Elahi-Team_03-1.jpg\",\"width\":1000,\"height\":750,\"caption\":\"Dr. Mehdi Elahi Kieferorthop\u00e4de\"},{\"@type\":\"BreadcrumbList\",\"@id\":\"https:\/\/www.dr-elahi.de\/behandlung-zahnfehlstellung-moenchengladbach\/#breadcrumb\",\"itemListElement\":[{\"@type\":\"ListItem\",\"position\":1,\"name\":\"Startseite\",\"item\":\"https:\/\/www.dr-elahi.de\/\"},{\"@type\":\"ListItem\",\"position\":2,\"name\":\"Behandlung Zahnfehlstellung M\u00f6nchengladbach\"}]},{\"@type\":\"WebSite\",\"@id\":\"https:\/\/www.dr-elahi.de\/#website\",\"url\":\"https:\/\/www.dr-elahi.de\/\",\"name\":\"Kieferorthop\u00e4de Dr. Elahi\",\"description\":\"Kieferorthop\u00e4de M\u00f6nchengladbach\",\"potentialAction\":[{\"@type\":\"SearchAction\",\"target\":{\"@type\":\"EntryPoint\",\"urlTemplate\":\"https:\/\/www.dr-elahi.de\/?s={search_term_string}\"},\"query-input\":\"required name=search_term_string\"}],\"inLanguage\":\"en-GB\"}]}<\/script>\n<!-- \/ Yoast SEO plugin. -->","yoast_head_json":{"title":"Behandlung Zahnfehlstellung M\u00f6nchengladbach","description":"Behandlung Zahnfehlstellung M\u00f6nchengladbach \u2713 Im Folgenden m\u00f6chten wir die Techniken vorstellen, die wir Ihnen in unserer Praxis anbieten.","robots":{"index":"index","follow":"follow","max-snippet":"max-snippet:-1","max-image-preview":"max-image-preview:large","max-video-preview":"max-video-preview:-1"},"canonical":"https:\/\/www.dr-elahi.de\/en\/treatment-malocclusion-moenchengladbach\/","og_locale":"en_GB","og_type":"article","og_title":"Behandlung Zahnfehlstellung M\u00f6nchengladbach","og_description":"Behandlung Zahnfehlstellung M\u00f6nchengladbach \u2713 Im Folgenden m\u00f6chten wir die Techniken vorstellen, die wir Ihnen in unserer Praxis anbieten.","og_url":"https:\/\/www.dr-elahi.de\/en\/treatment-malocclusion-moenchengladbach\/","og_site_name":"Kieferorthop\u00e4de Dr. Elahi","article_modified_time":"2025-10-31T06:37:39+00:00","og_image":[{"width":1000,"height":750,"url":"https:\/\/www.dr-elahi.de\/wp-content\/uploads\/2022\/10\/0038_Dr-Elahi-Team_03-1.jpg","type":"image\/jpeg"}],"twitter_card":"summary_large_image","twitter_misc":{"Est. reading time":"3 minutes"},"schema":{"@context":"https:\/\/schema.org","@graph":[{"@type":"WebPage","@id":"https:\/\/www.dr-elahi.de\/behandlung-zahnfehlstellung-moenchengladbach\/","url":"https:\/\/www.dr-elahi.de\/behandlung-zahnfehlstellung-moenchengladbach\/","name":"Behandlung Zahnfehlstellung M\u00f6nchengladbach","isPartOf":{"@id":"https:\/\/www.dr-elahi.de\/#website"},"primaryImageOfPage":{"@id":"https:\/\/www.dr-elahi.de\/behandlung-zahnfehlstellung-moenchengladbach\/#primaryimage"},"image":{"@id":"https:\/\/www.dr-elahi.de\/behandlung-zahnfehlstellung-moenchengladbach\/#primaryimage"},"thumbnailUrl":"https:\/\/www.dr-elahi.de\/wp-content\/uploads\/2022\/10\/0038_Dr-Elahi-Team_03-1.jpg","datePublished":"2023-07-06T09:24:11+00:00","dateModified":"2025-10-31T06:37:39+00:00","description":"Behandlung Zahnfehlstellung M\u00f6nchengladbach \u2713 Im Folgenden m\u00f6chten wir die Techniken vorstellen, die wir Ihnen in unserer Praxis anbieten.","breadcrumb":{"@id":"https:\/\/www.dr-elahi.de\/behandlung-zahnfehlstellung-moenchengladbach\/#breadcrumb"},"inLanguage":"en-GB","potentialAction":[{"@type":"ReadAction","target":["https:\/\/www.dr-elahi.de\/behandlung-zahnfehlstellung-moenchengladbach\/"]}]},{"@type":"ImageObject","inLanguage":"en-GB","@id":"https:\/\/www.dr-elahi.de\/behandlung-zahnfehlstellung-moenchengladbach\/#primaryimage","url":"https:\/\/www.dr-elahi.de\/wp-content\/uploads\/2022\/10\/0038_Dr-Elahi-Team_03-1.jpg","contentUrl":"https:\/\/www.dr-elahi.de\/wp-content\/uploads\/2022\/10\/0038_Dr-Elahi-Team_03-1.jpg","width":1000,"height":750,"caption":"Dr. Mehdi Elahi Kieferorthop\u00e4de"},{"@type":"BreadcrumbList","@id":"https:\/\/www.dr-elahi.de\/behandlung-zahnfehlstellung-moenchengladbach\/#breadcrumb","itemListElement":[{"@type":"ListItem","position":1,"name":"Startseite","item":"https:\/\/www.dr-elahi.de\/"},{"@type":"ListItem","position":2,"name":"Behandlung Zahnfehlstellung M\u00f6nchengladbach"}]},{"@type":"WebSite","@id":"https:\/\/www.dr-elahi.de\/#website","url":"https:\/\/www.dr-elahi.de\/","name":"Kieferorthop\u00e4de Dr. Elahi","description":"Kieferorthop\u00e4de M\u00f6nchengladbach","potentialAction":[{"@type":"SearchAction","target":{"@type":"EntryPoint","urlTemplate":"https:\/\/www.dr-elahi.de\/?s={search_term_string}"},"query-input":"required name=search_term_string"}],"inLanguage":"en-GB"}]}},"_links":{"self":[{"href":"https:\/\/www.dr-elahi.de\/en\/wp-json\/wp\/v2\/pages\/428"}],"collection":[{"href":"https:\/\/www.dr-elahi.de\/en\/wp-json\/wp\/v2\/pages"}],"about":[{"href":"https:\/\/www.dr-elahi.de\/en\/wp-json\/wp\/v2\/types\/page"}],"author":[{"embeddable":true,"href":"https:\/\/www.dr-elahi.de\/en\/wp-json\/wp\/v2\/users\/2"}],"replies":[{"embeddable":true,"href":"https:\/\/www.dr-elahi.de\/en\/wp-json\/wp\/v2\/comments?post=428"}],"version-history":[{"count":13,"href":"https:\/\/www.dr-elahi.de\/en\/wp-json\/wp\/v2\/pages\/428\/revisions"}],"predecessor-version":[{"id":685,"href":"https:\/\/www.dr-elahi.de\/en\/wp-json\/wp\/v2\/pages\/428\/revisions\/685"}],"wp:featuredmedia":[{"embeddable":true,"href":"https:\/\/www.dr-elahi.de\/en\/wp-json\/wp\/v2\/media\/250"}],"wp:attachment":[{"href":"https:\/\/www.dr-elahi.de\/en\/wp-json\/wp\/v2\/media?parent=428"}],"curies":[{"name":"wp","href":"https:\/\/api.w.org\/{rel}","templated":true}]}}