{"id":437,"date":"2023-07-06T10:32:37","date_gmt":"2023-07-06T10:32:37","guid":{"rendered":"https:\/\/www.dr-elahi.de\/?page_id=437"},"modified":"2025-10-31T06:37:28","modified_gmt":"2025-10-31T06:37:28","slug":"treatment-of-malocclusion-moenchengladbach","status":"publish","type":"page","link":"https:\/\/www.dr-elahi.de\/en\/treatment-of-malocclusion-moenchengladbach\/","title":{"rendered":"Treatment of malocclusion M\u00f6nchengladbach"},"content":{"rendered":"<section class=\"l-section wpb_row us_custom_acfd0fdb height_auto\"><div class=\"l-section-h i-cf\"><div class=\"g-cols vc_row via_grid cols_2 laptops-cols_inherit tablets-cols_inherit mobiles-cols_1 valign_top type_default stacking_default\"><div class=\"wpb_column vc_column_container us_custom_819670d1 us_animate_this  hide_on_tablets hide_on_mobiles has_bg_color\"><div class=\"vc_column-inner\"><h1 style=\"font-size: 2.3rem;line-height: 1.2;text-align: left;font-family:Roboto;font-weight:300;font-style:normal\" class=\"vc_custom_heading us_custom_1fb8b2dc us_animate_this\" >Treatment of malocclusion M\u00f6nchengladbach<\/h1><\/div><\/div><div class=\"wpb_column vc_column_container\"><div class=\"vc_column-inner\"><\/div><\/div><\/div><\/div><\/section><section class=\"l-section wpb_row us_custom_ac037762 height_auto\"><div class=\"l-section-overlay\" style=\"background:var(--color-content-bg-alt)\"><\/div><div class=\"l-section-h i-cf\"><div class=\"g-cols vc_row via_grid cols_1 laptops-cols_inherit tablets-cols_inherit mobiles-cols_1 valign_top type_default stacking_default\"><div class=\"wpb_column vc_column_container\"><div class=\"vc_column-inner\"><div class=\"g-cols wpb_row via_grid cols_1-2 laptops-cols_inherit tablets-cols_inherit mobiles-cols_1 valign_middle type_default stacking_default\"><div class=\"wpb_column vc_column_container us_custom_60e9caca us_animate_this\"><div class=\"vc_column-inner\"><div class=\"wpb_text_column\"><div class=\"wpb_wrapper\"><h2>Dr Mehdi Elahi<\/h2>\n<h3>Treatment of malocclusion in M\u00f6nchengladbach<\/h3>\n<\/div><\/div><div class=\"w-separator size_small\"><\/div><div class=\"wpb_text_column\"><div class=\"wpb_wrapper\"><p>A skeletal misalignment in the jaw area manifests itself, for example, through underdevelopment, retraction or protrusion of the jaw - depending on which misalignment is present, this is also referred to as an overbite, underbite or crossbite.<\/p>\n<\/div><\/div><div class=\"w-separator size_small\"><\/div><div class=\"w-btn-wrapper align_none\"><a class=\"w-btn us-btn-style_1 icon_atleft\" target=\"_blank\" href=\"https:\/\/drclip.de\/praxis\/f5a5e67a-5e45-4919-81e4-e50826b437fe\/termin\/reservierung\" rel=\"noopener\"><i class=\"far fa-calendar-check\"><\/i><span class=\"w-btn-label\">Book an appointment now<\/span><\/a><\/div><\/div><\/div><div class=\"wpb_column vc_column_container us_custom_f70d789f us_animate_this\"><div class=\"vc_column-inner\"><div class=\"w-image align_none\"><div class=\"w-image-h\"><img width=\"1000\" height=\"750\" src=\"https:\/\/www.dr-elahi.de\/wp-content\/uploads\/2022\/10\/0038_Dr-Elahi-Team_07-1.jpg\" class=\"attachment-full size-full\" alt=\"Dr Mehdi Elahi Orthodontist\" decoding=\"async\" loading=\"lazy\" srcset=\"https:\/\/www.dr-elahi.de\/wp-content\/uploads\/2022\/10\/0038_Dr-Elahi-Team_07-1.jpg 1000w, https:\/\/www.dr-elahi.de\/wp-content\/uploads\/2022\/10\/0038_Dr-Elahi-Team_07-1-300x225.jpg 300w\" sizes=\"(max-width: 1000px) 100vw, 1000px\" \/><\/div><\/div><\/div><\/div><\/div><\/div><\/div><\/div><\/div><\/section><section class=\"l-section wpb_row us_custom_ac037762 height_auto\"><div class=\"l-section-h i-cf\"><div class=\"g-cols vc_row via_grid cols_1 laptops-cols_inherit tablets-cols_inherit mobiles-cols_1 valign_top type_default stacking_default\"><div class=\"wpb_column vc_column_container\"><div class=\"vc_column-inner\"><div class=\"g-cols wpb_row via_grid cols_2 laptops-cols_inherit tablets-cols_inherit mobiles-cols_1 valign_top type_default stacking_default\"><div class=\"wpb_column vc_column_container us_custom_60e9caca us_animate_this\"><div class=\"vc_column-inner\"><div class=\"wpb_text_column\"><div class=\"wpb_wrapper\"><h6>Correction of a misaligned jaw<\/h6>\n<p>As with a <a href=\"https:\/\/www.dr-elahi.de\/en\/spectrum\/#zahnfehlstellungen\">Misaligned teeth<\/a> can also be used for a skeletal <a href=\"https:\/\/www.dr-elahi.de\/en\/spectrum\/#kieferfehlstellungen\">Malposition of the jaw<\/a> In principle, conventional fixed and removable braces can be used. If there is a jaw misalignment, i.e. a skeletal anomaly, this is usually corrected in adolescents by controlling growth with the help of removable appliances.<\/p>\n<h6>Possible forms of therapy<\/h6>\n<ul>\n<li><a href=\"https:\/\/www.dr-elahi.de\/en\/spectrum\/#funktionskieferorthopaedie\">Functional orthodontics<\/a><\/li>\n<li><a href=\"https:\/\/www.dr-elahi.de\/en\/spectrum\/#orthognathische-chirurgie\">Orthognathic surgery<\/a><\/li>\n<\/ul>\n<\/div><\/div><div class=\"w-separator size_small\" id=\"l5f2\"><style>@media(max-width:1024px){ #l5f2{height:1.5rem!important}}@media(max-width:600px){ #l5f2{height:1.5rem!important}}<\/style><\/div><div class=\"w-image align_none\"><div class=\"w-image-h\"><img width=\"1000\" height=\"750\" src=\"https:\/\/www.dr-elahi.de\/wp-content\/uploads\/2023\/07\/0038_Infografik_Kieferfehlstellungen_01.jpg\" class=\"attachment-large size-large\" alt=\"Treatment of misaligned jaws M\u00f6nchengladbach\" decoding=\"async\" loading=\"lazy\" srcset=\"https:\/\/www.dr-elahi.de\/wp-content\/uploads\/2023\/07\/0038_Infografik_Kieferfehlstellungen_01.jpg 1000w, https:\/\/www.dr-elahi.de\/wp-content\/uploads\/2023\/07\/0038_Infografik_Kieferfehlstellungen_01-300x225.jpg 300w\" sizes=\"(max-width: 1000px) 100vw, 1000px\" \/><\/div><\/div><\/div><\/div><div class=\"wpb_column vc_column_container us_custom_f70d789f us_animate_this\"><div class=\"vc_column-inner\"><div class=\"wpb_text_column\"><div class=\"wpb_wrapper\"><h6>Functional orthodontics<\/h6>\n<p>Misaligned jaws in adolescents are usually corrected with the help of a removable functional orthodontic appliance.<\/p>\n<p>The idea of functional orthodontic therapy emerged at the beginning of the 20th century and led to the development of various appliances whose main task is to reorganise the soft tissue and correct jaw misalignment. These appliances have one thing in common: the body's own muscle forces are used to influence the growth of the jaws and optimise the position of the two jaws in relation to each other.<\/p>\n<p><strong>More on the topic: <a href=\"https:\/\/www.dr-elahi.de\/en\/spectrum\/#funktionskieferorthopaedie\">Functional orthodontics<\/a><\/strong><\/p>\n<h6>Orthognathic surgery<\/h6>\n<p>A combination of oral surgery and orthodontic measures is required to correct malocclusion in adults. In such cases, the skeletal jaw bases are surgically brought into an optimal relationship to each other, while the rows of teeth of the two jaws are adapted to each other through orthodontic measures. This treatment concept requires close co-operation between the orthodontist and the oral surgeon.<\/p>\n<p><strong>More on the topic: <a href=\"https:\/\/www.dr-elahi.de\/en\/spectrum\/#orthognathische-chirurgie\">Orthognathic surgery<\/a><\/strong><\/p>\n<h6>Make an appointment for the treatment of malocclusion<\/h6>\n<p>You are welcome to contact us if you are looking for an orthodontist and would like to find a <a href=\"https:\/\/drclip.de\/praxis\/f5a5e67a-5e45-4919-81e4-e50826b437fe\/termin\/reservierung\" target=\"_blank\" rel=\"noopener\">Date<\/a> with Dr Elahi for the treatment of malocclusion in M\u00f6nchengladbach:<\/p>\n<p>Dr med. dent. Mehdi Elahi<br \/>\nBrucknerallee 19<br \/>\n41236 M\u00f6nchengladbach<\/p>\n<p>Tel: <a href=\"tel:+49216644010\">02166 44010<\/a><br \/>\nFax: 02166 846 333<br \/>\nE-Mail:\u00a0<a href=\"mailto:info@dr-elahi.de\">info@dr-elahi.de<\/a><\/p>\n<\/div><\/div><div class=\"w-separator size_small\"><\/div><div class=\"w-socials color_text shape_none\" style=\"--gap:1em;\"><div class=\"w-socials-list\"><div class=\"w-socials-item facebook\"><a class=\"w-socials-item-link\" href=\"https:\/\/www.facebook.com\/profile.php?id=100076066057445\" target=\"_blank\" rel=\"noopener\" title=\"Facebook\" aria-label=\"Facebook\"><span class=\"w-socials-item-link-hover\"><\/span><i class=\"fab fa-facebook\"><\/i><\/a><\/div><div class=\"w-socials-item instagram\"><a class=\"w-socials-item-link\" href=\"https:\/\/www.instagram.com\/praxis.dr.elahi\/\" target=\"_blank\" rel=\"noopener\" title=\"Instagram\" aria-label=\"Instagram\"><span class=\"w-socials-item-link-hover\"><\/span><i class=\"fab fa-instagram\"><\/i><\/a><\/div><div class=\"w-socials-item youtube\"><a class=\"w-socials-item-link\" href=\"https:\/\/www.youtube.com\/watch?v=_CLlORNHzo8\" target=\"_blank\" rel=\"noopener\" title=\"YouTube\" aria-label=\"YouTube\"><span class=\"w-socials-item-link-hover\"><\/span><i class=\"fab fa-youtube\"><\/i><\/a><\/div><div class=\"w-socials-item custom\"><a class=\"w-socials-item-link\" href=\"https:\/\/www.jameda.de\/moenchengladbach\/zahnaerzte\/kieferorthopaeden\/dr-mehdi-elahi\/uebersicht\/80390348_1\/\" target=\"_blank\" rel=\"noopener\" title=\"Title\" aria-label=\"Title\"><span class=\"w-socials-item-link-hover\" style=\"background:var(--color-content-faded);\"><\/span><i class=\"fas fa-star-half-alt\"><\/i><\/a><\/div><\/div><\/div><div class=\"w-separator size_small\"><\/div><div class=\"w-btn-wrapper align_none\"><a class=\"w-btn us-btn-style_1 us_custom_8f2ba1f4 us_animate_this icon_atleft\" target=\"_blank\" href=\"https:\/\/drclip.de\/praxis\/f5a5e67a-5e45-4919-81e4-e50826b437fe\/termin\/reservierung\" rel=\"noopener\"><i class=\"far fa-calendar-check\"><\/i><span class=\"w-btn-label\">Book an appointment now<\/span><\/a><\/div><\/div><\/div><\/div><\/div><\/div><\/div><\/div><\/section>","protected":false},"excerpt":{"rendered":"Jaw malocclusion treatment M\u00f6nchengladbachDr Mehdi Elahi Jaw malocclusion treatment in M\u00f6nchengladbach A skeletal malocclusion in the jaw area manifests itself, for example, as an underdevelopment, retraction or protrusion of the jaw - depending on which malocclusion is present, this is also referred to as an overbite, underbite or crossbite. Book an appointment nowCorrection of malocclusion of the jaw As with malocclusion of the teeth, skeletal malocclusion can also be...","protected":false},"author":2,"featured_media":254,"parent":0,"menu_order":0,"comment_status":"closed","ping_status":"closed","template":"","meta":{"footnotes":""},"yoast_head":"<!-- This site is optimized with the Yoast SEO plugin v22.5 - https:\/\/yoast.com\/wordpress\/plugins\/seo\/ -->\n<title>Behandlung Kieferfehlstellung M\u00f6nchengladbach<\/title>\n<meta name=\"description\" content=\"Behandlung Kieferfehlstellung M\u00f6nchengladbach \u2713 Bei Kieferfehlstellungen unterscheidet man zwischen \u00dcberbiss, Unterbiss oder Kreuzbiss.\" \/>\n<meta name=\"robots\" content=\"index, follow, max-snippet:-1, max-image-preview:large, max-video-preview:-1\" \/>\n<link rel=\"canonical\" href=\"https:\/\/www.dr-elahi.de\/en\/treatment-of-malocclusion-moenchengladbach\/\" \/>\n<meta property=\"og:locale\" content=\"en_GB\" \/>\n<meta property=\"og:type\" content=\"article\" \/>\n<meta property=\"og:title\" content=\"Behandlung Kieferfehlstellung M\u00f6nchengladbach\" \/>\n<meta property=\"og:description\" content=\"Behandlung Kieferfehlstellung M\u00f6nchengladbach \u2713 Bei Kieferfehlstellungen unterscheidet man zwischen \u00dcberbiss, Unterbiss oder Kreuzbiss.\" \/>\n<meta property=\"og:url\" content=\"https:\/\/www.dr-elahi.de\/en\/treatment-of-malocclusion-moenchengladbach\/\" \/>\n<meta property=\"og:site_name\" content=\"Kieferorthop\u00e4de Dr. Elahi\" \/>\n<meta property=\"article:modified_time\" content=\"2025-10-31T06:37:28+00:00\" \/>\n<meta property=\"og:image\" content=\"https:\/\/www.dr-elahi.de\/wp-content\/uploads\/2022\/10\/0038_Dr-Elahi-Team_07-1.jpg\" \/>\n\t<meta property=\"og:image:width\" content=\"1000\" \/>\n\t<meta property=\"og:image:height\" content=\"750\" \/>\n\t<meta property=\"og:image:type\" content=\"image\/jpeg\" \/>\n<meta name=\"twitter:card\" content=\"summary_large_image\" \/>\n<meta name=\"twitter:label1\" content=\"Est. reading time\" \/>\n\t<meta name=\"twitter:data1\" content=\"3 minutes\" \/>\n<script type=\"application\/ld+json\" class=\"yoast-schema-graph\">{\"@context\":\"https:\/\/schema.org\",\"@graph\":[{\"@type\":\"WebPage\",\"@id\":\"https:\/\/www.dr-elahi.de\/behandlung-kieferfehlstellung-moenchengladbach\/\",\"url\":\"https:\/\/www.dr-elahi.de\/behandlung-kieferfehlstellung-moenchengladbach\/\",\"name\":\"Behandlung Kieferfehlstellung M\u00f6nchengladbach\",\"isPartOf\":{\"@id\":\"https:\/\/www.dr-elahi.de\/#website\"},\"primaryImageOfPage\":{\"@id\":\"https:\/\/www.dr-elahi.de\/behandlung-kieferfehlstellung-moenchengladbach\/#primaryimage\"},\"image\":{\"@id\":\"https:\/\/www.dr-elahi.de\/behandlung-kieferfehlstellung-moenchengladbach\/#primaryimage\"},\"thumbnailUrl\":\"https:\/\/www.dr-elahi.de\/wp-content\/uploads\/2022\/10\/0038_Dr-Elahi-Team_07-1.jpg\",\"datePublished\":\"2023-07-06T10:32:37+00:00\",\"dateModified\":\"2025-10-31T06:37:28+00:00\",\"description\":\"Behandlung Kieferfehlstellung M\u00f6nchengladbach \u2713 Bei Kieferfehlstellungen unterscheidet man zwischen \u00dcberbiss, Unterbiss oder Kreuzbiss.\",\"breadcrumb\":{\"@id\":\"https:\/\/www.dr-elahi.de\/behandlung-kieferfehlstellung-moenchengladbach\/#breadcrumb\"},\"inLanguage\":\"en-GB\",\"potentialAction\":[{\"@type\":\"ReadAction\",\"target\":[\"https:\/\/www.dr-elahi.de\/behandlung-kieferfehlstellung-moenchengladbach\/\"]}]},{\"@type\":\"ImageObject\",\"inLanguage\":\"en-GB\",\"@id\":\"https:\/\/www.dr-elahi.de\/behandlung-kieferfehlstellung-moenchengladbach\/#primaryimage\",\"url\":\"https:\/\/www.dr-elahi.de\/wp-content\/uploads\/2022\/10\/0038_Dr-Elahi-Team_07-1.jpg\",\"contentUrl\":\"https:\/\/www.dr-elahi.de\/wp-content\/uploads\/2022\/10\/0038_Dr-Elahi-Team_07-1.jpg\",\"width\":1000,\"height\":750,\"caption\":\"Dr. Mehdi Elahi Kieferorthop\u00e4de\"},{\"@type\":\"BreadcrumbList\",\"@id\":\"https:\/\/www.dr-elahi.de\/behandlung-kieferfehlstellung-moenchengladbach\/#breadcrumb\",\"itemListElement\":[{\"@type\":\"ListItem\",\"position\":1,\"name\":\"Startseite\",\"item\":\"https:\/\/www.dr-elahi.de\/\"},{\"@type\":\"ListItem\",\"position\":2,\"name\":\"Behandlung Kieferfehlstellung M\u00f6nchengladbach\"}]},{\"@type\":\"WebSite\",\"@id\":\"https:\/\/www.dr-elahi.de\/#website\",\"url\":\"https:\/\/www.dr-elahi.de\/\",\"name\":\"Kieferorthop\u00e4de Dr. Elahi\",\"description\":\"Kieferorthop\u00e4de M\u00f6nchengladbach\",\"potentialAction\":[{\"@type\":\"SearchAction\",\"target\":{\"@type\":\"EntryPoint\",\"urlTemplate\":\"https:\/\/www.dr-elahi.de\/?s={search_term_string}\"},\"query-input\":\"required name=search_term_string\"}],\"inLanguage\":\"en-GB\"}]}<\/script>\n<!-- \/ Yoast SEO plugin. -->","yoast_head_json":{"title":"Behandlung Kieferfehlstellung M\u00f6nchengladbach","description":"Behandlung Kieferfehlstellung M\u00f6nchengladbach \u2713 Bei Kieferfehlstellungen unterscheidet man zwischen \u00dcberbiss, Unterbiss oder Kreuzbiss.","robots":{"index":"index","follow":"follow","max-snippet":"max-snippet:-1","max-image-preview":"max-image-preview:large","max-video-preview":"max-video-preview:-1"},"canonical":"https:\/\/www.dr-elahi.de\/en\/treatment-of-malocclusion-moenchengladbach\/","og_locale":"en_GB","og_type":"article","og_title":"Behandlung Kieferfehlstellung M\u00f6nchengladbach","og_description":"Behandlung Kieferfehlstellung M\u00f6nchengladbach \u2713 Bei Kieferfehlstellungen unterscheidet man zwischen \u00dcberbiss, Unterbiss oder Kreuzbiss.","og_url":"https:\/\/www.dr-elahi.de\/en\/treatment-of-malocclusion-moenchengladbach\/","og_site_name":"Kieferorthop\u00e4de Dr. Elahi","article_modified_time":"2025-10-31T06:37:28+00:00","og_image":[{"width":1000,"height":750,"url":"https:\/\/www.dr-elahi.de\/wp-content\/uploads\/2022\/10\/0038_Dr-Elahi-Team_07-1.jpg","type":"image\/jpeg"}],"twitter_card":"summary_large_image","twitter_misc":{"Est. reading time":"3 minutes"},"schema":{"@context":"https:\/\/schema.org","@graph":[{"@type":"WebPage","@id":"https:\/\/www.dr-elahi.de\/behandlung-kieferfehlstellung-moenchengladbach\/","url":"https:\/\/www.dr-elahi.de\/behandlung-kieferfehlstellung-moenchengladbach\/","name":"Behandlung Kieferfehlstellung M\u00f6nchengladbach","isPartOf":{"@id":"https:\/\/www.dr-elahi.de\/#website"},"primaryImageOfPage":{"@id":"https:\/\/www.dr-elahi.de\/behandlung-kieferfehlstellung-moenchengladbach\/#primaryimage"},"image":{"@id":"https:\/\/www.dr-elahi.de\/behandlung-kieferfehlstellung-moenchengladbach\/#primaryimage"},"thumbnailUrl":"https:\/\/www.dr-elahi.de\/wp-content\/uploads\/2022\/10\/0038_Dr-Elahi-Team_07-1.jpg","datePublished":"2023-07-06T10:32:37+00:00","dateModified":"2025-10-31T06:37:28+00:00","description":"Behandlung Kieferfehlstellung M\u00f6nchengladbach \u2713 Bei Kieferfehlstellungen unterscheidet man zwischen \u00dcberbiss, Unterbiss oder Kreuzbiss.","breadcrumb":{"@id":"https:\/\/www.dr-elahi.de\/behandlung-kieferfehlstellung-moenchengladbach\/#breadcrumb"},"inLanguage":"en-GB","potentialAction":[{"@type":"ReadAction","target":["https:\/\/www.dr-elahi.de\/behandlung-kieferfehlstellung-moenchengladbach\/"]}]},{"@type":"ImageObject","inLanguage":"en-GB","@id":"https:\/\/www.dr-elahi.de\/behandlung-kieferfehlstellung-moenchengladbach\/#primaryimage","url":"https:\/\/www.dr-elahi.de\/wp-content\/uploads\/2022\/10\/0038_Dr-Elahi-Team_07-1.jpg","contentUrl":"https:\/\/www.dr-elahi.de\/wp-content\/uploads\/2022\/10\/0038_Dr-Elahi-Team_07-1.jpg","width":1000,"height":750,"caption":"Dr. Mehdi Elahi Kieferorthop\u00e4de"},{"@type":"BreadcrumbList","@id":"https:\/\/www.dr-elahi.de\/behandlung-kieferfehlstellung-moenchengladbach\/#breadcrumb","itemListElement":[{"@type":"ListItem","position":1,"name":"Startseite","item":"https:\/\/www.dr-elahi.de\/"},{"@type":"ListItem","position":2,"name":"Behandlung Kieferfehlstellung M\u00f6nchengladbach"}]},{"@type":"WebSite","@id":"https:\/\/www.dr-elahi.de\/#website","url":"https:\/\/www.dr-elahi.de\/","name":"Kieferorthop\u00e4de Dr. Elahi","description":"Kieferorthop\u00e4de M\u00f6nchengladbach","potentialAction":[{"@type":"SearchAction","target":{"@type":"EntryPoint","urlTemplate":"https:\/\/www.dr-elahi.de\/?s={search_term_string}"},"query-input":"required name=search_term_string"}],"inLanguage":"en-GB"}]}},"_links":{"self":[{"href":"https:\/\/www.dr-elahi.de\/en\/wp-json\/wp\/v2\/pages\/437"}],"collection":[{"href":"https:\/\/www.dr-elahi.de\/en\/wp-json\/wp\/v2\/pages"}],"about":[{"href":"https:\/\/www.dr-elahi.de\/en\/wp-json\/wp\/v2\/types\/page"}],"author":[{"embeddable":true,"href":"https:\/\/www.dr-elahi.de\/en\/wp-json\/wp\/v2\/users\/2"}],"replies":[{"embeddable":true,"href":"https:\/\/www.dr-elahi.de\/en\/wp-json\/wp\/v2\/comments?post=437"}],"version-history":[{"count":7,"href":"https:\/\/www.dr-elahi.de\/en\/wp-json\/wp\/v2\/pages\/437\/revisions"}],"predecessor-version":[{"id":684,"href":"https:\/\/www.dr-elahi.de\/en\/wp-json\/wp\/v2\/pages\/437\/revisions\/684"}],"wp:featuredmedia":[{"embeddable":true,"href":"https:\/\/www.dr-elahi.de\/en\/wp-json\/wp\/v2\/media\/254"}],"wp:attachment":[{"href":"https:\/\/www.dr-elahi.de\/en\/wp-json\/wp\/v2\/media?parent=437"}],"curies":[{"name":"wp","href":"https:\/\/api.w.org\/{rel}","templated":true}]}}