{"id":92,"date":"2022-10-10T10:26:36","date_gmt":"2022-10-10T10:26:36","guid":{"rendered":"https:\/\/www.dr-elahi.de\/?page_id=92"},"modified":"2025-11-04T07:40:42","modified_gmt":"2025-11-04T07:40:42","slug":"kfo-moenchengladbach","status":"publish","type":"page","link":"https:\/\/www.dr-elahi.de\/en\/kfo-moenchengladbach\/","title":{"rendered":"Team"},"content":{"rendered":"<section class=\"l-section wpb_row us_custom_acfd0fdb height_auto\"><div class=\"l-section-h i-cf\"><div class=\"g-cols vc_row via_grid cols_2 laptops-cols_inherit tablets-cols_inherit mobiles-cols_1 valign_top type_default stacking_default\"><div class=\"wpb_column vc_column_container us_custom_819670d1 us_animate_this  hide_on_tablets hide_on_mobiles has_bg_color\"><div class=\"vc_column-inner\"><h1 style=\"font-size: 2.3rem;line-height: 1.2;text-align: left;font-family:Roboto;font-weight:300;font-style:normal\" class=\"vc_custom_heading us_custom_1fb8b2dc us_animate_this\" >Our practice team<\/h1><\/div><\/div><div class=\"wpb_column vc_column_container\"><div class=\"vc_column-inner\"><\/div><\/div><\/div><\/div><\/section><section class=\"l-section wpb_row us_custom_ac037762 height_auto\"><div class=\"l-section-overlay\" style=\"background:var(--color-content-bg-alt)\"><\/div><div class=\"l-section-h i-cf\"><div class=\"g-cols vc_row via_grid cols_1 laptops-cols_inherit tablets-cols_inherit mobiles-cols_1 valign_top type_default stacking_default\"><div class=\"wpb_column vc_column_container\"><div class=\"vc_column-inner\"><div class=\"g-cols wpb_row via_grid cols_1-2 laptops-cols_inherit tablets-cols_inherit mobiles-cols_1 valign_middle type_default stacking_default\"><div class=\"wpb_column vc_column_container us_custom_60e9caca us_animate_this\"><div class=\"vc_column-inner\"><div class=\"wpb_text_column\"><div class=\"wpb_wrapper\"><h2>We are here for you<\/h2>\n<h3>Dear patient,<\/h3>\n<\/div><\/div><div class=\"w-separator size_small\"><\/div><div class=\"wpb_text_column\"><div class=\"wpb_wrapper\"><p>ours <a href=\"\/en\/orthodontics-moenchengladbach\/\">Specialist practice for orthodontics<\/a> in M\u00f6nchengladbach has stood for modern and unobtrusive procedures to correct misaligned teeth and jaws for more than 20 years. We help children, adolescents and adults to have straight teeth and a harmonious, functioning set of teeth.<\/p>\n<p>Dr Elahi has been rated by the doctor rating portal <a href=\"https:\/\/www.jameda.de\/moenchengladbach\/zahnaerzte\/kieferorthopaeden\/dr-mehdi-elahi\/uebersicht\/80390348_1\/\" target=\"_blank\" rel=\"noopener\">Jameda<\/a> We have repeatedly been recognised as one of the top 5 orthodontists in M\u00f6nchengladbach. This shows that we are on the right track and provide our patients with the best possible care. Because your perfect smile is our goal.<\/p>\n<\/div><\/div><\/div><\/div><div class=\"wpb_column vc_column_container us_custom_f70d789f us_animate_this\"><div class=\"vc_column-inner\"><div class=\"w-image align_none\"><div class=\"w-image-h\"><img width=\"1350\" height=\"1000\" src=\"https:\/\/www.dr-elahi.de\/wp-content\/uploads\/2022\/10\/0038_Dr-Elahi-Team_02.jpg\" class=\"attachment-full size-full\" alt=\"KFO M\u00f6nchengladbach\" decoding=\"async\" loading=\"lazy\" srcset=\"https:\/\/www.dr-elahi.de\/wp-content\/uploads\/2022\/10\/0038_Dr-Elahi-Team_02.jpg 1350w, https:\/\/www.dr-elahi.de\/wp-content\/uploads\/2022\/10\/0038_Dr-Elahi-Team_02-300x222.jpg 300w, https:\/\/www.dr-elahi.de\/wp-content\/uploads\/2022\/10\/0038_Dr-Elahi-Team_02-1024x759.jpg 1024w\" sizes=\"(max-width: 1350px) 100vw, 1350px\" \/><\/div><\/div><\/div><\/div><\/div><\/div><\/div><\/div><\/div><\/section><section class=\"l-section wpb_row us_custom_ac037762 height_auto\" id=\"dr-elahi\"><div class=\"l-section-h i-cf\"><div class=\"g-cols vc_row via_grid cols_1 laptops-cols_inherit tablets-cols_inherit mobiles-cols_1 valign_top type_default stacking_default\"><div class=\"wpb_column vc_column_container\"><div class=\"vc_column-inner\"><div class=\"wpb_text_column us_custom_3af55a1e us_animate_this\"><div class=\"wpb_wrapper\"><h2>Dr med. dent. Mehdi Elahi<\/h2>\n<h3>Specialist dentist for orthodontics<\/h3>\n<\/div><\/div><div class=\"w-separator size_large\"><\/div><div class=\"g-cols wpb_row via_grid cols_1-2 laptops-cols_inherit tablets-cols_inherit mobiles-cols_1 valign_middle type_default stacking_default\"><div class=\"wpb_column vc_column_container us_custom_60e9caca us_animate_this\"><div class=\"vc_column-inner\"><div class=\"w-image align_none\"><div class=\"w-image-h\"><img width=\"750\" height=\"1000\" src=\"https:\/\/www.dr-elahi.de\/wp-content\/uploads\/2022\/10\/0038_Dr-Elahi-Team_01.jpg\" class=\"attachment-full size-full\" alt=\"KFO M\u00f6nchengladbach\" decoding=\"async\" loading=\"lazy\" srcset=\"https:\/\/www.dr-elahi.de\/wp-content\/uploads\/2022\/10\/0038_Dr-Elahi-Team_01.jpg 750w, https:\/\/www.dr-elahi.de\/wp-content\/uploads\/2022\/10\/0038_Dr-Elahi-Team_01-225x300.jpg 225w\" sizes=\"(max-width: 750px) 100vw, 750px\" \/><\/div><\/div><\/div><\/div><div class=\"wpb_column vc_column_container us_custom_f70d789f us_animate_this\"><div class=\"vc_column-inner\"><div class=\"wpb_text_column\"><div class=\"wpb_wrapper\"><ul>\n<li>Studied dentistry in Hamburg, state examination in 1993<\/li>\n<li>Research associate at the Department of Restorative Dentistry and Periodontology at the University Hospital Eppendorf Hamburg.<\/li>\n<li>Research assistant and training assistant at the Department of Orthodontics at the University Hospital Eppendorf Hamburg.<\/li>\n<li>September 1998: Orthodontic specialist dentist examination and recognition as a \"specialist dentist for orthodontics\" by the Hamburg Dental Association.<\/li>\n<li>1999 to 2007: Own practice in Ulm, then in M\u00f6nchengladbach.<\/li>\n<li>Since 1999: Application of the lingual technique in practice.<\/li>\n<li>Member of the \"German Society for Orthodontics e.V.\" (DGKFO)<\/li>\n<li>Member of the \"Berufsverband der Deutschen Kieferorthop\u00e4den e.V.\" (BDK).<\/li>\n<li>Certified user of the Invisalign\u00ae Technique since 2001.<\/li>\n<li>Member of the German Society for Dental, Oral and Maxillofacial Medicine (DGZMK)<\/li>\n<li>Member of the German Society for Functional Diagnostics and Therapy (DGFDT)<\/li>\n<\/ul>\n<\/div><\/div><\/div><\/div><\/div><\/div><\/div><\/div><\/div><\/section><section class=\"l-section wpb_row us_custom_ac037762 height_auto\" id=\"team\"><div class=\"l-section-overlay\" style=\"background:var(--color-content-bg-alt)\"><\/div><div class=\"l-section-h i-cf\"><div class=\"g-cols vc_row via_grid cols_1 laptops-cols_inherit tablets-cols_inherit mobiles-cols_1 valign_top type_default stacking_default\"><div class=\"wpb_column vc_column_container\"><div class=\"vc_column-inner\"><div class=\"wpb_text_column us_custom_3af55a1e us_animate_this\"><div class=\"wpb_wrapper\"><h2>Our friendly employees<\/h2>\n<h3>Experienced, competent, professional<\/h3>\n<\/div><\/div><div class=\"w-separator size_large\"><\/div><div class=\"wpb_text_column us_custom_3af55a1e us_animate_this\"><div class=\"wpb_wrapper\"><p style=\"font-weight: 400;\">The team at our orthodontics practice in M\u00f6nchengladbach consists of experienced dental assistants who take care of our patients' needs with dedication and empathy. In addition to assisting at the treatment chair and taking x-rays, our employees coordinate appointments and patient enquiries and ensure that our orthodontic treatments run smoothly.<\/p>\n<\/div><\/div><\/div><\/div><\/div><\/div><\/section><section class=\"l-section wpb_row us_custom_ac037762 height_auto\"><div class=\"l-section-h i-cf\"><div class=\"g-cols vc_row via_grid cols_1 laptops-cols_inherit tablets-cols_inherit mobiles-cols_1 valign_top type_default stacking_default\"><div class=\"wpb_column vc_column_container\"><div class=\"vc_column-inner\"><div class=\"g-cols wpb_row via_grid cols_3 laptops-cols_inherit tablets-cols_inherit mobiles-cols_1 valign_top type_default stacking_default\"><div class=\"wpb_column vc_column_container us_custom_08e75eae us_animate_this\"><div class=\"vc_column-overlay\" style=\"background:var(--color-content-bg-alt)\"><\/div><div class=\"vc_column-inner\"><div class=\"w-image align_none\"><div class=\"w-image-h\"><img width=\"378\" height=\"292\" src=\"https:\/\/www.dr-elahi.de\/wp-content\/uploads\/2025\/11\/Dr.-Rastegar.jpg\" class=\"attachment-large size-large\" alt=\"\" decoding=\"async\" loading=\"lazy\" srcset=\"https:\/\/www.dr-elahi.de\/wp-content\/uploads\/2025\/11\/Dr.-Rastegar.jpg 378w, https:\/\/www.dr-elahi.de\/wp-content\/uploads\/2025\/11\/Dr.-Rastegar-300x232.jpg 300w, https:\/\/www.dr-elahi.de\/wp-content\/uploads\/2025\/11\/Dr.-Rastegar-16x12.jpg 16w\" sizes=\"(max-width: 378px) 100vw, 378px\" \/><\/div><\/div><div class=\"w-separator size_small\"><\/div><div class=\"wpb_text_column\"><div class=\"wpb_wrapper\"><h6>Dr stom. Alireza Rastegar<\/h6>\n<p><strong>Specialist dentist for orthodontics<br \/>\n<\/strong><\/p>\n<\/div><\/div><\/div><\/div><div class=\"wpb_column vc_column_container us_custom_943dd38d us_animate_this\"><div class=\"vc_column-overlay\" style=\"background:var(--color-content-bg-alt)\"><\/div><div class=\"vc_column-inner\"><div class=\"w-image align_none\"><div class=\"w-image-h\"><img width=\"1000\" height=\"750\" src=\"https:\/\/www.dr-elahi.de\/wp-content\/uploads\/2022\/10\/0038_Dr-Elahi-Team_08.jpg\" class=\"attachment-full size-full\" alt=\"KFO M\u00f6nchengladbach\" decoding=\"async\" loading=\"lazy\" srcset=\"https:\/\/www.dr-elahi.de\/wp-content\/uploads\/2022\/10\/0038_Dr-Elahi-Team_08.jpg 1000w, https:\/\/www.dr-elahi.de\/wp-content\/uploads\/2022\/10\/0038_Dr-Elahi-Team_08-300x225.jpg 300w\" sizes=\"(max-width: 1000px) 100vw, 1000px\" \/><\/div><\/div><div class=\"w-separator size_small\"><\/div><div class=\"wpb_text_column\"><div class=\"wpb_wrapper\"><h6>L. Schallmoser<\/h6>\n<p><strong>Dental assistant<\/strong><\/p>\n<ul>\n<li>Practice management<\/li>\n<li>Hygiene officer<\/li>\n<li>Radiology<\/li>\n<li>Assistance<\/li>\n<\/ul>\n<\/div><\/div><\/div><\/div><div class=\"wpb_column vc_column_container us_custom_7c8819ce us_animate_this\"><div class=\"vc_column-overlay\" style=\"background:var(--color-content-bg-alt)\"><\/div><div class=\"vc_column-inner\"><div class=\"w-image align_none\"><div class=\"w-image-h\"><img width=\"1000\" height=\"750\" src=\"https:\/\/www.dr-elahi.de\/wp-content\/uploads\/2022\/10\/0038_Dr-Elahi-Team_04.jpg\" class=\"attachment-full size-full\" alt=\"KFO M\u00f6nchengladbach\" decoding=\"async\" loading=\"lazy\" srcset=\"https:\/\/www.dr-elahi.de\/wp-content\/uploads\/2022\/10\/0038_Dr-Elahi-Team_04.jpg 1000w, https:\/\/www.dr-elahi.de\/wp-content\/uploads\/2022\/10\/0038_Dr-Elahi-Team_04-300x225.jpg 300w\" sizes=\"(max-width: 1000px) 100vw, 1000px\" \/><\/div><\/div><div class=\"w-separator size_small\"><\/div><div class=\"wpb_text_column\"><div class=\"wpb_wrapper\"><h6>S. Reinecke<\/h6>\n<p><strong>Medical assistant (MFA)<\/strong><\/p>\n<ul>\n<li>Billing<\/li>\n<li>Accounting<\/li>\n<li>Radiology<\/li>\n<li>Administration<\/li>\n<\/ul>\n<\/div><\/div><\/div><\/div><div class=\"wpb_column vc_column_container us_custom_943dd38d us_animate_this\"><div class=\"vc_column-overlay\" style=\"background:var(--color-content-bg-alt)\"><\/div><div class=\"vc_column-inner\"><div class=\"w-image align_none\"><div class=\"w-image-h\"><img width=\"1000\" height=\"750\" src=\"https:\/\/www.dr-elahi.de\/wp-content\/uploads\/2022\/10\/0038_Dr-Elahi-Team_09.jpg\" class=\"attachment-full size-full\" alt=\"KFO M\u00f6nchengladbach\" decoding=\"async\" loading=\"lazy\" srcset=\"https:\/\/www.dr-elahi.de\/wp-content\/uploads\/2022\/10\/0038_Dr-Elahi-Team_09.jpg 1000w, https:\/\/www.dr-elahi.de\/wp-content\/uploads\/2022\/10\/0038_Dr-Elahi-Team_09-300x225.jpg 300w\" sizes=\"(max-width: 1000px) 100vw, 1000px\" \/><\/div><\/div><div class=\"w-separator size_small\"><\/div><div class=\"wpb_text_column\"><div class=\"wpb_wrapper\"><h6>K. Heinrichs<\/h6>\n<p><strong>Dental assistant<\/strong><\/p>\n<ul>\n<li>Reception<\/li>\n<li>Radiology<\/li>\n<li>Recall system<\/li>\n<li>Correspondence<\/li>\n<li>Administration<\/li>\n<\/ul>\n<\/div><\/div><\/div><\/div><div class=\"wpb_column vc_column_container us_custom_7c8819ce us_animate_this\"><div class=\"vc_column-overlay\" style=\"background:var(--color-content-bg-alt)\"><\/div><div class=\"vc_column-inner\"><div class=\"w-image align_none\"><div class=\"w-image-h\"><img width=\"1000\" height=\"750\" src=\"https:\/\/www.dr-elahi.de\/wp-content\/uploads\/2022\/10\/0038_Dr-Elahi-Team_05.jpg\" class=\"attachment-full size-full\" alt=\"KFO M\u00f6nchengladbach\" decoding=\"async\" loading=\"lazy\" srcset=\"https:\/\/www.dr-elahi.de\/wp-content\/uploads\/2022\/10\/0038_Dr-Elahi-Team_05.jpg 1000w, https:\/\/www.dr-elahi.de\/wp-content\/uploads\/2022\/10\/0038_Dr-Elahi-Team_05-300x225.jpg 300w\" sizes=\"(max-width: 1000px) 100vw, 1000px\" \/><\/div><\/div><div class=\"w-separator size_small\"><\/div><div class=\"wpb_text_column\"><div class=\"wpb_wrapper\"><h6>S. Fehser<\/h6>\n<p><strong>Dental assistant<\/strong><\/p>\n<ul>\n<li>Reception<\/li>\n<li>Correspondence<\/li>\n<li>Administration<\/li>\n<\/ul>\n<\/div><\/div><\/div><\/div><div class=\"wpb_column vc_column_container us_custom_08e75eae us_animate_this\"><div class=\"vc_column-overlay\" style=\"background:var(--color-content-bg-alt)\"><\/div><div class=\"vc_column-inner\"><div class=\"w-image align_none\"><div class=\"w-image-h\"><img width=\"1000\" height=\"750\" src=\"https:\/\/www.dr-elahi.de\/wp-content\/uploads\/2022\/10\/0038_Dr-Elahi-Team_07.jpg\" class=\"attachment-full size-full\" alt=\"KFO M\u00f6nchengladbach\" decoding=\"async\" loading=\"lazy\" srcset=\"https:\/\/www.dr-elahi.de\/wp-content\/uploads\/2022\/10\/0038_Dr-Elahi-Team_07.jpg 1000w, https:\/\/www.dr-elahi.de\/wp-content\/uploads\/2022\/10\/0038_Dr-Elahi-Team_07-300x225.jpg 300w\" sizes=\"(max-width: 1000px) 100vw, 1000px\" \/><\/div><\/div><div class=\"w-separator size_small\"><\/div><div class=\"wpb_text_column\"><div class=\"wpb_wrapper\"><h6>M.Zanganeh<\/h6>\n<p><strong>Dental assistant<\/strong><\/p>\n<\/div><\/div><\/div><\/div><div class=\"wpb_column vc_column_container us_custom_943dd38d us_animate_this\"><div class=\"vc_column-overlay\" style=\"background:var(--color-content-bg-alt)\"><\/div><div class=\"vc_column-inner\"><div class=\"w-image align_none\"><div class=\"w-image-h\"><img width=\"1000\" height=\"750\" src=\"https:\/\/www.dr-elahi.de\/wp-content\/uploads\/2022\/10\/0038_Dr-Elahi-Team_03.jpg\" class=\"attachment-full size-full\" alt=\"KFO M\u00f6nchengladbach\" decoding=\"async\" loading=\"lazy\" srcset=\"https:\/\/www.dr-elahi.de\/wp-content\/uploads\/2022\/10\/0038_Dr-Elahi-Team_03.jpg 1000w, https:\/\/www.dr-elahi.de\/wp-content\/uploads\/2022\/10\/0038_Dr-Elahi-Team_03-300x225.jpg 300w\" sizes=\"(max-width: 1000px) 100vw, 1000px\" \/><\/div><\/div><div class=\"w-separator size_small\"><\/div><div class=\"wpb_text_column\"><div class=\"wpb_wrapper\"><h6>T. Burak<\/h6>\n<p><strong>Dental assistant<\/strong><\/p>\n<ul>\n<li>Assistance during treatment<\/li>\n<li>Radiology<\/li>\n<li>Reception<\/li>\n<\/ul>\n<\/div><\/div><\/div><\/div><div class=\"wpb_column vc_column_container us_custom_7c8819ce us_animate_this\"><div class=\"vc_column-overlay\" style=\"background:var(--color-content-bg-alt)\"><\/div><div class=\"vc_column-inner\"><div class=\"w-image align_none\"><div class=\"w-image-h\"><img width=\"1350\" height=\"1000\" src=\"https:\/\/www.dr-elahi.de\/wp-content\/uploads\/2022\/10\/0038_Dr-Elahi-Team_02.jpg\" class=\"attachment-full size-full\" alt=\"KFO M\u00f6nchengladbach\" decoding=\"async\" loading=\"lazy\" srcset=\"https:\/\/www.dr-elahi.de\/wp-content\/uploads\/2022\/10\/0038_Dr-Elahi-Team_02.jpg 1350w, https:\/\/www.dr-elahi.de\/wp-content\/uploads\/2022\/10\/0038_Dr-Elahi-Team_02-300x222.jpg 300w, https:\/\/www.dr-elahi.de\/wp-content\/uploads\/2022\/10\/0038_Dr-Elahi-Team_02-1024x759.jpg 1024w\" sizes=\"(max-width: 1350px) 100vw, 1350px\" \/><\/div><\/div><div class=\"w-separator size_small\"><\/div><div class=\"wpb_text_column\"><div class=\"wpb_wrapper\"><h6>Become part of the team<\/h6>\n<p><strong>Are you looking for a new challenge? We look forward to receiving your application.<\/strong><\/p>\n<\/div><\/div><\/div><\/div><\/div><\/div><\/div><\/div><\/div><\/section>","protected":false},"excerpt":{"rendered":"Our practice teamWe are here for you Dear patient, our specialist orthodontic practice in M\u00f6nchengladbach has been synonymous with modern and discreet procedures for correcting misaligned teeth and jaws for more than 20 years. We help children, adolescents and adults to have straight teeth and a harmonious, functioning set of teeth. For years, Dr Elahi...","protected":false},"author":2,"featured_media":233,"parent":0,"menu_order":0,"comment_status":"closed","ping_status":"closed","template":"","meta":{"footnotes":""},"yoast_head":"<!-- This site is optimized with the Yoast SEO plugin v22.5 - https:\/\/yoast.com\/wordpress\/plugins\/seo\/ -->\n<title>KFO M\u00f6nchengladbach \u2022 Dr. Mehdi Elahi<\/title>\n<meta name=\"description\" content=\"KFO M\u00f6nchengladbach \u2713 Bereits seit Jahren wird Dr. Elahi von Jameda als einer der Top 5 Kieferorthop\u00e4den in M\u00f6nchengladbach ausgezeichnet.\" \/>\n<meta name=\"robots\" content=\"index, follow, max-snippet:-1, max-image-preview:large, max-video-preview:-1\" \/>\n<link rel=\"canonical\" href=\"https:\/\/www.dr-elahi.de\/en\/kfo-moenchengladbach\/\" \/>\n<meta property=\"og:locale\" content=\"en_GB\" \/>\n<meta property=\"og:type\" content=\"article\" \/>\n<meta property=\"og:title\" content=\"KFO M\u00f6nchengladbach \u2022 Dr. Mehdi Elahi\" \/>\n<meta property=\"og:description\" content=\"KFO M\u00f6nchengladbach \u2713 Bereits seit Jahren wird Dr. Elahi von Jameda als einer der Top 5 Kieferorthop\u00e4den in M\u00f6nchengladbach ausgezeichnet.\" \/>\n<meta property=\"og:url\" content=\"https:\/\/www.dr-elahi.de\/en\/kfo-moenchengladbach\/\" \/>\n<meta property=\"og:site_name\" content=\"Kieferorthop\u00e4de Dr. Elahi\" \/>\n<meta property=\"article:modified_time\" content=\"2025-11-04T07:40:42+00:00\" \/>\n<meta property=\"og:image\" content=\"https:\/\/www.dr-elahi.de\/wp-content\/uploads\/2022\/10\/0038_Dr-Elahi-Team_01.jpg\" \/>\n\t<meta property=\"og:image:width\" content=\"750\" \/>\n\t<meta property=\"og:image:height\" content=\"1000\" \/>\n\t<meta property=\"og:image:type\" content=\"image\/jpeg\" \/>\n<meta name=\"twitter:card\" content=\"summary_large_image\" \/>\n<meta name=\"twitter:label1\" content=\"Est. reading time\" \/>\n\t<meta name=\"twitter:data1\" content=\"5 minutes\" \/>\n<script type=\"application\/ld+json\" class=\"yoast-schema-graph\">{\"@context\":\"https:\/\/schema.org\",\"@graph\":[{\"@type\":\"WebPage\",\"@id\":\"https:\/\/www.dr-elahi.de\/kfo-moenchengladbach\/\",\"url\":\"https:\/\/www.dr-elahi.de\/kfo-moenchengladbach\/\",\"name\":\"KFO M\u00f6nchengladbach \u2022 Dr. Mehdi Elahi\",\"isPartOf\":{\"@id\":\"https:\/\/www.dr-elahi.de\/#website\"},\"primaryImageOfPage\":{\"@id\":\"https:\/\/www.dr-elahi.de\/kfo-moenchengladbach\/#primaryimage\"},\"image\":{\"@id\":\"https:\/\/www.dr-elahi.de\/kfo-moenchengladbach\/#primaryimage\"},\"thumbnailUrl\":\"https:\/\/www.dr-elahi.de\/wp-content\/uploads\/2022\/10\/0038_Dr-Elahi-Team_01.jpg\",\"datePublished\":\"2022-10-10T10:26:36+00:00\",\"dateModified\":\"2025-11-04T07:40:42+00:00\",\"description\":\"KFO M\u00f6nchengladbach \u2713 Bereits seit Jahren wird Dr. Elahi von Jameda als einer der Top 5 Kieferorthop\u00e4den in M\u00f6nchengladbach ausgezeichnet.\",\"breadcrumb\":{\"@id\":\"https:\/\/www.dr-elahi.de\/kfo-moenchengladbach\/#breadcrumb\"},\"inLanguage\":\"en-GB\",\"potentialAction\":[{\"@type\":\"ReadAction\",\"target\":[\"https:\/\/www.dr-elahi.de\/kfo-moenchengladbach\/\"]}]},{\"@type\":\"ImageObject\",\"inLanguage\":\"en-GB\",\"@id\":\"https:\/\/www.dr-elahi.de\/kfo-moenchengladbach\/#primaryimage\",\"url\":\"https:\/\/www.dr-elahi.de\/wp-content\/uploads\/2022\/10\/0038_Dr-Elahi-Team_01.jpg\",\"contentUrl\":\"https:\/\/www.dr-elahi.de\/wp-content\/uploads\/2022\/10\/0038_Dr-Elahi-Team_01.jpg\",\"width\":750,\"height\":1000,\"caption\":\"KFO M\u00f6nchengladbach\"},{\"@type\":\"BreadcrumbList\",\"@id\":\"https:\/\/www.dr-elahi.de\/kfo-moenchengladbach\/#breadcrumb\",\"itemListElement\":[{\"@type\":\"ListItem\",\"position\":1,\"name\":\"Startseite\",\"item\":\"https:\/\/www.dr-elahi.de\/\"},{\"@type\":\"ListItem\",\"position\":2,\"name\":\"Team\"}]},{\"@type\":\"WebSite\",\"@id\":\"https:\/\/www.dr-elahi.de\/#website\",\"url\":\"https:\/\/www.dr-elahi.de\/\",\"name\":\"Kieferorthop\u00e4de Dr. Elahi\",\"description\":\"Kieferorthop\u00e4de M\u00f6nchengladbach\",\"potentialAction\":[{\"@type\":\"SearchAction\",\"target\":{\"@type\":\"EntryPoint\",\"urlTemplate\":\"https:\/\/www.dr-elahi.de\/?s={search_term_string}\"},\"query-input\":\"required name=search_term_string\"}],\"inLanguage\":\"en-GB\"}]}<\/script>\n<!-- \/ Yoast SEO plugin. -->","yoast_head_json":{"title":"KFO M\u00f6nchengladbach \u2022 Dr. Mehdi Elahi","description":"KFO M\u00f6nchengladbach \u2713 Bereits seit Jahren wird Dr. Elahi von Jameda als einer der Top 5 Kieferorthop\u00e4den in M\u00f6nchengladbach ausgezeichnet.","robots":{"index":"index","follow":"follow","max-snippet":"max-snippet:-1","max-image-preview":"max-image-preview:large","max-video-preview":"max-video-preview:-1"},"canonical":"https:\/\/www.dr-elahi.de\/en\/kfo-moenchengladbach\/","og_locale":"en_GB","og_type":"article","og_title":"KFO M\u00f6nchengladbach \u2022 Dr. Mehdi Elahi","og_description":"KFO M\u00f6nchengladbach \u2713 Bereits seit Jahren wird Dr. Elahi von Jameda als einer der Top 5 Kieferorthop\u00e4den in M\u00f6nchengladbach ausgezeichnet.","og_url":"https:\/\/www.dr-elahi.de\/en\/kfo-moenchengladbach\/","og_site_name":"Kieferorthop\u00e4de Dr. Elahi","article_modified_time":"2025-11-04T07:40:42+00:00","og_image":[{"width":750,"height":1000,"url":"https:\/\/www.dr-elahi.de\/wp-content\/uploads\/2022\/10\/0038_Dr-Elahi-Team_01.jpg","type":"image\/jpeg"}],"twitter_card":"summary_large_image","twitter_misc":{"Est. reading time":"5 minutes"},"schema":{"@context":"https:\/\/schema.org","@graph":[{"@type":"WebPage","@id":"https:\/\/www.dr-elahi.de\/kfo-moenchengladbach\/","url":"https:\/\/www.dr-elahi.de\/kfo-moenchengladbach\/","name":"KFO M\u00f6nchengladbach \u2022 Dr. Mehdi Elahi","isPartOf":{"@id":"https:\/\/www.dr-elahi.de\/#website"},"primaryImageOfPage":{"@id":"https:\/\/www.dr-elahi.de\/kfo-moenchengladbach\/#primaryimage"},"image":{"@id":"https:\/\/www.dr-elahi.de\/kfo-moenchengladbach\/#primaryimage"},"thumbnailUrl":"https:\/\/www.dr-elahi.de\/wp-content\/uploads\/2022\/10\/0038_Dr-Elahi-Team_01.jpg","datePublished":"2022-10-10T10:26:36+00:00","dateModified":"2025-11-04T07:40:42+00:00","description":"KFO M\u00f6nchengladbach \u2713 Bereits seit Jahren wird Dr. Elahi von Jameda als einer der Top 5 Kieferorthop\u00e4den in M\u00f6nchengladbach ausgezeichnet.","breadcrumb":{"@id":"https:\/\/www.dr-elahi.de\/kfo-moenchengladbach\/#breadcrumb"},"inLanguage":"en-GB","potentialAction":[{"@type":"ReadAction","target":["https:\/\/www.dr-elahi.de\/kfo-moenchengladbach\/"]}]},{"@type":"ImageObject","inLanguage":"en-GB","@id":"https:\/\/www.dr-elahi.de\/kfo-moenchengladbach\/#primaryimage","url":"https:\/\/www.dr-elahi.de\/wp-content\/uploads\/2022\/10\/0038_Dr-Elahi-Team_01.jpg","contentUrl":"https:\/\/www.dr-elahi.de\/wp-content\/uploads\/2022\/10\/0038_Dr-Elahi-Team_01.jpg","width":750,"height":1000,"caption":"KFO M\u00f6nchengladbach"},{"@type":"BreadcrumbList","@id":"https:\/\/www.dr-elahi.de\/kfo-moenchengladbach\/#breadcrumb","itemListElement":[{"@type":"ListItem","position":1,"name":"Startseite","item":"https:\/\/www.dr-elahi.de\/"},{"@type":"ListItem","position":2,"name":"Team"}]},{"@type":"WebSite","@id":"https:\/\/www.dr-elahi.de\/#website","url":"https:\/\/www.dr-elahi.de\/","name":"Kieferorthop\u00e4de Dr. Elahi","description":"Kieferorthop\u00e4de M\u00f6nchengladbach","potentialAction":[{"@type":"SearchAction","target":{"@type":"EntryPoint","urlTemplate":"https:\/\/www.dr-elahi.de\/?s={search_term_string}"},"query-input":"required name=search_term_string"}],"inLanguage":"en-GB"}]}},"_links":{"self":[{"href":"https:\/\/www.dr-elahi.de\/en\/wp-json\/wp\/v2\/pages\/92"}],"collection":[{"href":"https:\/\/www.dr-elahi.de\/en\/wp-json\/wp\/v2\/pages"}],"about":[{"href":"https:\/\/www.dr-elahi.de\/en\/wp-json\/wp\/v2\/types\/page"}],"author":[{"embeddable":true,"href":"https:\/\/www.dr-elahi.de\/en\/wp-json\/wp\/v2\/users\/2"}],"replies":[{"embeddable":true,"href":"https:\/\/www.dr-elahi.de\/en\/wp-json\/wp\/v2\/comments?post=92"}],"version-history":[{"count":44,"href":"https:\/\/www.dr-elahi.de\/en\/wp-json\/wp\/v2\/pages\/92\/revisions"}],"predecessor-version":[{"id":687,"href":"https:\/\/www.dr-elahi.de\/en\/wp-json\/wp\/v2\/pages\/92\/revisions\/687"}],"wp:featuredmedia":[{"embeddable":true,"href":"https:\/\/www.dr-elahi.de\/en\/wp-json\/wp\/v2\/media\/233"}],"wp:attachment":[{"href":"https:\/\/www.dr-elahi.de\/en\/wp-json\/wp\/v2\/media?parent=92"}],"curies":[{"name":"wp","href":"https:\/\/api.w.org\/{rel}","templated":true}]}}