{"id":110,"date":"2022-10-10T11:34:41","date_gmt":"2022-10-10T11:34:41","guid":{"rendered":"https:\/\/www.dr-elahi.de\/?page_id=110"},"modified":"2025-10-31T06:36:51","modified_gmt":"2025-10-31T06:36:51","slug":"ortodonti%cc%87-moenchengladbach","status":"publish","type":"page","link":"https:\/\/www.dr-elahi.de\/tr\/ortodonti%cc%87-moenchengladbach\/","title":{"rendered":"Uygulama"},"content":{"rendered":"<section class=\"l-section wpb_row us_custom_acfd0fdb height_auto\"><div class=\"l-section-h i-cf\"><div class=\"g-cols vc_row via_grid cols_2 laptops-cols_inherit tablets-cols_inherit mobiles-cols_1 valign_top type_default stacking_default\"><div class=\"wpb_column vc_column_container us_custom_819670d1 us_animate_this  hide_on_tablets hide_on_mobiles has_bg_color\"><div class=\"vc_column-inner\"><h1 style=\"font-size: 2.3rem;line-height: 1.2;text-align: left;font-family:Roboto;font-weight:300;font-style:normal\" class=\"vc_custom_heading us_custom_1fb8b2dc us_animate_this\" >Dijital uygulamalar\u0131m\u0131z<\/h1><\/div><\/div><div class=\"wpb_column vc_column_container\"><div class=\"vc_column-inner\"><\/div><\/div><\/div><\/div><\/section><section class=\"l-section wpb_row us_custom_ac037762 height_auto\"><div class=\"l-section-overlay\" style=\"background:var(--color-content-bg-alt)\"><\/div><div class=\"l-section-h i-cf\"><div class=\"g-cols vc_row via_grid cols_1 laptops-cols_inherit tablets-cols_inherit mobiles-cols_1 valign_top type_default stacking_default\"><div class=\"wpb_column vc_column_container\"><div class=\"vc_column-inner\"><div class=\"g-cols wpb_row via_grid cols_1-2 laptops-cols_inherit tablets-cols_inherit mobiles-cols_1 valign_middle type_default stacking_default\"><div class=\"wpb_column vc_column_container us_custom_60e9caca us_animate_this\"><div class=\"vc_column-inner\"><div class=\"wpb_text_column\"><div class=\"wpb_wrapper\"><h2>Sizin muayenehaneniz<\/h2>\n<h3>M\u00f6nchengladbach'ta Ortodonti<\/h3>\n<\/div><\/div><div class=\"w-separator size_small\"><\/div><div class=\"wpb_text_column\"><div class=\"wpb_wrapper\"><p>Bizimle ge\u00e7irece\u011finiz zaman\u0131n keyifli ve stressiz olmas\u0131n\u0131 istiyoruz. Bu nedenle tedavi odalar\u0131m\u0131zda y\u00fcksek kaliteli ve uyumlu mobilyalara \u00f6zellikle \u00f6nem verdik.<\/p>\n<p>Yaln\u0131zca son teknoloji \u00fcr\u00fcn\u00fc ekipman ve tedavi \u00fcniteleri kullan\u0131yoruz. Te\u015fhis i\u00e7in, nazik ve d\u00fc\u015f\u00fck radyasyonlu bir g\u00f6r\u00fcnt\u00fcleme prosed\u00fcr\u00fc olan dijital X-\u0131\u015f\u0131nlar\u0131 kullan\u0131yoruz.<\/p>\n<p>Ayr\u0131ca, standart olarak yaln\u0131zca tan\u0131nm\u0131\u015f \u00fcreticilerin y\u00fcksek kaliteli malzemelerini kullan\u0131yoruz ve bu da optimum sonu\u00e7lar vaat ediyor.<\/p>\n<\/div><\/div><\/div><\/div><div class=\"wpb_column vc_column_container us_custom_f70d789f us_animate_this\"><div class=\"vc_column-inner\"><div class=\"w-slider style_none fit_scaledown\"><div class=\"w-slider-h\"><div class=\"royalSlider\"><div class=\"rsContent\"><a class=\"rsImg\" data-rsw=\"1350\" data-rsh=\"1000\" href=\"https:\/\/www.dr-elahi.de\/wp-content\/uploads\/2022\/10\/0038_Dr-Elahi-Praxis_05.jpg\"><span data-alt=\"Kieferorthop\u00e4die M\u00f6nchengladbach\"><\/span><\/a><\/div><div class=\"rsContent\"><a class=\"rsImg\" data-rsw=\"1350\" data-rsh=\"1000\" href=\"https:\/\/www.dr-elahi.de\/wp-content\/uploads\/2022\/10\/0038_Dr-Elahi-Praxis_07.jpg\"><span data-alt=\"Kieferorthop\u00e4die M\u00f6nchengladbach\"><\/span><\/a><\/div><div class=\"rsContent\"><a class=\"rsImg\" data-rsw=\"1350\" data-rsh=\"1000\" href=\"https:\/\/www.dr-elahi.de\/wp-content\/uploads\/2022\/10\/0038_Dr-Elahi-Praxis_09.jpg\"><span data-alt=\"Kieferorthop\u00e4die M\u00f6nchengladbach\"><\/span><\/a><\/div><div class=\"rsContent\"><a class=\"rsImg\" data-rsw=\"1350\" data-rsh=\"1000\" href=\"https:\/\/www.dr-elahi.de\/wp-content\/uploads\/2022\/10\/0038_Dr-Elahi-Praxis_10.jpg\"><span data-alt=\"Kieferorthop\u00e4die M\u00f6nchengladbach\"><\/span><\/a><\/div><div class=\"rsContent\"><a class=\"rsImg\" data-rsw=\"1350\" data-rsh=\"1000\" href=\"https:\/\/www.dr-elahi.de\/wp-content\/uploads\/2022\/10\/0038_Dr-Elahi-Praxis_03.jpg\"><span data-alt=\"Kieferorthop\u00e4die M\u00f6nchengladbach\"><\/span><\/a><\/div><div class=\"rsContent\"><a class=\"rsImg\" data-rsw=\"1355\" data-rsh=\"1000\" href=\"https:\/\/www.dr-elahi.de\/wp-content\/uploads\/2022\/10\/0038_Dr-Elahi-Praxis_12.jpg\"><span data-alt=\"Kieferorthop\u00e4die M\u00f6nchengladbach\"><\/span><\/a><\/div><\/div><img src=\"https:\/\/www.dr-elahi.de\/wp-content\/uploads\/2022\/10\/0038_Dr-Elahi-Praxis_05.jpg\" width=\"1350\" height=\"1000\" alt=\"Ortodonti M\u00f6nchengladbach\" loading=\"lazy\"><\/div><div class=\"w-slider-json\" onclick='return {&quot;loop&quot;:true,&quot;fadeInLoadedSlide&quot;:false,&quot;slidesSpacing&quot;:0,&quot;imageScalePadding&quot;:0,&quot;numImagesToPreload&quot;:2,&quot;arrowsNav&quot;:false,&quot;arrowsNavAutoHide&quot;:false,&quot;transitionType&quot;:&quot;move&quot;,&quot;transitionSpeed&quot;:250,&quot;block&quot;:{&quot;moveEffect&quot;:&quot;none&quot;,&quot;speed&quot;:300},&quot;controlNavigation&quot;:&quot;bullets&quot;,&quot;autoplay&quot;:{&quot;enabled&quot;:true,&quot;pauseOnHover&quot;:true,&quot;delay&quot;:3000},&quot;imageScaleMode&quot;:&quot;fit-if-smaller&quot;,&quot;autoScaleSlider&quot;:true,&quot;autoScaleSliderWidth&quot;:1350,&quot;autoScaleSliderHeight&quot;:1000,&quot;fitInViewport&quot;:false}'><\/div><\/div><\/div><\/div><\/div><\/div><\/div><\/div><\/div><\/section><section class=\"l-section wpb_row us_custom_ac037762 height_auto\"><div class=\"l-section-h i-cf\"><div class=\"g-cols vc_row via_grid cols_1 laptops-cols_inherit tablets-cols_inherit mobiles-cols_1 valign_top type_default stacking_default\"><div class=\"wpb_column vc_column_container\"><div class=\"vc_column-inner\"><div class=\"w-video align_none ratio_16x9\"><div class=\"w-video-h\"><div class=\"BorlabsCookie _brlbs-cb-youtube\"><div class=\"_brlbs-content-blocker\"> <div class=\"_brlbs-embed _brlbs-video-youtube\"> <img class=\"_brlbs-thumbnail\" src=\"https:\/\/www.dr-elahi.de\/wp-content\/plugins\/borlabs-cookie\/assets\/images\/cb-no-thumbnail.png\" alt=\"YouTube\"> <div class=\"_brlbs-caption\"> <p>Videoyu y\u00fckleyerek YouTube'un gizlilik politikas\u0131n\u0131 kabul etmi\u015f olursunuz.<br><a href=\"https:\/\/policies.google.com\/privacy\" target=\"_blank\" rel=\"nofollow noopener noreferrer\">Daha fazla bilgi edinin<\/a><\/p> <p><a class=\"_brlbs-btn _brlbs-icon-play-white\" href=\"#\" data-borlabs-cookie-unblock role=\"button\">Video y\u00fckle<\/a><\/p> <p><label><input type=\"checkbox\" name=\"unblockAll\" value=\"1\" checked> <small>YouTube engelini her zaman kald\u0131r\u0131n<\/small><\/label><\/p> <\/div> <\/div> <\/div><div class=\"borlabs-hide\" data-borlabs-cookie-type=\"content-blocker\" data-borlabs-cookie-id=\"youtube\"><script type=\"text\/template\">PGlmcmFtZSB0aXRsZT0iWW91dHViZSB2aWRlbyBwbGF5ZXIiIHNyYz0iLy93d3cueW91dHViZS1ub2Nvb2tpZS5jb20vZW1iZWQvX0NMbE9STkh6bzg\/b3JpZ2luPWh0dHBzOi8vd3d3LmRyLWVsYWhpLmRlJmNvbnRyb2xzPTEiIGFsbG93ZnVsbHNjcmVlbj0iMSIgbG9hZGluZz0ibGF6eSI+PC9pZnJhbWU+<\/script><\/div><\/div><\/div><div class=\"w-video-icon\" style=\"font-size:1.5rem;background:rgba(0,0,0,0.5);color:#fff\"><\/div><\/div><div class=\"w-separator size_large\"><\/div><div class=\"wpb_text_column us_custom_3af55a1e us_animate_this\"><div class=\"wpb_wrapper\"><h2>Ortodonti i\u00e7in dijital uygulamam\u0131z<\/h2>\n<h3>Di\u015flerinize en iyi bak\u0131m\u0131 sa\u011flamak i\u00e7in<\/h3>\n<\/div><\/div><div class=\"w-separator size_large\"><\/div><div class=\"g-cols wpb_row via_grid cols_2 laptops-cols_inherit tablets-cols_inherit mobiles-cols_1 valign_top type_default stacking_default\"><div class=\"wpb_column vc_column_container us_custom_60e9caca us_animate_this\"><div class=\"vc_column-inner\"><div class=\"wpb_text_column\"><div class=\"wpb_wrapper\"><p>Biz dijital bir muayenehaneyiz! Bilgisayar, yaz\u0131l\u0131m ve internet gibi modern teknolojileri g\u00fcnl\u00fck uygulamalar\u0131m\u0131za entegre ediyoruz.<\/p>\n<p>Hastalar\u0131m\u0131z ana sayfam\u0131z\u0131 kullanabilir <a href=\"https:\/\/drclip.de\/praxis\/f5a5e67a-5e45-4919-81e4-e50826b437fe\/termin\/reservierung\" target=\"_blank\" rel=\"noopener\">Online randevu al\u0131n<\/a>. Randevunuzu istedi\u011finiz adrese e-posta ile g\u00f6nderece\u011fiz.<\/p>\n<p>Hastalar\u0131m\u0131z ayr\u0131ca sohbet fonksiyonu arac\u0131l\u0131\u011f\u0131yla do\u011frudan bizimle ileti\u015fime ge\u00e7me se\u00e7ene\u011fine de sahiptir. Zaten ilk ba\u015fta <a href=\"\/tr\/iletisim\/\">Bize ula\u015f\u0131n<\/a>hastalar\u0131m\u0131z bize sa\u011fl\u0131klar\u0131yla ilgili t\u00fcm \u00f6nemli bilgileri \u00f6nceden sunma f\u0131rsat\u0131na sahiptir. Randevu ald\u0131\u011f\u0131n\u0131zda size e-posta ile g\u00f6nderilen dijital t\u0131bbi ge\u00e7mi\u015f formumuzu kullanabilirsiniz.<\/p>\n<p>Hasta dosyam\u0131z tamamen dijital ve yasal olarak uyumludur. T\u00fcm belgeler dijital olarak saklan\u0131r ve de\u011fi\u015ftirilemez.<\/p>\n<p>Bilgilendirme seanslar\u0131m\u0131z internet \u00fczerinden ger\u00e7ekle\u015ftirilmektedir. Hastalar\u0131m\u0131z 'informadent' yaz\u0131l\u0131m\u0131n\u0131 kullanarak tedavilerinin her a\u015famas\u0131n\u0131 videolar ve resimler arac\u0131l\u0131\u011f\u0131yla \u00f6\u011freniyor. Hastalar\u0131m\u0131za g\u00f6nderilen ba\u011flant\u0131, tedavilerini ve planlanan y\u00f6ntemleri tekrar tekrar g\u00f6rmelerini sa\u011flar.<\/p>\n<\/div><\/div><\/div><\/div><div class=\"wpb_column vc_column_container us_custom_f70d789f us_animate_this\"><div class=\"vc_column-inner\"><div class=\"wpb_text_column\"><div class=\"wpb_wrapper\"><p>Modern r\u00f6ntgen cihaz\u0131m\u0131zla modellerinizin 3D g\u00f6r\u00fcnt\u00fclerini olu\u015fturabilir ve bunlar\u0131 ve r\u00f6ntgen g\u00f6r\u00fcnt\u00fclerinizi dijital olarak hastalar\u0131m\u0131za ve aile di\u015f hekimine veya a\u011f\u0131z cerrah\u0131na iletebiliriz.<\/p>\n<p>Te\u015fhis belgelerini haz\u0131rlamak ve tedavi planlamas\u0131 i\u00e7in her iki \u00e7enenin \u00f6l\u00e7\u00fcs\u00fcne ihtiyac\u0131m\u0131z var. Bunlar daha \u00f6nce geleneksel \u00f6l\u00e7\u00fc malzemeleri (aljinat, al\u00e7\u0131) kullan\u0131larak yap\u0131l\u0131yordu. Ancak bizde art\u0131k buna gerek kalmad\u0131.<\/p>\n<p>A\u011f\u0131z i\u00e7i taray\u0131c\u0131m\u0131z sayesinde hastan\u0131n a\u011fz\u0131nda do\u011frudan g\u00f6r\u00fcnt\u00fc alabiliyoruz. Bu sayede dijital olarak i\u015fleyebilece\u011fimiz sanal modeller olu\u015fturabiliyoruz.<\/p>\n<p>3D yaz\u0131c\u0131m\u0131z\u0131 kullanarak hassas, dayan\u0131kl\u0131 ve kusursuz plastik modeller basabiliyoruz.<\/p>\n<\/div><\/div><div class=\"w-separator size_small\"><\/div><div class=\"w-btn-wrapper align_none\"><a class=\"w-btn us-btn-style_1 us_custom_8f2ba1f4 us_animate_this icon_atleft\" target=\"_blank\" href=\"https:\/\/drclip.de\/praxis\/f5a5e67a-5e45-4919-81e4-e50826b437fe\/termin\/reservierung\" rel=\"noopener\"><i class=\"far fa-calendar-check\"><\/i><span class=\"w-btn-label\">\u015eimdi randevu al\u0131n<\/span><\/a><\/div><\/div><\/div><\/div><\/div><\/div><\/div><\/div><\/section>","protected":false},"excerpt":{"rendered":"Dijital muayenehanemizM\u00f6nchengladbach'taki ortodonti muayenehaneniz Bizimle ge\u00e7irece\u011finiz zaman\u0131n keyifli ve stressiz olmas\u0131n\u0131 istiyoruz. Bu nedenle tedavi odalar\u0131m\u0131zda y\u00fcksek kaliteli ve uyumlu mobilyalara \u00f6zellikle \u00f6nem veriyoruz. Sadece modern, son teknoloji \u00fcr\u00fcn\u00fc ekipmanlar ve tedavi \u00fcniteleri kullan\u0131yoruz. Te\u015fhis i\u00e7in dijital r\u00f6ntgenler,...","protected":false},"author":2,"featured_media":365,"parent":0,"menu_order":0,"comment_status":"closed","ping_status":"closed","template":"","meta":{"footnotes":""},"yoast_head":"<!-- This site is optimized with the Yoast SEO plugin v22.5 - https:\/\/yoast.com\/wordpress\/plugins\/seo\/ -->\n<title>Kieferorthop\u00e4die M\u00f6nchengladbach \u2022 Dr. Mehdi Elahi<\/title>\n<meta name=\"description\" content=\"Kieferorthop\u00e4die M\u00f6nchengladbach \u2713 Bei unserer Ausstattung haben wir besonderen Wert auf hochwertige und moderne Ger\u00e4te gelegt.\" \/>\n<meta name=\"robots\" content=\"index, follow, max-snippet:-1, max-image-preview:large, max-video-preview:-1\" \/>\n<link rel=\"canonical\" href=\"https:\/\/www.dr-elahi.de\/tr\/ortodonti\u0307-moenchengladbach\/\" \/>\n<meta property=\"og:locale\" content=\"tr_TR\" \/>\n<meta property=\"og:type\" content=\"article\" \/>\n<meta property=\"og:title\" content=\"Kieferorthop\u00e4die M\u00f6nchengladbach \u2022 Dr. Mehdi Elahi\" \/>\n<meta property=\"og:description\" content=\"Kieferorthop\u00e4die M\u00f6nchengladbach \u2713 Bei unserer Ausstattung haben wir besonderen Wert auf hochwertige und moderne Ger\u00e4te gelegt.\" \/>\n<meta property=\"og:url\" content=\"https:\/\/www.dr-elahi.de\/tr\/ortodonti\u0307-moenchengladbach\/\" \/>\n<meta property=\"og:site_name\" content=\"Kieferorthop\u00e4de Dr. Elahi\" \/>\n<meta property=\"article:modified_time\" content=\"2025-10-31T06:36:51+00:00\" \/>\n<meta property=\"og:image\" content=\"https:\/\/www.dr-elahi.de\/wp-content\/uploads\/2022\/10\/0038_Dr-Elahi-Praxis_07.jpg\" \/>\n\t<meta property=\"og:image:width\" content=\"1350\" \/>\n\t<meta property=\"og:image:height\" content=\"1000\" \/>\n\t<meta property=\"og:image:type\" content=\"image\/jpeg\" \/>\n<meta name=\"twitter:card\" content=\"summary_large_image\" \/>\n<meta name=\"twitter:label1\" content=\"Est. reading time\" \/>\n\t<meta name=\"twitter:data1\" content=\"4 dakika\" \/>\n<script type=\"application\/ld+json\" class=\"yoast-schema-graph\">{\"@context\":\"https:\/\/schema.org\",\"@graph\":[{\"@type\":\"WebPage\",\"@id\":\"https:\/\/www.dr-elahi.de\/kieferorthopaedie-moenchengladbach\/\",\"url\":\"https:\/\/www.dr-elahi.de\/kieferorthopaedie-moenchengladbach\/\",\"name\":\"Kieferorthop\u00e4die M\u00f6nchengladbach \u2022 Dr. Mehdi Elahi\",\"isPartOf\":{\"@id\":\"https:\/\/www.dr-elahi.de\/#website\"},\"primaryImageOfPage\":{\"@id\":\"https:\/\/www.dr-elahi.de\/kieferorthopaedie-moenchengladbach\/#primaryimage\"},\"image\":{\"@id\":\"https:\/\/www.dr-elahi.de\/kieferorthopaedie-moenchengladbach\/#primaryimage\"},\"thumbnailUrl\":\"https:\/\/www.dr-elahi.de\/wp-content\/uploads\/2022\/10\/0038_Dr-Elahi-Praxis_07.jpg\",\"datePublished\":\"2022-10-10T11:34:41+00:00\",\"dateModified\":\"2025-10-31T06:36:51+00:00\",\"description\":\"Kieferorthop\u00e4die M\u00f6nchengladbach \u2713 Bei unserer Ausstattung haben wir besonderen Wert auf hochwertige und moderne Ger\u00e4te gelegt.\",\"breadcrumb\":{\"@id\":\"https:\/\/www.dr-elahi.de\/kieferorthopaedie-moenchengladbach\/#breadcrumb\"},\"inLanguage\":\"tr\",\"potentialAction\":[{\"@type\":\"ReadAction\",\"target\":[\"https:\/\/www.dr-elahi.de\/kieferorthopaedie-moenchengladbach\/\"]}]},{\"@type\":\"ImageObject\",\"inLanguage\":\"tr\",\"@id\":\"https:\/\/www.dr-elahi.de\/kieferorthopaedie-moenchengladbach\/#primaryimage\",\"url\":\"https:\/\/www.dr-elahi.de\/wp-content\/uploads\/2022\/10\/0038_Dr-Elahi-Praxis_07.jpg\",\"contentUrl\":\"https:\/\/www.dr-elahi.de\/wp-content\/uploads\/2022\/10\/0038_Dr-Elahi-Praxis_07.jpg\",\"width\":1350,\"height\":1000,\"caption\":\"Kieferorthop\u00e4die M\u00f6nchengladbach\"},{\"@type\":\"BreadcrumbList\",\"@id\":\"https:\/\/www.dr-elahi.de\/kieferorthopaedie-moenchengladbach\/#breadcrumb\",\"itemListElement\":[{\"@type\":\"ListItem\",\"position\":1,\"name\":\"Startseite\",\"item\":\"https:\/\/www.dr-elahi.de\/\"},{\"@type\":\"ListItem\",\"position\":2,\"name\":\"Praxis\"}]},{\"@type\":\"WebSite\",\"@id\":\"https:\/\/www.dr-elahi.de\/#website\",\"url\":\"https:\/\/www.dr-elahi.de\/\",\"name\":\"Kieferorthop\u00e4de Dr. Elahi\",\"description\":\"Kieferorthop\u00e4de M\u00f6nchengladbach\",\"potentialAction\":[{\"@type\":\"SearchAction\",\"target\":{\"@type\":\"EntryPoint\",\"urlTemplate\":\"https:\/\/www.dr-elahi.de\/?s={search_term_string}\"},\"query-input\":\"required name=search_term_string\"}],\"inLanguage\":\"tr\"}]}<\/script>\n<!-- \/ Yoast SEO plugin. -->","yoast_head_json":{"title":"Kieferorthop\u00e4die M\u00f6nchengladbach \u2022 Dr. Mehdi Elahi","description":"Kieferorthop\u00e4die M\u00f6nchengladbach \u2713 Bei unserer Ausstattung haben wir besonderen Wert auf hochwertige und moderne Ger\u00e4te gelegt.","robots":{"index":"index","follow":"follow","max-snippet":"max-snippet:-1","max-image-preview":"max-image-preview:large","max-video-preview":"max-video-preview:-1"},"canonical":"https:\/\/www.dr-elahi.de\/tr\/ortodonti\u0307-moenchengladbach\/","og_locale":"tr_TR","og_type":"article","og_title":"Kieferorthop\u00e4die M\u00f6nchengladbach \u2022 Dr. Mehdi Elahi","og_description":"Kieferorthop\u00e4die M\u00f6nchengladbach \u2713 Bei unserer Ausstattung haben wir besonderen Wert auf hochwertige und moderne Ger\u00e4te gelegt.","og_url":"https:\/\/www.dr-elahi.de\/tr\/ortodonti\u0307-moenchengladbach\/","og_site_name":"Kieferorthop\u00e4de Dr. Elahi","article_modified_time":"2025-10-31T06:36:51+00:00","og_image":[{"width":1350,"height":1000,"url":"https:\/\/www.dr-elahi.de\/wp-content\/uploads\/2022\/10\/0038_Dr-Elahi-Praxis_07.jpg","type":"image\/jpeg"}],"twitter_card":"summary_large_image","twitter_misc":{"Est. reading time":"4 dakika"},"schema":{"@context":"https:\/\/schema.org","@graph":[{"@type":"WebPage","@id":"https:\/\/www.dr-elahi.de\/kieferorthopaedie-moenchengladbach\/","url":"https:\/\/www.dr-elahi.de\/kieferorthopaedie-moenchengladbach\/","name":"Kieferorthop\u00e4die M\u00f6nchengladbach \u2022 Dr. Mehdi Elahi","isPartOf":{"@id":"https:\/\/www.dr-elahi.de\/#website"},"primaryImageOfPage":{"@id":"https:\/\/www.dr-elahi.de\/kieferorthopaedie-moenchengladbach\/#primaryimage"},"image":{"@id":"https:\/\/www.dr-elahi.de\/kieferorthopaedie-moenchengladbach\/#primaryimage"},"thumbnailUrl":"https:\/\/www.dr-elahi.de\/wp-content\/uploads\/2022\/10\/0038_Dr-Elahi-Praxis_07.jpg","datePublished":"2022-10-10T11:34:41+00:00","dateModified":"2025-10-31T06:36:51+00:00","description":"Kieferorthop\u00e4die M\u00f6nchengladbach \u2713 Bei unserer Ausstattung haben wir besonderen Wert auf hochwertige und moderne Ger\u00e4te gelegt.","breadcrumb":{"@id":"https:\/\/www.dr-elahi.de\/kieferorthopaedie-moenchengladbach\/#breadcrumb"},"inLanguage":"tr","potentialAction":[{"@type":"ReadAction","target":["https:\/\/www.dr-elahi.de\/kieferorthopaedie-moenchengladbach\/"]}]},{"@type":"ImageObject","inLanguage":"tr","@id":"https:\/\/www.dr-elahi.de\/kieferorthopaedie-moenchengladbach\/#primaryimage","url":"https:\/\/www.dr-elahi.de\/wp-content\/uploads\/2022\/10\/0038_Dr-Elahi-Praxis_07.jpg","contentUrl":"https:\/\/www.dr-elahi.de\/wp-content\/uploads\/2022\/10\/0038_Dr-Elahi-Praxis_07.jpg","width":1350,"height":1000,"caption":"Kieferorthop\u00e4die M\u00f6nchengladbach"},{"@type":"BreadcrumbList","@id":"https:\/\/www.dr-elahi.de\/kieferorthopaedie-moenchengladbach\/#breadcrumb","itemListElement":[{"@type":"ListItem","position":1,"name":"Startseite","item":"https:\/\/www.dr-elahi.de\/"},{"@type":"ListItem","position":2,"name":"Praxis"}]},{"@type":"WebSite","@id":"https:\/\/www.dr-elahi.de\/#website","url":"https:\/\/www.dr-elahi.de\/","name":"Kieferorthop\u00e4de Dr. Elahi","description":"Kieferorthop\u00e4de M\u00f6nchengladbach","potentialAction":[{"@type":"SearchAction","target":{"@type":"EntryPoint","urlTemplate":"https:\/\/www.dr-elahi.de\/?s={search_term_string}"},"query-input":"required name=search_term_string"}],"inLanguage":"tr"}]}},"_links":{"self":[{"href":"https:\/\/www.dr-elahi.de\/tr\/wp-json\/wp\/v2\/pages\/110"}],"collection":[{"href":"https:\/\/www.dr-elahi.de\/tr\/wp-json\/wp\/v2\/pages"}],"about":[{"href":"https:\/\/www.dr-elahi.de\/tr\/wp-json\/wp\/v2\/types\/page"}],"author":[{"embeddable":true,"href":"https:\/\/www.dr-elahi.de\/tr\/wp-json\/wp\/v2\/users\/2"}],"replies":[{"embeddable":true,"href":"https:\/\/www.dr-elahi.de\/tr\/wp-json\/wp\/v2\/comments?post=110"}],"version-history":[{"count":21,"href":"https:\/\/www.dr-elahi.de\/tr\/wp-json\/wp\/v2\/pages\/110\/revisions"}],"predecessor-version":[{"id":682,"href":"https:\/\/www.dr-elahi.de\/tr\/wp-json\/wp\/v2\/pages\/110\/revisions\/682"}],"wp:featuredmedia":[{"embeddable":true,"href":"https:\/\/www.dr-elahi.de\/tr\/wp-json\/wp\/v2\/media\/365"}],"wp:attachment":[{"href":"https:\/\/www.dr-elahi.de\/tr\/wp-json\/wp\/v2\/media?parent=110"}],"curies":[{"name":"wp","href":"https:\/\/api.w.org\/{rel}","templated":true}]}}