{"id":112,"date":"2022-10-10T11:36:47","date_gmt":"2022-10-10T11:36:47","guid":{"rendered":"https:\/\/www.dr-elahi.de\/?page_id=112"},"modified":"2025-10-31T06:36:28","modified_gmt":"2025-10-31T06:36:28","slug":"iletisim","status":"publish","type":"page","link":"https:\/\/www.dr-elahi.de\/tr\/iletisim\/","title":{"rendered":"Bize ula\u015f\u0131n"},"content":{"rendered":"<section class=\"l-section wpb_row us_custom_acfd0fdb height_auto\"><div class=\"l-section-h i-cf\"><div class=\"g-cols vc_row via_grid cols_2 laptops-cols_inherit tablets-cols_inherit mobiles-cols_1 valign_top type_default stacking_default\"><div class=\"wpb_column vc_column_container us_custom_819670d1 us_animate_this  hide_on_tablets hide_on_mobiles has_bg_color\"><div class=\"vc_column-inner\"><h1 style=\"font-size: 2.3rem;line-height: 1.2;text-align: left;font-family:Roboto;font-weight:300;font-style:normal\" class=\"vc_custom_heading us_custom_1fb8b2dc us_animate_this\" >\u015eimdi ileti\u015fime ge\u00e7in<\/h1><\/div><\/div><div class=\"wpb_column vc_column_container\"><div class=\"vc_column-inner\"><\/div><\/div><\/div><\/div><\/section><section class=\"l-section wpb_row us_custom_ac037762 height_auto\"><div class=\"l-section-overlay\" style=\"background:var(--color-content-bg-alt)\"><\/div><div class=\"l-section-h i-cf\"><div class=\"g-cols vc_row via_grid cols_1 laptops-cols_inherit tablets-cols_inherit mobiles-cols_1 valign_top type_default stacking_default\"><div class=\"wpb_column vc_column_container\"><div class=\"vc_column-inner\"><div class=\"g-cols wpb_row via_grid cols_1-2 laptops-cols_inherit tablets-cols_inherit mobiles-cols_1 valign_middle type_default stacking_default\"><div class=\"wpb_column vc_column_container us_custom_60e9caca us_animate_this\"><div class=\"vc_column-inner\"><div class=\"wpb_text_column\"><div class=\"wpb_wrapper\"><h2>Sizi g\u00f6rmek i\u00e7in sab\u0131rs\u0131zlan\u0131yoruz<\/h2>\n<h3>Bir bak\u0131\u015fta t\u00fcm ileti\u015fim se\u00e7enekleri<\/h3>\n<\/div><\/div><div class=\"w-separator size_small\"><\/div><div class=\"wpb_text_column\"><div class=\"wpb_wrapper\"><p style=\"font-weight: 400;\">\u00c7ene hizas\u0131zl\u0131klar\u0131 konusunda size en iyi ve en yetkin tavsiye ve tedaviyi sunabilmek bizim i\u00e7in \u00f6zellikle \u00f6nemlidir.<\/p>\n<p style=\"font-weight: 400;\">Bu nedenle ki\u015fisel isteklerinize tam olarak yan\u0131t vermek i\u00e7in zaman ay\u0131r\u0131yoruz. Sizin i\u00e7in <a href=\"https:\/\/drclip.de\/praxis\/f5a5e67a-5e45-4919-81e4-e50826b437fe\/termin\/reservierung\" target=\"_blank\" rel=\"noopener\">Tarih<\/a> i\u00e7inde <a href=\"\/tr\/ortodonti%cc%87-moenchengladbach\/\">muayenehanemiz<\/a> ki\u015fisel bir dan\u0131\u015fma i\u00e7in telefonla. Ziyaretinizi d\u00f6rt g\u00f6zle bekliyoruz!<\/p>\n<\/div><\/div><div class=\"w-separator size_small\"><\/div><div class=\"w-btn-wrapper align_none\"><a class=\"w-btn us-btn-style_1 us_custom_8f2ba1f4 us_animate_this icon_atleft\" target=\"_blank\" href=\"https:\/\/drclip.de\/praxis\/f5a5e67a-5e45-4919-81e4-e50826b437fe\/termin\/reservierung\" rel=\"noopener\"><i class=\"far fa-calendar-check\"><\/i><span class=\"w-btn-label\">\u015eimdi randevu al\u0131n<\/span><\/a><\/div><\/div><\/div><div class=\"wpb_column vc_column_container us_custom_f70d789f us_animate_this\"><div class=\"vc_column-inner\">\n\t<div class=\"wpb_raw_code wpb_content_element wpb_raw_html\" >\n\t\t<div class=\"wpb_wrapper\">\n\t\t\t<div class=\"BorlabsCookie _brlbs-cb-googlemaps\"><div class=\"_brlbs-content-blocker\"> <div class=\"_brlbs-embed _brlbs-google-maps\"> <img class=\"_brlbs-thumbnail\" src=\"https:\/\/www.dr-elahi.de\/wp-content\/plugins\/borlabs-cookie\/assets\/images\/cb-maps.png\" alt=\"Google Haritalar\"> <div class=\"_brlbs-caption\"> <p>Haritay\u0131 y\u00fckleyerek Google'\u0131n gizlilik politikas\u0131n\u0131 kabul etmi\u015f olursunuz.<br><a href=\"https:\/\/policies.google.com\/privacy\" target=\"_blank\" rel=\"nofollow noopener noreferrer\">Daha fazla bilgi edinin<\/a><\/p> <p><a class=\"_brlbs-btn\" href=\"#\" data-borlabs-cookie-unblock role=\"button\">Harita y\u00fckle<\/a><\/p> <p><label><input type=\"checkbox\" name=\"unblockAll\" value=\"1\" checked> <small>Google Haritalar'\u0131n kilidini her zaman a\u00e7\u0131n<\/small><\/label><\/p> <\/div> <\/div> <\/div><div class=\"borlabs-hide\" data-borlabs-cookie-type=\"content-blocker\" data-borlabs-cookie-id=\"googlemaps\"><script type=\"text\/template\">PGlmcmFtZSBzcmM9Imh0dHBzOi8vd3d3Lmdvb2dsZS5jb20vbWFwcy9lbWJlZD9wYj0hMW0xNCExbTghMW0zITFkMTAwMDYuNzY1ODgxNDI2MTQ3ITJkNi40NDQ0OTQzITNkNTEuMTY5NDc3MiEzbTIhMWkxMDI0ITJpNzY4ITRmMTMuMSEzbTMhMW0yITFzMHgwJTNBMHhlYTMwNTljMDJlYjdlNmJiITJzRHIuJTIwbWVkLiUyMGRlbnQuJTIwTWVoZGklMjBFbGFoaSE1ZTAhM20yITFzZGUhMnNkZSE0djE2NjU0MDMyNzczODUhNW0yITFzZGUhMnNkZSIgd2lkdGg9IjEwMCUiIGhlaWdodD0iNTUwIiBzdHlsZT0iYm9yZGVyOjA7IiBhbGxvd2Z1bGxzY3JlZW49IiIgbG9hZGluZz0ibGF6eSIgcmVmZXJyZXJwb2xpY3k9Im5vLXJlZmVycmVyLXdoZW4tZG93bmdyYWRlIj48L2lmcmFtZT4=<\/script><\/div><\/div>\n\t\t<\/div>\n\t<\/div>\n<\/div><\/div><\/div><\/div><\/div><\/div><\/div><\/section><section class=\"l-section wpb_row us_custom_ac037762 height_auto\"><div class=\"l-section-h i-cf\"><div class=\"g-cols vc_row via_grid cols_1 laptops-cols_inherit tablets-cols_inherit mobiles-cols_1 valign_top type_default stacking_default\"><div class=\"wpb_column vc_column_container\"><div class=\"vc_column-inner\"><div class=\"wpb_text_column us_custom_3af55a1e us_animate_this\"><div class=\"wpb_wrapper\"><h2>Adres, \u00e7al\u0131\u015fma saatleri ve ileti\u015fim formu<\/h2>\n<h3>Bize nas\u0131l ula\u015fabilirsiniz<\/h3>\n<\/div><\/div><div class=\"w-separator size_large\"><\/div><div class=\"g-cols wpb_row via_grid cols_2 laptops-cols_inherit tablets-cols_inherit mobiles-cols_1 valign_top type_default stacking_default\"><div class=\"wpb_column vc_column_container us_custom_60e9caca us_animate_this\"><div class=\"vc_column-inner\"><div class=\"wpb_text_column\"><div class=\"wpb_wrapper\"><h6>Ortodonti i\u00e7in uygulama<\/h6>\n<p>Dr. med. dent. Mehdi Elahi<br \/>\nBrucknerallee 19<br \/>\n41236 M\u00f6nchengladbach<\/p>\n<p>Tel: <a href=\"tel:+49216644010\">02166 44010<\/a><br \/>\nFaks: 02166 846 333<br \/>\nE-Mail:\u00a0<a href=\"mailto:info@dr-elahi.de\">info@dr-elahi.de<\/a><\/p>\n<\/div><\/div><div class=\"w-separator size_small\"><\/div><div class=\"w-socials color_text shape_none\" style=\"--gap:1em;\"><div class=\"w-socials-list\"><div class=\"w-socials-item facebook\"><a class=\"w-socials-item-link\" href=\"https:\/\/www.facebook.com\/profile.php?id=100076066057445\" target=\"_blank\" rel=\"noopener\" title=\"Facebook\" aria-label=\"Facebook\"><span class=\"w-socials-item-link-hover\"><\/span><i class=\"fab fa-facebook\"><\/i><\/a><\/div><div class=\"w-socials-item instagram\"><a class=\"w-socials-item-link\" href=\"https:\/\/www.instagram.com\/praxis.dr.elahi\/\" target=\"_blank\" rel=\"noopener\" title=\"Instagram\" aria-label=\"Instagram\"><span class=\"w-socials-item-link-hover\"><\/span><i class=\"fab fa-instagram\"><\/i><\/a><\/div><div class=\"w-socials-item youtube\"><a class=\"w-socials-item-link\" href=\"https:\/\/www.youtube.com\/watch?v=_CLlORNHzo8\" target=\"_blank\" rel=\"noopener\" title=\"YouTube\" aria-label=\"YouTube\"><span class=\"w-socials-item-link-hover\"><\/span><i class=\"fab fa-youtube\"><\/i><\/a><\/div><div class=\"w-socials-item custom\"><a class=\"w-socials-item-link\" href=\"https:\/\/www.jameda.de\/moenchengladbach\/zahnaerzte\/kieferorthopaeden\/dr-mehdi-elahi\/uebersicht\/80390348_1\/\" target=\"_blank\" rel=\"noopener\" title=\"Ba\u015fl\u0131k\" aria-label=\"Ba\u015fl\u0131k\"><span class=\"w-socials-item-link-hover\" style=\"background:var(--color-content-faded);\"><\/span><i class=\"fas fa-star-half-alt\"><\/i><\/a><\/div><\/div><\/div><div class=\"w-separator size_custom\" style=\"height:3rem\" id=\"ga1d\"><style>@media(max-width:1024px){ #ga1d{height:2rem!important}}@media(max-width:600px){ #ga1d{height:2rem!important}}<\/style><\/div><div class=\"wpb_text_column  hide_on_tablets hide_on_mobiles\"><div class=\"wpb_wrapper\"><h6>\u00c7al\u0131\u015fma saatleri<\/h6>\n<table>\n<tbody>\n<tr>\n<td>Pazartesi<\/td>\n<td>08.00 - 12.00<\/td>\n<td>13.00 - 18.00<\/td>\n<\/tr>\n<tr>\n<td>Sal\u0131<\/td>\n<td>08.00 - 12.00<\/td>\n<td>13.00 - 18.00<\/td>\n<\/tr>\n<tr>\n<td>\u00c7ar\u015famba<\/td>\n<td>08.00 - 12.00<\/td>\n<td>Kapal\u0131<\/td>\n<\/tr>\n<tr>\n<td>Per\u015fembe<\/td>\n<td>08.00 - 12.00<\/td>\n<td>13.00 - 18.00<\/td>\n<\/tr>\n<tr>\n<td>Cuma<\/td>\n<td>08.00 - 12.00<\/td>\n<td>Kapal\u0131<\/td>\n<\/tr>\n<\/tbody>\n<\/table>\n<p><strong>Randevular sadece \u00f6nceden ayarlanmal\u0131d\u0131r.<\/strong><\/p>\n<\/div><\/div><div class=\"wpb_text_column  hide_on_default hide_on_laptops\"><div class=\"wpb_wrapper\"><h6>\u00c7al\u0131\u015fma saatleri<\/h6>\n<table>\n<tbody>\n<tr>\n<td colspan=\"2\"><strong>Pazartesi<\/strong><\/td>\n<\/tr>\n<tr>\n<td>08.00 - 12.00<\/td>\n<td>13.00 - 18.00<\/td>\n<\/tr>\n<tr>\n<td colspan=\"2\"><strong>Sal\u0131<\/strong><\/td>\n<\/tr>\n<tr>\n<td>08.00 - 12.00<\/td>\n<td>13.00 - 18.00<\/td>\n<\/tr>\n<tr>\n<td colspan=\"2\"><strong>\u00c7ar\u015famba<\/strong><\/td>\n<\/tr>\n<tr>\n<td>08.00 - 12.00<\/td>\n<td>Kapal\u0131<\/td>\n<\/tr>\n<tr>\n<td colspan=\"2\"><strong>Per\u015fembe<\/strong><\/td>\n<\/tr>\n<tr>\n<td>08.00 - 12.00<\/td>\n<td>13.00 - 18.00<\/td>\n<\/tr>\n<tr>\n<td colspan=\"2\"><strong>Cuma<\/strong><\/td>\n<\/tr>\n<tr>\n<td>08.00 - 12.00<\/td>\n<td>Kapal\u0131<\/td>\n<\/tr>\n<\/tbody>\n<\/table>\n<p><strong>Randevular sadece \u00f6nceden ayarlanmal\u0131d\u0131r.<\/strong><\/p>\n<\/div><\/div><div class=\"w-separator size_custom\" style=\"height:0px\" id=\"l2cf\"><style>@media(max-width:1024px){ #l2cf{height:2rem!important}}@media(max-width:600px){ #l2cf{height:2rem!important}}<\/style><\/div><\/div><\/div><div class=\"wpb_column vc_column_container us_custom_f2ccb689 us_animate_this\"><div class=\"vc_column-inner\"><div class=\"wpb_text_column\"><div class=\"wpb_wrapper\"><h6>\u015eimdi mesaj g\u00f6nderin<\/h6>\n<\/div><\/div><div class=\"w-separator size_small\"><\/div>\n<div class=\"wpcf7 no-js\" id=\"wpcf7-f128-o1\" lang=\"de-DE\" dir=\"ltr\">\n<div class=\"screen-reader-response\"><p role=\"status\" aria-live=\"polite\" aria-atomic=\"true\"><\/p> <ul><\/ul><\/div>\n<form action=\"\/tr\/wp-json\/wp\/v2\/pages\/112#wpcf7-f128-o1\" method=\"post\" class=\"wpcf7-form init\" aria-label=\"\u0130leti\u015fim formu\" novalidate=\"novalidate\" data-status=\"init\" data-trp-original-action=\"\/tr\/wp-json\/wp\/v2\/pages\/112#wpcf7-f128-o1\">\n<div style=\"display: none;\">\n<input type=\"hidden\" name=\"_wpcf7\" value=\"128\" \/>\n<input type=\"hidden\" name=\"_wpcf7_version\" value=\"5.9.6\" \/>\n<input type=\"hidden\" name=\"_wpcf7_locale\" value=\"de_DE\" \/>\n<input type=\"hidden\" name=\"_wpcf7_unit_tag\" value=\"wpcf7-f128-o1\" \/>\n<input type=\"hidden\" name=\"_wpcf7_container_post\" value=\"0\" \/>\n<input type=\"hidden\" name=\"_wpcf7_posted_data_hash\" value=\"\" \/>\n<\/div>\n<p><span class=\"wpcf7-form-control-wrap\" data-name=\"your-name\"><input size=\"40\" maxlength=\"80\" class=\"wpcf7-form-control wpcf7-text wpcf7-validates-as-required\" aria-required=\"true\" aria-invalid=\"false\" placeholder=\"\u0130sim\" value=\"\" type=\"text\" name=\"your-name\" \/><\/span>\n<\/p>\n<p><span class=\"wpcf7-form-control-wrap\" data-name=\"your-phone\"><input size=\"40\" maxlength=\"80\" class=\"wpcf7-form-control wpcf7-tel wpcf7-validates-as-required wpcf7-text wpcf7-validates-as-tel\" aria-required=\"true\" aria-invalid=\"false\" placeholder=\"Telefon numaras\u0131\" value=\"\" type=\"tel\" name=\"your-phone\" \/><\/span>\n<\/p>\n<p><span class=\"wpcf7-form-control-wrap\" data-name=\"your-email\"><input size=\"40\" maxlength=\"80\" class=\"wpcf7-form-control wpcf7-email wpcf7-validates-as-required wpcf7-text wpcf7-validates-as-email\" aria-required=\"true\" aria-invalid=\"false\" placeholder=\"E-posta adresi\" value=\"\" type=\"email\" name=\"your-email\" \/><\/span>\n<\/p>\n<p><span class=\"wpcf7-form-control-wrap\" data-name=\"your-message\"><textarea cols=\"40\" rows=\"10\" maxlength=\"400\" class=\"wpcf7-form-control wpcf7-textarea\" aria-invalid=\"false\" placeholder=\"Mesaj\" name=\"your-message\"><\/textarea><\/span>\n<\/p>\n<p><label style=\"font-size:15px;\"><span class=\"wpcf7-form-control-wrap\" data-name=\"acceptance-363\"><span class=\"wpcf7-form-control wpcf7-acceptance\"><span class=\"wpcf7-list-item\"><input type=\"checkbox\" name=\"acceptance-363\" value=\"1\" aria-invalid=\"false\" \/><\/span><\/span><\/span> Verilerimin benimle ileti\u015fime ge\u00e7ilmesi amac\u0131yla i\u015flenmesine ve saklanmas\u0131na izin veriyorum. Bu <a href=\"\/tr\/veri%cc%87-koruma\/\"><b>Veri koruma bildirimi<\/b><\/a> Bunu not alabildim. Onay, gelecek i\u00e7in ge\u00e7erli olmak \u00fczere herhangi bir zamanda iptal edilebilir. Bunun i\u00e7in l\u00fctfen \u015fu adrese k\u0131sa bir e-posta g\u00f6ndermeniz yeterlidir <a href=\"mailto:info@dr-elahi.de\"><b>info(at)dr-elahi.de<\/b><\/a> G\u00f6nder. L\u00fctfen okuyun <a href=\"\/tr\/veri%cc%87-koruma\/\"><b>Veri koruma bildirimi<\/b><\/a> daha fazla bilgi i\u00e7in.<br \/>\n&nbsp;<br \/>\n<input class=\"wpcf7-form-control wpcf7-submit has-spinner\" type=\"submit\" value=\"G\u00f6nder\" \/><\/label>\n<\/p><div class=\"wpcf7-response-output\" aria-hidden=\"true\"><\/div>\n<input type=\"hidden\" name=\"trp-form-language\" value=\"tr\"\/><\/form>\n<\/div>\n<\/div><\/div><\/div><\/div><\/div><\/div><\/div><\/section>","protected":false},"excerpt":{"rendered":"Bize \u015fimdi ula\u015f\u0131nSizden haber almak i\u00e7in sab\u0131rs\u0131zlan\u0131yoruz Bir bak\u0131\u015fta t\u00fcm ileti\u015fim se\u00e7enekleri Yanl\u0131\u015f hizalanm\u0131\u015f \u00e7eneler i\u00e7in size en iyi ve en yetkin tavsiye ve tedaviyi sunabilmek bizim i\u00e7in \u00f6zellikle \u00f6nemlidir. Bu nedenle ki\u015fisel isteklerinize tam olarak yan\u0131t vermek i\u00e7in zaman ay\u0131r\u0131yoruz. Telefonla muayenehanemizden randevu alabilirsiniz...","protected":false},"author":2,"featured_media":364,"parent":0,"menu_order":0,"comment_status":"closed","ping_status":"closed","template":"","meta":{"footnotes":""},"yoast_head":"<!-- This site is optimized with the Yoast SEO plugin v22.5 - https:\/\/yoast.com\/wordpress\/plugins\/seo\/ -->\n<title>Kontakt \u2022 Kieferorthop\u00e4die M\u00f6nchengladbach<\/title>\n<meta name=\"description\" content=\"Kontakt \u2713 Praxis f\u00fcr Kieferorthop\u00e4die, Dr. med. dent. Mehdi Elahi, Tel.: 02166 44010, Fax: 02166 846 333, E-Mail: info@dr-elahi.de.\" \/>\n<meta name=\"robots\" content=\"index, follow, max-snippet:-1, max-image-preview:large, max-video-preview:-1\" \/>\n<link rel=\"canonical\" href=\"https:\/\/www.dr-elahi.de\/tr\/iletisim\/\" \/>\n<meta property=\"og:locale\" content=\"tr_TR\" \/>\n<meta property=\"og:type\" content=\"article\" \/>\n<meta property=\"og:title\" content=\"Kontakt \u2022 Kieferorthop\u00e4die M\u00f6nchengladbach\" \/>\n<meta property=\"og:description\" content=\"Kontakt \u2713 Praxis f\u00fcr Kieferorthop\u00e4die, Dr. med. dent. Mehdi Elahi, Tel.: 02166 44010, Fax: 02166 846 333, E-Mail: info@dr-elahi.de.\" \/>\n<meta property=\"og:url\" content=\"https:\/\/www.dr-elahi.de\/tr\/iletisim\/\" \/>\n<meta property=\"og:site_name\" content=\"Kieferorthop\u00e4de Dr. Elahi\" \/>\n<meta property=\"article:modified_time\" content=\"2025-10-31T06:36:28+00:00\" \/>\n<meta property=\"og:image\" content=\"https:\/\/www.dr-elahi.de\/wp-content\/uploads\/2022\/10\/0038_Dr-Elahi-Praxis_06.jpg\" \/>\n\t<meta property=\"og:image:width\" content=\"1350\" \/>\n\t<meta property=\"og:image:height\" content=\"1000\" \/>\n\t<meta property=\"og:image:type\" content=\"image\/jpeg\" \/>\n<meta name=\"twitter:card\" content=\"summary_large_image\" \/>\n<meta name=\"twitter:label1\" content=\"Est. reading time\" \/>\n\t<meta name=\"twitter:data1\" content=\"2 dakika\" \/>\n<script type=\"application\/ld+json\" class=\"yoast-schema-graph\">{\"@context\":\"https:\/\/schema.org\",\"@graph\":[{\"@type\":\"WebPage\",\"@id\":\"https:\/\/www.dr-elahi.de\/kontakt\/\",\"url\":\"https:\/\/www.dr-elahi.de\/kontakt\/\",\"name\":\"Kontakt \u2022 Kieferorthop\u00e4die M\u00f6nchengladbach\",\"isPartOf\":{\"@id\":\"https:\/\/www.dr-elahi.de\/#website\"},\"primaryImageOfPage\":{\"@id\":\"https:\/\/www.dr-elahi.de\/kontakt\/#primaryimage\"},\"image\":{\"@id\":\"https:\/\/www.dr-elahi.de\/kontakt\/#primaryimage\"},\"thumbnailUrl\":\"https:\/\/www.dr-elahi.de\/wp-content\/uploads\/2022\/10\/0038_Dr-Elahi-Praxis_06.jpg\",\"datePublished\":\"2022-10-10T11:36:47+00:00\",\"dateModified\":\"2025-10-31T06:36:28+00:00\",\"description\":\"Kontakt \u2713 Praxis f\u00fcr Kieferorthop\u00e4die, Dr. med. dent. Mehdi Elahi, Tel.: 02166 44010, Fax: 02166 846 333, E-Mail: info@dr-elahi.de.\",\"breadcrumb\":{\"@id\":\"https:\/\/www.dr-elahi.de\/kontakt\/#breadcrumb\"},\"inLanguage\":\"tr\",\"potentialAction\":[{\"@type\":\"ReadAction\",\"target\":[\"https:\/\/www.dr-elahi.de\/kontakt\/\"]}]},{\"@type\":\"ImageObject\",\"inLanguage\":\"tr\",\"@id\":\"https:\/\/www.dr-elahi.de\/kontakt\/#primaryimage\",\"url\":\"https:\/\/www.dr-elahi.de\/wp-content\/uploads\/2022\/10\/0038_Dr-Elahi-Praxis_06.jpg\",\"contentUrl\":\"https:\/\/www.dr-elahi.de\/wp-content\/uploads\/2022\/10\/0038_Dr-Elahi-Praxis_06.jpg\",\"width\":1350,\"height\":1000,\"caption\":\"Dr. Mehdi Elahi Kieferorthop\u00e4de\"},{\"@type\":\"BreadcrumbList\",\"@id\":\"https:\/\/www.dr-elahi.de\/kontakt\/#breadcrumb\",\"itemListElement\":[{\"@type\":\"ListItem\",\"position\":1,\"name\":\"Startseite\",\"item\":\"https:\/\/www.dr-elahi.de\/\"},{\"@type\":\"ListItem\",\"position\":2,\"name\":\"Kontakt\"}]},{\"@type\":\"WebSite\",\"@id\":\"https:\/\/www.dr-elahi.de\/#website\",\"url\":\"https:\/\/www.dr-elahi.de\/\",\"name\":\"Kieferorthop\u00e4de Dr. Elahi\",\"description\":\"Kieferorthop\u00e4de M\u00f6nchengladbach\",\"potentialAction\":[{\"@type\":\"SearchAction\",\"target\":{\"@type\":\"EntryPoint\",\"urlTemplate\":\"https:\/\/www.dr-elahi.de\/?s={search_term_string}\"},\"query-input\":\"required name=search_term_string\"}],\"inLanguage\":\"tr\"}]}<\/script>\n<!-- \/ Yoast SEO plugin. -->","yoast_head_json":{"title":"Kontakt \u2022 Kieferorthop\u00e4die M\u00f6nchengladbach","description":"Kontakt \u2713 Praxis f\u00fcr Kieferorthop\u00e4die, Dr. med. dent. Mehdi Elahi, Tel.: 02166 44010, Fax: 02166 846 333, E-Mail: info@dr-elahi.de.","robots":{"index":"index","follow":"follow","max-snippet":"max-snippet:-1","max-image-preview":"max-image-preview:large","max-video-preview":"max-video-preview:-1"},"canonical":"https:\/\/www.dr-elahi.de\/tr\/iletisim\/","og_locale":"tr_TR","og_type":"article","og_title":"Kontakt \u2022 Kieferorthop\u00e4die M\u00f6nchengladbach","og_description":"Kontakt \u2713 Praxis f\u00fcr Kieferorthop\u00e4die, Dr. med. dent. Mehdi Elahi, Tel.: 02166 44010, Fax: 02166 846 333, E-Mail: info@dr-elahi.de.","og_url":"https:\/\/www.dr-elahi.de\/tr\/iletisim\/","og_site_name":"Kieferorthop\u00e4de Dr. Elahi","article_modified_time":"2025-10-31T06:36:28+00:00","og_image":[{"width":1350,"height":1000,"url":"https:\/\/www.dr-elahi.de\/wp-content\/uploads\/2022\/10\/0038_Dr-Elahi-Praxis_06.jpg","type":"image\/jpeg"}],"twitter_card":"summary_large_image","twitter_misc":{"Est. reading time":"2 dakika"},"schema":{"@context":"https:\/\/schema.org","@graph":[{"@type":"WebPage","@id":"https:\/\/www.dr-elahi.de\/kontakt\/","url":"https:\/\/www.dr-elahi.de\/kontakt\/","name":"Kontakt \u2022 Kieferorthop\u00e4die M\u00f6nchengladbach","isPartOf":{"@id":"https:\/\/www.dr-elahi.de\/#website"},"primaryImageOfPage":{"@id":"https:\/\/www.dr-elahi.de\/kontakt\/#primaryimage"},"image":{"@id":"https:\/\/www.dr-elahi.de\/kontakt\/#primaryimage"},"thumbnailUrl":"https:\/\/www.dr-elahi.de\/wp-content\/uploads\/2022\/10\/0038_Dr-Elahi-Praxis_06.jpg","datePublished":"2022-10-10T11:36:47+00:00","dateModified":"2025-10-31T06:36:28+00:00","description":"Kontakt \u2713 Praxis f\u00fcr Kieferorthop\u00e4die, Dr. med. dent. Mehdi Elahi, Tel.: 02166 44010, Fax: 02166 846 333, E-Mail: info@dr-elahi.de.","breadcrumb":{"@id":"https:\/\/www.dr-elahi.de\/kontakt\/#breadcrumb"},"inLanguage":"tr","potentialAction":[{"@type":"ReadAction","target":["https:\/\/www.dr-elahi.de\/kontakt\/"]}]},{"@type":"ImageObject","inLanguage":"tr","@id":"https:\/\/www.dr-elahi.de\/kontakt\/#primaryimage","url":"https:\/\/www.dr-elahi.de\/wp-content\/uploads\/2022\/10\/0038_Dr-Elahi-Praxis_06.jpg","contentUrl":"https:\/\/www.dr-elahi.de\/wp-content\/uploads\/2022\/10\/0038_Dr-Elahi-Praxis_06.jpg","width":1350,"height":1000,"caption":"Dr. Mehdi Elahi Kieferorthop\u00e4de"},{"@type":"BreadcrumbList","@id":"https:\/\/www.dr-elahi.de\/kontakt\/#breadcrumb","itemListElement":[{"@type":"ListItem","position":1,"name":"Startseite","item":"https:\/\/www.dr-elahi.de\/"},{"@type":"ListItem","position":2,"name":"Kontakt"}]},{"@type":"WebSite","@id":"https:\/\/www.dr-elahi.de\/#website","url":"https:\/\/www.dr-elahi.de\/","name":"Kieferorthop\u00e4de Dr. Elahi","description":"Kieferorthop\u00e4de M\u00f6nchengladbach","potentialAction":[{"@type":"SearchAction","target":{"@type":"EntryPoint","urlTemplate":"https:\/\/www.dr-elahi.de\/?s={search_term_string}"},"query-input":"required name=search_term_string"}],"inLanguage":"tr"}]}},"_links":{"self":[{"href":"https:\/\/www.dr-elahi.de\/tr\/wp-json\/wp\/v2\/pages\/112"}],"collection":[{"href":"https:\/\/www.dr-elahi.de\/tr\/wp-json\/wp\/v2\/pages"}],"about":[{"href":"https:\/\/www.dr-elahi.de\/tr\/wp-json\/wp\/v2\/types\/page"}],"author":[{"embeddable":true,"href":"https:\/\/www.dr-elahi.de\/tr\/wp-json\/wp\/v2\/users\/2"}],"replies":[{"embeddable":true,"href":"https:\/\/www.dr-elahi.de\/tr\/wp-json\/wp\/v2\/comments?post=112"}],"version-history":[{"count":29,"href":"https:\/\/www.dr-elahi.de\/tr\/wp-json\/wp\/v2\/pages\/112\/revisions"}],"predecessor-version":[{"id":680,"href":"https:\/\/www.dr-elahi.de\/tr\/wp-json\/wp\/v2\/pages\/112\/revisions\/680"}],"wp:featuredmedia":[{"embeddable":true,"href":"https:\/\/www.dr-elahi.de\/tr\/wp-json\/wp\/v2\/media\/364"}],"wp:attachment":[{"href":"https:\/\/www.dr-elahi.de\/tr\/wp-json\/wp\/v2\/media?parent=112"}],"curies":[{"name":"wp","href":"https:\/\/api.w.org\/{rel}","templated":true}]}}