{"id":421,"date":"2023-07-06T09:01:01","date_gmt":"2023-07-06T09:01:01","guid":{"rendered":"https:\/\/www.dr-elahi.de\/?page_id=421"},"modified":"2025-10-31T06:31:42","modified_gmt":"2025-10-31T06:31:42","slug":"moenchengladbachta-kfo","status":"publish","type":"page","link":"https:\/\/www.dr-elahi.de\/tr\/moenchengladbachta-kfo\/","title":{"rendered":"M\u00f6nchengladbach'ta KFO"},"content":{"rendered":"<section class=\"l-section wpb_row us_custom_acfd0fdb height_auto\"><div class=\"l-section-h i-cf\"><div class=\"g-cols vc_row via_grid cols_2 laptops-cols_inherit tablets-cols_inherit mobiles-cols_1 valign_top type_default stacking_default\"><div class=\"wpb_column vc_column_container us_custom_819670d1 us_animate_this  hide_on_tablets hide_on_mobiles has_bg_color\"><div class=\"vc_column-inner\"><h1 style=\"font-size: 2.3rem;line-height: 1.2;text-align: left;font-family:Roboto;font-weight:300;font-style:normal\" class=\"vc_custom_heading us_custom_1fb8b2dc us_animate_this\" >M\u00f6nchengladbach'ta KFO<\/h1><\/div><\/div><div class=\"wpb_column vc_column_container\"><div class=\"vc_column-inner\"><\/div><\/div><\/div><\/div><\/section><section class=\"l-section wpb_row us_custom_ac037762 height_auto\"><div class=\"l-section-overlay\" style=\"background:var(--color-content-bg-alt)\"><\/div><div class=\"l-section-h i-cf\"><div class=\"g-cols vc_row via_grid cols_1 laptops-cols_inherit tablets-cols_inherit mobiles-cols_1 valign_top type_default stacking_default\"><div class=\"wpb_column vc_column_container\"><div class=\"vc_column-inner\"><div class=\"g-cols wpb_row via_grid cols_1-2 laptops-cols_inherit tablets-cols_inherit mobiles-cols_1 valign_middle type_default stacking_default\"><div class=\"wpb_column vc_column_container us_custom_60e9caca us_animate_this\"><div class=\"vc_column-inner\"><div class=\"wpb_text_column\"><div class=\"wpb_wrapper\"><h2>Dr. Mehdi Elahi<\/h2>\n<h3>M\u00f6nchengladbach'taki ortodontistiniz<\/h3>\n<\/div><\/div><div class=\"w-separator size_small\"><\/div><div class=\"wpb_text_column\"><div class=\"wpb_wrapper\"><p>M\u00f6nchengladbach'ta bir ortodontist ar\u0131yorsan\u0131z, o zaman do\u011fru yere geldiniz! Dr. Mehdi Elahi ve ekibi uzun y\u0131llard\u0131r M\u00f6nchengladbach'ta ortodonti alan\u0131nda hizmet vermektedir. Onlar\u0131 Brucknerallee 19 adresinde, Hugo Junker Park ve Pizzeria da Aldo'nun hemen yak\u0131n\u0131nda bulabilirsiniz.<\/p>\n<\/div><\/div><div class=\"w-separator size_small\"><\/div><div class=\"w-btn-wrapper align_none\"><a class=\"w-btn us-btn-style_1 icon_atleft\" target=\"_blank\" href=\"https:\/\/drclip.de\/praxis\/f5a5e67a-5e45-4919-81e4-e50826b437fe\/termin\/reservierung\" rel=\"noopener\"><i class=\"far fa-calendar-check\"><\/i><span class=\"w-btn-label\">\u015eimdi randevu al\u0131n<\/span><\/a><\/div><\/div><\/div><div class=\"wpb_column vc_column_container us_custom_f70d789f us_animate_this\"><div class=\"vc_column-inner\"><div class=\"w-image align_none\"><div class=\"w-image-h\"><img width=\"1350\" height=\"1000\" src=\"https:\/\/www.dr-elahi.de\/wp-content\/uploads\/2022\/10\/0038_Dr-Elahi-Praxis_02.jpg\" class=\"attachment-full size-full\" alt=\"Dr. Mehdi Elahi Ortodontist\" decoding=\"async\" loading=\"lazy\" srcset=\"https:\/\/www.dr-elahi.de\/wp-content\/uploads\/2022\/10\/0038_Dr-Elahi-Praxis_02.jpg 1350w, https:\/\/www.dr-elahi.de\/wp-content\/uploads\/2022\/10\/0038_Dr-Elahi-Praxis_02-300x222.jpg 300w, https:\/\/www.dr-elahi.de\/wp-content\/uploads\/2022\/10\/0038_Dr-Elahi-Praxis_02-1024x759.jpg 1024w\" sizes=\"(max-width: 1350px) 100vw, 1350px\" \/><\/div><\/div><\/div><\/div><\/div><\/div><\/div><\/div><\/div><\/section><section class=\"l-section wpb_row us_custom_ac037762 height_auto\"><div class=\"l-section-h i-cf\"><div class=\"g-cols vc_row via_grid cols_1 laptops-cols_inherit tablets-cols_inherit mobiles-cols_1 valign_top type_default stacking_default\"><div class=\"wpb_column vc_column_container\"><div class=\"vc_column-inner\"><div class=\"g-cols wpb_row via_grid cols_2 laptops-cols_inherit tablets-cols_inherit mobiles-cols_1 valign_top type_default stacking_default\"><div class=\"wpb_column vc_column_container us_custom_60e9caca us_animate_this\"><div class=\"vc_column-inner\"><div class=\"wpb_text_column\"><div class=\"wpb_wrapper\"><h6>KFO M\u00f6nchengladbach: Dr. Mehdi Elahi<\/h6>\n<p>Dr. Mehdi Elahi di\u015f hekimli\u011fi e\u011fitimi ald\u0131. Devlet s\u0131nav\u0131n\u0131 1993 y\u0131l\u0131nda ge\u00e7ti ve Hamburg'daki Eppendorf \u00dcniversite Hastanesi'nde ortodonti e\u011fitimi ald\u0131. Uzmanl\u0131k s\u0131nav\u0131n\u0131 1998 y\u0131l\u0131nda ge\u00e7ti ve o zamandan beri ortodontist olarak \u00e7al\u0131\u015f\u0131yor. Dr. Elahi muayenehanesinde lingual teknik, Invisalign tekni\u011fi ve iskeletsel ankraj gibi modern tedavi y\u00f6ntemlerini kullanmaktad\u0131r.<\/p>\n<h6>KFO M\u00f6nchengladbach: Deneyim ve yorumlar<\/h6>\n<p>Dr. Mehdi Elahi'nin deneyimli, empatik ve \u00e7ok g\u00fcvenilir bir doktor oldu\u011fu ger\u00e7e\u011fi, doktor tavsiye portal\u0131 jameda'daki yaln\u0131zca olumlu ele\u015ftirilerle do\u011frulanmaktad\u0131r. Burada hastalar kendisine M\u00f6nchengladbach'ta ortodontist olarak 1.0 puan vermi\u015flerdir.<\/p>\n<p>\u00d6zellikle uzmanl\u0131\u011f\u0131n\u0131 ve dostane tavr\u0131n\u0131 \u00f6v\u00fcyorlar. Muayenehane ho\u015f ve g\u00fczel olarak tan\u0131mlan\u0131yor. Hastalar ayr\u0131ca muayenehane ekibini de vurguluyor. Referanslar\u0131 buradan okuyabilirsiniz: <a href=\"https:\/\/www.jameda.de\/moenchengladbach\/zahnaerzte\/kieferorthopaeden\/dr-mehdi-elahi\/uebersicht\/80390348_1\/?utm_content=BWlast&amp;utm_source=Kunden-Homepages&amp;utm_medium=Badges&amp;utm_term=80390348&amp;utm_campaign=Badges\" target=\"_blank\" rel=\"noopener\">Dr Elahi'nin jameda hakk\u0131ndaki yorumlar\u0131<\/a><\/p>\n<h6>Bir ortodontist taraf\u0131ndan tedavi neden \u00f6nemlidir?<\/h6>\n<p>\u00c7i\u011fneme sisteminin sorunsuz \u00e7al\u0131\u015fmas\u0131 i\u00e7in di\u015fler, kaslar ve temporomandibular eklem birlikte en iyi \u015fekilde \u00e7al\u0131\u015fmal\u0131d\u0131r.<\/p>\n<p>Her \u00fc\u00e7 \u00fcnite de sa\u011fl\u0131kl\u0131 ve g\u00fc\u00e7l\u00fc olmal\u0131 ve do\u011fa taraf\u0131ndan ama\u00e7lanan pozisyonu almal\u0131d\u0131r. Di\u015flerde ve\/veya \u00e7enede yanl\u0131\u015f hizalanmalar veya \u015fekil bozukluklar\u0131 varsa, bu sa\u011fl\u0131k sorunlar\u0131na yol a\u00e7abilir (\u00f6rne\u011fin ba\u015f, boyun ve s\u0131rtta kronik a\u011fr\u0131, \u00e7i\u011fneme ve \u0131s\u0131rma i\u015flevinde bozulma, telaffuz g\u00fc\u00e7l\u00fc\u011f\u00fc). Ayr\u0131ca, di\u015fler \u00e7arp\u0131ksa bir g\u00fcl\u00fcmseme daha az \u00e7ekici g\u00f6r\u00fcnebilir.<\/p>\n<p>Sa\u011fl\u0131k ve esteti\u011fi sa\u011flamak i\u00e7in - KFO M\u00f6nchengladbach bunun i\u00e7in var.<\/p>\n<\/div><\/div><div class=\"w-separator size_small\" id=\"p167\"><style>@media(max-width:1024px){ #p167{height:1.5rem!important}}@media(max-width:600px){ #p167{height:1.5rem!important}}<\/style><\/div><div class=\"w-image align_none\"><div class=\"w-image-h\"><img width=\"1000\" height=\"750\" src=\"https:\/\/www.dr-elahi.de\/wp-content\/uploads\/2022\/10\/0038_Dr-Elahi-Team_04-1.jpg\" class=\"attachment-large size-large\" alt=\"Dr. Mehdi Elahi Ortodontist\" decoding=\"async\" loading=\"lazy\" srcset=\"https:\/\/www.dr-elahi.de\/wp-content\/uploads\/2022\/10\/0038_Dr-Elahi-Team_04-1.jpg 1000w, https:\/\/www.dr-elahi.de\/wp-content\/uploads\/2022\/10\/0038_Dr-Elahi-Team_04-1-300x225.jpg 300w\" sizes=\"(max-width: 1000px) 100vw, 1000px\" \/><\/div><\/div><\/div><\/div><div class=\"wpb_column vc_column_container us_custom_f70d789f us_animate_this\"><div class=\"vc_column-inner\"><div class=\"wpb_text_column\"><div class=\"wpb_wrapper\"><h6>KFO M\u00f6nchengladbach: \u00c7apra\u015f\u0131k di\u015flerin d\u00fczeltilmesi i\u00e7in g\u00f6r\u00fcnmez di\u015f telleri<\/h6>\n<p>Yanl\u0131\u015f hizalanm\u0131\u015f di\u015fleri d\u00fczeltmek i\u00e7in ortodontistiniz Dr. Mehdi Elahi, di\u011fer \u015feylerin yan\u0131 s\u0131ra g\u00f6r\u00fcnmez di\u015f d\u00fczeltme y\u00f6ntemini kullan\u0131r:<\/p>\n<ul>\n<li><strong><a href=\"https:\/\/www.dr-elahi.de\/tr\/spektrum\/#lingualtechnik\">Lingual teknik<\/a><\/strong><br \/>\nBraketler di\u015flerin i\u00e7 k\u0131sm\u0131na tak\u0131l\u0131r<\/li>\n<li><strong><a href=\"https:\/\/www.dr-elahi.de\/tr\/spektrum\/#invisalign-technik\">Invisalign tekni\u011fi<\/a><\/strong><br \/>\n\u00c7arp\u0131k di\u015flerin d\u00fczeltilmesi alignerlarla, yani neredeyse g\u00f6r\u00fcnmez splintlerle ger\u00e7ekle\u015ftirilir<\/li>\n<li><strong><a href=\"https:\/\/www.dr-elahi.de\/tr\/spektrum\/#skelettale-verankerung\">\u0130skelet ankraj\u0131<\/a> ve \u00e7oklu braket sistemi<\/strong><br \/>\nBraketler sadece hareket ettirilecek di\u015flere yap\u0131\u015ft\u0131r\u0131l\u0131r<\/li>\n<\/ul>\n<h6>M\u00f6nchengladbach'taki ortodontistte \u00e7ene hizas\u0131zl\u0131klar\u0131n\u0131n tedavisi<\/h6>\n<p>\u00c7enenin yanl\u0131\u015f hizalanmas\u0131 s\u0131kl\u0131kla \u015fikayetlere yol a\u00e7ar. Bunlar da Dr. Elahi taraf\u0131ndan tedavi edilebilir:<\/p>\n<ul>\n<li><strong><a href=\"https:\/\/www.dr-elahi.de\/tr\/spektrum\/#funktionskieferorthopaedie\">Fonksiyonel ortodonti<\/a><\/strong><br \/>\n\u00c7\u0131kar\u0131labilir fonksiyonel ortodontik aparey ile d\u00fczeltme<\/li>\n<li><strong><a href=\"https:\/\/www.dr-elahi.de\/tr\/spektrum\/#orthognathische-chirurgie\">Ortognatik cerrahi<\/a><\/strong><br \/>\n\u00f6rn. \u00fcst ve alt \u00e7enenin cerrahi tedavisi<\/li>\n<\/ul>\n<h6>Yeti\u015fkinler i\u00e7in ortodonti<\/h6>\n<p>Yanl\u0131\u015f hizalanm\u0131\u015f di\u015flerin ve \u00e7enelerin tedavisi sadece \u00e7ocuklar ve ergenler i\u00e7in uygun de\u011fildir. Yeti\u015fkinler de bir ortodontist taraf\u0131ndan di\u015f telleri ile di\u015flerini d\u00fczelttirebilirler. Bununla birlikte, di\u015flerin d\u00fczeltilmesi yeti\u015fkinlikte gen\u00e7 ya\u015flara g\u00f6re daha fazla sab\u0131r gerektirir. Bununla birlikte, giderek daha fazla hasta sadece estetik nedenlerle de\u011fil, ayn\u0131 zamanda sa\u011fl\u0131k nedenleriyle de di\u015flerini M\u00f6nchengladbach'taki bir ortodontist taraf\u0131ndan d\u00fczelttirmeye karar veriyor.<\/p>\n<h6>M\u00f6nchengladbach'ta bir ortodontistten randevu al\u0131n<\/h6>\n<p>M\u00f6nchengladbach'ta bir ortodontist ar\u0131yorsan\u0131z ve Dr. Elahi'den randevu almak istiyorsan\u0131z bizimle ileti\u015fime ge\u00e7ebilirsiniz:<\/p>\n<p>Dr. med. dent. Mehdi Elahi<br \/>\nBrucknerallee 19<br \/>\n41236 M\u00f6nchengladbach<\/p>\n<p>Tel: <a href=\"tel:+49216644010\">02166 44010<\/a><br \/>\nFaks: 02166 846 333<br \/>\nE-Mail:\u00a0<a href=\"mailto:info@dr-elahi.de\">info@dr-elahi.de<\/a><\/p>\n<\/div><\/div><div class=\"w-separator size_small\"><\/div><div class=\"w-socials color_text shape_none\" style=\"--gap:1em;\"><div class=\"w-socials-list\"><div class=\"w-socials-item facebook\"><a class=\"w-socials-item-link\" href=\"https:\/\/www.facebook.com\/profile.php?id=100076066057445\" target=\"_blank\" rel=\"noopener\" title=\"Facebook\" aria-label=\"Facebook\"><span class=\"w-socials-item-link-hover\"><\/span><i class=\"fab fa-facebook\"><\/i><\/a><\/div><div class=\"w-socials-item instagram\"><a class=\"w-socials-item-link\" href=\"https:\/\/www.instagram.com\/praxis.dr.elahi\/\" target=\"_blank\" rel=\"noopener\" title=\"Instagram\" aria-label=\"Instagram\"><span class=\"w-socials-item-link-hover\"><\/span><i class=\"fab fa-instagram\"><\/i><\/a><\/div><div class=\"w-socials-item youtube\"><a class=\"w-socials-item-link\" href=\"https:\/\/www.youtube.com\/watch?v=_CLlORNHzo8\" target=\"_blank\" rel=\"noopener\" title=\"YouTube\" aria-label=\"YouTube\"><span class=\"w-socials-item-link-hover\"><\/span><i class=\"fab fa-youtube\"><\/i><\/a><\/div><div class=\"w-socials-item custom\"><a class=\"w-socials-item-link\" href=\"https:\/\/www.jameda.de\/moenchengladbach\/zahnaerzte\/kieferorthopaeden\/dr-mehdi-elahi\/uebersicht\/80390348_1\/\" target=\"_blank\" rel=\"noopener\" title=\"Ba\u015fl\u0131k\" aria-label=\"Ba\u015fl\u0131k\"><span class=\"w-socials-item-link-hover\" style=\"background:var(--color-content-faded);\"><\/span><i class=\"fas fa-star-half-alt\"><\/i><\/a><\/div><\/div><\/div><div class=\"w-separator size_small\"><\/div><div class=\"w-btn-wrapper align_none\"><a class=\"w-btn us-btn-style_1 us_custom_8f2ba1f4 us_animate_this icon_atleft\" target=\"_blank\" href=\"https:\/\/drclip.de\/praxis\/f5a5e67a-5e45-4919-81e4-e50826b437fe\/termin\/reservierung\" rel=\"noopener\"><i class=\"far fa-calendar-check\"><\/i><span class=\"w-btn-label\">\u015eimdi randevu al\u0131n<\/span><\/a><\/div><\/div><\/div><\/div><\/div><\/div><\/div><\/div><\/section>","protected":false},"excerpt":{"rendered":"KFO in M\u00f6nchengladbach Dr. Mehdi Elahi Ihr KFO in M\u00f6nchengladbach Wenn Sie auf der Suche nach einem KFO (also einem Kieferorthop\u00e4den) in M\u00f6nchengladbach sind, dann sind Sie hier genau richtig! Dr. Mehdi Elahi ist mit seinem Team seit vielen Jahren in seiner Praxis f\u00fcr Kieferorthop\u00e4die in M\u00f6nchengladbach niedergelassen. Sie finden diese in der Brucknerallee 19,...","protected":false},"author":2,"featured_media":360,"parent":0,"menu_order":0,"comment_status":"closed","ping_status":"closed","template":"","meta":{"footnotes":""},"yoast_head":"<!-- This site is optimized with the Yoast SEO plugin v22.5 - https:\/\/yoast.com\/wordpress\/plugins\/seo\/ -->\n<title>KFO in M\u00f6nchengladbach \u2022 Kieferorthop\u00e4de Dr. Elahi<\/title>\n<meta name=\"description\" content=\"KFO in M\u00f6nchengladbach \u2713 Wenn Sie auf der Suche nach einem Kieferorthop\u00e4den in M\u00f6nchengladbach sind, dann sind Sie hier genau richtig!\" \/>\n<meta name=\"robots\" content=\"index, follow, max-snippet:-1, max-image-preview:large, max-video-preview:-1\" \/>\n<link rel=\"canonical\" href=\"https:\/\/www.dr-elahi.de\/tr\/moenchengladbachta-kfo\/\" \/>\n<meta property=\"og:locale\" content=\"tr_TR\" \/>\n<meta property=\"og:type\" content=\"article\" \/>\n<meta property=\"og:title\" content=\"KFO in M\u00f6nchengladbach \u2022 Kieferorthop\u00e4de Dr. Elahi\" \/>\n<meta property=\"og:description\" content=\"KFO in M\u00f6nchengladbach \u2713 Wenn Sie auf der Suche nach einem Kieferorthop\u00e4den in M\u00f6nchengladbach sind, dann sind Sie hier genau richtig!\" \/>\n<meta property=\"og:url\" content=\"https:\/\/www.dr-elahi.de\/tr\/moenchengladbachta-kfo\/\" \/>\n<meta property=\"og:site_name\" content=\"Kieferorthop\u00e4de Dr. Elahi\" \/>\n<meta property=\"article:modified_time\" content=\"2025-10-31T06:31:42+00:00\" \/>\n<meta property=\"og:image\" content=\"https:\/\/www.dr-elahi.de\/wp-content\/uploads\/2022\/10\/0038_Dr-Elahi-Praxis_02.jpg\" \/>\n\t<meta property=\"og:image:width\" content=\"1350\" \/>\n\t<meta property=\"og:image:height\" content=\"1000\" \/>\n\t<meta property=\"og:image:type\" content=\"image\/jpeg\" \/>\n<meta name=\"twitter:card\" content=\"summary_large_image\" \/>\n<meta name=\"twitter:label1\" content=\"Est. reading time\" \/>\n\t<meta name=\"twitter:data1\" content=\"4 dakika\" \/>\n<script type=\"application\/ld+json\" class=\"yoast-schema-graph\">{\"@context\":\"https:\/\/schema.org\",\"@graph\":[{\"@type\":\"WebPage\",\"@id\":\"https:\/\/www.dr-elahi.de\/kfo-in-moenchengladbach\/\",\"url\":\"https:\/\/www.dr-elahi.de\/kfo-in-moenchengladbach\/\",\"name\":\"KFO in M\u00f6nchengladbach \u2022 Kieferorthop\u00e4de Dr. Elahi\",\"isPartOf\":{\"@id\":\"https:\/\/www.dr-elahi.de\/#website\"},\"primaryImageOfPage\":{\"@id\":\"https:\/\/www.dr-elahi.de\/kfo-in-moenchengladbach\/#primaryimage\"},\"image\":{\"@id\":\"https:\/\/www.dr-elahi.de\/kfo-in-moenchengladbach\/#primaryimage\"},\"thumbnailUrl\":\"https:\/\/www.dr-elahi.de\/wp-content\/uploads\/2022\/10\/0038_Dr-Elahi-Praxis_02.jpg\",\"datePublished\":\"2023-07-06T09:01:01+00:00\",\"dateModified\":\"2025-10-31T06:31:42+00:00\",\"description\":\"KFO in M\u00f6nchengladbach \u2713 Wenn Sie auf der Suche nach einem Kieferorthop\u00e4den in M\u00f6nchengladbach sind, dann sind Sie hier genau richtig!\",\"breadcrumb\":{\"@id\":\"https:\/\/www.dr-elahi.de\/kfo-in-moenchengladbach\/#breadcrumb\"},\"inLanguage\":\"tr\",\"potentialAction\":[{\"@type\":\"ReadAction\",\"target\":[\"https:\/\/www.dr-elahi.de\/kfo-in-moenchengladbach\/\"]}]},{\"@type\":\"ImageObject\",\"inLanguage\":\"tr\",\"@id\":\"https:\/\/www.dr-elahi.de\/kfo-in-moenchengladbach\/#primaryimage\",\"url\":\"https:\/\/www.dr-elahi.de\/wp-content\/uploads\/2022\/10\/0038_Dr-Elahi-Praxis_02.jpg\",\"contentUrl\":\"https:\/\/www.dr-elahi.de\/wp-content\/uploads\/2022\/10\/0038_Dr-Elahi-Praxis_02.jpg\",\"width\":1350,\"height\":1000,\"caption\":\"Dr. Mehdi Elahi Kieferorthop\u00e4de\"},{\"@type\":\"BreadcrumbList\",\"@id\":\"https:\/\/www.dr-elahi.de\/kfo-in-moenchengladbach\/#breadcrumb\",\"itemListElement\":[{\"@type\":\"ListItem\",\"position\":1,\"name\":\"Startseite\",\"item\":\"https:\/\/www.dr-elahi.de\/\"},{\"@type\":\"ListItem\",\"position\":2,\"name\":\"KFO in M\u00f6nchengladbach\"}]},{\"@type\":\"WebSite\",\"@id\":\"https:\/\/www.dr-elahi.de\/#website\",\"url\":\"https:\/\/www.dr-elahi.de\/\",\"name\":\"Kieferorthop\u00e4de Dr. Elahi\",\"description\":\"Kieferorthop\u00e4de M\u00f6nchengladbach\",\"potentialAction\":[{\"@type\":\"SearchAction\",\"target\":{\"@type\":\"EntryPoint\",\"urlTemplate\":\"https:\/\/www.dr-elahi.de\/?s={search_term_string}\"},\"query-input\":\"required name=search_term_string\"}],\"inLanguage\":\"tr\"}]}<\/script>\n<!-- \/ Yoast SEO plugin. -->","yoast_head_json":{"title":"KFO in M\u00f6nchengladbach \u2022 Kieferorthop\u00e4de Dr. Elahi","description":"KFO in M\u00f6nchengladbach \u2713 Wenn Sie auf der Suche nach einem Kieferorthop\u00e4den in M\u00f6nchengladbach sind, dann sind Sie hier genau richtig!","robots":{"index":"index","follow":"follow","max-snippet":"max-snippet:-1","max-image-preview":"max-image-preview:large","max-video-preview":"max-video-preview:-1"},"canonical":"https:\/\/www.dr-elahi.de\/tr\/moenchengladbachta-kfo\/","og_locale":"tr_TR","og_type":"article","og_title":"KFO in M\u00f6nchengladbach \u2022 Kieferorthop\u00e4de Dr. Elahi","og_description":"KFO in M\u00f6nchengladbach \u2713 Wenn Sie auf der Suche nach einem Kieferorthop\u00e4den in M\u00f6nchengladbach sind, dann sind Sie hier genau richtig!","og_url":"https:\/\/www.dr-elahi.de\/tr\/moenchengladbachta-kfo\/","og_site_name":"Kieferorthop\u00e4de Dr. Elahi","article_modified_time":"2025-10-31T06:31:42+00:00","og_image":[{"width":1350,"height":1000,"url":"https:\/\/www.dr-elahi.de\/wp-content\/uploads\/2022\/10\/0038_Dr-Elahi-Praxis_02.jpg","type":"image\/jpeg"}],"twitter_card":"summary_large_image","twitter_misc":{"Est. reading time":"4 dakika"},"schema":{"@context":"https:\/\/schema.org","@graph":[{"@type":"WebPage","@id":"https:\/\/www.dr-elahi.de\/kfo-in-moenchengladbach\/","url":"https:\/\/www.dr-elahi.de\/kfo-in-moenchengladbach\/","name":"KFO in M\u00f6nchengladbach \u2022 Kieferorthop\u00e4de Dr. Elahi","isPartOf":{"@id":"https:\/\/www.dr-elahi.de\/#website"},"primaryImageOfPage":{"@id":"https:\/\/www.dr-elahi.de\/kfo-in-moenchengladbach\/#primaryimage"},"image":{"@id":"https:\/\/www.dr-elahi.de\/kfo-in-moenchengladbach\/#primaryimage"},"thumbnailUrl":"https:\/\/www.dr-elahi.de\/wp-content\/uploads\/2022\/10\/0038_Dr-Elahi-Praxis_02.jpg","datePublished":"2023-07-06T09:01:01+00:00","dateModified":"2025-10-31T06:31:42+00:00","description":"KFO in M\u00f6nchengladbach \u2713 Wenn Sie auf der Suche nach einem Kieferorthop\u00e4den in M\u00f6nchengladbach sind, dann sind Sie hier genau richtig!","breadcrumb":{"@id":"https:\/\/www.dr-elahi.de\/kfo-in-moenchengladbach\/#breadcrumb"},"inLanguage":"tr","potentialAction":[{"@type":"ReadAction","target":["https:\/\/www.dr-elahi.de\/kfo-in-moenchengladbach\/"]}]},{"@type":"ImageObject","inLanguage":"tr","@id":"https:\/\/www.dr-elahi.de\/kfo-in-moenchengladbach\/#primaryimage","url":"https:\/\/www.dr-elahi.de\/wp-content\/uploads\/2022\/10\/0038_Dr-Elahi-Praxis_02.jpg","contentUrl":"https:\/\/www.dr-elahi.de\/wp-content\/uploads\/2022\/10\/0038_Dr-Elahi-Praxis_02.jpg","width":1350,"height":1000,"caption":"Dr. Mehdi Elahi Kieferorthop\u00e4de"},{"@type":"BreadcrumbList","@id":"https:\/\/www.dr-elahi.de\/kfo-in-moenchengladbach\/#breadcrumb","itemListElement":[{"@type":"ListItem","position":1,"name":"Startseite","item":"https:\/\/www.dr-elahi.de\/"},{"@type":"ListItem","position":2,"name":"KFO in M\u00f6nchengladbach"}]},{"@type":"WebSite","@id":"https:\/\/www.dr-elahi.de\/#website","url":"https:\/\/www.dr-elahi.de\/","name":"Kieferorthop\u00e4de Dr. Elahi","description":"Kieferorthop\u00e4de M\u00f6nchengladbach","potentialAction":[{"@type":"SearchAction","target":{"@type":"EntryPoint","urlTemplate":"https:\/\/www.dr-elahi.de\/?s={search_term_string}"},"query-input":"required name=search_term_string"}],"inLanguage":"tr"}]}},"_links":{"self":[{"href":"https:\/\/www.dr-elahi.de\/tr\/wp-json\/wp\/v2\/pages\/421"}],"collection":[{"href":"https:\/\/www.dr-elahi.de\/tr\/wp-json\/wp\/v2\/pages"}],"about":[{"href":"https:\/\/www.dr-elahi.de\/tr\/wp-json\/wp\/v2\/types\/page"}],"author":[{"embeddable":true,"href":"https:\/\/www.dr-elahi.de\/tr\/wp-json\/wp\/v2\/users\/2"}],"replies":[{"embeddable":true,"href":"https:\/\/www.dr-elahi.de\/tr\/wp-json\/wp\/v2\/comments?post=421"}],"version-history":[{"count":7,"href":"https:\/\/www.dr-elahi.de\/tr\/wp-json\/wp\/v2\/pages\/421\/revisions"}],"predecessor-version":[{"id":667,"href":"https:\/\/www.dr-elahi.de\/tr\/wp-json\/wp\/v2\/pages\/421\/revisions\/667"}],"wp:featuredmedia":[{"embeddable":true,"href":"https:\/\/www.dr-elahi.de\/tr\/wp-json\/wp\/v2\/media\/360"}],"wp:attachment":[{"href":"https:\/\/www.dr-elahi.de\/tr\/wp-json\/wp\/v2\/media?parent=421"}],"curies":[{"name":"wp","href":"https:\/\/api.w.org\/{rel}","templated":true}]}}