{"id":428,"date":"2023-07-06T09:24:11","date_gmt":"2023-07-06T09:24:11","guid":{"rendered":"https:\/\/www.dr-elahi.de\/?page_id=428"},"modified":"2025-10-31T06:37:39","modified_gmt":"2025-10-31T06:37:39","slug":"malokluezyon-tedavisi-moenchengladbach-2","status":"publish","type":"page","link":"https:\/\/www.dr-elahi.de\/tr\/malokluezyon-tedavisi-moenchengladbach-2\/","title":{"rendered":"Yanl\u0131\u015f hizalanm\u0131\u015f di\u015flerin tedavisi M\u00f6nchengladbach"},"content":{"rendered":"<section class=\"l-section wpb_row us_custom_acfd0fdb height_auto\"><div class=\"l-section-h i-cf\"><div class=\"g-cols vc_row via_grid cols_2 laptops-cols_inherit tablets-cols_inherit mobiles-cols_1 valign_top type_default stacking_default\"><div class=\"wpb_column vc_column_container us_custom_819670d1 us_animate_this  hide_on_tablets hide_on_mobiles has_bg_color\"><div class=\"vc_column-inner\"><h1 style=\"font-size: 2.3rem;line-height: 1.2;text-align: left;font-family:Roboto;font-weight:300;font-style:normal\" class=\"vc_custom_heading us_custom_1fb8b2dc us_animate_this\" >Yanl\u0131\u015f hizalanm\u0131\u015f di\u015flerin tedavisi M\u00f6nchengladbach<\/h1><\/div><\/div><div class=\"wpb_column vc_column_container\"><div class=\"vc_column-inner\"><\/div><\/div><\/div><\/div><\/section><section class=\"l-section wpb_row us_custom_ac037762 height_auto\"><div class=\"l-section-overlay\" style=\"background:var(--color-content-bg-alt)\"><\/div><div class=\"l-section-h i-cf\"><div class=\"g-cols vc_row via_grid cols_1 laptops-cols_inherit tablets-cols_inherit mobiles-cols_1 valign_top type_default stacking_default\"><div class=\"wpb_column vc_column_container\"><div class=\"vc_column-inner\"><div class=\"g-cols wpb_row via_grid cols_1-2 laptops-cols_inherit tablets-cols_inherit mobiles-cols_1 valign_middle type_default stacking_default\"><div class=\"wpb_column vc_column_container us_custom_60e9caca us_animate_this\"><div class=\"vc_column-inner\"><div class=\"wpb_text_column\"><div class=\"wpb_wrapper\"><h2>Dr. Mehdi Elahi<\/h2>\n<h3>M\u00f6nchengladbach'ta yanl\u0131\u015f hizalanm\u0131\u015f di\u015flerin tedavisi<\/h3>\n<\/div><\/div><div class=\"w-separator size_small\"><\/div><div class=\"wpb_text_column\"><div class=\"wpb_wrapper\"><p>Yanl\u0131\u015f hizalanm\u0131\u015f di\u015f (\u00e7arp\u0131k di\u015f), bir veya daha fazla di\u015fin \u00fcst veya alt \u00e7enenin ideal di\u015f ark\u0131n\u0131n d\u0131\u015f\u0131nda herhangi bir pozisyonda olmas\u0131d\u0131r. Estetik sorunlara ek olarak, yanl\u0131\u015f hizalanm\u0131\u015f veya \u00e7arp\u0131k di\u015fler di\u015f yap\u0131s\u0131n\u0131n bozulmas\u0131na da neden olabilir ve bu da bazen uzun vadede a\u011fr\u0131ya yol a\u00e7abilir.<\/p>\n<\/div><\/div><div class=\"w-separator size_small\"><\/div><div class=\"w-btn-wrapper align_none\"><a class=\"w-btn us-btn-style_1 icon_atleft\" target=\"_blank\" href=\"https:\/\/drclip.de\/praxis\/f5a5e67a-5e45-4919-81e4-e50826b437fe\/termin\/reservierung\" rel=\"noopener\"><i class=\"far fa-calendar-check\"><\/i><span class=\"w-btn-label\">\u015eimdi randevu al\u0131n<\/span><\/a><\/div><\/div><\/div><div class=\"wpb_column vc_column_container us_custom_f70d789f us_animate_this\"><div class=\"vc_column-inner\"><div class=\"w-image align_none\"><div class=\"w-image-h\"><img width=\"1000\" height=\"750\" src=\"https:\/\/www.dr-elahi.de\/wp-content\/uploads\/2022\/10\/0038_Dr-Elahi-Team_03-1.jpg\" class=\"attachment-full size-full\" alt=\"Dr. Mehdi Elahi Ortodontist\" decoding=\"async\" loading=\"lazy\" srcset=\"https:\/\/www.dr-elahi.de\/wp-content\/uploads\/2022\/10\/0038_Dr-Elahi-Team_03-1.jpg 1000w, https:\/\/www.dr-elahi.de\/wp-content\/uploads\/2022\/10\/0038_Dr-Elahi-Team_03-1-300x225.jpg 300w\" sizes=\"(max-width: 1000px) 100vw, 1000px\" \/><\/div><\/div><\/div><\/div><\/div><\/div><\/div><\/div><\/div><\/section><section class=\"l-section wpb_row us_custom_ac037762 height_auto\"><div class=\"l-section-h i-cf\"><div class=\"g-cols vc_row via_grid cols_1 laptops-cols_inherit tablets-cols_inherit mobiles-cols_1 valign_top type_default stacking_default\"><div class=\"wpb_column vc_column_container\"><div class=\"vc_column-inner\"><div class=\"g-cols wpb_row via_grid cols_2 laptops-cols_inherit tablets-cols_inherit mobiles-cols_1 valign_top type_default stacking_default\"><div class=\"wpb_column vc_column_container us_custom_60e9caca us_animate_this\"><div class=\"vc_column-inner\"><div class=\"wpb_text_column\"><div class=\"wpb_wrapper\"><h6>Yanl\u0131\u015f hizalanm\u0131\u015f di\u015flerin nedenleri<\/h6>\n<ul>\n<li>Kal\u0131t\u0131m<\/li>\n<li>Hormonal nedenler<\/li>\n<li>Yar\u0131k dudak ve damak ile ba\u011flant\u0131l\u0131 olarak<\/li>\n<li>Edinilmi\u015f malokl\u00fczyonlar \/ \u00e7arp\u0131k di\u015fler<\/li>\n<li>Bula\u015f\u0131c\u0131 hastal\u0131klar<\/li>\n<li>Kronik vitamin eksikli\u011fi<\/li>\n<\/ul>\n<h6>Yanl\u0131\u015f hizalanm\u0131\u015f di\u015flerin sonu\u00e7lar\u0131<\/h6>\n<ul>\n<li>Di\u015flerde malformasyonlar<\/li>\n<li>Yanl\u0131\u015f y\u00fckleme (di\u015fler, kemikler, kaslar)<\/li>\n<li>\u00c7ene veya y\u00fcz kaslar\u0131nda malformasyon<\/li>\n<li>\u00c7i\u011fneme ile ilgili sorunlar<\/li>\n<li>Temporomandibular eklemde a\u011fr\u0131<\/li>\n<li>Dudak kapanmas\u0131 ile ilgili sorunlar<\/li>\n<li>A\u011f\u0131z solunumu art\u0131\u015f\u0131 (enfeksiyona yatk\u0131nl\u0131k)<\/li>\n<li>Konu\u015fma hatalar\u0131 (\u00f6rn. peltek konu\u015fma)<\/li>\n<\/ul>\n<h6>Yanl\u0131\u015f hizalanm\u0131\u015f\/\u00e7arp\u0131k di\u015fler i\u00e7in olas\u0131 tedavi \u015fekilleri<\/h6>\n<p>Ortodontik uygulamada kullan\u0131lan bir\u00e7ok tedavi \u015fekli vard\u0131r. Hangi tedavinin en b\u00fcy\u00fck ba\u015far\u0131y\u0131 vaat etti\u011fine ba\u015flang\u0131\u00e7taki duruma ba\u011fl\u0131 olarak bireysel olarak karar verilmelidir. A\u015fa\u011f\u0131da, muayenehanemizde size sundu\u011fumuz teknikleri sunmak istiyoruz:<\/p>\n<\/div><\/div><div class=\"w-separator size_small\" id=\"n006\"><style>@media(max-width:1024px){ #n006{height:1.5rem!important}}@media(max-width:600px){ #n006{height:1.5rem!important}}<\/style><\/div><div class=\"w-image align_none\"><div class=\"w-image-h\"><img width=\"1000\" height=\"750\" src=\"https:\/\/www.dr-elahi.de\/wp-content\/uploads\/2023\/07\/0038_Infografik_Fehlstellungen_01.jpg\" class=\"attachment-large size-large\" alt=\"Yanl\u0131\u015f hizalanm\u0131\u015f di\u015flerin tedavisi M\u00f6nchengladbach\" decoding=\"async\" loading=\"lazy\" srcset=\"https:\/\/www.dr-elahi.de\/wp-content\/uploads\/2023\/07\/0038_Infografik_Fehlstellungen_01.jpg 1000w, https:\/\/www.dr-elahi.de\/wp-content\/uploads\/2023\/07\/0038_Infografik_Fehlstellungen_01-300x225.jpg 300w\" sizes=\"(max-width: 1000px) 100vw, 1000px\" \/><\/div><\/div><\/div><\/div><div class=\"wpb_column vc_column_container us_custom_f70d789f us_animate_this\"><div class=\"vc_column-inner\"><div class=\"wpb_text_column\"><div class=\"wpb_wrapper\"><h6>Lingual teknik<\/h6>\n<p>Bu teknikte braketler ve arklar di\u015flerin lingual y\u00fczeyine (i\u00e7 k\u0131sm\u0131na) tutturulur. Bu tekni\u011fin avantaj\u0131, geleneksel sabit di\u015f tellerine benzer \u015fekilde t\u00fcm di\u015f hareketlerinin ger\u00e7ekle\u015ftirilebilmesine ra\u011fmen di\u015f tellerinin t\u00fcm tedavi boyunca g\u00f6r\u00fcnmez kalmas\u0131d\u0131r.<\/p>\n<p><strong>Konuyla ilgili daha fazla bilgi: <a href=\"https:\/\/www.dr-elahi.de\/tr\/spektrum\/#lingualtechnik\">Lingual teknik<\/a><\/strong><\/p>\n<h6>Invisalign tekni\u011fi<\/h6>\n<p>Invisalign prosed\u00fcr\u00fc ile di\u015fler \u015feffaf, elastik splintler (hizalay\u0131c\u0131lar olarak adland\u0131r\u0131l\u0131r) yard\u0131m\u0131yla d\u00fczeltilir. 3D bilgisayar teknolojisi kullan\u0131larak, di\u015flerin \u00e7ok hassas iki a\u015famal\u0131 silikon kal\u0131plar\u0131ndan her tedavi a\u015famas\u0131 i\u00e7in ayr\u0131 bir hizalay\u0131c\u0131 \u00fcretilir.<\/p>\n<p><strong>Konuyla ilgili daha fazla bilgi: <a href=\"https:\/\/www.dr-elahi.de\/tr\/spektrum\/#invisalign-technik\">Invisalign tekni\u011fi<\/a><\/strong><\/p>\n<h6>\u0130skelet ankraj\u0131 ve segmental teknik<\/h6>\n<p>Karma\u015f\u0131k vakalarda, iskeletsel ankraj ve \u00e7oklu braket sistemlerinin kombinasyonu \u00f6zellikle arka di\u015fler i\u00e7in uygundur. Ba\u015flang\u0131\u00e7 durumuna ba\u011fl\u0131 olarak Invisalign ile bir kombinasyon da m\u00fcmk\u00fcnd\u00fcr.<\/p>\n<p><strong>Konuyla ilgili daha fazla bilgi: <a href=\"https:\/\/www.dr-elahi.de\/tr\/spektrum\/#skelettale-verankerung\">\u0130skelet ankraj\u0131<\/a><\/strong><\/p>\n<h6>Yanl\u0131\u015f hizalanm\u0131\u015f di\u015flerin tedavisi i\u00e7in randevu al\u0131n<\/h6>\n<p>E\u011fer bir ortodontist ar\u0131yorsan\u0131z ve bir ortodontist bulmak istiyorsan\u0131z bizimle ileti\u015fime ge\u00e7ebilirsiniz. <a href=\"https:\/\/drclip.de\/praxis\/f5a5e67a-5e45-4919-81e4-e50826b437fe\/termin\/reservierung\" target=\"_blank\" rel=\"noopener\">Tarih<\/a> M\u00f6nchengladbach'ta yanl\u0131\u015f hizalanm\u0131\u015f di\u015flerin tedavisi i\u00e7in Dr. Elahi ile:<\/p>\n<p>Dr. med. dent. Mehdi Elahi<br \/>\nBrucknerallee 19<br \/>\n41236 M\u00f6nchengladbach<\/p>\n<p>Tel: <a href=\"tel:+49216644010\">02166 44010<\/a><br \/>\nFaks: 02166 846 333<br \/>\nE-Mail:\u00a0<a href=\"mailto:info@dr-elahi.de\">info@dr-elahi.de<\/a><\/p>\n<\/div><\/div><div class=\"w-separator size_small\"><\/div><div class=\"w-socials color_text shape_none\" style=\"--gap:1em;\"><div class=\"w-socials-list\"><div class=\"w-socials-item facebook\"><a class=\"w-socials-item-link\" href=\"https:\/\/www.facebook.com\/profile.php?id=100076066057445\" target=\"_blank\" rel=\"noopener\" title=\"Facebook\" aria-label=\"Facebook\"><span class=\"w-socials-item-link-hover\"><\/span><i class=\"fab fa-facebook\"><\/i><\/a><\/div><div class=\"w-socials-item instagram\"><a class=\"w-socials-item-link\" href=\"https:\/\/www.instagram.com\/praxis.dr.elahi\/\" target=\"_blank\" rel=\"noopener\" title=\"Instagram\" aria-label=\"Instagram\"><span class=\"w-socials-item-link-hover\"><\/span><i class=\"fab fa-instagram\"><\/i><\/a><\/div><div class=\"w-socials-item youtube\"><a class=\"w-socials-item-link\" href=\"https:\/\/www.youtube.com\/watch?v=_CLlORNHzo8\" target=\"_blank\" rel=\"noopener\" title=\"YouTube\" aria-label=\"YouTube\"><span class=\"w-socials-item-link-hover\"><\/span><i class=\"fab fa-youtube\"><\/i><\/a><\/div><div class=\"w-socials-item custom\"><a class=\"w-socials-item-link\" href=\"https:\/\/www.jameda.de\/moenchengladbach\/zahnaerzte\/kieferorthopaeden\/dr-mehdi-elahi\/uebersicht\/80390348_1\/\" target=\"_blank\" rel=\"noopener\" title=\"Ba\u015fl\u0131k\" aria-label=\"Ba\u015fl\u0131k\"><span class=\"w-socials-item-link-hover\" style=\"background:var(--color-content-faded);\"><\/span><i class=\"fas fa-star-half-alt\"><\/i><\/a><\/div><\/div><\/div><div class=\"w-separator size_small\"><\/div><div class=\"w-btn-wrapper align_none\"><a class=\"w-btn us-btn-style_1 us_custom_8f2ba1f4 us_animate_this icon_atleft\" target=\"_blank\" href=\"https:\/\/drclip.de\/praxis\/f5a5e67a-5e45-4919-81e4-e50826b437fe\/termin\/reservierung\" rel=\"noopener\"><i class=\"far fa-calendar-check\"><\/i><span class=\"w-btn-label\">\u015eimdi randevu al\u0131n<\/span><\/a><\/div><\/div><\/div><\/div><\/div><\/div><\/div><\/div><\/section>","protected":false},"excerpt":{"rendered":"Behandlung Zahn\u00adfehl\u00adstellung M\u00f6nchen\u00adgladbachDr. Mehdi Elahi Behandlung Zahn\u00adfehl\u00adstellung in M\u00f6nchen\u00adgladbach Eine Zahnfehlstellung (schiefe Z\u00e4hne) ist jegliche Stellung eines Zahnes oder mehrerer Z\u00e4hne au\u00dferhalb der idealen Zahnbogenform des Oberkiefers oder Unterkiefers. Neben \u00e4sthetischen Auff\u00e4lligkeiten kann eine Zahnfehlstellung \/ schiefe Z\u00e4hne auch eine Fehlfunktion des Gebisses bewirken, die auf lange Sicht mitunter zu Schmerzen f\u00fchren kann. Jetzt Termin...","protected":false},"author":2,"featured_media":250,"parent":0,"menu_order":0,"comment_status":"closed","ping_status":"closed","template":"","meta":{"footnotes":""},"yoast_head":"<!-- This site is optimized with the Yoast SEO plugin v22.5 - https:\/\/yoast.com\/wordpress\/plugins\/seo\/ -->\n<title>Behandlung Zahnfehlstellung M\u00f6nchengladbach<\/title>\n<meta name=\"description\" content=\"Behandlung Zahnfehlstellung M\u00f6nchengladbach \u2713 Im Folgenden m\u00f6chten wir die Techniken vorstellen, die wir Ihnen in unserer Praxis anbieten.\" \/>\n<meta name=\"robots\" content=\"index, follow, max-snippet:-1, max-image-preview:large, max-video-preview:-1\" \/>\n<link rel=\"canonical\" href=\"https:\/\/www.dr-elahi.de\/tr\/malokluezyon-tedavisi-moenchengladbach-2\/\" \/>\n<meta property=\"og:locale\" content=\"tr_TR\" \/>\n<meta property=\"og:type\" content=\"article\" \/>\n<meta property=\"og:title\" content=\"Behandlung Zahnfehlstellung M\u00f6nchengladbach\" \/>\n<meta property=\"og:description\" content=\"Behandlung Zahnfehlstellung M\u00f6nchengladbach \u2713 Im Folgenden m\u00f6chten wir die Techniken vorstellen, die wir Ihnen in unserer Praxis anbieten.\" \/>\n<meta property=\"og:url\" content=\"https:\/\/www.dr-elahi.de\/tr\/malokluezyon-tedavisi-moenchengladbach-2\/\" \/>\n<meta property=\"og:site_name\" content=\"Kieferorthop\u00e4de Dr. Elahi\" \/>\n<meta property=\"article:modified_time\" content=\"2025-10-31T06:37:39+00:00\" \/>\n<meta property=\"og:image\" content=\"https:\/\/www.dr-elahi.de\/wp-content\/uploads\/2022\/10\/0038_Dr-Elahi-Team_03-1.jpg\" \/>\n\t<meta property=\"og:image:width\" content=\"1000\" \/>\n\t<meta property=\"og:image:height\" content=\"750\" \/>\n\t<meta property=\"og:image:type\" content=\"image\/jpeg\" \/>\n<meta name=\"twitter:card\" content=\"summary_large_image\" \/>\n<meta name=\"twitter:label1\" content=\"Est. reading time\" \/>\n\t<meta name=\"twitter:data1\" content=\"3 dakika\" \/>\n<script type=\"application\/ld+json\" class=\"yoast-schema-graph\">{\"@context\":\"https:\/\/schema.org\",\"@graph\":[{\"@type\":\"WebPage\",\"@id\":\"https:\/\/www.dr-elahi.de\/behandlung-zahnfehlstellung-moenchengladbach\/\",\"url\":\"https:\/\/www.dr-elahi.de\/behandlung-zahnfehlstellung-moenchengladbach\/\",\"name\":\"Behandlung Zahnfehlstellung M\u00f6nchengladbach\",\"isPartOf\":{\"@id\":\"https:\/\/www.dr-elahi.de\/#website\"},\"primaryImageOfPage\":{\"@id\":\"https:\/\/www.dr-elahi.de\/behandlung-zahnfehlstellung-moenchengladbach\/#primaryimage\"},\"image\":{\"@id\":\"https:\/\/www.dr-elahi.de\/behandlung-zahnfehlstellung-moenchengladbach\/#primaryimage\"},\"thumbnailUrl\":\"https:\/\/www.dr-elahi.de\/wp-content\/uploads\/2022\/10\/0038_Dr-Elahi-Team_03-1.jpg\",\"datePublished\":\"2023-07-06T09:24:11+00:00\",\"dateModified\":\"2025-10-31T06:37:39+00:00\",\"description\":\"Behandlung Zahnfehlstellung M\u00f6nchengladbach \u2713 Im Folgenden m\u00f6chten wir die Techniken vorstellen, die wir Ihnen in unserer Praxis anbieten.\",\"breadcrumb\":{\"@id\":\"https:\/\/www.dr-elahi.de\/behandlung-zahnfehlstellung-moenchengladbach\/#breadcrumb\"},\"inLanguage\":\"tr\",\"potentialAction\":[{\"@type\":\"ReadAction\",\"target\":[\"https:\/\/www.dr-elahi.de\/behandlung-zahnfehlstellung-moenchengladbach\/\"]}]},{\"@type\":\"ImageObject\",\"inLanguage\":\"tr\",\"@id\":\"https:\/\/www.dr-elahi.de\/behandlung-zahnfehlstellung-moenchengladbach\/#primaryimage\",\"url\":\"https:\/\/www.dr-elahi.de\/wp-content\/uploads\/2022\/10\/0038_Dr-Elahi-Team_03-1.jpg\",\"contentUrl\":\"https:\/\/www.dr-elahi.de\/wp-content\/uploads\/2022\/10\/0038_Dr-Elahi-Team_03-1.jpg\",\"width\":1000,\"height\":750,\"caption\":\"Dr. Mehdi Elahi Kieferorthop\u00e4de\"},{\"@type\":\"BreadcrumbList\",\"@id\":\"https:\/\/www.dr-elahi.de\/behandlung-zahnfehlstellung-moenchengladbach\/#breadcrumb\",\"itemListElement\":[{\"@type\":\"ListItem\",\"position\":1,\"name\":\"Startseite\",\"item\":\"https:\/\/www.dr-elahi.de\/\"},{\"@type\":\"ListItem\",\"position\":2,\"name\":\"Behandlung Zahnfehlstellung M\u00f6nchengladbach\"}]},{\"@type\":\"WebSite\",\"@id\":\"https:\/\/www.dr-elahi.de\/#website\",\"url\":\"https:\/\/www.dr-elahi.de\/\",\"name\":\"Kieferorthop\u00e4de Dr. Elahi\",\"description\":\"Kieferorthop\u00e4de M\u00f6nchengladbach\",\"potentialAction\":[{\"@type\":\"SearchAction\",\"target\":{\"@type\":\"EntryPoint\",\"urlTemplate\":\"https:\/\/www.dr-elahi.de\/?s={search_term_string}\"},\"query-input\":\"required name=search_term_string\"}],\"inLanguage\":\"tr\"}]}<\/script>\n<!-- \/ Yoast SEO plugin. -->","yoast_head_json":{"title":"Behandlung Zahnfehlstellung M\u00f6nchengladbach","description":"Behandlung Zahnfehlstellung M\u00f6nchengladbach \u2713 Im Folgenden m\u00f6chten wir die Techniken vorstellen, die wir Ihnen in unserer Praxis anbieten.","robots":{"index":"index","follow":"follow","max-snippet":"max-snippet:-1","max-image-preview":"max-image-preview:large","max-video-preview":"max-video-preview:-1"},"canonical":"https:\/\/www.dr-elahi.de\/tr\/malokluezyon-tedavisi-moenchengladbach-2\/","og_locale":"tr_TR","og_type":"article","og_title":"Behandlung Zahnfehlstellung M\u00f6nchengladbach","og_description":"Behandlung Zahnfehlstellung M\u00f6nchengladbach \u2713 Im Folgenden m\u00f6chten wir die Techniken vorstellen, die wir Ihnen in unserer Praxis anbieten.","og_url":"https:\/\/www.dr-elahi.de\/tr\/malokluezyon-tedavisi-moenchengladbach-2\/","og_site_name":"Kieferorthop\u00e4de Dr. Elahi","article_modified_time":"2025-10-31T06:37:39+00:00","og_image":[{"width":1000,"height":750,"url":"https:\/\/www.dr-elahi.de\/wp-content\/uploads\/2022\/10\/0038_Dr-Elahi-Team_03-1.jpg","type":"image\/jpeg"}],"twitter_card":"summary_large_image","twitter_misc":{"Est. reading time":"3 dakika"},"schema":{"@context":"https:\/\/schema.org","@graph":[{"@type":"WebPage","@id":"https:\/\/www.dr-elahi.de\/behandlung-zahnfehlstellung-moenchengladbach\/","url":"https:\/\/www.dr-elahi.de\/behandlung-zahnfehlstellung-moenchengladbach\/","name":"Behandlung Zahnfehlstellung M\u00f6nchengladbach","isPartOf":{"@id":"https:\/\/www.dr-elahi.de\/#website"},"primaryImageOfPage":{"@id":"https:\/\/www.dr-elahi.de\/behandlung-zahnfehlstellung-moenchengladbach\/#primaryimage"},"image":{"@id":"https:\/\/www.dr-elahi.de\/behandlung-zahnfehlstellung-moenchengladbach\/#primaryimage"},"thumbnailUrl":"https:\/\/www.dr-elahi.de\/wp-content\/uploads\/2022\/10\/0038_Dr-Elahi-Team_03-1.jpg","datePublished":"2023-07-06T09:24:11+00:00","dateModified":"2025-10-31T06:37:39+00:00","description":"Behandlung Zahnfehlstellung M\u00f6nchengladbach \u2713 Im Folgenden m\u00f6chten wir die Techniken vorstellen, die wir Ihnen in unserer Praxis anbieten.","breadcrumb":{"@id":"https:\/\/www.dr-elahi.de\/behandlung-zahnfehlstellung-moenchengladbach\/#breadcrumb"},"inLanguage":"tr","potentialAction":[{"@type":"ReadAction","target":["https:\/\/www.dr-elahi.de\/behandlung-zahnfehlstellung-moenchengladbach\/"]}]},{"@type":"ImageObject","inLanguage":"tr","@id":"https:\/\/www.dr-elahi.de\/behandlung-zahnfehlstellung-moenchengladbach\/#primaryimage","url":"https:\/\/www.dr-elahi.de\/wp-content\/uploads\/2022\/10\/0038_Dr-Elahi-Team_03-1.jpg","contentUrl":"https:\/\/www.dr-elahi.de\/wp-content\/uploads\/2022\/10\/0038_Dr-Elahi-Team_03-1.jpg","width":1000,"height":750,"caption":"Dr. Mehdi Elahi Kieferorthop\u00e4de"},{"@type":"BreadcrumbList","@id":"https:\/\/www.dr-elahi.de\/behandlung-zahnfehlstellung-moenchengladbach\/#breadcrumb","itemListElement":[{"@type":"ListItem","position":1,"name":"Startseite","item":"https:\/\/www.dr-elahi.de\/"},{"@type":"ListItem","position":2,"name":"Behandlung Zahnfehlstellung M\u00f6nchengladbach"}]},{"@type":"WebSite","@id":"https:\/\/www.dr-elahi.de\/#website","url":"https:\/\/www.dr-elahi.de\/","name":"Kieferorthop\u00e4de Dr. Elahi","description":"Kieferorthop\u00e4de M\u00f6nchengladbach","potentialAction":[{"@type":"SearchAction","target":{"@type":"EntryPoint","urlTemplate":"https:\/\/www.dr-elahi.de\/?s={search_term_string}"},"query-input":"required name=search_term_string"}],"inLanguage":"tr"}]}},"_links":{"self":[{"href":"https:\/\/www.dr-elahi.de\/tr\/wp-json\/wp\/v2\/pages\/428"}],"collection":[{"href":"https:\/\/www.dr-elahi.de\/tr\/wp-json\/wp\/v2\/pages"}],"about":[{"href":"https:\/\/www.dr-elahi.de\/tr\/wp-json\/wp\/v2\/types\/page"}],"author":[{"embeddable":true,"href":"https:\/\/www.dr-elahi.de\/tr\/wp-json\/wp\/v2\/users\/2"}],"replies":[{"embeddable":true,"href":"https:\/\/www.dr-elahi.de\/tr\/wp-json\/wp\/v2\/comments?post=428"}],"version-history":[{"count":13,"href":"https:\/\/www.dr-elahi.de\/tr\/wp-json\/wp\/v2\/pages\/428\/revisions"}],"predecessor-version":[{"id":685,"href":"https:\/\/www.dr-elahi.de\/tr\/wp-json\/wp\/v2\/pages\/428\/revisions\/685"}],"wp:featuredmedia":[{"embeddable":true,"href":"https:\/\/www.dr-elahi.de\/tr\/wp-json\/wp\/v2\/media\/250"}],"wp:attachment":[{"href":"https:\/\/www.dr-elahi.de\/tr\/wp-json\/wp\/v2\/media?parent=428"}],"curies":[{"name":"wp","href":"https:\/\/api.w.org\/{rel}","templated":true}]}}