{"id":437,"date":"2023-07-06T10:32:37","date_gmt":"2023-07-06T10:32:37","guid":{"rendered":"https:\/\/www.dr-elahi.de\/?page_id=437"},"modified":"2025-10-31T06:37:28","modified_gmt":"2025-10-31T06:37:28","slug":"malokluezyon-tedavisi-moenchengladbach","status":"publish","type":"page","link":"https:\/\/www.dr-elahi.de\/tr\/malokluezyon-tedavisi-moenchengladbach\/","title":{"rendered":"Malokl\u00fczyon tedavisi M\u00f6nchengladbach"},"content":{"rendered":"<section class=\"l-section wpb_row us_custom_acfd0fdb height_auto\"><div class=\"l-section-h i-cf\"><div class=\"g-cols vc_row via_grid cols_2 laptops-cols_inherit tablets-cols_inherit mobiles-cols_1 valign_top type_default stacking_default\"><div class=\"wpb_column vc_column_container us_custom_819670d1 us_animate_this  hide_on_tablets hide_on_mobiles has_bg_color\"><div class=\"vc_column-inner\"><h1 style=\"font-size: 2.3rem;line-height: 1.2;text-align: left;font-family:Roboto;font-weight:300;font-style:normal\" class=\"vc_custom_heading us_custom_1fb8b2dc us_animate_this\" >Malokl\u00fczyon tedavisi M\u00f6nchengladbach<\/h1><\/div><\/div><div class=\"wpb_column vc_column_container\"><div class=\"vc_column-inner\"><\/div><\/div><\/div><\/div><\/section><section class=\"l-section wpb_row us_custom_ac037762 height_auto\"><div class=\"l-section-overlay\" style=\"background:var(--color-content-bg-alt)\"><\/div><div class=\"l-section-h i-cf\"><div class=\"g-cols vc_row via_grid cols_1 laptops-cols_inherit tablets-cols_inherit mobiles-cols_1 valign_top type_default stacking_default\"><div class=\"wpb_column vc_column_container\"><div class=\"vc_column-inner\"><div class=\"g-cols wpb_row via_grid cols_1-2 laptops-cols_inherit tablets-cols_inherit mobiles-cols_1 valign_middle type_default stacking_default\"><div class=\"wpb_column vc_column_container us_custom_60e9caca us_animate_this\"><div class=\"vc_column-inner\"><div class=\"wpb_text_column\"><div class=\"wpb_wrapper\"><h2>Dr. Mehdi Elahi<\/h2>\n<h3>M\u00f6nchengladbach'ta malokl\u00fczyon tedavisi<\/h3>\n<\/div><\/div><div class=\"w-separator size_small\"><\/div><div class=\"wpb_text_column\"><div class=\"wpb_wrapper\"><p>\u00c7ene b\u00f6lgesindeki iskeletsel bir yanl\u0131\u015f hizalanma, \u00f6rne\u011fin \u00e7enenin az geli\u015fmesi, geri \u00e7ekilmesi veya \u00e7\u0131k\u0131nt\u0131s\u0131 yoluyla kendini g\u00f6sterir - hangi yanl\u0131\u015f hizalanman\u0131n mevcut oldu\u011funa ba\u011fl\u0131 olarak, bu ayn\u0131 zamanda \u00fcst \u0131s\u0131rma, alt \u0131s\u0131rma veya \u00e7apraz \u0131s\u0131rma olarak da adland\u0131r\u0131l\u0131r.<\/p>\n<\/div><\/div><div class=\"w-separator size_small\"><\/div><div class=\"w-btn-wrapper align_none\"><a class=\"w-btn us-btn-style_1 icon_atleft\" target=\"_blank\" href=\"https:\/\/drclip.de\/praxis\/f5a5e67a-5e45-4919-81e4-e50826b437fe\/termin\/reservierung\" rel=\"noopener\"><i class=\"far fa-calendar-check\"><\/i><span class=\"w-btn-label\">\u015eimdi randevu al\u0131n<\/span><\/a><\/div><\/div><\/div><div class=\"wpb_column vc_column_container us_custom_f70d789f us_animate_this\"><div class=\"vc_column-inner\"><div class=\"w-image align_none\"><div class=\"w-image-h\"><img width=\"1000\" height=\"750\" src=\"https:\/\/www.dr-elahi.de\/wp-content\/uploads\/2022\/10\/0038_Dr-Elahi-Team_07-1.jpg\" class=\"attachment-full size-full\" alt=\"Dr. Mehdi Elahi Ortodontist\" decoding=\"async\" loading=\"lazy\" srcset=\"https:\/\/www.dr-elahi.de\/wp-content\/uploads\/2022\/10\/0038_Dr-Elahi-Team_07-1.jpg 1000w, https:\/\/www.dr-elahi.de\/wp-content\/uploads\/2022\/10\/0038_Dr-Elahi-Team_07-1-300x225.jpg 300w\" sizes=\"(max-width: 1000px) 100vw, 1000px\" \/><\/div><\/div><\/div><\/div><\/div><\/div><\/div><\/div><\/div><\/section><section class=\"l-section wpb_row us_custom_ac037762 height_auto\"><div class=\"l-section-h i-cf\"><div class=\"g-cols vc_row via_grid cols_1 laptops-cols_inherit tablets-cols_inherit mobiles-cols_1 valign_top type_default stacking_default\"><div class=\"wpb_column vc_column_container\"><div class=\"vc_column-inner\"><div class=\"g-cols wpb_row via_grid cols_2 laptops-cols_inherit tablets-cols_inherit mobiles-cols_1 valign_top type_default stacking_default\"><div class=\"wpb_column vc_column_container us_custom_60e9caca us_animate_this\"><div class=\"vc_column-inner\"><div class=\"wpb_text_column\"><div class=\"wpb_wrapper\"><h6>Yanl\u0131\u015f hizalanm\u0131\u015f bir \u00e7enenin d\u00fczeltilmesi<\/h6>\n<p>T\u0131pk\u0131 bir <a href=\"https:\/\/www.dr-elahi.de\/tr\/spektrum\/#zahnfehlstellungen\">Yanl\u0131\u015f hizalanm\u0131\u015f di\u015fler<\/a> iskelet i\u00e7in de kullan\u0131labilir <a href=\"https:\/\/www.dr-elahi.de\/tr\/spektrum\/#kieferfehlstellungen\">\u00c7ene malpozisyonu<\/a> Prensip olarak, geleneksel sabit ve \u00e7\u0131kar\u0131labilir di\u015f telleri kullan\u0131labilir. \u00c7enede bir hizas\u0131zl\u0131k, yani iskeletsel bir anomali varsa, bu genellikle ergenlerde \u00e7\u0131kar\u0131labilir apareyler yard\u0131m\u0131yla b\u00fcy\u00fcme kontrol edilerek d\u00fczeltilir.<\/p>\n<h6>Olas\u0131 terapi \u015fekilleri<\/h6>\n<ul>\n<li><a href=\"https:\/\/www.dr-elahi.de\/tr\/spektrum\/#funktionskieferorthopaedie\">Fonksiyonel ortodonti<\/a><\/li>\n<li><a href=\"https:\/\/www.dr-elahi.de\/tr\/spektrum\/#orthognathische-chirurgie\">Ortognatik cerrahi<\/a><\/li>\n<\/ul>\n<\/div><\/div><div class=\"w-separator size_small\" id=\"i63d\"><style>@media(max-width:1024px){ #i63d{height:1.5rem!important}}@media(max-width:600px){ #i63d{height:1.5rem!important}}<\/style><\/div><div class=\"w-image align_none\"><div class=\"w-image-h\"><img width=\"1000\" height=\"750\" src=\"https:\/\/www.dr-elahi.de\/wp-content\/uploads\/2023\/07\/0038_Infografik_Kieferfehlstellungen_01.jpg\" class=\"attachment-large size-large\" alt=\"Yanl\u0131\u015f hizalanm\u0131\u015f \u00e7enelerin tedavisi M\u00f6nchengladbach\" decoding=\"async\" loading=\"lazy\" srcset=\"https:\/\/www.dr-elahi.de\/wp-content\/uploads\/2023\/07\/0038_Infografik_Kieferfehlstellungen_01.jpg 1000w, https:\/\/www.dr-elahi.de\/wp-content\/uploads\/2023\/07\/0038_Infografik_Kieferfehlstellungen_01-300x225.jpg 300w\" sizes=\"(max-width: 1000px) 100vw, 1000px\" \/><\/div><\/div><\/div><\/div><div class=\"wpb_column vc_column_container us_custom_f70d789f us_animate_this\"><div class=\"vc_column-inner\"><div class=\"wpb_text_column\"><div class=\"wpb_wrapper\"><h6>Fonksiyonel ortodonti<\/h6>\n<p>Ergenlerde yanl\u0131\u015f hizalanm\u0131\u015f \u00e7eneler genellikle \u00e7\u0131kar\u0131labilir bir fonksiyonel ortodontik aparey yard\u0131m\u0131yla d\u00fczeltilir.<\/p>\n<p>Fonksiyonel ortodontik tedavi fikri 20. y\u00fczy\u0131l\u0131n ba\u015f\u0131nda ortaya \u00e7\u0131km\u0131\u015f ve ana g\u00f6revi yumu\u015fak dokuyu yeniden d\u00fczenlemek ve \u00e7ene hizas\u0131zl\u0131\u011f\u0131n\u0131 d\u00fczeltmek olan \u00e7e\u015fitli apareylerin geli\u015ftirilmesine yol a\u00e7m\u0131\u015ft\u0131r. Bu apareylerin ortak bir noktas\u0131 vard\u0131r: v\u00fccudun kendi kas kuvvetleri \u00e7enelerin b\u00fcy\u00fcmesini etkilemek ve iki \u00e7enenin birbirlerine g\u00f6re konumunu optimize etmek i\u00e7in kullan\u0131l\u0131r.<\/p>\n<p><strong>Konuyla ilgili daha fazla bilgi: <a href=\"https:\/\/www.dr-elahi.de\/tr\/spektrum\/#funktionskieferorthopaedie\">Fonksiyonel ortodonti<\/a><\/strong><\/p>\n<h6>Ortognatik cerrahi<\/h6>\n<p>Yeti\u015fkinlerde malokl\u00fczyonu d\u00fczeltmek i\u00e7in a\u011f\u0131z cerrahisi ve ortodontik \u00f6nlemlerin bir kombinasyonu gereklidir. Bu gibi durumlarda, iskeletsel \u00e7ene tabanlar\u0131 cerrahi olarak birbirleriyle en uygun ili\u015fkiye getirilirken, iki \u00e7enenin di\u015f s\u0131ralar\u0131 ortodontik \u00f6nlemlerle birbirine uyarlan\u0131r. Bu tedavi konsepti ortodontist ve a\u011f\u0131z cerrah\u0131 aras\u0131nda yak\u0131n i\u015fbirli\u011fi gerektirir.<\/p>\n<p><strong>Konuyla ilgili daha fazla bilgi: <a href=\"https:\/\/www.dr-elahi.de\/tr\/spektrum\/#orthognathische-chirurgie\">Ortognatik cerrahi<\/a><\/strong><\/p>\n<h6>Malokl\u00fczyon tedavisi i\u00e7in randevu al\u0131n<\/h6>\n<p>E\u011fer bir ortodontist ar\u0131yorsan\u0131z ve bir ortodontist bulmak istiyorsan\u0131z bizimle ileti\u015fime ge\u00e7ebilirsiniz. <a href=\"https:\/\/drclip.de\/praxis\/f5a5e67a-5e45-4919-81e4-e50826b437fe\/termin\/reservierung\" target=\"_blank\" rel=\"noopener\">Tarih<\/a> M\u00f6nchengladbach'ta malokl\u00fczyon tedavisi i\u00e7in Dr. Elahi ile:<\/p>\n<p>Dr. med. dent. Mehdi Elahi<br \/>\nBrucknerallee 19<br \/>\n41236 M\u00f6nchengladbach<\/p>\n<p>Tel: <a href=\"tel:+49216644010\">02166 44010<\/a><br \/>\nFaks: 02166 846 333<br \/>\nE-Mail:\u00a0<a href=\"mailto:info@dr-elahi.de\">info@dr-elahi.de<\/a><\/p>\n<\/div><\/div><div class=\"w-separator size_small\"><\/div><div class=\"w-socials color_text shape_none\" style=\"--gap:1em;\"><div class=\"w-socials-list\"><div class=\"w-socials-item facebook\"><a class=\"w-socials-item-link\" href=\"https:\/\/www.facebook.com\/profile.php?id=100076066057445\" target=\"_blank\" rel=\"noopener\" title=\"Facebook\" aria-label=\"Facebook\"><span class=\"w-socials-item-link-hover\"><\/span><i class=\"fab fa-facebook\"><\/i><\/a><\/div><div class=\"w-socials-item instagram\"><a class=\"w-socials-item-link\" href=\"https:\/\/www.instagram.com\/praxis.dr.elahi\/\" target=\"_blank\" rel=\"noopener\" title=\"Instagram\" aria-label=\"Instagram\"><span class=\"w-socials-item-link-hover\"><\/span><i class=\"fab fa-instagram\"><\/i><\/a><\/div><div class=\"w-socials-item youtube\"><a class=\"w-socials-item-link\" href=\"https:\/\/www.youtube.com\/watch?v=_CLlORNHzo8\" target=\"_blank\" rel=\"noopener\" title=\"YouTube\" aria-label=\"YouTube\"><span class=\"w-socials-item-link-hover\"><\/span><i class=\"fab fa-youtube\"><\/i><\/a><\/div><div class=\"w-socials-item custom\"><a class=\"w-socials-item-link\" href=\"https:\/\/www.jameda.de\/moenchengladbach\/zahnaerzte\/kieferorthopaeden\/dr-mehdi-elahi\/uebersicht\/80390348_1\/\" target=\"_blank\" rel=\"noopener\" title=\"Ba\u015fl\u0131k\" aria-label=\"Ba\u015fl\u0131k\"><span class=\"w-socials-item-link-hover\" style=\"background:var(--color-content-faded);\"><\/span><i class=\"fas fa-star-half-alt\"><\/i><\/a><\/div><\/div><\/div><div class=\"w-separator size_small\"><\/div><div class=\"w-btn-wrapper align_none\"><a class=\"w-btn us-btn-style_1 us_custom_8f2ba1f4 us_animate_this icon_atleft\" target=\"_blank\" href=\"https:\/\/drclip.de\/praxis\/f5a5e67a-5e45-4919-81e4-e50826b437fe\/termin\/reservierung\" rel=\"noopener\"><i class=\"far fa-calendar-check\"><\/i><span class=\"w-btn-label\">\u015eimdi randevu al\u0131n<\/span><\/a><\/div><\/div><\/div><\/div><\/div><\/div><\/div><\/div><\/section>","protected":false},"excerpt":{"rendered":"M\u00f6nchengladbach \u00c7ene D\u00fczensizli\u011fi Tedavisi Dr. Mehdi Elahi M\u00f6nchengladbach'da \u00c7ene D\u00fczensizli\u011fi Tedavisi \u0130skeletsel bir \u00e7ene d\u00fczensizli\u011fi, \u00f6rne\u011fin \u00e7enenin geli\u015fim eksikli\u011fi, geride veya ileride olmas\u0131 gibi durumlarda ortaya \u00e7\u0131kar - hangi d\u00fczensizlik oldu\u011funa ba\u011fl\u0131 olarak, buna a\u00e7\u0131k kapan\u0131\u015f, alt \u00e7ene gerili\u011fi veya \u00e7apraz kapan\u0131\u015f da denir. \u015eimdi randevu al\u0131n \u00c7ene d\u00fczensizli\u011finin d\u00fczeltilmesi Di\u015f d\u00fczensizliklerinde oldu\u011fu gibi, iskeletsel durumlarda da...","protected":false},"author":2,"featured_media":254,"parent":0,"menu_order":0,"comment_status":"closed","ping_status":"closed","template":"","meta":{"footnotes":""},"yoast_head":"<!-- This site is optimized with the Yoast SEO plugin v22.5 - https:\/\/yoast.com\/wordpress\/plugins\/seo\/ -->\n<title>Behandlung Kieferfehlstellung M\u00f6nchengladbach<\/title>\n<meta name=\"description\" content=\"Behandlung Kieferfehlstellung M\u00f6nchengladbach \u2713 Bei Kieferfehlstellungen unterscheidet man zwischen \u00dcberbiss, Unterbiss oder Kreuzbiss.\" \/>\n<meta name=\"robots\" content=\"index, follow, max-snippet:-1, max-image-preview:large, max-video-preview:-1\" \/>\n<link rel=\"canonical\" href=\"https:\/\/www.dr-elahi.de\/tr\/malokluezyon-tedavisi-moenchengladbach\/\" \/>\n<meta property=\"og:locale\" content=\"tr_TR\" \/>\n<meta property=\"og:type\" content=\"article\" \/>\n<meta property=\"og:title\" content=\"Behandlung Kieferfehlstellung M\u00f6nchengladbach\" \/>\n<meta property=\"og:description\" content=\"Behandlung Kieferfehlstellung M\u00f6nchengladbach \u2713 Bei Kieferfehlstellungen unterscheidet man zwischen \u00dcberbiss, Unterbiss oder Kreuzbiss.\" \/>\n<meta property=\"og:url\" content=\"https:\/\/www.dr-elahi.de\/tr\/malokluezyon-tedavisi-moenchengladbach\/\" \/>\n<meta property=\"og:site_name\" content=\"Kieferorthop\u00e4de Dr. Elahi\" \/>\n<meta property=\"article:modified_time\" content=\"2025-10-31T06:37:28+00:00\" \/>\n<meta property=\"og:image\" content=\"https:\/\/www.dr-elahi.de\/wp-content\/uploads\/2022\/10\/0038_Dr-Elahi-Team_07-1.jpg\" \/>\n\t<meta property=\"og:image:width\" content=\"1000\" \/>\n\t<meta property=\"og:image:height\" content=\"750\" \/>\n\t<meta property=\"og:image:type\" content=\"image\/jpeg\" \/>\n<meta name=\"twitter:card\" content=\"summary_large_image\" \/>\n<meta name=\"twitter:label1\" content=\"Est. reading time\" \/>\n\t<meta name=\"twitter:data1\" content=\"3 dakika\" \/>\n<script type=\"application\/ld+json\" class=\"yoast-schema-graph\">{\"@context\":\"https:\/\/schema.org\",\"@graph\":[{\"@type\":\"WebPage\",\"@id\":\"https:\/\/www.dr-elahi.de\/behandlung-kieferfehlstellung-moenchengladbach\/\",\"url\":\"https:\/\/www.dr-elahi.de\/behandlung-kieferfehlstellung-moenchengladbach\/\",\"name\":\"Behandlung Kieferfehlstellung M\u00f6nchengladbach\",\"isPartOf\":{\"@id\":\"https:\/\/www.dr-elahi.de\/#website\"},\"primaryImageOfPage\":{\"@id\":\"https:\/\/www.dr-elahi.de\/behandlung-kieferfehlstellung-moenchengladbach\/#primaryimage\"},\"image\":{\"@id\":\"https:\/\/www.dr-elahi.de\/behandlung-kieferfehlstellung-moenchengladbach\/#primaryimage\"},\"thumbnailUrl\":\"https:\/\/www.dr-elahi.de\/wp-content\/uploads\/2022\/10\/0038_Dr-Elahi-Team_07-1.jpg\",\"datePublished\":\"2023-07-06T10:32:37+00:00\",\"dateModified\":\"2025-10-31T06:37:28+00:00\",\"description\":\"Behandlung Kieferfehlstellung M\u00f6nchengladbach \u2713 Bei Kieferfehlstellungen unterscheidet man zwischen \u00dcberbiss, Unterbiss oder Kreuzbiss.\",\"breadcrumb\":{\"@id\":\"https:\/\/www.dr-elahi.de\/behandlung-kieferfehlstellung-moenchengladbach\/#breadcrumb\"},\"inLanguage\":\"tr\",\"potentialAction\":[{\"@type\":\"ReadAction\",\"target\":[\"https:\/\/www.dr-elahi.de\/behandlung-kieferfehlstellung-moenchengladbach\/\"]}]},{\"@type\":\"ImageObject\",\"inLanguage\":\"tr\",\"@id\":\"https:\/\/www.dr-elahi.de\/behandlung-kieferfehlstellung-moenchengladbach\/#primaryimage\",\"url\":\"https:\/\/www.dr-elahi.de\/wp-content\/uploads\/2022\/10\/0038_Dr-Elahi-Team_07-1.jpg\",\"contentUrl\":\"https:\/\/www.dr-elahi.de\/wp-content\/uploads\/2022\/10\/0038_Dr-Elahi-Team_07-1.jpg\",\"width\":1000,\"height\":750,\"caption\":\"Dr. Mehdi Elahi Kieferorthop\u00e4de\"},{\"@type\":\"BreadcrumbList\",\"@id\":\"https:\/\/www.dr-elahi.de\/behandlung-kieferfehlstellung-moenchengladbach\/#breadcrumb\",\"itemListElement\":[{\"@type\":\"ListItem\",\"position\":1,\"name\":\"Startseite\",\"item\":\"https:\/\/www.dr-elahi.de\/\"},{\"@type\":\"ListItem\",\"position\":2,\"name\":\"Behandlung Kieferfehlstellung M\u00f6nchengladbach\"}]},{\"@type\":\"WebSite\",\"@id\":\"https:\/\/www.dr-elahi.de\/#website\",\"url\":\"https:\/\/www.dr-elahi.de\/\",\"name\":\"Kieferorthop\u00e4de Dr. Elahi\",\"description\":\"Kieferorthop\u00e4de M\u00f6nchengladbach\",\"potentialAction\":[{\"@type\":\"SearchAction\",\"target\":{\"@type\":\"EntryPoint\",\"urlTemplate\":\"https:\/\/www.dr-elahi.de\/?s={search_term_string}\"},\"query-input\":\"required name=search_term_string\"}],\"inLanguage\":\"tr\"}]}<\/script>\n<!-- \/ Yoast SEO plugin. -->","yoast_head_json":{"title":"Behandlung Kieferfehlstellung M\u00f6nchengladbach","description":"Behandlung Kieferfehlstellung M\u00f6nchengladbach \u2713 Bei Kieferfehlstellungen unterscheidet man zwischen \u00dcberbiss, Unterbiss oder Kreuzbiss.","robots":{"index":"index","follow":"follow","max-snippet":"max-snippet:-1","max-image-preview":"max-image-preview:large","max-video-preview":"max-video-preview:-1"},"canonical":"https:\/\/www.dr-elahi.de\/tr\/malokluezyon-tedavisi-moenchengladbach\/","og_locale":"tr_TR","og_type":"article","og_title":"Behandlung Kieferfehlstellung M\u00f6nchengladbach","og_description":"Behandlung Kieferfehlstellung M\u00f6nchengladbach \u2713 Bei Kieferfehlstellungen unterscheidet man zwischen \u00dcberbiss, Unterbiss oder Kreuzbiss.","og_url":"https:\/\/www.dr-elahi.de\/tr\/malokluezyon-tedavisi-moenchengladbach\/","og_site_name":"Kieferorthop\u00e4de Dr. Elahi","article_modified_time":"2025-10-31T06:37:28+00:00","og_image":[{"width":1000,"height":750,"url":"https:\/\/www.dr-elahi.de\/wp-content\/uploads\/2022\/10\/0038_Dr-Elahi-Team_07-1.jpg","type":"image\/jpeg"}],"twitter_card":"summary_large_image","twitter_misc":{"Est. reading time":"3 dakika"},"schema":{"@context":"https:\/\/schema.org","@graph":[{"@type":"WebPage","@id":"https:\/\/www.dr-elahi.de\/behandlung-kieferfehlstellung-moenchengladbach\/","url":"https:\/\/www.dr-elahi.de\/behandlung-kieferfehlstellung-moenchengladbach\/","name":"Behandlung Kieferfehlstellung M\u00f6nchengladbach","isPartOf":{"@id":"https:\/\/www.dr-elahi.de\/#website"},"primaryImageOfPage":{"@id":"https:\/\/www.dr-elahi.de\/behandlung-kieferfehlstellung-moenchengladbach\/#primaryimage"},"image":{"@id":"https:\/\/www.dr-elahi.de\/behandlung-kieferfehlstellung-moenchengladbach\/#primaryimage"},"thumbnailUrl":"https:\/\/www.dr-elahi.de\/wp-content\/uploads\/2022\/10\/0038_Dr-Elahi-Team_07-1.jpg","datePublished":"2023-07-06T10:32:37+00:00","dateModified":"2025-10-31T06:37:28+00:00","description":"Behandlung Kieferfehlstellung M\u00f6nchengladbach \u2713 Bei Kieferfehlstellungen unterscheidet man zwischen \u00dcberbiss, Unterbiss oder Kreuzbiss.","breadcrumb":{"@id":"https:\/\/www.dr-elahi.de\/behandlung-kieferfehlstellung-moenchengladbach\/#breadcrumb"},"inLanguage":"tr","potentialAction":[{"@type":"ReadAction","target":["https:\/\/www.dr-elahi.de\/behandlung-kieferfehlstellung-moenchengladbach\/"]}]},{"@type":"ImageObject","inLanguage":"tr","@id":"https:\/\/www.dr-elahi.de\/behandlung-kieferfehlstellung-moenchengladbach\/#primaryimage","url":"https:\/\/www.dr-elahi.de\/wp-content\/uploads\/2022\/10\/0038_Dr-Elahi-Team_07-1.jpg","contentUrl":"https:\/\/www.dr-elahi.de\/wp-content\/uploads\/2022\/10\/0038_Dr-Elahi-Team_07-1.jpg","width":1000,"height":750,"caption":"Dr. Mehdi Elahi Kieferorthop\u00e4de"},{"@type":"BreadcrumbList","@id":"https:\/\/www.dr-elahi.de\/behandlung-kieferfehlstellung-moenchengladbach\/#breadcrumb","itemListElement":[{"@type":"ListItem","position":1,"name":"Startseite","item":"https:\/\/www.dr-elahi.de\/"},{"@type":"ListItem","position":2,"name":"Behandlung Kieferfehlstellung M\u00f6nchengladbach"}]},{"@type":"WebSite","@id":"https:\/\/www.dr-elahi.de\/#website","url":"https:\/\/www.dr-elahi.de\/","name":"Kieferorthop\u00e4de Dr. Elahi","description":"Kieferorthop\u00e4de M\u00f6nchengladbach","potentialAction":[{"@type":"SearchAction","target":{"@type":"EntryPoint","urlTemplate":"https:\/\/www.dr-elahi.de\/?s={search_term_string}"},"query-input":"required name=search_term_string"}],"inLanguage":"tr"}]}},"_links":{"self":[{"href":"https:\/\/www.dr-elahi.de\/tr\/wp-json\/wp\/v2\/pages\/437"}],"collection":[{"href":"https:\/\/www.dr-elahi.de\/tr\/wp-json\/wp\/v2\/pages"}],"about":[{"href":"https:\/\/www.dr-elahi.de\/tr\/wp-json\/wp\/v2\/types\/page"}],"author":[{"embeddable":true,"href":"https:\/\/www.dr-elahi.de\/tr\/wp-json\/wp\/v2\/users\/2"}],"replies":[{"embeddable":true,"href":"https:\/\/www.dr-elahi.de\/tr\/wp-json\/wp\/v2\/comments?post=437"}],"version-history":[{"count":7,"href":"https:\/\/www.dr-elahi.de\/tr\/wp-json\/wp\/v2\/pages\/437\/revisions"}],"predecessor-version":[{"id":684,"href":"https:\/\/www.dr-elahi.de\/tr\/wp-json\/wp\/v2\/pages\/437\/revisions\/684"}],"wp:featuredmedia":[{"embeddable":true,"href":"https:\/\/www.dr-elahi.de\/tr\/wp-json\/wp\/v2\/media\/254"}],"wp:attachment":[{"href":"https:\/\/www.dr-elahi.de\/tr\/wp-json\/wp\/v2\/media?parent=437"}],"curies":[{"name":"wp","href":"https:\/\/api.w.org\/{rel}","templated":true}]}}