{"id":570,"date":"2023-07-10T05:53:35","date_gmt":"2023-07-10T05:53:35","guid":{"rendered":"https:\/\/www.dr-elahi.de\/?page_id=570"},"modified":"2025-10-31T06:36:15","modified_gmt":"2025-10-31T06:36:15","slug":"ortodontist-yetiskinler-moenchengladbach","status":"publish","type":"page","link":"https:\/\/www.dr-elahi.de\/tr\/ortodontist-yetiskinler-moenchengladbach\/","title":{"rendered":"Ortodontist yeti\u015fkinler M\u00f6nchengladbach"},"content":{"rendered":"<section class=\"l-section wpb_row us_custom_acfd0fdb height_auto\"><div class=\"l-section-h i-cf\"><div class=\"g-cols vc_row via_grid cols_2 laptops-cols_inherit tablets-cols_inherit mobiles-cols_1 valign_top type_default stacking_default\"><div class=\"wpb_column vc_column_container us_custom_819670d1 us_animate_this  hide_on_tablets hide_on_mobiles has_bg_color\"><div class=\"vc_column-inner\"><h1 style=\"font-size: 2.3rem;line-height: 1.2;text-align: left;font-family:Roboto;font-weight:300;font-style:normal\" class=\"vc_custom_heading us_custom_1fb8b2dc us_animate_this\" >Ortodontist yeti\u015fkinler M\u00f6nchengladbach<\/h1><\/div><\/div><div class=\"wpb_column vc_column_container\"><div class=\"vc_column-inner\"><\/div><\/div><\/div><\/div><\/section><section class=\"l-section wpb_row us_custom_ac037762 height_auto\"><div class=\"l-section-overlay\" style=\"background:var(--color-content-bg-alt)\"><\/div><div class=\"l-section-h i-cf\"><div class=\"g-cols vc_row via_grid cols_1 laptops-cols_inherit tablets-cols_inherit mobiles-cols_1 valign_top type_default stacking_default\"><div class=\"wpb_column vc_column_container\"><div class=\"vc_column-inner\"><div class=\"g-cols wpb_row via_grid cols_1-2 laptops-cols_inherit tablets-cols_inherit mobiles-cols_1 valign_middle type_default stacking_default\"><div class=\"wpb_column vc_column_container us_custom_60e9caca us_animate_this\"><div class=\"vc_column-inner\"><div class=\"wpb_text_column\"><div class=\"wpb_wrapper\"><h2>Ortodontist yeti\u015fkinler M\u00f6nchengladbach<\/h2>\n<h3>Ortodontist Dr. Mehdi Elahi<\/h3>\n<\/div><\/div><div class=\"w-separator size_small\"><\/div><div class=\"wpb_text_column\"><div class=\"wpb_wrapper\"><p>Di\u015f hekimli\u011findeki modern teknik geli\u015fmeler, hastalar\u0131m\u0131za daha iyi, daha konforlu, daha etkili ve hepsinden \u00f6nemlisi g\u00f6r\u00fcnmez tedaviler sunmam\u0131z\u0131 sa\u011fl\u0131yor.<\/p>\n<p>Bu teknikler \u00f6ncelikle yeti\u015fkin hastalar i\u00e7in geli\u015ftirilmi\u015ftir, ancak gen\u00e7 hastalar i\u00e7in de kullan\u0131labilir. Bu modern tedavi y\u00f6ntemleri sayesinde, giderek daha fazla yeti\u015fkin hasta daha g\u00fczel bir g\u00fcl\u00fcmseme arzusunu yerine getirmektedir.<\/p>\n<\/div><\/div><div class=\"w-separator size_small\"><\/div><div class=\"w-btn-wrapper align_none\"><a class=\"w-btn us-btn-style_1 icon_atleft\" target=\"_blank\" href=\"https:\/\/drclip.de\/praxis\/f5a5e67a-5e45-4919-81e4-e50826b437fe\/termin\/reservierung\" rel=\"noopener\"><i class=\"far fa-calendar-check\"><\/i><span class=\"w-btn-label\">\u015eimdi randevu al\u0131n<\/span><\/a><\/div><\/div><\/div><div class=\"wpb_column vc_column_container us_custom_f70d789f us_animate_this\"><div class=\"vc_column-inner\"><div class=\"w-image align_none\"><div class=\"w-image-h\"><img width=\"1000\" height=\"750\" src=\"https:\/\/www.dr-elahi.de\/wp-content\/uploads\/2022\/10\/0038_Dr-Elahi-Team_07-1.jpg\" class=\"attachment-full size-full\" alt=\"Dr. Mehdi Elahi Ortodontist\" decoding=\"async\" loading=\"lazy\" srcset=\"https:\/\/www.dr-elahi.de\/wp-content\/uploads\/2022\/10\/0038_Dr-Elahi-Team_07-1.jpg 1000w, https:\/\/www.dr-elahi.de\/wp-content\/uploads\/2022\/10\/0038_Dr-Elahi-Team_07-1-300x225.jpg 300w\" sizes=\"(max-width: 1000px) 100vw, 1000px\" \/><\/div><\/div><\/div><\/div><\/div><\/div><\/div><\/div><\/div><\/section><section class=\"l-section wpb_row us_custom_ac037762 height_auto\"><div class=\"l-section-h i-cf\"><div class=\"g-cols vc_row via_grid cols_1 laptops-cols_inherit tablets-cols_inherit mobiles-cols_1 valign_top type_default stacking_default\"><div class=\"wpb_column vc_column_container\"><div class=\"vc_column-inner\"><div class=\"g-cols wpb_row via_grid cols_2 laptops-cols_inherit tablets-cols_inherit mobiles-cols_1 valign_top type_default stacking_default\"><div class=\"wpb_column vc_column_container us_custom_60e9caca us_animate_this\"><div class=\"vc_column-inner\"><div class=\"wpb_text_column\"><div class=\"wpb_wrapper\"><p>Yeti\u015fkinlerin \u015fimdiye kadar ortodontik tedaviyi reddetmelerinin \u00e7e\u015fitli nedenleri vard\u0131r:<\/p>\n<ul>\n<li>Bir\u00e7ok yeti\u015fkin bu farkl\u0131 tedavi se\u00e7eneklerinden habersizdir. Ortodontinin sadece ergenler i\u00e7in m\u00fcmk\u00fcn oldu\u011funa inan\u0131rlar.<\/li>\n<li>Asl\u0131nda ortodontik tedavi ya\u015fl\u0131l\u0131kta da m\u00fcmk\u00fcn ve mant\u0131kl\u0131d\u0131r.<\/li>\n<li>Di\u015f telleri \u00e7ocuklar ve ergenler i\u00e7in normal kabul edilirken, yeti\u015fkinler bunlar\u0131 ancak s\u0131n\u0131rl\u0131 \u00f6l\u00e7\u00fcde kabul edebilir. G\u00f6r\u00fcn\u00fcr apareylerin kullan\u0131m\u0131 \u00f6nemli mesleki, sosyal ve estetik k\u0131s\u0131tlamalarla ili\u015fkilidir.<\/li>\n<\/ul>\n<h6>Tedavi se\u00e7enekleri<\/h6>\n<p>Burada, \u00f6zellikle yeti\u015fkinler i\u00e7in uygun olan ve M\u00f6nchengladbach'taki ortodonti klini\u011fimizde kullan\u0131lan baz\u0131 tedavi se\u00e7eneklerini sunuyoruz:<\/p>\n<ul>\n<li><a href=\"https:\/\/www.dr-elahi.de\/tr\/spektrum\/#lingualtechnik\">Lingual teknik<\/a><\/li>\n<li><a href=\"https:\/\/www.dr-elahi.de\/tr\/spektrum\/#aligner-technik\">Invisalign tekni\u011fi<\/a><\/li>\n<li><a href=\"https:\/\/www.dr-elahi.de\/tr\/spektrum\/\">Segment teknolojisi<\/a><\/li>\n<\/ul>\n<\/div><\/div><\/div><\/div><div class=\"wpb_column vc_column_container us_custom_f70d789f us_animate_this\"><div class=\"vc_column-inner\"><div class=\"wpb_text_column\"><div class=\"wpb_wrapper\"><h6>Malokl\u00fczyon tedavisi i\u00e7in randevu al\u0131n<\/h6>\n<p>E\u011fer bir ortodontist ar\u0131yorsan\u0131z ve bir ortodontist bulmak istiyorsan\u0131z bizimle ileti\u015fime ge\u00e7ebilirsiniz. <a href=\"https:\/\/drclip.de\/praxis\/f5a5e67a-5e45-4919-81e4-e50826b437fe\/termin\/reservierung\" target=\"_blank\" rel=\"noopener\">Tarih<\/a> M\u00f6nchengladbach'ta malokl\u00fczyon tedavisi i\u00e7in Dr. Elahi ile:<\/p>\n<p>Dr. med. dent. Mehdi Elahi<br \/>\nBrucknerallee 19<br \/>\n41236 M\u00f6nchengladbach<\/p>\n<p>Tel: <a href=\"tel:+49216644010\">02166 44010<\/a><br \/>\nFaks: 02166 846 333<br \/>\nE-Mail:\u00a0<a href=\"mailto:info@dr-elahi.de\">info@dr-elahi.de<\/a><\/p>\n<\/div><\/div><div class=\"w-separator size_small\"><\/div><div class=\"w-socials color_text shape_none\" style=\"--gap:1em;\"><div class=\"w-socials-list\"><div class=\"w-socials-item facebook\"><a class=\"w-socials-item-link\" href=\"https:\/\/www.facebook.com\/profile.php?id=100076066057445\" target=\"_blank\" rel=\"noopener\" title=\"Facebook\" aria-label=\"Facebook\"><span class=\"w-socials-item-link-hover\"><\/span><i class=\"fab fa-facebook\"><\/i><\/a><\/div><div class=\"w-socials-item instagram\"><a class=\"w-socials-item-link\" href=\"https:\/\/www.instagram.com\/praxis.dr.elahi\/\" target=\"_blank\" rel=\"noopener\" title=\"Instagram\" aria-label=\"Instagram\"><span class=\"w-socials-item-link-hover\"><\/span><i class=\"fab fa-instagram\"><\/i><\/a><\/div><div class=\"w-socials-item youtube\"><a class=\"w-socials-item-link\" href=\"https:\/\/www.youtube.com\/watch?v=_CLlORNHzo8\" target=\"_blank\" rel=\"noopener\" title=\"YouTube\" aria-label=\"YouTube\"><span class=\"w-socials-item-link-hover\"><\/span><i class=\"fab fa-youtube\"><\/i><\/a><\/div><div class=\"w-socials-item custom\"><a class=\"w-socials-item-link\" href=\"https:\/\/www.jameda.de\/moenchengladbach\/zahnaerzte\/kieferorthopaeden\/dr-mehdi-elahi\/uebersicht\/80390348_1\/\" target=\"_blank\" rel=\"noopener\" title=\"Ba\u015fl\u0131k\" aria-label=\"Ba\u015fl\u0131k\"><span class=\"w-socials-item-link-hover\" style=\"background:var(--color-content-faded);\"><\/span><i class=\"fas fa-star-half-alt\"><\/i><\/a><\/div><\/div><\/div><div class=\"w-separator size_small\"><\/div><div class=\"w-btn-wrapper align_none\"><a class=\"w-btn us-btn-style_1 us_custom_8f2ba1f4 us_animate_this icon_atleft\" target=\"_blank\" href=\"https:\/\/drclip.de\/praxis\/f5a5e67a-5e45-4919-81e4-e50826b437fe\/termin\/reservierung\" rel=\"noopener\"><i class=\"far fa-calendar-check\"><\/i><span class=\"w-btn-label\">\u015eimdi randevu al\u0131n<\/span><\/a><\/div><\/div><\/div><\/div><\/div><\/div><\/div><\/div><\/section>","protected":false},"excerpt":{"rendered":"Kieferorthop\u00e4de Erwachsene M\u00f6nchengladbachKieferorthop\u00e4de Erwachsene M\u00f6nchengladbach KFO Dr. Mehdi Elahi Die modernen technischen Entwicklungen in der Zahnheilkunde erm\u00f6glichen uns, unseren Patienten bessere, komfortablere, effektivere und vor allem unsichtbare Behandlungen anzubieten. Diese Techniken sind \u00fcberwiegend f\u00fcr erwachsene Patienten entwickelt worden, k\u00f6nnen aber genauso gut bei jungen Patienten eingesetzt werden. Dank diesen modernen Behandlungsmethoden erf\u00fcllen sich immer mehr...","protected":false},"author":2,"featured_media":254,"parent":0,"menu_order":0,"comment_status":"closed","ping_status":"closed","template":"","meta":{"footnotes":""},"yoast_head":"<!-- This site is optimized with the Yoast SEO plugin v22.5 - https:\/\/yoast.com\/wordpress\/plugins\/seo\/ -->\n<title>Kieferorthop\u00e4de Erwachsene M\u00f6nchengladbach<\/title>\n<meta name=\"description\" content=\"Kieferorthop\u00e4de Erwachsene M\u00f6nchengladbach \u2713 Immer mehr erwachsene Patienten erf\u00fcllen sich den Wunsch nach einem sch\u00f6neren L\u00e4cheln.\" \/>\n<meta name=\"robots\" content=\"index, follow, max-snippet:-1, max-image-preview:large, max-video-preview:-1\" \/>\n<link rel=\"canonical\" href=\"https:\/\/www.dr-elahi.de\/tr\/ortodontist-yetiskinler-moenchengladbach\/\" \/>\n<meta property=\"og:locale\" content=\"tr_TR\" \/>\n<meta property=\"og:type\" content=\"article\" \/>\n<meta property=\"og:title\" content=\"Kieferorthop\u00e4de Erwachsene M\u00f6nchengladbach\" \/>\n<meta property=\"og:description\" content=\"Kieferorthop\u00e4de Erwachsene M\u00f6nchengladbach \u2713 Immer mehr erwachsene Patienten erf\u00fcllen sich den Wunsch nach einem sch\u00f6neren L\u00e4cheln.\" \/>\n<meta property=\"og:url\" content=\"https:\/\/www.dr-elahi.de\/tr\/ortodontist-yetiskinler-moenchengladbach\/\" \/>\n<meta property=\"og:site_name\" content=\"Kieferorthop\u00e4de Dr. Elahi\" \/>\n<meta property=\"article:modified_time\" content=\"2025-10-31T06:36:15+00:00\" \/>\n<meta property=\"og:image\" content=\"https:\/\/www.dr-elahi.de\/wp-content\/uploads\/2022\/10\/0038_Dr-Elahi-Team_07-1.jpg\" \/>\n\t<meta property=\"og:image:width\" content=\"1000\" \/>\n\t<meta property=\"og:image:height\" content=\"750\" \/>\n\t<meta property=\"og:image:type\" content=\"image\/jpeg\" \/>\n<meta name=\"twitter:card\" content=\"summary_large_image\" \/>\n<meta name=\"twitter:label1\" content=\"Est. reading time\" \/>\n\t<meta name=\"twitter:data1\" content=\"2 dakika\" \/>\n<script type=\"application\/ld+json\" class=\"yoast-schema-graph\">{\"@context\":\"https:\/\/schema.org\",\"@graph\":[{\"@type\":\"WebPage\",\"@id\":\"https:\/\/www.dr-elahi.de\/kieferorthopaede-erwachsene-moenchengladbach\/\",\"url\":\"https:\/\/www.dr-elahi.de\/kieferorthopaede-erwachsene-moenchengladbach\/\",\"name\":\"Kieferorthop\u00e4de Erwachsene M\u00f6nchengladbach\",\"isPartOf\":{\"@id\":\"https:\/\/www.dr-elahi.de\/#website\"},\"primaryImageOfPage\":{\"@id\":\"https:\/\/www.dr-elahi.de\/kieferorthopaede-erwachsene-moenchengladbach\/#primaryimage\"},\"image\":{\"@id\":\"https:\/\/www.dr-elahi.de\/kieferorthopaede-erwachsene-moenchengladbach\/#primaryimage\"},\"thumbnailUrl\":\"https:\/\/www.dr-elahi.de\/wp-content\/uploads\/2022\/10\/0038_Dr-Elahi-Team_07-1.jpg\",\"datePublished\":\"2023-07-10T05:53:35+00:00\",\"dateModified\":\"2025-10-31T06:36:15+00:00\",\"description\":\"Kieferorthop\u00e4de Erwachsene M\u00f6nchengladbach \u2713 Immer mehr erwachsene Patienten erf\u00fcllen sich den Wunsch nach einem sch\u00f6neren L\u00e4cheln.\",\"breadcrumb\":{\"@id\":\"https:\/\/www.dr-elahi.de\/kieferorthopaede-erwachsene-moenchengladbach\/#breadcrumb\"},\"inLanguage\":\"tr\",\"potentialAction\":[{\"@type\":\"ReadAction\",\"target\":[\"https:\/\/www.dr-elahi.de\/kieferorthopaede-erwachsene-moenchengladbach\/\"]}]},{\"@type\":\"ImageObject\",\"inLanguage\":\"tr\",\"@id\":\"https:\/\/www.dr-elahi.de\/kieferorthopaede-erwachsene-moenchengladbach\/#primaryimage\",\"url\":\"https:\/\/www.dr-elahi.de\/wp-content\/uploads\/2022\/10\/0038_Dr-Elahi-Team_07-1.jpg\",\"contentUrl\":\"https:\/\/www.dr-elahi.de\/wp-content\/uploads\/2022\/10\/0038_Dr-Elahi-Team_07-1.jpg\",\"width\":1000,\"height\":750,\"caption\":\"Dr. Mehdi Elahi Kieferorthop\u00e4de\"},{\"@type\":\"BreadcrumbList\",\"@id\":\"https:\/\/www.dr-elahi.de\/kieferorthopaede-erwachsene-moenchengladbach\/#breadcrumb\",\"itemListElement\":[{\"@type\":\"ListItem\",\"position\":1,\"name\":\"Startseite\",\"item\":\"https:\/\/www.dr-elahi.de\/\"},{\"@type\":\"ListItem\",\"position\":2,\"name\":\"Kieferorthop\u00e4de Erwachsene M\u00f6nchengladbach\"}]},{\"@type\":\"WebSite\",\"@id\":\"https:\/\/www.dr-elahi.de\/#website\",\"url\":\"https:\/\/www.dr-elahi.de\/\",\"name\":\"Kieferorthop\u00e4de Dr. Elahi\",\"description\":\"Kieferorthop\u00e4de M\u00f6nchengladbach\",\"potentialAction\":[{\"@type\":\"SearchAction\",\"target\":{\"@type\":\"EntryPoint\",\"urlTemplate\":\"https:\/\/www.dr-elahi.de\/?s={search_term_string}\"},\"query-input\":\"required name=search_term_string\"}],\"inLanguage\":\"tr\"}]}<\/script>\n<!-- \/ Yoast SEO plugin. -->","yoast_head_json":{"title":"Kieferorthop\u00e4de Erwachsene M\u00f6nchengladbach","description":"Kieferorthop\u00e4de Erwachsene M\u00f6nchengladbach \u2713 Immer mehr erwachsene Patienten erf\u00fcllen sich den Wunsch nach einem sch\u00f6neren L\u00e4cheln.","robots":{"index":"index","follow":"follow","max-snippet":"max-snippet:-1","max-image-preview":"max-image-preview:large","max-video-preview":"max-video-preview:-1"},"canonical":"https:\/\/www.dr-elahi.de\/tr\/ortodontist-yetiskinler-moenchengladbach\/","og_locale":"tr_TR","og_type":"article","og_title":"Kieferorthop\u00e4de Erwachsene M\u00f6nchengladbach","og_description":"Kieferorthop\u00e4de Erwachsene M\u00f6nchengladbach \u2713 Immer mehr erwachsene Patienten erf\u00fcllen sich den Wunsch nach einem sch\u00f6neren L\u00e4cheln.","og_url":"https:\/\/www.dr-elahi.de\/tr\/ortodontist-yetiskinler-moenchengladbach\/","og_site_name":"Kieferorthop\u00e4de Dr. Elahi","article_modified_time":"2025-10-31T06:36:15+00:00","og_image":[{"width":1000,"height":750,"url":"https:\/\/www.dr-elahi.de\/wp-content\/uploads\/2022\/10\/0038_Dr-Elahi-Team_07-1.jpg","type":"image\/jpeg"}],"twitter_card":"summary_large_image","twitter_misc":{"Est. reading time":"2 dakika"},"schema":{"@context":"https:\/\/schema.org","@graph":[{"@type":"WebPage","@id":"https:\/\/www.dr-elahi.de\/kieferorthopaede-erwachsene-moenchengladbach\/","url":"https:\/\/www.dr-elahi.de\/kieferorthopaede-erwachsene-moenchengladbach\/","name":"Kieferorthop\u00e4de Erwachsene M\u00f6nchengladbach","isPartOf":{"@id":"https:\/\/www.dr-elahi.de\/#website"},"primaryImageOfPage":{"@id":"https:\/\/www.dr-elahi.de\/kieferorthopaede-erwachsene-moenchengladbach\/#primaryimage"},"image":{"@id":"https:\/\/www.dr-elahi.de\/kieferorthopaede-erwachsene-moenchengladbach\/#primaryimage"},"thumbnailUrl":"https:\/\/www.dr-elahi.de\/wp-content\/uploads\/2022\/10\/0038_Dr-Elahi-Team_07-1.jpg","datePublished":"2023-07-10T05:53:35+00:00","dateModified":"2025-10-31T06:36:15+00:00","description":"Kieferorthop\u00e4de Erwachsene M\u00f6nchengladbach \u2713 Immer mehr erwachsene Patienten erf\u00fcllen sich den Wunsch nach einem sch\u00f6neren L\u00e4cheln.","breadcrumb":{"@id":"https:\/\/www.dr-elahi.de\/kieferorthopaede-erwachsene-moenchengladbach\/#breadcrumb"},"inLanguage":"tr","potentialAction":[{"@type":"ReadAction","target":["https:\/\/www.dr-elahi.de\/kieferorthopaede-erwachsene-moenchengladbach\/"]}]},{"@type":"ImageObject","inLanguage":"tr","@id":"https:\/\/www.dr-elahi.de\/kieferorthopaede-erwachsene-moenchengladbach\/#primaryimage","url":"https:\/\/www.dr-elahi.de\/wp-content\/uploads\/2022\/10\/0038_Dr-Elahi-Team_07-1.jpg","contentUrl":"https:\/\/www.dr-elahi.de\/wp-content\/uploads\/2022\/10\/0038_Dr-Elahi-Team_07-1.jpg","width":1000,"height":750,"caption":"Dr. Mehdi Elahi Kieferorthop\u00e4de"},{"@type":"BreadcrumbList","@id":"https:\/\/www.dr-elahi.de\/kieferorthopaede-erwachsene-moenchengladbach\/#breadcrumb","itemListElement":[{"@type":"ListItem","position":1,"name":"Startseite","item":"https:\/\/www.dr-elahi.de\/"},{"@type":"ListItem","position":2,"name":"Kieferorthop\u00e4de Erwachsene M\u00f6nchengladbach"}]},{"@type":"WebSite","@id":"https:\/\/www.dr-elahi.de\/#website","url":"https:\/\/www.dr-elahi.de\/","name":"Kieferorthop\u00e4de Dr. Elahi","description":"Kieferorthop\u00e4de M\u00f6nchengladbach","potentialAction":[{"@type":"SearchAction","target":{"@type":"EntryPoint","urlTemplate":"https:\/\/www.dr-elahi.de\/?s={search_term_string}"},"query-input":"required name=search_term_string"}],"inLanguage":"tr"}]}},"_links":{"self":[{"href":"https:\/\/www.dr-elahi.de\/tr\/wp-json\/wp\/v2\/pages\/570"}],"collection":[{"href":"https:\/\/www.dr-elahi.de\/tr\/wp-json\/wp\/v2\/pages"}],"about":[{"href":"https:\/\/www.dr-elahi.de\/tr\/wp-json\/wp\/v2\/types\/page"}],"author":[{"embeddable":true,"href":"https:\/\/www.dr-elahi.de\/tr\/wp-json\/wp\/v2\/users\/2"}],"replies":[{"embeddable":true,"href":"https:\/\/www.dr-elahi.de\/tr\/wp-json\/wp\/v2\/comments?post=570"}],"version-history":[{"count":5,"href":"https:\/\/www.dr-elahi.de\/tr\/wp-json\/wp\/v2\/pages\/570\/revisions"}],"predecessor-version":[{"id":679,"href":"https:\/\/www.dr-elahi.de\/tr\/wp-json\/wp\/v2\/pages\/570\/revisions\/679"}],"wp:featuredmedia":[{"embeddable":true,"href":"https:\/\/www.dr-elahi.de\/tr\/wp-json\/wp\/v2\/media\/254"}],"wp:attachment":[{"href":"https:\/\/www.dr-elahi.de\/tr\/wp-json\/wp\/v2\/media?parent=570"}],"curies":[{"name":"wp","href":"https:\/\/api.w.org\/{rel}","templated":true}]}}