{"id":92,"date":"2022-10-10T10:26:36","date_gmt":"2022-10-10T10:26:36","guid":{"rendered":"https:\/\/www.dr-elahi.de\/?page_id=92"},"modified":"2025-11-04T07:40:42","modified_gmt":"2025-11-04T07:40:42","slug":"kfo-moenchengladbach","status":"publish","type":"page","link":"https:\/\/www.dr-elahi.de\/tr\/kfo-moenchengladbach\/","title":{"rendered":"Tak\u0131m"},"content":{"rendered":"<section class=\"l-section wpb_row us_custom_acfd0fdb height_auto\"><div class=\"l-section-h i-cf\"><div class=\"g-cols vc_row via_grid cols_2 laptops-cols_inherit tablets-cols_inherit mobiles-cols_1 valign_top type_default stacking_default\"><div class=\"wpb_column vc_column_container us_custom_819670d1 us_animate_this  hide_on_tablets hide_on_mobiles has_bg_color\"><div class=\"vc_column-inner\"><h1 style=\"font-size: 2.3rem;line-height: 1.2;text-align: left;font-family:Roboto;font-weight:300;font-style:normal\" class=\"vc_custom_heading us_custom_1fb8b2dc us_animate_this\" >Uygulama ekibimiz<\/h1><\/div><\/div><div class=\"wpb_column vc_column_container\"><div class=\"vc_column-inner\"><\/div><\/div><\/div><\/div><\/section><section class=\"l-section wpb_row us_custom_ac037762 height_auto\"><div class=\"l-section-overlay\" style=\"background:var(--color-content-bg-alt)\"><\/div><div class=\"l-section-h i-cf\"><div class=\"g-cols vc_row via_grid cols_1 laptops-cols_inherit tablets-cols_inherit mobiles-cols_1 valign_top type_default stacking_default\"><div class=\"wpb_column vc_column_container\"><div class=\"vc_column-inner\"><div class=\"g-cols wpb_row via_grid cols_1-2 laptops-cols_inherit tablets-cols_inherit mobiles-cols_1 valign_middle type_default stacking_default\"><div class=\"wpb_column vc_column_container us_custom_60e9caca us_animate_this\"><div class=\"vc_column-inner\"><div class=\"wpb_text_column\"><div class=\"wpb_wrapper\"><h2>Sizin i\u00e7in buraday\u0131z<\/h2>\n<h3>Sevgili hastam,<\/h3>\n<\/div><\/div><div class=\"w-separator size_small\"><\/div><div class=\"wpb_text_column\"><div class=\"wpb_wrapper\"><p>bizimkiler <a href=\"\/tr\/ortodonti%cc%87-moenchengladbach\/\">Ortodonti i\u00e7in uzman muayenehane<\/a> M\u00f6nchengladbach'ta 20 y\u0131l\u0131 a\u015fk\u0131n s\u00fcredir yanl\u0131\u015f hizalanm\u0131\u015f di\u015fleri ve \u00e7eneleri d\u00fczeltmek i\u00e7in modern ve g\u00f6ze batmayan prosed\u00fcrleri temsil etmektedir. \u00c7ocuklara, gen\u00e7lere ve yeti\u015fkinlere d\u00fcz di\u015flere ve uyumlu, i\u015flevsel bir di\u015f setine sahip olmalar\u0131 i\u00e7in yard\u0131mc\u0131 oluyoruz.<\/p>\n<p>Dr Elahi, doktor de\u011ferlendirme portal\u0131 taraf\u0131ndan derecelendirilmi\u015ftir <a href=\"https:\/\/www.jameda.de\/moenchengladbach\/zahnaerzte\/kieferorthopaeden\/dr-mehdi-elahi\/uebersicht\/80390348_1\/\" target=\"_blank\" rel=\"noopener\">Jameda<\/a> Defalarca M\u00f6nchengladbach'taki en iyi 5 ortodontistten biri olarak kabul edildik. Bu, do\u011fru yolda oldu\u011fumuzu ve hastalar\u0131m\u0131za m\u00fcmk\u00fcn olan en iyi bak\u0131m\u0131 sa\u011flad\u0131\u011f\u0131m\u0131z\u0131 g\u00f6steriyor. \u00c7\u00fcnk\u00fc sizin m\u00fckemmel g\u00fcl\u00fc\u015f\u00fcn\u00fcz bizim hedefimizdir.<\/p>\n<\/div><\/div><\/div><\/div><div class=\"wpb_column vc_column_container us_custom_f70d789f us_animate_this\"><div class=\"vc_column-inner\"><div class=\"w-image align_none\"><div class=\"w-image-h\"><img width=\"1350\" height=\"1000\" src=\"https:\/\/www.dr-elahi.de\/wp-content\/uploads\/2022\/10\/0038_Dr-Elahi-Team_02.jpg\" class=\"attachment-full size-full\" alt=\"KFO M\u00f6nchengladbach\" decoding=\"async\" loading=\"lazy\" srcset=\"https:\/\/www.dr-elahi.de\/wp-content\/uploads\/2022\/10\/0038_Dr-Elahi-Team_02.jpg 1350w, https:\/\/www.dr-elahi.de\/wp-content\/uploads\/2022\/10\/0038_Dr-Elahi-Team_02-300x222.jpg 300w, https:\/\/www.dr-elahi.de\/wp-content\/uploads\/2022\/10\/0038_Dr-Elahi-Team_02-1024x759.jpg 1024w\" sizes=\"(max-width: 1350px) 100vw, 1350px\" \/><\/div><\/div><\/div><\/div><\/div><\/div><\/div><\/div><\/div><\/section><section class=\"l-section wpb_row us_custom_ac037762 height_auto\" id=\"dr-elahi\"><div class=\"l-section-h i-cf\"><div class=\"g-cols vc_row via_grid cols_1 laptops-cols_inherit tablets-cols_inherit mobiles-cols_1 valign_top type_default stacking_default\"><div class=\"wpb_column vc_column_container\"><div class=\"vc_column-inner\"><div class=\"wpb_text_column us_custom_3af55a1e us_animate_this\"><div class=\"wpb_wrapper\"><h2>Dr. med. dent. Mehdi Elahi<\/h2>\n<h3>Ortodonti i\u00e7in uzman di\u015f hekimi<\/h3>\n<\/div><\/div><div class=\"w-separator size_large\"><\/div><div class=\"g-cols wpb_row via_grid cols_1-2 laptops-cols_inherit tablets-cols_inherit mobiles-cols_1 valign_middle type_default stacking_default\"><div class=\"wpb_column vc_column_container us_custom_60e9caca us_animate_this\"><div class=\"vc_column-inner\"><div class=\"w-image align_none\"><div class=\"w-image-h\"><img width=\"750\" height=\"1000\" src=\"https:\/\/www.dr-elahi.de\/wp-content\/uploads\/2022\/10\/0038_Dr-Elahi-Team_01.jpg\" class=\"attachment-full size-full\" alt=\"KFO M\u00f6nchengladbach\" decoding=\"async\" loading=\"lazy\" srcset=\"https:\/\/www.dr-elahi.de\/wp-content\/uploads\/2022\/10\/0038_Dr-Elahi-Team_01.jpg 750w, https:\/\/www.dr-elahi.de\/wp-content\/uploads\/2022\/10\/0038_Dr-Elahi-Team_01-225x300.jpg 225w\" sizes=\"(max-width: 750px) 100vw, 750px\" \/><\/div><\/div><\/div><\/div><div class=\"wpb_column vc_column_container us_custom_f70d789f us_animate_this\"><div class=\"vc_column-inner\"><div class=\"wpb_text_column\"><div class=\"wpb_wrapper\"><ul>\n<li>Hamburg'da di\u015f hekimli\u011fi e\u011fitimi, 1993'te devlet s\u0131nav\u0131<\/li>\n<li>Hamburg Eppendorf \u00dcniversite Hastanesi Restoratif Di\u015f Hekimli\u011fi ve Periodontoloji B\u00f6l\u00fcm\u00fc'nde ara\u015ft\u0131rma g\u00f6revlisi.<\/li>\n<li>Hamburg Eppendorf \u00dcniversite Hastanesi Ortodonti B\u00f6l\u00fcm\u00fc'nde ara\u015ft\u0131rma g\u00f6revlisi ve e\u011fitim asistan\u0131.<\/li>\n<li>Eyl\u00fcl 1998: Ortodonti uzman di\u015f hekimi s\u0131nav\u0131 ve Hamburg Di\u015fhekimleri Birli\u011fi taraf\u0131ndan \"ortodonti uzman di\u015f hekimi\" olarak tan\u0131nma.<\/li>\n<li>1999 - 2007: Ulm'de, daha sonra M\u00f6nchengladbach'ta kendi muayenehanesi.<\/li>\n<li>1999'dan beri: Lingual tekni\u011fin pratikte uygulanmas\u0131.<\/li>\n<li>\"Alman Ortodonti Derne\u011fi e.V.\" (DGKFO) \u00fcyesi<\/li>\n<li>\"Berufsverband der Deutschen Kieferorthop\u00e4den e.V.\" (BDK) \u00fcyesi.<\/li>\n<li>2001'den beri Invisalign\u00ae Tekni\u011finin sertifikal\u0131 kullan\u0131c\u0131s\u0131.<\/li>\n<li>Alman Di\u015f, A\u011f\u0131z ve \u00c7ene T\u0131bb\u0131 Derne\u011fi (DGZMK) \u00dcyesi<\/li>\n<li>Alman Fonksiyonel Te\u015fhis ve Tedavi Derne\u011fi (DGFDT) \u00dcyesi<\/li>\n<\/ul>\n<\/div><\/div><\/div><\/div><\/div><\/div><\/div><\/div><\/div><\/section><section class=\"l-section wpb_row us_custom_ac037762 height_auto\" id=\"team\"><div class=\"l-section-overlay\" style=\"background:var(--color-content-bg-alt)\"><\/div><div class=\"l-section-h i-cf\"><div class=\"g-cols vc_row via_grid cols_1 laptops-cols_inherit tablets-cols_inherit mobiles-cols_1 valign_top type_default stacking_default\"><div class=\"wpb_column vc_column_container\"><div class=\"vc_column-inner\"><div class=\"wpb_text_column us_custom_3af55a1e us_animate_this\"><div class=\"wpb_wrapper\"><h2>G\u00fcler y\u00fczl\u00fc \u00e7al\u0131\u015fanlar\u0131m\u0131z<\/h2>\n<h3>Deneyimli, yetkin, profesyonel<\/h3>\n<\/div><\/div><div class=\"w-separator size_large\"><\/div><div class=\"wpb_text_column us_custom_3af55a1e us_animate_this\"><div class=\"wpb_wrapper\"><p style=\"font-weight: 400;\">M\u00f6nchengladbach'taki ortodonti muayenehanemizin ekibi, hastalar\u0131m\u0131z\u0131n ihtiya\u00e7lar\u0131yla \u00f6zveri ve empatiyle ilgilenen deneyimli di\u015f hekimi asistanlar\u0131ndan olu\u015fmaktad\u0131r. \u00c7al\u0131\u015fanlar\u0131m\u0131z tedavi koltu\u011funda yard\u0131mc\u0131 olman\u0131n ve r\u00f6ntgen \u00e7ekmenin yan\u0131 s\u0131ra randevular\u0131 ve hasta taleplerini koordine ederek ortodontik tedavilerimizin sorunsuz bir \u015fekilde y\u00fcr\u00fct\u00fclmesini sa\u011flamaktad\u0131r.<\/p>\n<\/div><\/div><\/div><\/div><\/div><\/div><\/section><section class=\"l-section wpb_row us_custom_ac037762 height_auto\"><div class=\"l-section-h i-cf\"><div class=\"g-cols vc_row via_grid cols_1 laptops-cols_inherit tablets-cols_inherit mobiles-cols_1 valign_top type_default stacking_default\"><div class=\"wpb_column vc_column_container\"><div class=\"vc_column-inner\"><div class=\"g-cols wpb_row via_grid cols_3 laptops-cols_inherit tablets-cols_inherit mobiles-cols_1 valign_top type_default stacking_default\"><div class=\"wpb_column vc_column_container us_custom_08e75eae us_animate_this\"><div class=\"vc_column-overlay\" style=\"background:var(--color-content-bg-alt)\"><\/div><div class=\"vc_column-inner\"><div class=\"w-image align_none\"><div class=\"w-image-h\"><img width=\"378\" height=\"292\" src=\"https:\/\/www.dr-elahi.de\/wp-content\/uploads\/2025\/11\/Dr.-Rastegar.jpg\" class=\"attachment-large size-large\" alt=\"\" decoding=\"async\" loading=\"lazy\" srcset=\"https:\/\/www.dr-elahi.de\/wp-content\/uploads\/2025\/11\/Dr.-Rastegar.jpg 378w, https:\/\/www.dr-elahi.de\/wp-content\/uploads\/2025\/11\/Dr.-Rastegar-300x232.jpg 300w, https:\/\/www.dr-elahi.de\/wp-content\/uploads\/2025\/11\/Dr.-Rastegar-16x12.jpg 16w\" sizes=\"(max-width: 378px) 100vw, 378px\" \/><\/div><\/div><div class=\"w-separator size_small\"><\/div><div class=\"wpb_text_column\"><div class=\"wpb_wrapper\"><h6>Dr. Stom. Alireza Rastegar<\/h6>\n<p><strong>Ortodonti i\u00e7in uzman di\u015f hekimi<br \/>\n<\/strong><\/p>\n<\/div><\/div><\/div><\/div><div class=\"wpb_column vc_column_container us_custom_943dd38d us_animate_this\"><div class=\"vc_column-overlay\" style=\"background:var(--color-content-bg-alt)\"><\/div><div class=\"vc_column-inner\"><div class=\"w-image align_none\"><div class=\"w-image-h\"><img width=\"1000\" height=\"750\" src=\"https:\/\/www.dr-elahi.de\/wp-content\/uploads\/2022\/10\/0038_Dr-Elahi-Team_08.jpg\" class=\"attachment-full size-full\" alt=\"KFO M\u00f6nchengladbach\" decoding=\"async\" loading=\"lazy\" srcset=\"https:\/\/www.dr-elahi.de\/wp-content\/uploads\/2022\/10\/0038_Dr-Elahi-Team_08.jpg 1000w, https:\/\/www.dr-elahi.de\/wp-content\/uploads\/2022\/10\/0038_Dr-Elahi-Team_08-300x225.jpg 300w\" sizes=\"(max-width: 1000px) 100vw, 1000px\" \/><\/div><\/div><div class=\"w-separator size_small\"><\/div><div class=\"wpb_text_column\"><div class=\"wpb_wrapper\"><h6>L. Schallmoser<\/h6>\n<p><strong>Di\u015f hekimi asistan\u0131<\/strong><\/p>\n<ul>\n<li>Uygulama y\u00f6netimi<\/li>\n<li>Hijyen G\u00f6revlisi<\/li>\n<li>Radyoloji<\/li>\n<li>Yard\u0131m<\/li>\n<\/ul>\n<\/div><\/div><\/div><\/div><div class=\"wpb_column vc_column_container us_custom_7c8819ce us_animate_this\"><div class=\"vc_column-overlay\" style=\"background:var(--color-content-bg-alt)\"><\/div><div class=\"vc_column-inner\"><div class=\"w-image align_none\"><div class=\"w-image-h\"><img width=\"1000\" height=\"750\" src=\"https:\/\/www.dr-elahi.de\/wp-content\/uploads\/2022\/10\/0038_Dr-Elahi-Team_04.jpg\" class=\"attachment-full size-full\" alt=\"KFO M\u00f6nchengladbach\" decoding=\"async\" loading=\"lazy\" srcset=\"https:\/\/www.dr-elahi.de\/wp-content\/uploads\/2022\/10\/0038_Dr-Elahi-Team_04.jpg 1000w, https:\/\/www.dr-elahi.de\/wp-content\/uploads\/2022\/10\/0038_Dr-Elahi-Team_04-300x225.jpg 300w\" sizes=\"(max-width: 1000px) 100vw, 1000px\" \/><\/div><\/div><div class=\"w-separator size_small\"><\/div><div class=\"wpb_text_column\"><div class=\"wpb_wrapper\"><h6>S. Reinecke<\/h6>\n<p><strong>T\u0131bbi asistan (MFA)<\/strong><\/p>\n<ul>\n<li>Faturaland\u0131rma<\/li>\n<li>Muhasebe<\/li>\n<li>Radyoloji<\/li>\n<li>Y\u00f6netim<\/li>\n<\/ul>\n<\/div><\/div><\/div><\/div><div class=\"wpb_column vc_column_container us_custom_943dd38d us_animate_this\"><div class=\"vc_column-overlay\" style=\"background:var(--color-content-bg-alt)\"><\/div><div class=\"vc_column-inner\"><div class=\"w-image align_none\"><div class=\"w-image-h\"><img width=\"1000\" height=\"750\" src=\"https:\/\/www.dr-elahi.de\/wp-content\/uploads\/2022\/10\/0038_Dr-Elahi-Team_09.jpg\" class=\"attachment-full size-full\" alt=\"KFO M\u00f6nchengladbach\" decoding=\"async\" loading=\"lazy\" srcset=\"https:\/\/www.dr-elahi.de\/wp-content\/uploads\/2022\/10\/0038_Dr-Elahi-Team_09.jpg 1000w, https:\/\/www.dr-elahi.de\/wp-content\/uploads\/2022\/10\/0038_Dr-Elahi-Team_09-300x225.jpg 300w\" sizes=\"(max-width: 1000px) 100vw, 1000px\" \/><\/div><\/div><div class=\"w-separator size_small\"><\/div><div class=\"wpb_text_column\"><div class=\"wpb_wrapper\"><h6>K. Heinrichs<\/h6>\n<p><strong>Di\u015f hekimi asistan\u0131<\/strong><\/p>\n<ul>\n<li>Resepsiyon<\/li>\n<li>Radyoloji<\/li>\n<li>Geri \u00e7a\u011f\u0131rma sistemi<\/li>\n<li>Yaz\u0131\u015fmalar<\/li>\n<li>Y\u00f6netim<\/li>\n<\/ul>\n<\/div><\/div><\/div><\/div><div class=\"wpb_column vc_column_container us_custom_7c8819ce us_animate_this\"><div class=\"vc_column-overlay\" style=\"background:var(--color-content-bg-alt)\"><\/div><div class=\"vc_column-inner\"><div class=\"w-image align_none\"><div class=\"w-image-h\"><img width=\"1000\" height=\"750\" src=\"https:\/\/www.dr-elahi.de\/wp-content\/uploads\/2022\/10\/0038_Dr-Elahi-Team_05.jpg\" class=\"attachment-full size-full\" alt=\"KFO M\u00f6nchengladbach\" decoding=\"async\" loading=\"lazy\" srcset=\"https:\/\/www.dr-elahi.de\/wp-content\/uploads\/2022\/10\/0038_Dr-Elahi-Team_05.jpg 1000w, https:\/\/www.dr-elahi.de\/wp-content\/uploads\/2022\/10\/0038_Dr-Elahi-Team_05-300x225.jpg 300w\" sizes=\"(max-width: 1000px) 100vw, 1000px\" \/><\/div><\/div><div class=\"w-separator size_small\"><\/div><div class=\"wpb_text_column\"><div class=\"wpb_wrapper\"><h6>S. Fehser<\/h6>\n<p><strong>Di\u015f hekimi asistan\u0131<\/strong><\/p>\n<ul>\n<li>Resepsiyon<\/li>\n<li>Yaz\u0131\u015fmalar<\/li>\n<li>Y\u00f6netim<\/li>\n<\/ul>\n<\/div><\/div><\/div><\/div><div class=\"wpb_column vc_column_container us_custom_08e75eae us_animate_this\"><div class=\"vc_column-overlay\" style=\"background:var(--color-content-bg-alt)\"><\/div><div class=\"vc_column-inner\"><div class=\"w-image align_none\"><div class=\"w-image-h\"><img width=\"1000\" height=\"750\" src=\"https:\/\/www.dr-elahi.de\/wp-content\/uploads\/2022\/10\/0038_Dr-Elahi-Team_07.jpg\" class=\"attachment-full size-full\" alt=\"KFO M\u00f6nchengladbach\" decoding=\"async\" loading=\"lazy\" srcset=\"https:\/\/www.dr-elahi.de\/wp-content\/uploads\/2022\/10\/0038_Dr-Elahi-Team_07.jpg 1000w, https:\/\/www.dr-elahi.de\/wp-content\/uploads\/2022\/10\/0038_Dr-Elahi-Team_07-300x225.jpg 300w\" sizes=\"(max-width: 1000px) 100vw, 1000px\" \/><\/div><\/div><div class=\"w-separator size_small\"><\/div><div class=\"wpb_text_column\"><div class=\"wpb_wrapper\"><h6>M.Zanganeh<\/h6>\n<p><strong>Di\u015f hekimi asistan\u0131<\/strong><\/p>\n<\/div><\/div><\/div><\/div><div class=\"wpb_column vc_column_container us_custom_943dd38d us_animate_this\"><div class=\"vc_column-overlay\" style=\"background:var(--color-content-bg-alt)\"><\/div><div class=\"vc_column-inner\"><div class=\"w-image align_none\"><div class=\"w-image-h\"><img width=\"1000\" height=\"750\" src=\"https:\/\/www.dr-elahi.de\/wp-content\/uploads\/2022\/10\/0038_Dr-Elahi-Team_03.jpg\" class=\"attachment-full size-full\" alt=\"KFO M\u00f6nchengladbach\" decoding=\"async\" loading=\"lazy\" srcset=\"https:\/\/www.dr-elahi.de\/wp-content\/uploads\/2022\/10\/0038_Dr-Elahi-Team_03.jpg 1000w, https:\/\/www.dr-elahi.de\/wp-content\/uploads\/2022\/10\/0038_Dr-Elahi-Team_03-300x225.jpg 300w\" sizes=\"(max-width: 1000px) 100vw, 1000px\" \/><\/div><\/div><div class=\"w-separator size_small\"><\/div><div class=\"wpb_text_column\"><div class=\"wpb_wrapper\"><h6>T. Burak<\/h6>\n<p><strong>Di\u015f hekimi asistan\u0131<\/strong><\/p>\n<ul>\n<li>Tedavi s\u0131ras\u0131nda yard\u0131m<\/li>\n<li>Radyoloji<\/li>\n<li>Resepsiyon<\/li>\n<\/ul>\n<\/div><\/div><\/div><\/div><div class=\"wpb_column vc_column_container us_custom_7c8819ce us_animate_this\"><div class=\"vc_column-overlay\" style=\"background:var(--color-content-bg-alt)\"><\/div><div class=\"vc_column-inner\"><div class=\"w-image align_none\"><div class=\"w-image-h\"><img width=\"1350\" height=\"1000\" src=\"https:\/\/www.dr-elahi.de\/wp-content\/uploads\/2022\/10\/0038_Dr-Elahi-Team_02.jpg\" class=\"attachment-full size-full\" alt=\"KFO M\u00f6nchengladbach\" decoding=\"async\" loading=\"lazy\" srcset=\"https:\/\/www.dr-elahi.de\/wp-content\/uploads\/2022\/10\/0038_Dr-Elahi-Team_02.jpg 1350w, https:\/\/www.dr-elahi.de\/wp-content\/uploads\/2022\/10\/0038_Dr-Elahi-Team_02-300x222.jpg 300w, https:\/\/www.dr-elahi.de\/wp-content\/uploads\/2022\/10\/0038_Dr-Elahi-Team_02-1024x759.jpg 1024w\" sizes=\"(max-width: 1350px) 100vw, 1350px\" \/><\/div><\/div><div class=\"w-separator size_small\"><\/div><div class=\"wpb_text_column\"><div class=\"wpb_wrapper\"><h6>Ekibin bir par\u00e7as\u0131 olun<\/h6>\n<p><strong>Yeni bir meydan okuma m\u0131 ar\u0131yorsunuz? Ba\u015fvurunuzu almak i\u00e7in sab\u0131rs\u0131zlan\u0131yoruz.<\/strong><\/p>\n<\/div><\/div><\/div><\/div><\/div><\/div><\/div><\/div><\/div><\/section>","protected":false},"excerpt":{"rendered":"Unser PraxisteamWir sind f\u00fcr Sie da Liebe Patientin, lieber Patient, unsere Facharztpraxis f\u00fcr Kieferorthop\u00e4die in M\u00f6nchengladbach steht seit mehr als 20 Jahren f\u00fcr moderne und unauff\u00e4llige Verfahren zur Korrektur von Zahn- und Kieferfehlstellungen. Wir verhelfen sowohl Kindern, Jugendlichen als auch Erwachsenen zu geraden Z\u00e4hnen und einem harmonischen, funktionierenden Gebiss. Bereits seit Jahren wird Dr. Elahi...","protected":false},"author":2,"featured_media":233,"parent":0,"menu_order":0,"comment_status":"closed","ping_status":"closed","template":"","meta":{"footnotes":""},"yoast_head":"<!-- This site is optimized with the Yoast SEO plugin v22.5 - https:\/\/yoast.com\/wordpress\/plugins\/seo\/ -->\n<title>KFO M\u00f6nchengladbach \u2022 Dr. Mehdi Elahi<\/title>\n<meta name=\"description\" content=\"KFO M\u00f6nchengladbach \u2713 Bereits seit Jahren wird Dr. Elahi von Jameda als einer der Top 5 Kieferorthop\u00e4den in M\u00f6nchengladbach ausgezeichnet.\" \/>\n<meta name=\"robots\" content=\"index, follow, max-snippet:-1, max-image-preview:large, max-video-preview:-1\" \/>\n<link rel=\"canonical\" href=\"https:\/\/www.dr-elahi.de\/tr\/kfo-moenchengladbach\/\" \/>\n<meta property=\"og:locale\" content=\"tr_TR\" \/>\n<meta property=\"og:type\" content=\"article\" \/>\n<meta property=\"og:title\" content=\"KFO M\u00f6nchengladbach \u2022 Dr. Mehdi Elahi\" \/>\n<meta property=\"og:description\" content=\"KFO M\u00f6nchengladbach \u2713 Bereits seit Jahren wird Dr. Elahi von Jameda als einer der Top 5 Kieferorthop\u00e4den in M\u00f6nchengladbach ausgezeichnet.\" \/>\n<meta property=\"og:url\" content=\"https:\/\/www.dr-elahi.de\/tr\/kfo-moenchengladbach\/\" \/>\n<meta property=\"og:site_name\" content=\"Kieferorthop\u00e4de Dr. Elahi\" \/>\n<meta property=\"article:modified_time\" content=\"2025-11-04T07:40:42+00:00\" \/>\n<meta property=\"og:image\" content=\"https:\/\/www.dr-elahi.de\/wp-content\/uploads\/2022\/10\/0038_Dr-Elahi-Team_01.jpg\" \/>\n\t<meta property=\"og:image:width\" content=\"750\" \/>\n\t<meta property=\"og:image:height\" content=\"1000\" \/>\n\t<meta property=\"og:image:type\" content=\"image\/jpeg\" \/>\n<meta name=\"twitter:card\" content=\"summary_large_image\" \/>\n<meta name=\"twitter:label1\" content=\"Est. reading time\" \/>\n\t<meta name=\"twitter:data1\" content=\"5 dakika\" \/>\n<script type=\"application\/ld+json\" class=\"yoast-schema-graph\">{\"@context\":\"https:\/\/schema.org\",\"@graph\":[{\"@type\":\"WebPage\",\"@id\":\"https:\/\/www.dr-elahi.de\/kfo-moenchengladbach\/\",\"url\":\"https:\/\/www.dr-elahi.de\/kfo-moenchengladbach\/\",\"name\":\"KFO M\u00f6nchengladbach \u2022 Dr. Mehdi Elahi\",\"isPartOf\":{\"@id\":\"https:\/\/www.dr-elahi.de\/#website\"},\"primaryImageOfPage\":{\"@id\":\"https:\/\/www.dr-elahi.de\/kfo-moenchengladbach\/#primaryimage\"},\"image\":{\"@id\":\"https:\/\/www.dr-elahi.de\/kfo-moenchengladbach\/#primaryimage\"},\"thumbnailUrl\":\"https:\/\/www.dr-elahi.de\/wp-content\/uploads\/2022\/10\/0038_Dr-Elahi-Team_01.jpg\",\"datePublished\":\"2022-10-10T10:26:36+00:00\",\"dateModified\":\"2025-11-04T07:40:42+00:00\",\"description\":\"KFO M\u00f6nchengladbach \u2713 Bereits seit Jahren wird Dr. Elahi von Jameda als einer der Top 5 Kieferorthop\u00e4den in M\u00f6nchengladbach ausgezeichnet.\",\"breadcrumb\":{\"@id\":\"https:\/\/www.dr-elahi.de\/kfo-moenchengladbach\/#breadcrumb\"},\"inLanguage\":\"tr\",\"potentialAction\":[{\"@type\":\"ReadAction\",\"target\":[\"https:\/\/www.dr-elahi.de\/kfo-moenchengladbach\/\"]}]},{\"@type\":\"ImageObject\",\"inLanguage\":\"tr\",\"@id\":\"https:\/\/www.dr-elahi.de\/kfo-moenchengladbach\/#primaryimage\",\"url\":\"https:\/\/www.dr-elahi.de\/wp-content\/uploads\/2022\/10\/0038_Dr-Elahi-Team_01.jpg\",\"contentUrl\":\"https:\/\/www.dr-elahi.de\/wp-content\/uploads\/2022\/10\/0038_Dr-Elahi-Team_01.jpg\",\"width\":750,\"height\":1000,\"caption\":\"KFO M\u00f6nchengladbach\"},{\"@type\":\"BreadcrumbList\",\"@id\":\"https:\/\/www.dr-elahi.de\/kfo-moenchengladbach\/#breadcrumb\",\"itemListElement\":[{\"@type\":\"ListItem\",\"position\":1,\"name\":\"Startseite\",\"item\":\"https:\/\/www.dr-elahi.de\/\"},{\"@type\":\"ListItem\",\"position\":2,\"name\":\"Team\"}]},{\"@type\":\"WebSite\",\"@id\":\"https:\/\/www.dr-elahi.de\/#website\",\"url\":\"https:\/\/www.dr-elahi.de\/\",\"name\":\"Kieferorthop\u00e4de Dr. Elahi\",\"description\":\"Kieferorthop\u00e4de M\u00f6nchengladbach\",\"potentialAction\":[{\"@type\":\"SearchAction\",\"target\":{\"@type\":\"EntryPoint\",\"urlTemplate\":\"https:\/\/www.dr-elahi.de\/?s={search_term_string}\"},\"query-input\":\"required name=search_term_string\"}],\"inLanguage\":\"tr\"}]}<\/script>\n<!-- \/ Yoast SEO plugin. -->","yoast_head_json":{"title":"KFO M\u00f6nchengladbach \u2022 Dr. Mehdi Elahi","description":"KFO M\u00f6nchengladbach \u2713 Bereits seit Jahren wird Dr. Elahi von Jameda als einer der Top 5 Kieferorthop\u00e4den in M\u00f6nchengladbach ausgezeichnet.","robots":{"index":"index","follow":"follow","max-snippet":"max-snippet:-1","max-image-preview":"max-image-preview:large","max-video-preview":"max-video-preview:-1"},"canonical":"https:\/\/www.dr-elahi.de\/tr\/kfo-moenchengladbach\/","og_locale":"tr_TR","og_type":"article","og_title":"KFO M\u00f6nchengladbach \u2022 Dr. Mehdi Elahi","og_description":"KFO M\u00f6nchengladbach \u2713 Bereits seit Jahren wird Dr. Elahi von Jameda als einer der Top 5 Kieferorthop\u00e4den in M\u00f6nchengladbach ausgezeichnet.","og_url":"https:\/\/www.dr-elahi.de\/tr\/kfo-moenchengladbach\/","og_site_name":"Kieferorthop\u00e4de Dr. Elahi","article_modified_time":"2025-11-04T07:40:42+00:00","og_image":[{"width":750,"height":1000,"url":"https:\/\/www.dr-elahi.de\/wp-content\/uploads\/2022\/10\/0038_Dr-Elahi-Team_01.jpg","type":"image\/jpeg"}],"twitter_card":"summary_large_image","twitter_misc":{"Est. reading time":"5 dakika"},"schema":{"@context":"https:\/\/schema.org","@graph":[{"@type":"WebPage","@id":"https:\/\/www.dr-elahi.de\/kfo-moenchengladbach\/","url":"https:\/\/www.dr-elahi.de\/kfo-moenchengladbach\/","name":"KFO M\u00f6nchengladbach \u2022 Dr. Mehdi Elahi","isPartOf":{"@id":"https:\/\/www.dr-elahi.de\/#website"},"primaryImageOfPage":{"@id":"https:\/\/www.dr-elahi.de\/kfo-moenchengladbach\/#primaryimage"},"image":{"@id":"https:\/\/www.dr-elahi.de\/kfo-moenchengladbach\/#primaryimage"},"thumbnailUrl":"https:\/\/www.dr-elahi.de\/wp-content\/uploads\/2022\/10\/0038_Dr-Elahi-Team_01.jpg","datePublished":"2022-10-10T10:26:36+00:00","dateModified":"2025-11-04T07:40:42+00:00","description":"KFO M\u00f6nchengladbach \u2713 Bereits seit Jahren wird Dr. Elahi von Jameda als einer der Top 5 Kieferorthop\u00e4den in M\u00f6nchengladbach ausgezeichnet.","breadcrumb":{"@id":"https:\/\/www.dr-elahi.de\/kfo-moenchengladbach\/#breadcrumb"},"inLanguage":"tr","potentialAction":[{"@type":"ReadAction","target":["https:\/\/www.dr-elahi.de\/kfo-moenchengladbach\/"]}]},{"@type":"ImageObject","inLanguage":"tr","@id":"https:\/\/www.dr-elahi.de\/kfo-moenchengladbach\/#primaryimage","url":"https:\/\/www.dr-elahi.de\/wp-content\/uploads\/2022\/10\/0038_Dr-Elahi-Team_01.jpg","contentUrl":"https:\/\/www.dr-elahi.de\/wp-content\/uploads\/2022\/10\/0038_Dr-Elahi-Team_01.jpg","width":750,"height":1000,"caption":"KFO M\u00f6nchengladbach"},{"@type":"BreadcrumbList","@id":"https:\/\/www.dr-elahi.de\/kfo-moenchengladbach\/#breadcrumb","itemListElement":[{"@type":"ListItem","position":1,"name":"Startseite","item":"https:\/\/www.dr-elahi.de\/"},{"@type":"ListItem","position":2,"name":"Team"}]},{"@type":"WebSite","@id":"https:\/\/www.dr-elahi.de\/#website","url":"https:\/\/www.dr-elahi.de\/","name":"Kieferorthop\u00e4de Dr. Elahi","description":"Kieferorthop\u00e4de M\u00f6nchengladbach","potentialAction":[{"@type":"SearchAction","target":{"@type":"EntryPoint","urlTemplate":"https:\/\/www.dr-elahi.de\/?s={search_term_string}"},"query-input":"required name=search_term_string"}],"inLanguage":"tr"}]}},"_links":{"self":[{"href":"https:\/\/www.dr-elahi.de\/tr\/wp-json\/wp\/v2\/pages\/92"}],"collection":[{"href":"https:\/\/www.dr-elahi.de\/tr\/wp-json\/wp\/v2\/pages"}],"about":[{"href":"https:\/\/www.dr-elahi.de\/tr\/wp-json\/wp\/v2\/types\/page"}],"author":[{"embeddable":true,"href":"https:\/\/www.dr-elahi.de\/tr\/wp-json\/wp\/v2\/users\/2"}],"replies":[{"embeddable":true,"href":"https:\/\/www.dr-elahi.de\/tr\/wp-json\/wp\/v2\/comments?post=92"}],"version-history":[{"count":44,"href":"https:\/\/www.dr-elahi.de\/tr\/wp-json\/wp\/v2\/pages\/92\/revisions"}],"predecessor-version":[{"id":687,"href":"https:\/\/www.dr-elahi.de\/tr\/wp-json\/wp\/v2\/pages\/92\/revisions\/687"}],"wp:featuredmedia":[{"embeddable":true,"href":"https:\/\/www.dr-elahi.de\/tr\/wp-json\/wp\/v2\/media\/233"}],"wp:attachment":[{"href":"https:\/\/www.dr-elahi.de\/tr\/wp-json\/wp\/v2\/media?parent=92"}],"curies":[{"name":"wp","href":"https:\/\/api.w.org\/{rel}","templated":true}]}}