{"id":570,"date":"2023-07-10T05:53:35","date_gmt":"2023-07-10T05:53:35","guid":{"rendered":"https:\/\/www.dr-elahi.de\/?page_id=570"},"modified":"2025-10-31T06:36:15","modified_gmt":"2025-10-31T06:36:15","slug":"%d0%be%d1%80%d1%82%d0%be%d0%b4%d0%be%d0%bd%d1%82-%d0%b4%d0%be%d1%80%d0%be%d1%81%d0%bb%d1%96-%d0%bc%d0%be%d0%b5%d0%bd%d1%85%d0%b5%d0%bd%d0%b3%d0%bb%d0%b0%d0%b4%d0%b1%d0%b0%d1%85","status":"publish","type":"page","link":"https:\/\/www.dr-elahi.de\/uk\/%d0%be%d1%80%d1%82%d0%be%d0%b4%d0%be%d0%bd%d1%82-%d0%b4%d0%be%d1%80%d0%be%d1%81%d0%bb%d1%96-%d0%bc%d0%be%d0%b5%d0%bd%d1%85%d0%b5%d0%bd%d0%b3%d0%bb%d0%b0%d0%b4%d0%b1%d0%b0%d1%85\/","title":{"rendered":"\u041e\u0440\u0442\u043e\u0434\u043e\u043d\u0442 \u0434\u043e\u0440\u043e\u0441\u043b\u0438\u0439 \u041c\u0435\u043d\u0445\u0435\u043d\u0433\u043b\u0430\u0434\u0431\u0430\u0445"},"content":{"rendered":"<section class=\"l-section wpb_row us_custom_acfd0fdb height_auto\"><div class=\"l-section-h i-cf\"><div class=\"g-cols vc_row via_grid cols_2 laptops-cols_inherit tablets-cols_inherit mobiles-cols_1 valign_top type_default stacking_default\"><div class=\"wpb_column vc_column_container us_custom_819670d1 us_animate_this  hide_on_tablets hide_on_mobiles has_bg_color\"><div class=\"vc_column-inner\"><h1 style=\"font-size: 2.3rem;line-height: 1.2;text-align: left;font-family:Roboto;font-weight:300;font-style:normal\" class=\"vc_custom_heading us_custom_1fb8b2dc us_animate_this\" >\u041e\u0440\u0442\u043e\u0434\u043e\u043d\u0442 \u0434\u043e\u0440\u043e\u0441\u043b\u0438\u0439 \u041c\u0435\u043d\u0445\u0435\u043d\u0433\u043b\u0430\u0434\u0431\u0430\u0445<\/h1><\/div><\/div><div class=\"wpb_column vc_column_container\"><div class=\"vc_column-inner\"><\/div><\/div><\/div><\/div><\/section><section class=\"l-section wpb_row us_custom_ac037762 height_auto\"><div class=\"l-section-overlay\" style=\"background:var(--color-content-bg-alt)\"><\/div><div class=\"l-section-h i-cf\"><div class=\"g-cols vc_row via_grid cols_1 laptops-cols_inherit tablets-cols_inherit mobiles-cols_1 valign_top type_default stacking_default\"><div class=\"wpb_column vc_column_container\"><div class=\"vc_column-inner\"><div class=\"g-cols wpb_row via_grid cols_1-2 laptops-cols_inherit tablets-cols_inherit mobiles-cols_1 valign_middle type_default stacking_default\"><div class=\"wpb_column vc_column_container us_custom_60e9caca us_animate_this\"><div class=\"vc_column-inner\"><div class=\"wpb_text_column\"><div class=\"wpb_wrapper\"><h2>\u041e\u0440\u0442\u043e\u0434\u043e\u043d\u0442 \u0434\u043e\u0440\u043e\u0441\u043b\u0438\u0439 \u041c\u0435\u043d\u0445\u0435\u043d\u0433\u043b\u0430\u0434\u0431\u0430\u0445<\/h2>\n<h3>\u041e\u0440\u0442\u043e\u0434\u043e\u043d\u0442 \u0434\u043e\u043a\u0442\u043e\u0440 \u041c\u0435\u0445\u0434\u0456 \u0415\u043b\u0430\u0445\u0456<\/h3>\n<\/div><\/div><div class=\"w-separator size_small\"><\/div><div class=\"wpb_text_column\"><div class=\"wpb_wrapper\"><p>\u0421\u0443\u0447\u0430\u0441\u043d\u0456 \u0442\u0435\u0445\u043d\u0456\u0447\u043d\u0456 \u0440\u043e\u0437\u0440\u043e\u0431\u043a\u0438 \u0432 \u0441\u0442\u043e\u043c\u0430\u0442\u043e\u043b\u043e\u0433\u0456\u0457 \u0434\u043e\u0437\u0432\u043e\u043b\u044f\u044e\u0442\u044c \u043d\u0430\u043c \u043f\u0440\u043e\u043f\u043e\u043d\u0443\u0432\u0430\u0442\u0438 \u043d\u0430\u0448\u0438\u043c \u043f\u0430\u0446\u0456\u0454\u043d\u0442\u0430\u043c \u043a\u0440\u0430\u0449\u0435, \u043a\u043e\u043c\u0444\u043e\u0440\u0442\u043d\u0456\u0448\u0435, \u0435\u0444\u0435\u043a\u0442\u0438\u0432\u043d\u0456\u0448\u0435 \u0456, \u043f\u0435\u0440\u0448 \u0437\u0430 \u0432\u0441\u0435, \u043d\u0435\u0432\u0438\u0434\u0438\u043c\u0435 \u043b\u0456\u043a\u0443\u0432\u0430\u043d\u043d\u044f.<\/p>\n<p>\u0426\u0456 \u043c\u0435\u0442\u043e\u0434\u0438\u043a\u0438 \u0431\u0443\u043b\u0438 \u0440\u043e\u0437\u0440\u043e\u0431\u043b\u0435\u043d\u0456 \u0432 \u043f\u0435\u0440\u0448\u0443 \u0447\u0435\u0440\u0433\u0443 \u0434\u043b\u044f \u0434\u043e\u0440\u043e\u0441\u043b\u0438\u0445 \u043f\u0430\u0446\u0456\u0454\u043d\u0442\u0456\u0432, \u0430\u043b\u0435 \u043c\u043e\u0436\u0443\u0442\u044c \u0431\u0443\u0442\u0438 \u0432\u0438\u043a\u043e\u0440\u0438\u0441\u0442\u0430\u043d\u0456 \u0442\u0430\u043a\u043e\u0436 \u0456 \u0434\u043b\u044f \u043c\u0430\u043b\u0435\u043d\u044c\u043a\u0438\u0445 \u043f\u0430\u0446\u0456\u0454\u043d\u0442\u0456\u0432. \u0417\u0430\u0432\u0434\u044f\u043a\u0438 \u0446\u0438\u043c \u0441\u0443\u0447\u0430\u0441\u043d\u0438\u043c \u043c\u0435\u0442\u043e\u0434\u0430\u043c \u043b\u0456\u043a\u0443\u0432\u0430\u043d\u043d\u044f \u0432\u0441\u0435 \u0431\u0456\u043b\u044c\u0448\u0435 \u0434\u043e\u0440\u043e\u0441\u043b\u0438\u0445 \u043f\u0430\u0446\u0456\u0454\u043d\u0442\u0456\u0432 \u0437\u0434\u0456\u0439\u0441\u043d\u044e\u044e\u0442\u044c \u0441\u0432\u043e\u0454 \u0431\u0430\u0436\u0430\u043d\u043d\u044f \u043c\u0430\u0442\u0438 \u0433\u0430\u0440\u043d\u0456\u0448\u0443 \u043f\u043e\u0441\u043c\u0456\u0448\u043a\u0443.<\/p>\n<\/div><\/div><div class=\"w-separator size_small\"><\/div><div class=\"w-btn-wrapper align_none\"><a class=\"w-btn us-btn-style_1 icon_atleft\" target=\"_blank\" href=\"https:\/\/drclip.de\/praxis\/f5a5e67a-5e45-4919-81e4-e50826b437fe\/termin\/reservierung\" rel=\"noopener\"><i class=\"far fa-calendar-check\"><\/i><span class=\"w-btn-label\">\u0417\u0430\u043f\u0438\u0448\u0456\u0442\u044c\u0441\u044f \u043d\u0430 \u043f\u0440\u0438\u0439\u043e\u043c \u0437\u0430\u0440\u0430\u0437<\/span><\/a><\/div><\/div><\/div><div class=\"wpb_column vc_column_container us_custom_f70d789f us_animate_this\"><div class=\"vc_column-inner\"><div class=\"w-image align_none\"><div class=\"w-image-h\"><img width=\"1000\" height=\"750\" src=\"https:\/\/www.dr-elahi.de\/wp-content\/uploads\/2022\/10\/0038_Dr-Elahi-Team_07-1.jpg\" class=\"attachment-full size-full\" alt=\"\u0414\u043e\u043a\u0442\u043e\u0440 \u041c\u0435\u0445\u0434\u0456 \u0415\u043b\u0430\u0445\u0456 \u041e\u0440\u0442\u043e\u0434\u043e\u043d\u0442\" decoding=\"async\" loading=\"lazy\" srcset=\"https:\/\/www.dr-elahi.de\/wp-content\/uploads\/2022\/10\/0038_Dr-Elahi-Team_07-1.jpg 1000w, https:\/\/www.dr-elahi.de\/wp-content\/uploads\/2022\/10\/0038_Dr-Elahi-Team_07-1-300x225.jpg 300w\" sizes=\"(max-width: 1000px) 100vw, 1000px\" \/><\/div><\/div><\/div><\/div><\/div><\/div><\/div><\/div><\/div><\/section><section class=\"l-section wpb_row us_custom_ac037762 height_auto\"><div class=\"l-section-h i-cf\"><div class=\"g-cols vc_row via_grid cols_1 laptops-cols_inherit tablets-cols_inherit mobiles-cols_1 valign_top type_default stacking_default\"><div class=\"wpb_column vc_column_container\"><div class=\"vc_column-inner\"><div class=\"g-cols wpb_row via_grid cols_2 laptops-cols_inherit tablets-cols_inherit mobiles-cols_1 valign_top type_default stacking_default\"><div class=\"wpb_column vc_column_container us_custom_60e9caca us_animate_this\"><div class=\"vc_column-inner\"><div class=\"wpb_text_column\"><div class=\"wpb_wrapper\"><p>\u0406\u0441\u043d\u0443\u044e\u0442\u044c \u0440\u0456\u0437\u043d\u0456 \u043f\u0440\u0438\u0447\u0438\u043d\u0438, \u0447\u043e\u043c\u0443 \u0434\u043e\u0440\u043e\u0441\u043b\u0456 \u0434\u043e\u0441\u0456 \u0432\u0456\u0434\u043c\u043e\u0432\u043b\u044f\u043b\u0438\u0441\u044f \u0432\u0456\u0434 \u043e\u0440\u0442\u043e\u0434\u043e\u043d\u0442\u0438\u0447\u043d\u043e\u0433\u043e \u043b\u0456\u043a\u0443\u0432\u0430\u043d\u043d\u044f:<\/p>\n<ul>\n<li>\u0411\u0430\u0433\u0430\u0442\u043e \u0434\u043e\u0440\u043e\u0441\u043b\u0438\u0445 \u043d\u0435 \u0437\u043d\u0430\u044e\u0442\u044c \u043f\u0440\u043e \u0446\u0456 \u0440\u0456\u0437\u043d\u043e\u043c\u0430\u043d\u0456\u0442\u043d\u0456 \u0432\u0430\u0440\u0456\u0430\u043d\u0442\u0438 \u043b\u0456\u043a\u0443\u0432\u0430\u043d\u043d\u044f. \u0412\u043e\u043d\u0438 \u0432\u0432\u0430\u0436\u0430\u044e\u0442\u044c, \u0449\u043e \u043e\u0440\u0442\u043e\u0434\u043e\u043d\u0442\u0456\u044f \u043c\u043e\u0436\u043b\u0438\u0432\u0430 \u043b\u0438\u0448\u0435 \u0434\u043b\u044f \u043f\u0456\u0434\u043b\u0456\u0442\u043a\u0456\u0432.<\/li>\n<li>\u041d\u0430\u0441\u043f\u0440\u0430\u0432\u0434\u0456, \u043e\u0440\u0442\u043e\u0434\u043e\u043d\u0442\u0438\u0447\u043d\u0435 \u043b\u0456\u043a\u0443\u0432\u0430\u043d\u043d\u044f \u043c\u043e\u0436\u043b\u0438\u0432\u0435 \u0456 \u0434\u043e\u0446\u0456\u043b\u044c\u043d\u0435 \u043d\u0430\u0432\u0456\u0442\u044c \u0443 \u043f\u043e\u0445\u0438\u043b\u043e\u043c\u0443 \u0432\u0456\u0446\u0456.<\/li>\n<li>\u0423 \u0442\u043e\u0439 \u0447\u0430\u0441 \u044f\u043a \u0431\u0440\u0435\u043a\u0435\u0442\u0438 \u0432\u0432\u0430\u0436\u0430\u044e\u0442\u044c\u0441\u044f \u043d\u043e\u0440\u043c\u0430\u043b\u044c\u043d\u0438\u043c \u044f\u0432\u0438\u0449\u0435\u043c \u0434\u043b\u044f \u0434\u0456\u0442\u0435\u0439 \u0456 \u043f\u0456\u0434\u043b\u0456\u0442\u043a\u0456\u0432, \u0434\u043e\u0440\u043e\u0441\u043b\u0456 \u043c\u043e\u0436\u0443\u0442\u044c \u043f\u0440\u0438\u0439\u043d\u044f\u0442\u0438 \u0457\u0445 \u043b\u0438\u0448\u0435 \u0432 \u043e\u0431\u043c\u0435\u0436\u0435\u043d\u0456\u0439 \u043c\u0456\u0440\u0456. \u0412\u0438\u043a\u043e\u0440\u0438\u0441\u0442\u0430\u043d\u043d\u044f \u0432\u0438\u0434\u0438\u043c\u0438\u0445 \u0430\u043f\u0430\u0440\u0430\u0442\u0456\u0432 \u043f\u043e\u0432'\u044f\u0437\u0430\u043d\u0435 \u0437\u0456 \u0437\u043d\u0430\u0447\u043d\u0438\u043c\u0438 \u043f\u0440\u043e\u0444\u0435\u0441\u0456\u0439\u043d\u0438\u043c\u0438, \u0441\u043e\u0446\u0456\u0430\u043b\u044c\u043d\u0438\u043c\u0438 \u0442\u0430 \u0435\u0441\u0442\u0435\u0442\u0438\u0447\u043d\u0438\u043c\u0438 \u043e\u0431\u043c\u0435\u0436\u0435\u043d\u043d\u044f\u043c\u0438.<\/li>\n<\/ul>\n<h6>\u0412\u0430\u0440\u0456\u0430\u043d\u0442\u0438 \u043b\u0456\u043a\u0443\u0432\u0430\u043d\u043d\u044f<\/h6>\n<p>\u0422\u0443\u0442 \u043c\u0438 \u043f\u0440\u0435\u0434\u0441\u0442\u0430\u0432\u043b\u044f\u0454\u043c\u043e \u0434\u0435\u044f\u043a\u0456 \u0432\u0430\u0440\u0456\u0430\u043d\u0442\u0438 \u043b\u0456\u043a\u0443\u0432\u0430\u043d\u043d\u044f, \u044f\u043a\u0456 \u043e\u0441\u043e\u0431\u043b\u0438\u0432\u043e \u043f\u0456\u0434\u0445\u043e\u0434\u044f\u0442\u044c \u0434\u043b\u044f \u0434\u043e\u0440\u043e\u0441\u043b\u0438\u0445 \u0456 \u0432\u0438\u043a\u043e\u0440\u0438\u0441\u0442\u043e\u0432\u0443\u044e\u0442\u044c\u0441\u044f \u0432 \u043d\u0430\u0448\u0456\u0439 \u043e\u0440\u0442\u043e\u0434\u043e\u043d\u0442\u0438\u0447\u043d\u0456\u0439 \u043f\u0440\u0430\u043a\u0442\u0438\u0446\u0456 \u0432 \u041c\u0435\u043d\u0445\u0435\u043d\u0433\u043b\u0430\u0434\u0431\u0430\u0445\u0443:<\/p>\n<ul>\n<li><a href=\"https:\/\/www.dr-elahi.de\/uk\/%d1%81%d0%bf%d0%b5%d0%ba%d1%82%d1%80\/#lingualtechnik\">\u041b\u0456\u043d\u0433\u0432\u0456\u0441\u0442\u0438\u0447\u043d\u0430 \u0442\u0435\u0445\u043d\u0456\u043a\u0430<\/a><\/li>\n<li><a href=\"https:\/\/www.dr-elahi.de\/uk\/%d1%81%d0%bf%d0%b5%d0%ba%d1%82%d1%80\/#aligner-technik\">\u041c\u0435\u0442\u043e\u0434\u0438\u043a\u0430 Invisalign<\/a><\/li>\n<li><a href=\"https:\/\/www.dr-elahi.de\/uk\/%d1%81%d0%bf%d0%b5%d0%ba%d1%82%d1%80\/\">\u0421\u0435\u0433\u043c\u0435\u043d\u0442\u043d\u0430 \u0442\u0435\u0445\u043d\u043e\u043b\u043e\u0433\u0456\u044f<\/a><\/li>\n<\/ul>\n<\/div><\/div><\/div><\/div><div class=\"wpb_column vc_column_container us_custom_f70d789f us_animate_this\"><div class=\"vc_column-inner\"><div class=\"wpb_text_column\"><div class=\"wpb_wrapper\"><h6>\u0417\u0430\u043f\u0438\u0441\u0430\u0442\u0438\u0441\u044f \u043d\u0430 \u043b\u0456\u043a\u0443\u0432\u0430\u043d\u043d\u044f \u043d\u0435\u043f\u0440\u0430\u0432\u0438\u043b\u044c\u043d\u043e\u0433\u043e \u043f\u0440\u0438\u043a\u0443\u0441\u0443<\/h6>\n<p>\u0412\u0438 \u043c\u043e\u0436\u0435\u0442\u0435 \u0437\u0432\u0435\u0440\u043d\u0443\u0442\u0438\u0441\u044f \u0434\u043e \u043d\u0430\u0441, \u044f\u043a\u0449\u043e \u0448\u0443\u043a\u0430\u0454\u0442\u0435 \u043b\u0456\u043a\u0430\u0440\u044f-\u043e\u0440\u0442\u043e\u0434\u043e\u043d\u0442\u0430 \u0456 \u0445\u043e\u0447\u0435\u0442\u0435 \u0437\u043d\u0430\u0439\u0442\u0438 <a href=\"https:\/\/drclip.de\/praxis\/f5a5e67a-5e45-4919-81e4-e50826b437fe\/termin\/reservierung\" target=\"_blank\" rel=\"noopener\">\u0414\u0430\u0442\u0430<\/a> \u0437 \u0434\u043e\u043a\u0442\u043e\u0440\u043e\u043c \u0415\u043b\u0430\u0445\u0456 \u0434\u043b\u044f \u043b\u0456\u043a\u0443\u0432\u0430\u043d\u043d\u044f \u043d\u0435\u043f\u0440\u0430\u0432\u0438\u043b\u044c\u043d\u043e\u0433\u043e \u043f\u0440\u0438\u043a\u0443\u0441\u0443 \u0432 \u041c\u0435\u043d\u0445\u0435\u043d\u0433\u043b\u0430\u0434\u0431\u0430\u0445\u0443:<\/p>\n<p>\u0414-\u0440 \u043c\u0435\u0434. \u0414\u0435\u043d\u0442. \u041c\u0435\u0445\u0434\u0456 \u0415\u043b\u0430\u0445\u0456<br \/>\nBrucknerallee 19<br \/>\n41236 \u041c\u0435\u043d\u0445\u0435\u043d\u0433\u043b\u0430\u0434\u0431\u0430\u0445<\/p>\n<p>\u0422\u0435\u043b: <a href=\"tel:+49216644010\">02166 44010<\/a><br \/>\n\u0424\u0430\u043a\u0441: 02166 846 333<br \/>\n\u0435\u043b\u0435\u043a\u0442\u0440\u043e\u043d\u043d\u0443 \u043f\u043e\u0448\u0442\u0443:\u00a0<a href=\"mailto:info@dr-elahi.de\">info@dr-elahi.de<\/a><\/p>\n<\/div><\/div><div class=\"w-separator size_small\"><\/div><div class=\"w-socials color_text shape_none\" style=\"--gap:1em;\"><div class=\"w-socials-list\"><div class=\"w-socials-item facebook\"><a class=\"w-socials-item-link\" href=\"https:\/\/www.facebook.com\/profile.php?id=100076066057445\" target=\"_blank\" rel=\"noopener\" title=\"Facebook\" aria-label=\"Facebook\"><span class=\"w-socials-item-link-hover\"><\/span><i class=\"fab fa-facebook\"><\/i><\/a><\/div><div class=\"w-socials-item instagram\"><a class=\"w-socials-item-link\" href=\"https:\/\/www.instagram.com\/praxis.dr.elahi\/\" target=\"_blank\" rel=\"noopener\" title=\"Instagram\" aria-label=\"Instagram\"><span class=\"w-socials-item-link-hover\"><\/span><i class=\"fab fa-instagram\"><\/i><\/a><\/div><div class=\"w-socials-item youtube\"><a class=\"w-socials-item-link\" href=\"https:\/\/www.youtube.com\/watch?v=_CLlORNHzo8\" target=\"_blank\" rel=\"noopener\" title=\"YouTube\" aria-label=\"YouTube\"><span class=\"w-socials-item-link-hover\"><\/span><i class=\"fab fa-youtube\"><\/i><\/a><\/div><div class=\"w-socials-item custom\"><a class=\"w-socials-item-link\" href=\"https:\/\/www.jameda.de\/moenchengladbach\/zahnaerzte\/kieferorthopaeden\/dr-mehdi-elahi\/uebersicht\/80390348_1\/\" target=\"_blank\" rel=\"noopener\" title=\"\u0422\u0435\u043c\u0430\" aria-label=\"\u0422\u0435\u043c\u0430\"><span class=\"w-socials-item-link-hover\" style=\"background:var(--color-content-faded);\"><\/span><i class=\"fas fa-star-half-alt\"><\/i><\/a><\/div><\/div><\/div><div class=\"w-separator size_small\"><\/div><div class=\"w-btn-wrapper align_none\"><a class=\"w-btn us-btn-style_1 us_custom_8f2ba1f4 us_animate_this icon_atleft\" target=\"_blank\" href=\"https:\/\/drclip.de\/praxis\/f5a5e67a-5e45-4919-81e4-e50826b437fe\/termin\/reservierung\" rel=\"noopener\"><i class=\"far fa-calendar-check\"><\/i><span class=\"w-btn-label\">\u0417\u0430\u043f\u0438\u0448\u0456\u0442\u044c\u0441\u044f \u043d\u0430 \u043f\u0440\u0438\u0439\u043e\u043c \u0437\u0430\u0440\u0430\u0437<\/span><\/a><\/div><\/div><\/div><\/div><\/div><\/div><\/div><\/div><\/section>","protected":false},"excerpt":{"rendered":"\u041e\u0440\u0442\u043e\u0434\u043e\u043d\u0442 \u0434\u043e\u0440\u043e\u0441\u043b\u0438\u0439 \u041c\u0435\u043d\u0445\u0435\u043d\u0433\u043b\u0430\u0434\u0431\u0430\u0445\u041e\u0440\u0442\u043e\u0434\u043e\u043d\u0442 \u0434\u043e\u0440\u043e\u0441\u043b\u0438\u0439 \u041c\u0435\u043d\u0445\u0435\u043d\u0433\u043b\u0430\u0434\u0431\u0430\u0445 \u041e\u0440\u0442\u043e\u0434\u043e\u043d\u0442 \u0434\u043e\u043a\u0442\u043e\u0440 \u041c\u0435\u0445\u0434\u0456 \u0415\u043b\u0430\u0445\u0456 \u0421\u0443\u0447\u0430\u0441\u043d\u0456 \u0442\u0435\u0445\u043d\u0456\u0447\u043d\u0456 \u0440\u043e\u0437\u0440\u043e\u0431\u043a\u0438 \u0432 \u0441\u0442\u043e\u043c\u0430\u0442\u043e\u043b\u043e\u0433\u0456\u0457 \u0434\u043e\u0437\u0432\u043e\u043b\u044f\u044e\u0442\u044c \u043d\u0430\u043c \u043f\u0440\u043e\u043f\u043e\u043d\u0443\u0432\u0430\u0442\u0438 \u043d\u0430\u0448\u0438\u043c \u043f\u0430\u0446\u0456\u0454\u043d\u0442\u0430\u043c \u043a\u0440\u0430\u0449\u0435, \u043a\u043e\u043c\u0444\u043e\u0440\u0442\u043d\u0456\u0448\u0435, \u0435\u0444\u0435\u043a\u0442\u0438\u0432\u043d\u0456\u0448\u0435 \u0456, \u043f\u0435\u0440\u0448 \u0437\u0430 \u0432\u0441\u0435, \u043d\u0435\u0432\u0438\u0434\u0438\u043c\u0435 \u043b\u0456\u043a\u0443\u0432\u0430\u043d\u043d\u044f. \u0426\u0456 \u043c\u0435\u0442\u043e\u0434\u0438\u043a\u0438 \u0431\u0443\u043b\u0438 \u0440\u043e\u0437\u0440\u043e\u0431\u043b\u0435\u043d\u0456 \u0432 \u043e\u0441\u043d\u043e\u0432\u043d\u043e\u043c\u0443 \u0434\u043b\u044f \u0434\u043e\u0440\u043e\u0441\u043b\u0438\u0445 \u043f\u0430\u0446\u0456\u0454\u043d\u0442\u0456\u0432, \u0430\u043b\u0435 \u043c\u043e\u0436\u0443\u0442\u044c \u0431\u0443\u0442\u0438 \u0432\u0438\u043a\u043e\u0440\u0438\u0441\u0442\u0430\u043d\u0456 \u0442\u0430\u043a\u043e\u0436 \u0456 \u0434\u043b\u044f \u043c\u0430\u043b\u0435\u043d\u044c\u043a\u0438\u0445 \u043f\u0430\u0446\u0456\u0454\u043d\u0442\u0456\u0432. \u0417\u0430\u0432\u0434\u044f\u043a\u0438 \u0446\u0438\u043c \u0441\u0443\u0447\u0430\u0441\u043d\u0438\u043c \u043c\u0435\u0442\u043e\u0434\u0430\u043c \u043b\u0456\u043a\u0443\u0432\u0430\u043d\u043d\u044f \u0432\u0441\u0435 \u0431\u0456\u043b\u044c\u0448\u0435 \u0456 \u0431\u0456\u043b\u044c\u0448\u0435...","protected":false},"author":2,"featured_media":254,"parent":0,"menu_order":0,"comment_status":"closed","ping_status":"closed","template":"","meta":{"footnotes":""},"yoast_head":"<!-- This site is optimized with the Yoast SEO plugin v22.5 - https:\/\/yoast.com\/wordpress\/plugins\/seo\/ -->\n<title>Kieferorthop\u00e4de Erwachsene M\u00f6nchengladbach<\/title>\n<meta name=\"description\" content=\"Kieferorthop\u00e4de Erwachsene M\u00f6nchengladbach \u2713 Immer mehr erwachsene Patienten erf\u00fcllen sich den Wunsch nach einem sch\u00f6neren L\u00e4cheln.\" \/>\n<meta name=\"robots\" content=\"index, follow, max-snippet:-1, max-image-preview:large, max-video-preview:-1\" \/>\n<link rel=\"canonical\" href=\"https:\/\/www.dr-elahi.de\/uk\/\u043e\u0440\u0442\u043e\u0434\u043e\u043d\u0442-\u0434\u043e\u0440\u043e\u0441\u043b\u0456-\u043c\u043e\u0435\u043d\u0445\u0435\u043d\u0433\u043b\u0430\u0434\u0431\u0430\u0445\/\" \/>\n<meta property=\"og:locale\" content=\"uk_UA\" \/>\n<meta property=\"og:type\" content=\"article\" \/>\n<meta property=\"og:title\" content=\"Kieferorthop\u00e4de Erwachsene M\u00f6nchengladbach\" \/>\n<meta property=\"og:description\" content=\"Kieferorthop\u00e4de Erwachsene M\u00f6nchengladbach \u2713 Immer mehr erwachsene Patienten erf\u00fcllen sich den Wunsch nach einem sch\u00f6neren L\u00e4cheln.\" \/>\n<meta property=\"og:url\" content=\"https:\/\/www.dr-elahi.de\/uk\/\u043e\u0440\u0442\u043e\u0434\u043e\u043d\u0442-\u0434\u043e\u0440\u043e\u0441\u043b\u0456-\u043c\u043e\u0435\u043d\u0445\u0435\u043d\u0433\u043b\u0430\u0434\u0431\u0430\u0445\/\" \/>\n<meta property=\"og:site_name\" content=\"Kieferorthop\u00e4de Dr. Elahi\" \/>\n<meta property=\"article:modified_time\" content=\"2025-10-31T06:36:15+00:00\" \/>\n<meta property=\"og:image\" content=\"https:\/\/www.dr-elahi.de\/wp-content\/uploads\/2022\/10\/0038_Dr-Elahi-Team_07-1.jpg\" \/>\n\t<meta property=\"og:image:width\" content=\"1000\" \/>\n\t<meta property=\"og:image:height\" content=\"750\" \/>\n\t<meta property=\"og:image:type\" content=\"image\/jpeg\" \/>\n<meta name=\"twitter:card\" content=\"summary_large_image\" \/>\n<meta name=\"twitter:label1\" content=\"Est. reading time\" \/>\n\t<meta name=\"twitter:data1\" content=\"2 \u0445\u0432\u0438\u043b\u0438\u043d\u0438\" \/>\n<script type=\"application\/ld+json\" class=\"yoast-schema-graph\">{\"@context\":\"https:\/\/schema.org\",\"@graph\":[{\"@type\":\"WebPage\",\"@id\":\"https:\/\/www.dr-elahi.de\/kieferorthopaede-erwachsene-moenchengladbach\/\",\"url\":\"https:\/\/www.dr-elahi.de\/kieferorthopaede-erwachsene-moenchengladbach\/\",\"name\":\"Kieferorthop\u00e4de Erwachsene M\u00f6nchengladbach\",\"isPartOf\":{\"@id\":\"https:\/\/www.dr-elahi.de\/#website\"},\"primaryImageOfPage\":{\"@id\":\"https:\/\/www.dr-elahi.de\/kieferorthopaede-erwachsene-moenchengladbach\/#primaryimage\"},\"image\":{\"@id\":\"https:\/\/www.dr-elahi.de\/kieferorthopaede-erwachsene-moenchengladbach\/#primaryimage\"},\"thumbnailUrl\":\"https:\/\/www.dr-elahi.de\/wp-content\/uploads\/2022\/10\/0038_Dr-Elahi-Team_07-1.jpg\",\"datePublished\":\"2023-07-10T05:53:35+00:00\",\"dateModified\":\"2025-10-31T06:36:15+00:00\",\"description\":\"Kieferorthop\u00e4de Erwachsene M\u00f6nchengladbach \u2713 Immer mehr erwachsene Patienten erf\u00fcllen sich den Wunsch nach einem sch\u00f6neren L\u00e4cheln.\",\"breadcrumb\":{\"@id\":\"https:\/\/www.dr-elahi.de\/kieferorthopaede-erwachsene-moenchengladbach\/#breadcrumb\"},\"inLanguage\":\"uk\",\"potentialAction\":[{\"@type\":\"ReadAction\",\"target\":[\"https:\/\/www.dr-elahi.de\/kieferorthopaede-erwachsene-moenchengladbach\/\"]}]},{\"@type\":\"ImageObject\",\"inLanguage\":\"uk\",\"@id\":\"https:\/\/www.dr-elahi.de\/kieferorthopaede-erwachsene-moenchengladbach\/#primaryimage\",\"url\":\"https:\/\/www.dr-elahi.de\/wp-content\/uploads\/2022\/10\/0038_Dr-Elahi-Team_07-1.jpg\",\"contentUrl\":\"https:\/\/www.dr-elahi.de\/wp-content\/uploads\/2022\/10\/0038_Dr-Elahi-Team_07-1.jpg\",\"width\":1000,\"height\":750,\"caption\":\"Dr. Mehdi Elahi Kieferorthop\u00e4de\"},{\"@type\":\"BreadcrumbList\",\"@id\":\"https:\/\/www.dr-elahi.de\/kieferorthopaede-erwachsene-moenchengladbach\/#breadcrumb\",\"itemListElement\":[{\"@type\":\"ListItem\",\"position\":1,\"name\":\"Startseite\",\"item\":\"https:\/\/www.dr-elahi.de\/\"},{\"@type\":\"ListItem\",\"position\":2,\"name\":\"Kieferorthop\u00e4de Erwachsene M\u00f6nchengladbach\"}]},{\"@type\":\"WebSite\",\"@id\":\"https:\/\/www.dr-elahi.de\/#website\",\"url\":\"https:\/\/www.dr-elahi.de\/\",\"name\":\"Kieferorthop\u00e4de Dr. Elahi\",\"description\":\"Kieferorthop\u00e4de M\u00f6nchengladbach\",\"potentialAction\":[{\"@type\":\"SearchAction\",\"target\":{\"@type\":\"EntryPoint\",\"urlTemplate\":\"https:\/\/www.dr-elahi.de\/?s={search_term_string}\"},\"query-input\":\"required name=search_term_string\"}],\"inLanguage\":\"uk\"}]}<\/script>\n<!-- \/ Yoast SEO plugin. -->","yoast_head_json":{"title":"Kieferorthop\u00e4de Erwachsene M\u00f6nchengladbach","description":"Kieferorthop\u00e4de Erwachsene M\u00f6nchengladbach \u2713 Immer mehr erwachsene Patienten erf\u00fcllen sich den Wunsch nach einem sch\u00f6neren L\u00e4cheln.","robots":{"index":"index","follow":"follow","max-snippet":"max-snippet:-1","max-image-preview":"max-image-preview:large","max-video-preview":"max-video-preview:-1"},"canonical":"https:\/\/www.dr-elahi.de\/uk\/\u043e\u0440\u0442\u043e\u0434\u043e\u043d\u0442-\u0434\u043e\u0440\u043e\u0441\u043b\u0456-\u043c\u043e\u0435\u043d\u0445\u0435\u043d\u0433\u043b\u0430\u0434\u0431\u0430\u0445\/","og_locale":"uk_UA","og_type":"article","og_title":"Kieferorthop\u00e4de Erwachsene M\u00f6nchengladbach","og_description":"Kieferorthop\u00e4de Erwachsene M\u00f6nchengladbach \u2713 Immer mehr erwachsene Patienten erf\u00fcllen sich den Wunsch nach einem sch\u00f6neren L\u00e4cheln.","og_url":"https:\/\/www.dr-elahi.de\/uk\/\u043e\u0440\u0442\u043e\u0434\u043e\u043d\u0442-\u0434\u043e\u0440\u043e\u0441\u043b\u0456-\u043c\u043e\u0435\u043d\u0445\u0435\u043d\u0433\u043b\u0430\u0434\u0431\u0430\u0445\/","og_site_name":"Kieferorthop\u00e4de Dr. Elahi","article_modified_time":"2025-10-31T06:36:15+00:00","og_image":[{"width":1000,"height":750,"url":"https:\/\/www.dr-elahi.de\/wp-content\/uploads\/2022\/10\/0038_Dr-Elahi-Team_07-1.jpg","type":"image\/jpeg"}],"twitter_card":"summary_large_image","twitter_misc":{"Est. reading time":"2 \u0445\u0432\u0438\u043b\u0438\u043d\u0438"},"schema":{"@context":"https:\/\/schema.org","@graph":[{"@type":"WebPage","@id":"https:\/\/www.dr-elahi.de\/kieferorthopaede-erwachsene-moenchengladbach\/","url":"https:\/\/www.dr-elahi.de\/kieferorthopaede-erwachsene-moenchengladbach\/","name":"Kieferorthop\u00e4de Erwachsene M\u00f6nchengladbach","isPartOf":{"@id":"https:\/\/www.dr-elahi.de\/#website"},"primaryImageOfPage":{"@id":"https:\/\/www.dr-elahi.de\/kieferorthopaede-erwachsene-moenchengladbach\/#primaryimage"},"image":{"@id":"https:\/\/www.dr-elahi.de\/kieferorthopaede-erwachsene-moenchengladbach\/#primaryimage"},"thumbnailUrl":"https:\/\/www.dr-elahi.de\/wp-content\/uploads\/2022\/10\/0038_Dr-Elahi-Team_07-1.jpg","datePublished":"2023-07-10T05:53:35+00:00","dateModified":"2025-10-31T06:36:15+00:00","description":"Kieferorthop\u00e4de Erwachsene M\u00f6nchengladbach \u2713 Immer mehr erwachsene Patienten erf\u00fcllen sich den Wunsch nach einem sch\u00f6neren L\u00e4cheln.","breadcrumb":{"@id":"https:\/\/www.dr-elahi.de\/kieferorthopaede-erwachsene-moenchengladbach\/#breadcrumb"},"inLanguage":"uk","potentialAction":[{"@type":"ReadAction","target":["https:\/\/www.dr-elahi.de\/kieferorthopaede-erwachsene-moenchengladbach\/"]}]},{"@type":"ImageObject","inLanguage":"uk","@id":"https:\/\/www.dr-elahi.de\/kieferorthopaede-erwachsene-moenchengladbach\/#primaryimage","url":"https:\/\/www.dr-elahi.de\/wp-content\/uploads\/2022\/10\/0038_Dr-Elahi-Team_07-1.jpg","contentUrl":"https:\/\/www.dr-elahi.de\/wp-content\/uploads\/2022\/10\/0038_Dr-Elahi-Team_07-1.jpg","width":1000,"height":750,"caption":"Dr. Mehdi Elahi Kieferorthop\u00e4de"},{"@type":"BreadcrumbList","@id":"https:\/\/www.dr-elahi.de\/kieferorthopaede-erwachsene-moenchengladbach\/#breadcrumb","itemListElement":[{"@type":"ListItem","position":1,"name":"Startseite","item":"https:\/\/www.dr-elahi.de\/"},{"@type":"ListItem","position":2,"name":"Kieferorthop\u00e4de Erwachsene M\u00f6nchengladbach"}]},{"@type":"WebSite","@id":"https:\/\/www.dr-elahi.de\/#website","url":"https:\/\/www.dr-elahi.de\/","name":"Kieferorthop\u00e4de Dr. Elahi","description":"Kieferorthop\u00e4de M\u00f6nchengladbach","potentialAction":[{"@type":"SearchAction","target":{"@type":"EntryPoint","urlTemplate":"https:\/\/www.dr-elahi.de\/?s={search_term_string}"},"query-input":"required name=search_term_string"}],"inLanguage":"uk"}]}},"_links":{"self":[{"href":"https:\/\/www.dr-elahi.de\/uk\/wp-json\/wp\/v2\/pages\/570"}],"collection":[{"href":"https:\/\/www.dr-elahi.de\/uk\/wp-json\/wp\/v2\/pages"}],"about":[{"href":"https:\/\/www.dr-elahi.de\/uk\/wp-json\/wp\/v2\/types\/page"}],"author":[{"embeddable":true,"href":"https:\/\/www.dr-elahi.de\/uk\/wp-json\/wp\/v2\/users\/2"}],"replies":[{"embeddable":true,"href":"https:\/\/www.dr-elahi.de\/uk\/wp-json\/wp\/v2\/comments?post=570"}],"version-history":[{"count":5,"href":"https:\/\/www.dr-elahi.de\/uk\/wp-json\/wp\/v2\/pages\/570\/revisions"}],"predecessor-version":[{"id":679,"href":"https:\/\/www.dr-elahi.de\/uk\/wp-json\/wp\/v2\/pages\/570\/revisions\/679"}],"wp:featuredmedia":[{"embeddable":true,"href":"https:\/\/www.dr-elahi.de\/uk\/wp-json\/wp\/v2\/media\/254"}],"wp:attachment":[{"href":"https:\/\/www.dr-elahi.de\/uk\/wp-json\/wp\/v2\/media?parent=570"}],"curies":[{"name":"wp","href":"https:\/\/api.w.org\/{rel}","templated":true}]}}